{"id":760049,"date":"2016-07-12T11:58:18","date_gmt":"2016-07-12T09:58:18","guid":{"rendered":"https:\/\/staging.aosmithinternational.com\/la-societe\/"},"modified":"2026-01-23T09:36:18","modified_gmt":"2026-01-23T08:36:18","slug":"la-societe","status":"publish","type":"page","link":"https:\/\/aosmithinternational.com\/be-fr\/la-societe\/","title":{"rendered":"La soci\u00e9t\u00e9"},"content":{"rendered":"<p><iframe loading=\"lazy\" title=\"Durabilit\u00e9, innovation et qualit\u00e9 | A. O. Smith\" width=\"500\" height=\"281\" src=\"https:\/\/www.youtube.com\/embed\/iwjfc0gOfhg?feature=oembed\" frameborder=\"0\" allow=\"accelerometer; autoplay; clipboard-write; encrypted-media; gyroscope; picture-in-picture; web-share\" referrerpolicy=\"strict-origin-when-cross-origin\" allowfullscreen><\/iframe><\/p>\r\n<h2 class=\"wp-block-heading\">De grandes quantit\u00e9s d\u2019eau chaude<\/h2>\r\n\r\n<p>La quasi-totalit\u00e9 de nos activit\u00e9s quotidiennes n\u00e9cessitent de l\u2019eau chaude. De mani\u00e8re g\u00e9n\u00e9rale, celle-ci est notamment essentielle sur le plan de l\u2019hygi\u00e8ne. Nous sommes habitu\u00e9s \u00e0 disposer d\u2019eau chaude partout o\u00f9 nous allons. Et si cette habitude est parfaitement normale dans nos r\u00e9gions, ce n\u2019est que lorsque l\u2019on n\u2019y a plus acc\u00e8s que l\u2019on se rend compte \u00e0 quel point l\u2019eau chaude est un luxe.<br \/>Nous fournissons des solutions de production d\u2019eau chaude pour des applications industrielles et commerciales. Comme nous aimons \u00e0 le dire : \u00ab Tout ce qui compte au moins trois douchettes. \u00bb Ou encore : \u00ab De grandes quantit\u00e9s d\u2019eau chaude en peu de temps. \u00bb<\/p>\r\n\r\n\r\n\r\n<h2 class=\"wp-block-heading\">Un savoir-faire europ\u00e9en<\/h2>\r\n\r\n\r\n\r\n<div class=\"wp-block-columns is-layout-flex wp-container-core-columns-is-layout-28f84493 wp-block-columns-is-layout-flex\">\r\n<div class=\"wp-block-column is-layout-flow wp-block-column-is-layout-flow\" style=\"flex-basis: 66.66%;\">\r\n<p>Nous sommes une filiale de A.O. Smith Corporation, une entreprise cot\u00e9e en bourse (NYSE) employant quelque 18 000 collaborateurs \u00e0 l\u2019\u00e9chelle mondiale. Depuis 1970, c\u2019est notre usine de Veldhoven qui produit les chauffe-eau \u00e0 destination du march\u00e9 europ\u00e9en. \u00c0 partir de simples plaques de m\u00e9tal, nos professionnels r\u00e9alisent des r\u00e9servoirs. Apr\u00e8s assemblage, ceux-ci sont pourvus d\u2019une couche d\u2019\u00e9mail au moyen de notre m\u00e9thode brevet\u00e9e, le \u00ab slush-coating \u00bb.<br \/>Ensuite, le d\u00e9partement assemblage finalise la fabrication, transformant les r\u00e9servoirs en chauffe-eau et les adaptant aux sp\u00e9cificit\u00e9s de chaque pays. En effet, les sp\u00e9cifications et les types de carburant employ\u00e9s ne sont pas homog\u00e8nes dans l\u2019ensemble des pays europ\u00e9ens.<\/p>\r\n<\/div>\r\n\r\n\r\n\r\n<div class=\"wp-block-column is-layout-flow wp-block-column-is-layout-flow\" style=\"flex-basis: 33.33%;\">\r\n<figure class=\"wp-block-image aligncenter size-large\"><img decoding=\"async\" class=\"wp-image-152428\" src=\"https:\/\/aosmithinternational.com\/wp-content\/uploads\/2025\/09\/glass-lined-brewery-tank-4.jpg\" alt=\"Thermovitrfication\" \/><\/figure>\r\n<\/div>\r\n<\/div>\r\n\r\n\r\n\r\n<h2 class=\"wp-block-heading\">Durabilit\u00e9<\/h2>\r\n\r\n\r\n\r\n<p>Il y a plus de 25 ans d\u00e9j\u00e0, nous avons introduit aux Pays-Bas les chauffe-eau \u00e0 condensation au gaz, qui permettent d\u2019atteindre un rendement avoisinant 109 %. Cela revient \u00e0 dire que la quantit\u00e9 de gaz n\u00e9cessaire pour chauffer un m\u00eame volume d\u2019eau diminue. La conception de syst\u00e8mes solaires a \u00e9galement contribu\u00e9 \u00e0 rendre les syst\u00e8mes ECS plus durables afin de diminuer la consommation de carburants fossiles. Depuis 2020, A.O. Smith propose aussi une gamme de pompes \u00e0 chaleur pour des applications commerciales et industrielles, afin de pouvoir fournir des syst\u00e8mes de plus en plus \u00e9coresponsables.<\/p>\r\n\r\n\r\n\r\n<div class=\"wp-block-buttons is-layout-flex wp-block-buttons-is-layout-flex\">\r\n<div class=\"wp-block-button wp-btn\"><a class=\"wp-block-button__link has-background wp-element-button\" style=\"border-radius: 10px; background-color: #00692f;\" href=\"https:\/\/aosmithinternational.com\/be-fr\/la-societe\/contact\/\">Contactez A.O. Smith<\/a><\/div>\r\n<\/div>\r\n","protected":false},"excerpt":{"rendered":"<p>De grandes quantit\u00e9s d\u2019eau chaude La quasi-totalit\u00e9 de nos activit\u00e9s quotidiennes n\u00e9cessitent de l\u2019eau chaude. De mani\u00e8re g\u00e9n\u00e9rale, celle-ci est [&hellip;]<\/p>\n","protected":false},"author":1,"featured_media":769568,"parent":0,"menu_order":0,"comment_status":"open","ping_status":"closed","template":"","meta":{"_acf_changed":false,"inline_featured_image":false,"site-sidebar-layout":"default","site-content-layout":"","ast-site-content-layout":"default","site-content-style":"default","site-sidebar-style":"default","ast-global-header-display":"","ast-banner-title-visibility":"","ast-main-header-display":"","ast-hfb-above-header-display":"","ast-hfb-below-header-display":"","ast-hfb-mobile-header-display":"","site-post-title":"","ast-breadcrumbs-content":"","ast-featured-img":"","footer-sml-layout":"","ast-disable-related-posts":"","theme-transparent-header-meta":"default","adv-header-id-meta":"","stick-header-meta":"default","header-above-stick-meta":"","header-main-stick-meta":"","header-below-stick-meta":"","astra-migrate-meta-layouts":"set","ast-page-background-enabled":"default","ast-page-background-meta":{"desktop":{"background-color":"var(--ast-global-color-5)","background-image":"","background-repeat":"repeat","background-position":"center center","background-size":"auto","background-attachment":"scroll","background-type":"","background-media":"","overlay-type":"","overlay-color":"","overlay-opacity":"","overlay-gradient":""},"tablet":{"background-color":"","background-image":"","background-repeat":"repeat","background-position":"center center","background-size":"auto","background-attachment":"scroll","background-type":"","background-media":"","overlay-type":"","overlay-color":"","overlay-opacity":"","overlay-gradient":""},"mobile":{"background-color":"","background-image":"","background-repeat":"repeat","background-position":"center center","background-size":"auto","background-attachment":"scroll","background-type":"","background-media":"","overlay-type":"","overlay-color":"","overlay-opacity":"","overlay-gradient":""}},"ast-content-background-meta":{"desktop":{"background-color":"var(--ast-global-color-4)","background-image":"","background-repeat":"repeat","background-position":"center center","background-size":"auto","background-attachment":"scroll","background-type":"","background-media":"","overlay-type":"","overlay-color":"","overlay-opacity":"","overlay-gradient":""},"tablet":{"background-color":"var(--ast-global-color-4)","background-image":"","background-repeat":"repeat","background-position":"center center","background-size":"auto","background-attachment":"scroll","background-type":"","background-media":"","overlay-type":"","overlay-color":"","overlay-opacity":"","overlay-gradient":""},"mobile":{"background-color":"var(--ast-global-color-4)","background-image":"","background-repeat":"repeat","background-position":"center center","background-size":"auto","background-attachment":"scroll","background-type":"","background-media":"","overlay-type":"","overlay-color":"","overlay-opacity":"","overlay-gradient":""}},"footnotes":""},"class_list":["post-760049","page","type-page","status-publish","has-post-thumbnail","hentry"],"acf":[],"_links":{"self":[{"href":"https:\/\/aosmithinternational.com\/be-fr\/wp-json\/wp\/v2\/pages\/760049","targetHints":{"allow":["GET"]}}],"collection":[{"href":"https:\/\/aosmithinternational.com\/be-fr\/wp-json\/wp\/v2\/pages"}],"about":[{"href":"https:\/\/aosmithinternational.com\/be-fr\/wp-json\/wp\/v2\/types\/page"}],"author":[{"embeddable":true,"href":"https:\/\/aosmithinternational.com\/be-fr\/wp-json\/wp\/v2\/users\/1"}],"replies":[{"embeddable":true,"href":"https:\/\/aosmithinternational.com\/be-fr\/wp-json\/wp\/v2\/comments?post=760049"}],"version-history":[{"count":4,"href":"https:\/\/aosmithinternational.com\/be-fr\/wp-json\/wp\/v2\/pages\/760049\/revisions"}],"predecessor-version":[{"id":987940,"href":"https:\/\/aosmithinternational.com\/be-fr\/wp-json\/wp\/v2\/pages\/760049\/revisions\/987940"}],"wp:featuredmedia":[{"embeddable":true,"href":"https:\/\/aosmithinternational.com\/be-fr\/wp-json\/wp\/v2\/media\/769568"}],"wp:attachment":[{"href":"https:\/\/aosmithinternational.com\/be-fr\/wp-json\/wp\/v2\/media?parent=760049"}],"curies":[{"name":"wp","href":"https:\/\/api.w.org\/{rel}","templated":true}]}}