{"id":760415,"date":"2016-08-01T11:34:54","date_gmt":"2016-08-01T09:34:54","guid":{"rendered":"https:\/\/staging.aosmithinternational.com\/chauffage\/"},"modified":"2025-10-27T14:51:54","modified_gmt":"2025-10-27T13:51:54","slug":"chauffage","status":"publish","type":"page","link":"https:\/\/aosmithinternational.com\/be-fr\/chauffage\/","title":{"rendered":"Chauffage"},"content":{"rendered":"<ul class=\"arrow-list\">\n<li>\n<h3>Chauffage et chauffe-eau: Theta double service<\/h3>\n<p>Le double service sont de bons exemples de d\u00e9veloppement applicatifs vers lesquels A.O. Smith essaye de se positionner. Ces syst\u00e8mes sont bas\u00e9s sur des BFC Cyclone, SGE et SGS associ\u00e9s \u00e0 un \u00e9changeur \u00e0 plaques. Par l\u2019utilisation d\u2019un syst\u00e8me de r\u00e9gulation intelligent, le syst\u00e8me \u00e0 la possibilit\u00e9 d\u2019utiliser la capacit\u00e9 d\u2019eau chaude disponible pour produire de l\u2019ECS mais \u00e9galement pour alimenter un syst\u00e8me de chauffage. <a title=\"En lire plus sur le chauffage \u00e0 basse temp\u00e9rature A.O. Smith\" href=\"https:\/\/aosmithinternational.com\/be-fr\/combinaison-eau-chaude-et-chauffage-domestique\/\">En lire plus&#8230;<\/a><\/li>\n<\/ul>\n<p>&nbsp;<\/p>\n<ul class=\"arrow-list\">\n<li>\n<h3>Partenaire et fournisseur global<\/h3>\n<p>C\u2019est en effet notre ambition que de nous positionner en tant que partenaire et fournisseur de solutions globales. Cela implique l\u2019extension de la gamme de produit pour permettre la fourniture d\u2019installations compl\u00e8tes adapt\u00e9es aux besoins de l\u2019utilisateur final. Dans le futur, A.O. Smith continuera \u00e0 \u00e9largir la gamme pour continuer \u00e0 servir le march\u00e9.<\/li>\n<\/ul>\n","protected":false},"excerpt":{"rendered":"<p>Chauffage et chauffe-eau: Theta double service Le double service sont de bons exemples de d\u00e9veloppement applicatifs vers lesquels A.O. Smith [&hellip;]<\/p>\n","protected":false},"author":1,"featured_media":769979,"parent":0,"menu_order":0,"comment_status":"open","ping_status":"open","template":"","meta":{"_acf_changed":false,"inline_featured_image":false,"site-sidebar-layout":"default","site-content-layout":"","ast-site-content-layout":"default","site-content-style":"default","site-sidebar-style":"default","ast-global-header-display":"","ast-banner-title-visibility":"","ast-main-header-display":"","ast-hfb-above-header-display":"","ast-hfb-below-header-display":"","ast-hfb-mobile-header-display":"","site-post-title":"","ast-breadcrumbs-content":"","ast-featured-img":"","footer-sml-layout":"","ast-disable-related-posts":"","theme-transparent-header-meta":"default","adv-header-id-meta":"","stick-header-meta":"default","header-above-stick-meta":"","header-main-stick-meta":"","header-below-stick-meta":"","astra-migrate-meta-layouts":"set","ast-page-background-enabled":"default","ast-page-background-meta":{"desktop":{"background-color":"var(--ast-global-color-5)","background-image":"","background-repeat":"repeat","background-position":"center center","background-size":"auto","background-attachment":"scroll","background-type":"","background-media":"","overlay-type":"","overlay-color":"","overlay-opacity":"","overlay-gradient":""},"tablet":{"background-color":"","background-image":"","background-repeat":"repeat","background-position":"center center","background-size":"auto","background-attachment":"scroll","background-type":"","background-media":"","overlay-type":"","overlay-color":"","overlay-opacity":"","overlay-gradient":""},"mobile":{"background-color":"","background-image":"","background-repeat":"repeat","background-position":"center center","background-size":"auto","background-attachment":"scroll","background-type":"","background-media":"","overlay-type":"","overlay-color":"","overlay-opacity":"","overlay-gradient":""}},"ast-content-background-meta":{"desktop":{"background-color":"var(--ast-global-color-4)","background-image":"","background-repeat":"repeat","background-position":"center center","background-size":"auto","background-attachment":"scroll","background-type":"","background-media":"","overlay-type":"","overlay-color":"","overlay-opacity":"","overlay-gradient":""},"tablet":{"background-color":"var(--ast-global-color-4)","background-image":"","background-repeat":"repeat","background-position":"center center","background-size":"auto","background-attachment":"scroll","background-type":"","background-media":"","overlay-type":"","overlay-color":"","overlay-opacity":"","overlay-gradient":""},"mobile":{"background-color":"var(--ast-global-color-4)","background-image":"","background-repeat":"repeat","background-position":"center center","background-size":"auto","background-attachment":"scroll","background-type":"","background-media":"","overlay-type":"","overlay-color":"","overlay-opacity":"","overlay-gradient":""}},"footnotes":""},"class_list":["post-760415","page","type-page","status-publish","has-post-thumbnail","hentry"],"acf":[],"_links":{"self":[{"href":"https:\/\/aosmithinternational.com\/be-fr\/wp-json\/wp\/v2\/pages\/760415","targetHints":{"allow":["GET"]}}],"collection":[{"href":"https:\/\/aosmithinternational.com\/be-fr\/wp-json\/wp\/v2\/pages"}],"about":[{"href":"https:\/\/aosmithinternational.com\/be-fr\/wp-json\/wp\/v2\/types\/page"}],"author":[{"embeddable":true,"href":"https:\/\/aosmithinternational.com\/be-fr\/wp-json\/wp\/v2\/users\/1"}],"replies":[{"embeddable":true,"href":"https:\/\/aosmithinternational.com\/be-fr\/wp-json\/wp\/v2\/comments?post=760415"}],"version-history":[{"count":0,"href":"https:\/\/aosmithinternational.com\/be-fr\/wp-json\/wp\/v2\/pages\/760415\/revisions"}],"wp:featuredmedia":[{"embeddable":true,"href":"https:\/\/aosmithinternational.com\/be-fr\/wp-json\/wp\/v2\/media\/769979"}],"wp:attachment":[{"href":"https:\/\/aosmithinternational.com\/be-fr\/wp-json\/wp\/v2\/media?parent=760415"}],"curies":[{"name":"wp","href":"https:\/\/api.w.org\/{rel}","templated":true}]}}