{"id":760453,"date":"2016-07-12T12:01:54","date_gmt":"2016-07-12T10:01:54","guid":{"rendered":"https:\/\/staging.aosmithinternational.com\/cookiepolicy-a-o-smith\/"},"modified":"2025-10-01T10:58:44","modified_gmt":"2025-10-01T08:58:44","slug":"cookiepolicy-a-o-smith","status":"publish","type":"page","link":"https:\/\/aosmithinternational.com\/be-fr\/la-societe\/cookiepolicy-a-o-smith\/","title":{"rendered":"Privacy Policy A.O. Smith"},"content":{"rendered":"\n<p>Informations sur la confidentialit\u00e9<\/p>\n\n\n\n<p>Hieronder vindt je de verklaring met betrekking van het plaatsen van cookies. Il est d\u00e9crit comme nous vous proposons de choisir votre v\u00e9randa.<\/p>\n\n\n<script\n\t\ttype=\"text\/javascript\"\n\t\tid=\"CookieDeclaration\"\n\t\tsrc=\"https:\/\/consent.cookiebot.com\/1e6844c6-1e4b-4e36-98e2-ec7bfb80bae2\/cd.js\"\n\t\tasync><\/script>\n\n\n\n\n<div class=\"wp-block-columns is-layout-flex wp-container-core-columns-is-layout-28f84493 wp-block-columns-is-layout-flex\">\n<div class=\"wp-block-column is-layout-flow wp-block-column-is-layout-flow\" style=\"flex-basis:10%\"><\/div>\n\n\n\n<div class=\"wp-block-column is-layout-flow wp-block-column-is-layout-flow\" style=\"flex-basis:66.66%\">\n<p>Pour mettre \u00e0 jour vos pr\u00e9f\u00e9rences, mettre \u00e0 jour ou corriger vos informations, soumettre une demande, nous poser des questions sur cette politique de confidentialit\u00e9 ou exercer d&rsquo;autres droits de confidentialit\u00e9 applicables, veuillez nous contacter par e-mail \u00e0 InfoSecpolicy@aosmith.com ou nous \u00e9crire \u00e0 :<\/p>\n\n\n\n<p class=\"has-white-background-color has-background\">U.S:<br>conseiller g\u00e9n\u00e9ral<br>AO Smith Corporation<br>11270 Place du Parc Ouest<br>Milwaukee, Wisconsin 53224<br>\u00c9tats-Unis EEE&nbsp;:<br>Les entit\u00e9s responsables du traitement de vos informations personnelles dans l&rsquo;EEE sont&nbsp;:<\/p>\n\n\n\n<p>A.O. Smith Holdings I B.V.<br>A.O. Smith Holdings II B.V.<br>A.O. Smith Holdings III B.V.<br>A.O. Smith International Holdings B.V.<br>A.O. Smith Products v.o.f.<br>A.O. Smith Water Products Company B.V.<br>A. O. Smith L&rsquo;eau chaude, S.a.r.l.<br>Lochinvar Limit\u00e9e<br>Waterboss Europe, S.a.r.l.<\/p>\n<\/div>\n<\/div>\n","protected":false},"excerpt":{"rendered":"<p>Informations sur la confidentialit\u00e9 Hieronder vindt je de verklaring met betrekking van het plaatsen van cookies. Il est d\u00e9crit comme [&hellip;]<\/p>\n","protected":false},"author":1,"featured_media":760454,"parent":760049,"menu_order":0,"comment_status":"open","ping_status":"open","template":"","meta":{"_acf_changed":false,"inline_featured_image":false,"site-sidebar-layout":"default","site-content-layout":"","ast-site-content-layout":"default","site-content-style":"default","site-sidebar-style":"default","ast-global-header-display":"","ast-banner-title-visibility":"","ast-main-header-display":"","ast-hfb-above-header-display":"","ast-hfb-below-header-display":"","ast-hfb-mobile-header-display":"","site-post-title":"","ast-breadcrumbs-content":"","ast-featured-img":"","footer-sml-layout":"","ast-disable-related-posts":"","theme-transparent-header-meta":"default","adv-header-id-meta":"","stick-header-meta":"default","header-above-stick-meta":"","header-main-stick-meta":"","header-below-stick-meta":"","astra-migrate-meta-layouts":"default","ast-page-background-enabled":"default","ast-page-background-meta":{"desktop":{"background-color":"var(--ast-global-color-5)","background-image":"","background-repeat":"repeat","background-position":"center center","background-size":"auto","background-attachment":"scroll","background-type":"","background-media":"","overlay-type":"","overlay-color":"","overlay-opacity":"","overlay-gradient":""},"tablet":{"background-color":"","background-image":"","background-repeat":"repeat","background-position":"center center","background-size":"auto","background-attachment":"scroll","background-type":"","background-media":"","overlay-type":"","overlay-color":"","overlay-opacity":"","overlay-gradient":""},"mobile":{"background-color":"","background-image":"","background-repeat":"repeat","background-position":"center center","background-size":"auto","background-attachment":"scroll","background-type":"","background-media":"","overlay-type":"","overlay-color":"","overlay-opacity":"","overlay-gradient":""}},"ast-content-background-meta":{"desktop":{"background-color":"var(--ast-global-color-4)","background-image":"","background-repeat":"repeat","background-position":"center center","background-size":"auto","background-attachment":"scroll","background-type":"","background-media":"","overlay-type":"","overlay-color":"","overlay-opacity":"","overlay-gradient":""},"tablet":{"background-color":"var(--ast-global-color-4)","background-image":"","background-repeat":"repeat","background-position":"center center","background-size":"auto","background-attachment":"scroll","background-type":"","background-media":"","overlay-type":"","overlay-color":"","overlay-opacity":"","overlay-gradient":""},"mobile":{"background-color":"var(--ast-global-color-4)","background-image":"","background-repeat":"repeat","background-position":"center center","background-size":"auto","background-attachment":"scroll","background-type":"","background-media":"","overlay-type":"","overlay-color":"","overlay-opacity":"","overlay-gradient":""}},"footnotes":""},"class_list":["post-760453","page","type-page","status-publish","has-post-thumbnail","hentry"],"acf":[],"_links":{"self":[{"href":"https:\/\/aosmithinternational.com\/be-fr\/wp-json\/wp\/v2\/pages\/760453","targetHints":{"allow":["GET"]}}],"collection":[{"href":"https:\/\/aosmithinternational.com\/be-fr\/wp-json\/wp\/v2\/pages"}],"about":[{"href":"https:\/\/aosmithinternational.com\/be-fr\/wp-json\/wp\/v2\/types\/page"}],"author":[{"embeddable":true,"href":"https:\/\/aosmithinternational.com\/be-fr\/wp-json\/wp\/v2\/users\/1"}],"replies":[{"embeddable":true,"href":"https:\/\/aosmithinternational.com\/be-fr\/wp-json\/wp\/v2\/comments?post=760453"}],"version-history":[{"count":0,"href":"https:\/\/aosmithinternational.com\/be-fr\/wp-json\/wp\/v2\/pages\/760453\/revisions"}],"up":[{"embeddable":true,"href":"https:\/\/aosmithinternational.com\/be-fr\/wp-json\/wp\/v2\/pages\/760049"}],"wp:featuredmedia":[{"embeddable":true,"href":"https:\/\/aosmithinternational.com\/be-fr\/wp-json\/wp\/v2\/media\/760454"}],"wp:attachment":[{"href":"https:\/\/aosmithinternational.com\/be-fr\/wp-json\/wp\/v2\/media?parent=760453"}],"curies":[{"name":"wp","href":"https:\/\/api.w.org\/{rel}","templated":true}]}}