{"id":760729,"date":"2020-05-18T11:07:04","date_gmt":"2020-05-18T09:07:04","guid":{"rendered":"https:\/\/staging.aosmithinternational.com\/chauffe-eau-au-gaz\/"},"modified":"2025-10-27T14:45:24","modified_gmt":"2025-10-27T13:45:24","slug":"chauffe-eau-au-gaz","status":"publish","type":"page","link":"https:\/\/aosmithinternational.com\/be-fr\/chauffe-eau-au-gaz\/","title":{"rendered":"Chauffe-eau au gaz"},"content":{"rendered":"\r\n<h2 class=\"wp-block-heading\">Qu\u2019est-ce qu\u2019un chauffe-eau au gaz ?<\/h2>\r\n\r\n\r\n\r\n<p>Un chauffe-eau au gaz est un syst\u00e8me de production d\u2019eau chaude fonctionnant au gaz. Le chauffe-eau au gaz poss\u00e8de un br\u00fbleur, qui chauffe l\u2019eau au moyen de gaz naturel ou de propane. Il existe diff\u00e9rentes sortes de chauffe-eau au gaz. A.O. Smith propose g\u00e9n\u00e9rateurs atmosph\u00e9riques \u00e0 faible \u00e9mission de NOx, chauffe-eau \u00e0 condensation \u00e0 haut rendement et chauffe-eau solaires.<\/p>\r\n\r\n\r\n\r\n<h2 class=\"wp-block-heading\">G\u00e9n\u00e9rateurs atmosph\u00e9riques \u00e0 faible \u00e9mission de NO<sub>x<\/sub><\/h2>\r\n\r\n\r\n\r\n<p>Les g\u00e9n\u00e9rateurs atmosph\u00e9riques, \u00e9galement appel\u00e9s g\u00e9n\u00e9rateurs \u00ab ouverts \u00bb, tirent leur nom de leur fonctionnement particulier, qui extrait de l\u2019environnement l\u2019air n\u00e9cessaire \u00e0 la combustion. Depuis la mise en place de la r\u00e9glementation ERP concernant les produits \u00e9nerg\u00e9tiques, cette gamme de produits est soumise \u00e0 davantage de contraintes parce qu\u2019ils sont trop polluants. C\u2019est pourquoi A.O. Smith a mis en place un nouveau syst\u00e8me de br\u00fbleur, dans lequel la combustion s\u2019effectue principalement sur la base de l\u2019arriv\u00e9e d\u2019air primaire. Ainsi, la combustion est plus propre et g\u00e9n\u00e8re une \u00e9mission NO<sub>x<\/sub> moindre. C\u2019est pourquoi A.O. Smith appelle cette gamme de produits les g\u00e9n\u00e9rateurs atmosph\u00e9riques \u00e0 faible \u00e9mission de NO<sub>x<\/sub> ou \u00ab Low NO<sub>x<\/sub> \u00bb.<\/p>\r\n\r\n\r\n\r\n<h2 class=\"wp-block-heading\">Chauffe-eau \u00e0 condensation \u00e0 haut rendement<\/h2>\r\n\r\n\r\n\r\n<p>Les chauffe-eau \u00e0 haut rendement sont aussi souvent appel\u00e9s chauffe-eau \u00e0 condensation, ou encore g\u00e9n\u00e9rateurs \u00ab ferm\u00e9s \u00bb. En effet, ils tirent l\u2019air n\u00e9cessaire \u00e0 la combustion de l\u2019environnement et rejettent les gaz de combustion \u00e0 l\u2019ext\u00e9rieur \u00e9galement.<br \/>Ces chauffe-eau au gaz sont \u00e9quip\u00e9s d\u2019un br\u00fbleur Premix, qui permet une combustion optimale. Gr\u00e2ce au concept utilis\u00e9 par A.O. Smith, nos produits exploitent le gaz de mani\u00e8re optimale pour chauffer l\u2019eau, permettant d\u2019atteindre un rendement de 109 %.<\/p>\r\n\r\n\r\n\r\n<h2 class=\"wp-block-heading\">Chauffe-eau solaire<\/h2>\r\n\r\n\r\n\r\n<p>Un chauffe-eau solaire est un chauffe-eau faisant usage de la chaleur du soleil pour chauffer l\u2019eau. Malheureusement, l\u2019\u00e9nergie solaire \u00e9tant souvent insuffisante pour atteindre la bonne temp\u00e9rature ou pour atteindre la temp\u00e9rature d\u00e9sir\u00e9e au moment souhait\u00e9, les chauffe-eau solaires sont souvent compl\u00e9t\u00e9s par une autre source d\u2019\u00e9nergie. C\u2019est pourquoi A.O. Smith a d\u00e9velopp\u00e9 2 produits fonctionnant \u00e0 la fois au soleil et au gaz. Lorsque l\u2019ensoleillement est insuffisant, le br\u00fbleur Premix s\u2019enclenche pour r\u00e9pondre aux besoins, de la m\u00eame mani\u00e8re que pour les chauffe-eau \u00e0 condensation. Ces syst\u00e8mes sont d\u00e9velopp\u00e9s de telle sorte qu\u2019en principe, ils exploitent au maximum l\u2019\u00e9nergie solaire et n\u00e9cessitent le moins possible l\u2019utilisation du gaz en appoint.<\/p>\r\n\r\n\r\n\r\n<div class=\"wp-block-columns is-layout-flex wp-container-core-columns-is-layout-28f84493 wp-block-columns-is-layout-flex\">\r\n<div class=\"wp-block-column is-layout-flow wp-block-column-is-layout-flow\">\r\n<h3 class=\"wp-block-heading has-text-align-center\">Chauffe-eau \u00e0 condensation<\/h3>\r\n\r\n\r\n\r\n<figure class=\"wp-block-image aligncenter size-large is-resized\"><img decoding=\"async\" class=\"wp-image-150724\" style=\"width: 192px; height: 192px;\" src=\"https:\/\/aosmithinternational.com\/wp-content\/uploads\/2025\/09\/Button-HR-gasboiler-9.jpg\" alt=\"Button hoog rendement gasboiler\" \/><\/figure>\r\n\r\n\r\n\r\n<div class=\"wp-block-buttons is-content-justification-center is-layout-flex wp-container-core-buttons-is-layout-a89b3969 wp-block-buttons-is-layout-flex\">\r\n<div class=\"wp-block-button wp-btn\"><a class=\"wp-block-button__link has-background wp-element-button\" style=\"border-radius: 10px; background-color: #00692f;\" href=\"https:\/\/aosmithinternational.com\/be-fr\/product-ranges\/chauffe-eau-a-haut-rendement\/\" rel=\"noopener noreferrer\">Chauffe-eau \u00e0 haut rendement<\/a><\/div>\r\n<\/div>\r\n<\/div>\r\n\r\n\r\n\r\n<div class=\"wp-block-column is-layout-flow wp-block-column-is-layout-flow\">\r\n<h3 class=\"wp-block-heading has-text-align-center\">G\u00e9n\u00e9rateurs a bas No<sub>x<\/sub><\/h3>\r\n\r\n\r\n\r\n<figure class=\"wp-block-image aligncenter size-large is-resized\"><img decoding=\"async\" class=\"wp-image-150713\" style=\"width: 188px; height: 188px;\" src=\"https:\/\/aosmithinternational.com\/wp-content\/uploads\/2025\/09\/Button-atmosferische-gasboilers-9.jpg\" alt=\"Button atmosferische gasboilers\" \/><\/figure>\r\n\r\n\r\n\r\n<div class=\"wp-block-buttons is-content-justification-center is-layout-flex wp-container-core-buttons-is-layout-a89b3969 wp-block-buttons-is-layout-flex\">\r\n<div class=\"wp-block-button wp-btn\"><a class=\"wp-block-button__link has-background wp-element-button\" style=\"border-radius: 10px; background-color: #00692f;\" href=\"https:\/\/aosmithinternational.com\/be-fr\/product-ranges\/chauffe-eau-a-gaz\/\" rel=\"noopener noreferrer\">G\u00e9n\u00e9rateurs atmosph\u00e9riques<\/a><\/div>\r\n<\/div>\r\n<\/div>\r\n\r\n\r\n\r\n<div class=\"wp-block-column has-white-background-color has-background is-layout-flow wp-block-column-is-layout-flow\">\r\n<h3 class=\"wp-block-heading has-text-align-center\">Chauffe-eau solaire<\/h3>\r\n\r\n\r\n\r\n<figure class=\"wp-block-image aligncenter size-full is-resized\"><img decoding=\"async\" class=\"wp-image-49318\" style=\"width: 117px; height: 160px;\" src=\"https:\/\/aosmithinternational.com\/wp-content\/uploads\/2025\/09\/SGEcollector-3-6.png\" alt=\"\" \/><\/figure>\r\n\r\n\r\n\r\n<div class=\"wp-block-spacer\" style=\"height: 31px;\" aria-hidden=\"true\">\u00a0<\/div>\r\n\r\n\r\n\r\n<div class=\"wp-block-buttons is-content-justification-center is-layout-flex wp-container-core-buttons-is-layout-a89b3969 wp-block-buttons-is-layout-flex\">\r\n<div class=\"wp-block-button wp-btn\"><a class=\"wp-block-button__link has-background wp-element-button\" style=\"border-radius: 10px; background-color: #00692f;\" href=\"https:\/\/aosmithinternational.com\/be-fr\/product-ranges\/energies-renouvelables-be\/\" target=\"_blank\" rel=\"noopener noreferrer\">Chauffe-eau solaire<\/a><\/div>\r\n<\/div>\r\n<\/div>\r\n<\/div>\r\n\r\n\r\n\r\n<div class=\"wp-block-spacer\" style=\"height: 32px;\" aria-hidden=\"true\">\u00a0<\/div>\r\n\r\n\r\n<hr class=\"wp-block-separator has-alpha-channel-opacity\" \/>\r\n\r\n\r\n<h2 class=\"wp-block-heading\">Exemples d&rsquo;applications<\/h2>\r\n\r\n\r\n\r\n<p>&nbsp;<\/p>\r\n\r\n\r\n\r\n<div class=\"wp-block-columns is-layout-flex wp-container-core-columns-is-layout-28f84493 wp-block-columns-is-layout-flex\">\r\n<div class=\"wp-block-column is-layout-flow wp-block-column-is-layout-flow\">\r\n<div class=\"wp-block-media-text alignwide is-stacked-on-mobile\">\r\n<figure class=\"wp-block-media-text__media\"><img decoding=\"async\" class=\"wp-image-29936 size-full\" src=\"https:\/\/aosmithinternational.com\/wp-content\/uploads\/2025\/09\/SGE_capteurs_solaires_Lycee-Jean-Monnet_0-8.png\" alt=\"capteur solaires SGE\" \/><\/figure>\r\n<div class=\"wp-block-media-text__content\">\r\n<h4 class=\"wp-block-heading\">Systeme solaire SGE | Lycee<\/h4>\r\n\r\n\r\n\r\n<p>Le lyc\u00e9e Jean Monnet \u00e0 Montpellier, un lyc\u00e9e d\u2019enseignement dans ses Sections\u00a0&#8230;<\/p>\r\n\r\n\r\n\r\n<div class=\"wp-block-buttons is-layout-flex wp-block-buttons-is-layout-flex\">\r\n<div class=\"wp-block-button\"><a class=\"wp-block-button__link has-background wp-element-button\" style=\"border-radius: 10px; background-color: #00692f;\" href=\"https:\/\/aosmithinternational.com\/be-fr\/systeme-solaire-sge-lycee-a-o-smith\/\" target=\"_blank\" rel=\"noopener noreferrer\">En lire plus<\/a><\/div>\r\n<\/div>\r\n<\/div>\r\n<\/div>\r\n<\/div>\r\n\r\n\r\n\r\n<div class=\"wp-block-column has-white-background-color has-background is-layout-flow wp-block-column-is-layout-flow\">\r\n<div class=\"wp-block-media-text alignwide is-stacked-on-mobile has-white-background-color has-background\">\r\n<figure class=\"wp-block-media-text__media\"><img decoding=\"async\" class=\"wp-image-27256 size-full\" src=\"https:\/\/aosmithinternational.com\/wp-content\/uploads\/2025\/09\/PSA-BFC-7.png\" alt=\"PSA BFC\" \/><\/figure>\r\n<div class=\"wp-block-media-text__content\">\r\n<h4 class=\"wp-block-heading\">BFC | Usine automobile<\/h4>\r\n\r\n\r\n\r\n<p>L\u2019usine PSA de Charlevilles-M\u00e9zi\u00e8res a r\u00e9ussi \u00e0 tr\u00e8s largement r\u00e9duire ses consommations&#8230;<\/p>\r\n\r\n\r\n\r\n<div class=\"wp-block-buttons is-layout-flex wp-block-buttons-is-layout-flex\">\r\n<div class=\"wp-block-button\"><a class=\"wp-block-button__link has-background wp-element-button\" style=\"border-radius: 10px; background-color: #00692f;\" href=\"https:\/\/aosmithinternational.com\/fr\/bfc-usine-automobile-a-o-smith\/\" target=\"_blank\" rel=\"noopener noreferrer\">En lire plus<\/a><\/div>\r\n<\/div>\r\n<\/div>\r\n<\/div>\r\n\r\n\r\n\r\n<div class=\"wp-block-buttons is-layout-flex wp-block-buttons-is-layout-flex\"><\/div>\r\n<\/div>\r\n<\/div>\r\n\r\n\r\n\r\n<p>&nbsp;<\/p>\r\n","protected":false},"excerpt":{"rendered":"<p>Qu\u2019est-ce qu\u2019un chauffe-eau au gaz ? Un chauffe-eau au gaz est un syst\u00e8me de production d\u2019eau chaude fonctionnant au gaz. [&hellip;]<\/p>\n","protected":false},"author":1,"featured_media":809206,"parent":0,"menu_order":0,"comment_status":"open","ping_status":"open","template":"","meta":{"_acf_changed":false,"inline_featured_image":false,"site-sidebar-layout":"default","site-content-layout":"","ast-site-content-layout":"default","site-content-style":"default","site-sidebar-style":"default","ast-global-header-display":"","ast-banner-title-visibility":"","ast-main-header-display":"","ast-hfb-above-header-display":"","ast-hfb-below-header-display":"","ast-hfb-mobile-header-display":"","site-post-title":"","ast-breadcrumbs-content":"","ast-featured-img":"","footer-sml-layout":"","ast-disable-related-posts":"","theme-transparent-header-meta":"default","adv-header-id-meta":"","stick-header-meta":"default","header-above-stick-meta":"","header-main-stick-meta":"","header-below-stick-meta":"","astra-migrate-meta-layouts":"set","ast-page-background-enabled":"default","ast-page-background-meta":{"desktop":{"background-color":"var(--ast-global-color-5)","background-image":"","background-repeat":"repeat","background-position":"center center","background-size":"auto","background-attachment":"scroll","background-type":"","background-media":"","overlay-type":"","overlay-color":"","overlay-opacity":"","overlay-gradient":""},"tablet":{"background-color":"","background-image":"","background-repeat":"repeat","background-position":"center center","background-size":"auto","background-attachment":"scroll","background-type":"","background-media":"","overlay-type":"","overlay-color":"","overlay-opacity":"","overlay-gradient":""},"mobile":{"background-color":"","background-image":"","background-repeat":"repeat","background-position":"center center","background-size":"auto","background-attachment":"scroll","background-type":"","background-media":"","overlay-type":"","overlay-color":"","overlay-opacity":"","overlay-gradient":""}},"ast-content-background-meta":{"desktop":{"background-color":"var(--ast-global-color-4)","background-image":"","background-repeat":"repeat","background-position":"center center","background-size":"auto","background-attachment":"scroll","background-type":"","background-media":"","overlay-type":"","overlay-color":"","overlay-opacity":"","overlay-gradient":""},"tablet":{"background-color":"var(--ast-global-color-4)","background-image":"","background-repeat":"repeat","background-position":"center center","background-size":"auto","background-attachment":"scroll","background-type":"","background-media":"","overlay-type":"","overlay-color":"","overlay-opacity":"","overlay-gradient":""},"mobile":{"background-color":"var(--ast-global-color-4)","background-image":"","background-repeat":"repeat","background-position":"center center","background-size":"auto","background-attachment":"scroll","background-type":"","background-media":"","overlay-type":"","overlay-color":"","overlay-opacity":"","overlay-gradient":""}},"footnotes":""},"class_list":["post-760729","page","type-page","status-publish","has-post-thumbnail","hentry"],"acf":[],"_links":{"self":[{"href":"https:\/\/aosmithinternational.com\/be-fr\/wp-json\/wp\/v2\/pages\/760729","targetHints":{"allow":["GET"]}}],"collection":[{"href":"https:\/\/aosmithinternational.com\/be-fr\/wp-json\/wp\/v2\/pages"}],"about":[{"href":"https:\/\/aosmithinternational.com\/be-fr\/wp-json\/wp\/v2\/types\/page"}],"author":[{"embeddable":true,"href":"https:\/\/aosmithinternational.com\/be-fr\/wp-json\/wp\/v2\/users\/1"}],"replies":[{"embeddable":true,"href":"https:\/\/aosmithinternational.com\/be-fr\/wp-json\/wp\/v2\/comments?post=760729"}],"version-history":[{"count":0,"href":"https:\/\/aosmithinternational.com\/be-fr\/wp-json\/wp\/v2\/pages\/760729\/revisions"}],"wp:featuredmedia":[{"embeddable":true,"href":"https:\/\/aosmithinternational.com\/be-fr\/wp-json\/wp\/v2\/media\/809206"}],"wp:attachment":[{"href":"https:\/\/aosmithinternational.com\/be-fr\/wp-json\/wp\/v2\/media?parent=760729"}],"curies":[{"name":"wp","href":"https:\/\/api.w.org\/{rel}","templated":true}]}}