{"id":760921,"date":"2025-10-01T10:48:48","date_gmt":"2025-10-01T08:48:48","guid":{"rendered":"https:\/\/staging.aosmithinternational.com\/le-label-energetique\/"},"modified":"2025-10-27T15:04:59","modified_gmt":"2025-10-27T14:04:59","slug":"le-label-energetique","status":"publish","type":"page","link":"https:\/\/aosmithinternational.com\/be-fr\/le-label-energetique\/","title":{"rendered":"Le label \u00e9nerg\u00e9tique. <\/br>De quoi s\u2019agit-il, au juste ?"},"content":{"rendered":"\r\n<p>Les labels \u00e9nerg\u00e9tiques donnent une indication claire et simple de l\u2019efficacit\u00e9 \u00e9nerg\u00e9tique et d\u2019autres caract\u00e9ristiques importantes des produits. Il est ainsi plus facile de choisir des produits plus durables. L\u2019avantage : r\u00e9duire les factures d\u2019\u00e9nergie et pr\u00e9server l\u2019environnement en r\u00e9duisant les \u00e9missions.<\/p>\r\n\r\n\r\n\r\n<h2 class=\"wp-block-heading\">Le label \u00e9nerg\u00e9tique pour les chauffe eau<\/h2>\r\n\r\n\r\n\r\n<p>Outre les informations sur la consommation d\u2019\u00e9nergie du produit, les labels sur les produits A.O. Smith contiennent \u00e9galement des donn\u00e9es sp\u00e9cifiques sur d\u2019autres caract\u00e9ristiques d\u2019utilisation pertinentes, telles que l\u2019\u00e9mission de bruit du produit et le profil de soutirage maximal. Mais qu\u2019est-ce que cela signifie ?<\/p>\r\n\r\n\r\n\r\n<div class=\"wp-block-columns is-layout-flex wp-container-core-columns-is-layout-28f84493 wp-block-columns-is-layout-flex\">\r\n<div class=\"wp-block-column is-layout-flow wp-block-column-is-layout-flow\" style=\"flex-basis: 25%;\">\r\n<h4 class=\"wp-block-heading\">Drapeau<\/h4>\r\n\r\n\r\n\r\n<figure class=\"wp-block-image size-large\"><img decoding=\"async\" class=\"wp-image-206353\" src=\"https:\/\/aosmithinternational.com\/wp-content\/uploads\/2025\/09\/Linksboven-Europese-vlag-5.jpg\" alt=\"Europese vlag op \" \/><\/figure>\r\n\r\n\r\n\r\n<p>Drapeau de l\u2019UE (explicite) Le Royaume-Uni travaille sur sa propre version<\/p>\r\n\r\n\r\n\r\n<h4 class=\"wp-block-heading\">Profil de soutirage<\/h4>\r\n\r\n\r\n\r\n<figure class=\"wp-block-image size-large\"><img decoding=\"async\" class=\"wp-image-206276\" src=\"https:\/\/aosmithinternational.com\/wp-content\/uploads\/2025\/09\/Capaciteitsprofiel-in-letters-5.jpg\" alt=\"Capaciteitsprofiel\" \/><\/figure>\r\n\r\n\r\n\r\n<p>Le symbole du robinet correspond \u00e0 l\u2019importance du profil de soutirage. Afin d\u2019effectuer une comparaison pertinente en termes de durabilit\u00e9, vous devez tout d\u2019abord v\u00e9rifier si les produits que vous comparez pr\u00e9sentent le m\u00eame profil de soutirage. Sinon, vous comparez ce qui n\u2019est pas comparable. Regardez le tableau ci-dessous : le profil de soutirage a une efficacit\u00e9 \u00e9nerg\u00e9tique diff\u00e9rente qui d\u00e9termine la classe dans laquelle se trouve l\u2019appareil.<\/p>\r\n\r\n\r\n\r\n<div class=\"wp-block-buttons is-layout-flex wp-block-buttons-is-layout-flex\">\r\n<div class=\"wp-block-button\"><a class=\"wp-block-button__link\" href=\"#uitleg-capaciteitsprofiel\">En savoir plus sur profil de soutirage<\/a><\/div>\r\n<\/div>\r\n\r\n\r\n\r\n<h4 class=\"wp-block-heading\">Niveau sonore<\/h4>\r\n\r\n\r\n\r\n<figure class=\"wp-block-image size-large\"><img decoding=\"async\" class=\"wp-image-206320\" src=\"https:\/\/aosmithinternational.com\/wp-content\/uploads\/2025\/09\/Geluidsniveau-binnen-5.jpg\" alt=\"Geluidsniveau binnen\" \/><\/figure>\r\n\r\n\r\n\r\n<p>L\u2019ic\u00f4ne avec les ondes sonores indique le niveau de bruit \u00e0 l\u2019int\u00e9rieur. Pour beaucoup de nos produits, ce n\u2019est pas si important, car ils sont g\u00e9n\u00e9ralement plac\u00e9s dans un local technique. Si le niveau sonore est tr\u00e8s important, il est plus habituel de s\u2019occuper de l\u2019isolation acoustique de la pi\u00e8ce.<br \/>Pour les pompes \u00e0 chaleur, c\u2019est une autre histoire. Celles-ci sont souvent plac\u00e9es \u00e0 l\u2019ext\u00e9rieur et il est alors important de tenir compte du bruit. Dans nos pompes \u00e0 chaleur, nous utilisons un \u00ab <a href=\"https:\/\/aosmithinternational.com\/be-fr\/low-noise\/\">floating frame<\/a> \u00bb, qui limite le niveau de bruit.<\/p>\r\n<\/div>\r\n\r\n\r\n\r\n<div class=\"wp-block-column is-layout-flow wp-block-column-is-layout-flow\" style=\"flex-basis: 50%;\">\r\n<h4 class=\"wp-block-heading\">Marque et num\u00e9ro de type<\/h4>\r\n\r\n\r\n\r\n<p>A.O. Smith, puis le num\u00e9ro de type. Dans ce cas, il s\u2019agit d\u2019un label de notre Innovo 32-380.<\/p>\r\n\r\n\r\n\r\n<figure class=\"wp-block-image size-large\"><img decoding=\"async\" class=\"wp-image-203060\" src=\"https:\/\/aosmithinternational.com\/wp-content\/uploads\/2025\/09\/Label-IR-5.png\" alt=\"Energielabel van een A.O. Smith Innovo 32-380\" \/><\/figure>\r\n\r\n\r\n\r\n<div class=\"wp-block-columns is-layout-flex wp-container-core-columns-is-layout-28f84493 wp-block-columns-is-layout-flex\">\r\n<div class=\"wp-block-column is-layout-flow wp-block-column-is-layout-flow\">\r\n<h4 class=\"wp-block-heading\">Ann\u00e9e<\/h4>\r\n\r\n\r\n\r\n<figure class=\"wp-block-image size-large\"><img decoding=\"async\" class=\"wp-image-206287\" src=\"https:\/\/aosmithinternational.com\/wp-content\/uploads\/2025\/09\/Datum-linksonder-5.jpg\" alt=\"Datum op label\" \/><\/figure>\r\n\r\n\r\n\r\n<p>Les choses \u00e9voluent avec le temps et l\u2019UE impose des exigences de plus en plus strictes en mati\u00e8re de labels \u00e9nerg\u00e9tiques. En 2015, 2017 et 2018, par exemple, des ajustements ont \u00e9t\u00e9 apport\u00e9s au label. Cela signifie qu\u2019un produit doit r\u00e9pondre \u00e0 des exigences plus \u00e9lev\u00e9es pour obtenir un label A, par exemple. L\u2019ann\u00e9e est donc \u00e9galement importante. Vous ne pouvez pas comparer un label A de 2015 avec un label de 2017.<\/p>\r\n<\/div>\r\n\r\n\r\n\r\n<div class=\"wp-block-column is-layout-flow wp-block-column-is-layout-flow\">\r\n<h4 class=\"wp-block-heading\">Code\/ann\u00e9e<\/h4>\r\n\r\n\r\n\r\n<figure class=\"wp-block-image size-large\"><img decoding=\"async\" class=\"wp-image-206298\" src=\"https:\/\/aosmithinternational.com\/wp-content\/uploads\/2025\/09\/Datum-rechtsonder-5.jpg\" alt=\"Datum op label rechts\" \/><\/figure>\r\n\r\n\r\n\r\n<p>Le num\u00e9ro en bas \u00e0 droite (812\/2013) fait r\u00e9f\u00e9rence \u00e0 la directive europ\u00e9enne concern\u00e9e et \u00e0 l\u2019ann\u00e9e de son \u00e9laboration.<\/p>\r\n<\/div>\r\n<\/div>\r\n\r\n\r\n\r\n<pre id=\"uitleg-capaciteitsprofiel\" class=\"wp-block-verse\">Anecdote : au Japon, on proc\u00e8de diff\u00e9remment. Chaque ann\u00e9e, ils d\u00e9terminent quel produit est le plus \u00e9conome en \u00e9nergie. Ce produit obtient un label A et est donc le produit de r\u00e9f\u00e9rence pour le reste du march\u00e9.<\/pre>\r\n<\/div>\r\n\r\n\r\n\r\n<div class=\"wp-block-column is-layout-flow wp-block-column-is-layout-flow\" style=\"flex-basis: 25%;\">\r\n<h4 class=\"wp-block-heading\">Energie\u00a0<\/h4>\r\n\r\n\r\n\r\n<figure class=\"wp-block-image size-large\"><img decoding=\"async\" class=\"wp-image-206364\" src=\"https:\/\/aosmithinternational.com\/wp-content\/uploads\/2025\/09\/Rechtsboven-energie-5.jpg\" alt=\"\" \/><\/figure>\r\n\r\n\r\n\r\n<p>Le mot \u00ab\u00a0\u00e9nergie\u00a0\u00bb dans plusieurs langues<\/p>\r\n\r\n\r\n\r\n<h4 class=\"wp-block-heading\">La classe \u00e9nerg\u00e9tique<\/h4>\r\n\r\n\r\n\r\n<figure class=\"wp-block-image size-large\"><img decoding=\"async\" class=\"wp-image-206342\" src=\"https:\/\/aosmithinternational.com\/wp-content\/uploads\/2025\/09\/Letters-kleuren-labelaanduiding-6.jpg\" alt=\"energieklasse of energielabel\" \/><\/figure>\r\n\r\n\r\n\r\n<p>Suit alors un test de 24 heures pour d\u00e9terminer la classe \u00e9nerg\u00e9tique (A \u00e0 C). Il s\u2019agit d\u2019un test qui prend en compte le temps d\u2019utilisation, le volume, les diff\u00e9rentes temp\u00e9ratures, mais aussi la perte \u00e0 l\u2019arr\u00eat. Il examine la quantit\u00e9 d\u2019eau pouvant \u00eatre pr\u00e9lev\u00e9e \u00e0 une temp\u00e9rature donn\u00e9e par rapport \u00e0 la consommation de carburant et d\u2019\u00e9nergie sur une p\u00e9riode de 24 heures. Cette consommation d\u2019\u00e9nergie, combin\u00e9e au profil de soutirage, d\u00e9termine la classe \u00e9nerg\u00e9tique dont rel\u00e8ve un appareil.<\/p>\r\n\r\n\r\n\r\n<p>A+, A++ ou A+++ uniquement possible avec les \u00e9nergies renouvelables<\/p>\r\n\r\n\r\n\r\n<div class=\"wp-block-buttons is-layout-flex wp-block-buttons-is-layout-flex\">\r\n<div class=\"wp-block-button\"><a class=\"wp-block-button__link\" href=\"#uitleg-labels\">En savoir plus sur les \u00e9tiquettes<\/a><\/div>\r\n<\/div>\r\n\r\n\r\n\r\n<h4 class=\"wp-block-heading\">Consommation<\/h4>\r\n\r\n\r\n\r\n<figure class=\"wp-block-image size-large\"><img decoding=\"async\" class=\"wp-image-206408\" src=\"https:\/\/aosmithinternational.com\/wp-content\/uploads\/2025\/09\/Verbruik-elektriciteit-capaciteitsprofiel-5.jpg\" alt=\"Elektriciteitsverbruik\" \/><\/figure>\r\n\r\n\r\n\r\n<p>kWh\/annum indique la consommation annuelle d\u2019\u00e9nergie \u00e9lectrique correspondant au profil de soutirage du label \u00e9nerg\u00e9tique sur lequel il est mentionn\u00e9.<br \/>GJ\/annum indique la consommation annuelle d\u2019\u00e9nergie obtenue par la combustion du gaz (qui peut \u00eatre reconvertie en m\u00e8tres cubes de gaz par an) appartenant au profil de soutirage de l\u2019\u00e9tiquette \u00e9nerg\u00e9tique o\u00f9 cela est mentionn\u00e9.<br \/>N.B. : Cette consommation ne refl\u00e8te donc pas n\u00e9cessairement la situation r\u00e9elle d\u2019utilisation.<\/p>\r\n<\/div>\r\n<\/div>\r\n\r\n\r\n<hr class=\"wp-block-separator is-style-wide\" \/>\r\n\r\n\r\n<h2 class=\"wp-block-heading\">Comment d\u00e9termine-t-on un profil de soutirage ?<\/h2>\r\n\r\n\r\n\r\n<p>Pour le d\u00e9terminer, l\u2019appareil est soumis \u00e0 un test V40 (volume \u00e0 40 \u00b0C). Nous savons alors ce dont l\u2019appareil est capable en termes de volume. Nos appareils commencent avec le profil de charge L. Cela signifie que nos appareils peuvent pr\u00e9parer de l\u2019eau chaude pour \u00b13 pommes de douche (profil de soutirage L) et plus (profil de soutirage XL et plus).<\/p>\r\n\r\n\r\n\r\n<div class=\"wp-block-columns is-layout-flex wp-container-core-columns-is-layout-28f84493 wp-block-columns-is-layout-flex\">\r\n<div class=\"wp-block-column is-layout-flow wp-block-column-is-layout-flow\">\r\n<h3 class=\"wp-block-heading\">Une petite taille de r\u00e9servoir n\u2019est pas synonyme de faible profil de soutirage<\/h3>\r\n\r\n\r\n\r\n<p>Nos r\u00e9servoirs sont relativement petits, mais la puissance \u00e9lev\u00e9e de nos chaudi\u00e8res les place dans le profil de soutirage le plus \u00e9lev\u00e9, ce qui est n\u00e9cessaire pour nos clients (des salons de coiffure aux h\u00f4pitaux et aux installations industrielles). En raison de la grande puissance de nos appareils, nos r\u00e9servoirs peuvent \u00eatre relativement petits. Cela signifie qu\u2019il faut moins d\u2019espace (technique) et qu\u2019il y a beaucoup moins de pertes de temps d\u2019arr\u00eat, ce qui a un impact favorable sur la classe \u00e9nerg\u00e9tique.<\/p>\r\n<\/div>\r\n\r\n\r\n\r\n<div class=\"wp-block-column is-layout-flow wp-block-column-is-layout-flow\">\r\n<h3 class=\"wp-block-heading\">Par exemple :<\/h3>\r\n\r\n\r\n\r\n<p>Notre <a href=\"https:\/\/aosmithinternational.com\/be-fr\/bfc-cyclone\/\">BFC 120<\/a> a un r\u00e9servoir d\u2019une capacit\u00e9 de 480 litres et peut produire de l\u2019eau chaude \u00e0 38 \u00b0 en continu (\u00e0 6 litres\/min\/pomme de douche) dans la deuxi\u00e8me cat\u00e9gorie la plus \u00e9lev\u00e9e du profil de charge (3XL ; \u00b18 pommes de douche). Si nous devions nous fier uniquement aux 480 litres de stockage dans le r\u00e9servoir, ce BFC arriverait \u00e0 un profil de chargement L avec une performance de seulement \u00b13 pommes de douche. Ainsi, la puissance \u00e9lev\u00e9e dans ce cas assure un profil de soutirage plus \u00e9lev\u00e9.<\/p>\r\n<\/div>\r\n<\/div>\r\n\r\n\r\n\r\n<h2 class=\"wp-block-heading\">Comparaison des classes d\u2019\u00e9nergie uniquement au sein d\u2019un m\u00eame profil de soutirage<\/h2>\r\n\r\n\r\n\r\n<p>Le tableau ci-dessous montre l\u2019efficacit\u00e9 \u00e9nerg\u00e9tique du chauffage de l\u2019eau (\u03b7wh). Il s\u2019agit du rapport entre l\u2019\u00e9nergie utile contenue dans l\u2019eau livr\u00e9e et l\u2019\u00e9nergie n\u00e9cessaire pour la produire, exprim\u00e9 en pourcentage. Nous l\u2019appelons aussi rendement ErP.<\/p>\r\n\r\n\r\n\r\n<figure class=\"wp-block-image size-large\"><img decoding=\"async\" class=\"wp-image-202994\" src=\"https:\/\/aosmithinternational.com\/wp-content\/uploads\/2025\/09\/Energielabel2021-5.jpg\" alt=\"capaciteitsprofielen naar rendementen voor labels\" \/><\/figure>\r\n\r\n\r\n<hr id=\"uitleg-rendement\" class=\"wp-block-separator is-style-wide\" \/>\r\n\r\n\r\n<h2 class=\"wp-block-heading\">Rendement<\/h2>\r\n\r\n\r\n\r\n<div class=\"wp-block-columns is-layout-flex wp-container-core-columns-is-layout-28f84493 wp-block-columns-is-layout-flex\">\r\n<div class=\"wp-block-column is-layout-flow wp-block-column-is-layout-flow\">\r\n<h3 class=\"wp-block-heading\">Efficacit\u00e9<\/h3>\r\n\r\n\r\n\r\n<p>Dans notre secteur en Europe, nous avons traditionnellement utilis\u00e9 le rendement de l\u2019eau pour comparer les appareils entre eux. Le rendement de l\u2019eau est en fait l\u2019\u00e9nergie mise dans l\u2019eau. Le maximum \u00e9tait fix\u00e9 \u00e0 l\u2019\u00e9poque \u00e0 100 %. Les appareils qui s\u2019approchent de 100 % sont consid\u00e9r\u00e9s comme \u00e9conomes en \u00e9nergie. Cela remonte \u00e0 l\u2019\u00e9poque o\u00f9 la consommation d\u2019\u00e9nergie n\u2019\u00e9tait pas encore un sujet d\u2019actualit\u00e9.<\/p>\r\n\r\n\r\n\r\n<p>Il y a environ 20 ans, nous avons lanc\u00e9 les appareils \u00e0 condensation. Ils utilisent \u00e9galement l\u2019\u00e9nergie (chaleur) lib\u00e9r\u00e9e par les gaz de combustion. Avant, cette \u00e9nergie partait litt\u00e9ralement en fum\u00e9e. Du fait de son utilisation actuelle, les rendements de ces appareils sont tous sup\u00e9rieurs \u00e0 100 %. Un certain nombre de nos appareils atteignent m\u00eame un rendement de 109 % ! C\u2019est beaucoup. Tant que vous comparez deux rendements de l\u2019eau, tout va bien.<\/p>\r\n<\/div>\r\n\r\n\r\n\r\n<div class=\"wp-block-column is-layout-flow wp-block-column-is-layout-flow\">\r\n<h3 class=\"wp-block-heading\">Le rendement ErP<\/h3>\r\n\r\n\r\n\r\n<p>La consommation d\u2019\u00e9nergie devient de plus en plus importante et un autre rendement fait son apparition : le rendement ErP. Le rendement ErP tient compte de toute l\u2019\u00e9nergie que l\u2019appareil utilise pour produire l\u2019eau chaude. Cela signifie que l\u2019\u00e9lectricit\u00e9 pour l\u2019\u00e9cran, l\u2019ensemble du syst\u00e8me de commande, le ventilateur, etc. sont \u00e9galement inclus dans le calcul. En mati\u00e8re de durabilit\u00e9, cette m\u00e9thode est beaucoup plus compl\u00e8te, surtout maintenant que de plus en plus de techniques alternatives permettent de chauffer l\u2019eau. Une pompe \u00e0 chaleur, par exemple, utilise de l\u2019\u00e9lectricit\u00e9 pour fonctionner. Pour pouvoir comparer diff\u00e9rentes techniques \u00e0 l\u2019avenir, l\u2019ErP est un meilleur moyen de comparaison.<\/p>\r\n<\/div>\r\n<\/div>\r\n\r\n\r\n<hr class=\"wp-block-separator is-style-wide\" \/>\r\n\r\n\r\n<h2 class=\"wp-block-heading\">En savoir plus sur les \u00e9tiquettes<\/h2>\r\n\r\n\r\n\r\n<div class=\"wp-block-columns is-layout-flex wp-container-core-columns-is-layout-28f84493 wp-block-columns-is-layout-flex\">\r\n<div class=\"wp-block-column is-layout-flow wp-block-column-is-layout-flow\">\r\n<p>A+, A++ ou A+++ uniquement possible avec les \u00e9nergies renouvelables<br \/>Sur la base du tableau ci-dessus, un appareil fonctionnant \u00e0 100 % aux combustibles fossiles ne se retrouvera jamais dans une classe \u00e9nerg\u00e9tique sup\u00e9rieure \u00e0 A. En effet, \u00e0 partir de A+, le rendement doit \u00eatre sup\u00e9rieur \u00e0 100 %. Ce n\u2019est possible que gr\u00e2ce \u00e0 l\u2019utilisation de techniques durables telles que l\u2019\u00e9nergie solaire et <a href=\"https:\/\/aosmithinternational.com\/be-fr\/product-ranges\/pompes-a-chaleur-eau-chaude-befr\/\">les pompes \u00e0 chaleu<\/a>r. Dans ce cas, l\u2019appareil produit plus d\u2019\u00e9nergie qu\u2019il n\u2019en consomme.<\/p>\r\n<\/div>\r\n\r\n\r\n\r\n<div class=\"wp-block-column is-layout-flow wp-block-column-is-layout-flow\">\r\n<div class=\"wp-block-image\">\r\n<figure class=\"aligncenter size-medium\"><img decoding=\"async\" class=\"wp-image-203261\" src=\"https:\/\/aosmithinternational.com\/wp-content\/uploads\/2025\/09\/warmtepompen-1-5-300x231.png\" alt=\"Enevator warmtepomprange\" \/><\/figure>\r\n<\/div>\r\n<\/div>\r\n<\/div>\r\n\r\n\r\n<hr class=\"wp-block-separator is-style-wide\" \/>\r\n\r\n\r\n<h2 class=\"wp-block-heading\">Les appareils \u00e9lectriques sont (encore) sanctionn\u00e9s par des points de p\u00e9nalit\u00e9<\/h2>\r\n\r\n\r\n\r\n<div class=\"wp-block-spacer\" style=\"height: 20px;\" aria-hidden=\"true\">\u00a0<\/div>\r\n\r\n\r\n\r\n<div class=\"wp-block-columns is-layout-flex wp-container-core-columns-is-layout-28f84493 wp-block-columns-is-layout-flex\">\r\n<div class=\"wp-block-column is-layout-flow wp-block-column-is-layout-flow\" style=\"flex-basis: 33.33%;\">\r\n<figure class=\"wp-block-image size-large\"><img decoding=\"async\" class=\"wp-image-203193\" src=\"https:\/\/aosmithinternational.com\/wp-content\/uploads\/2025\/09\/Zonnepanelen-elektrisch-toestel-5.jpg\" alt=\"Elektrische boiler gevoed door PV panelen\" \/><\/figure>\r\n<\/div>\r\n\r\n\r\n\r\n<div class=\"wp-block-column is-layout-flow wp-block-column-is-layout-flow\" style=\"flex-basis: 66.66%;\">\r\n<p>Actuellement, les appareils \u00e9lectriques sont \u00ab p\u00e9nalis\u00e9s \u00bb d\u2019un facteur 2,5 ! En effet, on suppose que l\u2019\u00e9lectricit\u00e9 utilis\u00e9e a \u00e9t\u00e9 produite par des combustibles fossiles. Transformer des combustibles fossiles (dans certains cas m\u00eame du lignite) en \u00e9lectricit\u00e9 signifie une perte importante d\u2019\u00e9nergie et de nombreuses \u00e9missions. Le chauffage \u00e9lectrique n\u2019est donc plus propre que sur le lieu d\u2019utilisation. Dans l\u2019ensemble, ce chauffage \u00e9lectrique est beaucoup moins durable qu\u2019un appareil \u00e0 gaz \u00e0 condensation. Ce dernier a un label A et la variante \u00e9lectrique affiche un label C voire D.<\/p>\r\n\r\n\r\n\r\n<p>Mais si vous alimentez un appareil \u00e9lectrique avec 100 % de panneaux solaires ou d\u2019autres sources d\u2019\u00e9nergie verte (dont vous pouvez \u00eatre s\u00fbr qu\u2019elles sont g\u00e9n\u00e9r\u00e9es \u00e0 100 % de mani\u00e8re \u00e9cologique), alors la classe \u00e9nerg\u00e9tique r\u00e9elle est juste A+++, bien que nous ne soyons pas autoris\u00e9s \u00e0 l\u2019appeler ainsi dans le cadre de la directive sur le label \u00e9nerg\u00e9tique.<\/p>\r\n\r\n\r\n\r\n<p>Si les pompes \u00e0 chaleur sont actuellement catalogu\u00e9es diff\u00e9remment, la m\u00eame th\u00e9orie s\u2019applique. Lorsque la pompe \u00e0 chaleur est aliment\u00e9e par des panneaux solaires ou d\u2019autres \u00e9nergies vertes, elle est beaucoup plus durable que si elle utilise de l\u2019 \u00ab \u00e9nergie grise \u00bb.<\/p>\r\n\r\n\r\n\r\n<div class=\"wp-block-columns is-layout-flex wp-container-core-columns-is-layout-28f84493 wp-block-columns-is-layout-flex\">\r\n<div class=\"wp-block-column is-layout-flow wp-block-column-is-layout-flow\">\r\n<div class=\"wp-block-buttons is-layout-flex wp-block-buttons-is-layout-flex\">\r\n<div class=\"wp-block-button\"><a class=\"wp-block-button__link\" href=\"https:\/\/aosmithinternational.com\/be-fr\/product-ranges\/chauffe-eau-electrique\/\">Nos appareils \u00e9lectriques<\/a><\/div>\r\n<\/div>\r\n<\/div>\r\n\r\n\r\n\r\n<div class=\"wp-block-column is-layout-flow wp-block-column-is-layout-flow\">\r\n<div class=\"wp-block-buttons is-layout-flex wp-block-buttons-is-layout-flex\">\r\n<div class=\"wp-block-button\"><a class=\"wp-block-button__link\" href=\"https:\/\/aosmithinternational.com\/be-fr\/solutions-pour-systemes-hybrides\/\">Hybride avec \u00e9lectrique<\/a><\/div>\r\n<\/div>\r\n<\/div>\r\n<\/div>\r\n<\/div>\r\n<\/div>\r\n\r\n\r\n<hr class=\"wp-block-separator is-style-wide\" \/>\r\n\r\n\r\n<h2 class=\"wp-block-heading\">Nous sommes sur la voie de l\u2019\u00e9conomie circulaire<\/h2>\r\n\r\n\r\n\r\n<p>Les \u00e9volutions dans le domaine de la durabilit\u00e9 ne sont pas fig\u00e9es. Le rendement de l\u2019eau est progressivement remplac\u00e9 par le rendement ErP, et nous tenons compte du fait qu\u2019\u00e0 l\u2019avenir, d\u2019autres \u00e9l\u00e9ments influenceront le label. Prenez, par exemple, l\u2019\u00e9conomie circulaire. Dans ce cas, il s\u2019agit vraiment de l\u2019impact \u00e9nerg\u00e9tique et environnemental du d\u00e9but \u00e0 la fin. Vous devez alors \u00e9galement tenir compte du processus commercial de fabrication d\u2019un syst\u00e8me d\u2019eau chaude, mais aussi du traitement, par exemple, des panneaux solaires qui ne fonctionnent plus et des batteries qui ont atteint la fin de leur dur\u00e9e de vie. Autrement dit, tous les mat\u00e9riaux utilis\u00e9s dans un syst\u00e8me d\u2019eau chaude et dans la cr\u00e9ation du syst\u00e8me.<\/p>\r\n\r\n\r\n\r\n<h2 class=\"wp-block-heading\">Contact<\/h2>\r\n\r\n\r\n\r\n<div class=\"wp-block-columns is-layout-flex wp-container-core-columns-is-layout-28f84493 wp-block-columns-is-layout-flex\">\r\n<div class=\"wp-block-column is-layout-flow wp-block-column-is-layout-flow\">\r\n<p>Vous souhaitez des conseils adapt\u00e9s aux conditions et r\u00e9glementations climatiques actuelles ? Notre \u00e9quipe d&rsquo;ing\u00e9nieurs commerciaux se fera un plaisir de fournir des conseils appropri\u00e9s qui correspondent \u00e9galement aux besoins et aux souhaits \u00e9nerg\u00e9tiques d&rsquo;aujourd&rsquo;hui.<\/p>\r\n<\/div>\r\n\r\n\r\n\r\n<div class=\"wp-block-column is-layout-flow wp-block-column-is-layout-flow\">\r\n<h3 class=\"wp-block-heading\">Vos interlocuteurs<\/h3>\r\n\r\n\r\n\r\n<div class=\"wp-block-buttons is-layout-flex wp-block-buttons-is-layout-flex\">\r\n<div class=\"wp-block-button\"><a class=\"wp-block-button__link\" href=\"https:\/\/aosmithinternational.com\/be-fr\/la-societe\/contact\/vos-interlocuteurs\/\">Contactez nous<\/a><\/div>\r\n<\/div>\r\n<\/div>\r\n<\/div>\r\n\r\n\r\n\r\n<p>&nbsp;<\/p>\r\n","protected":false},"excerpt":{"rendered":"<p>Les labels \u00e9nerg\u00e9tiques donnent une indication claire et simple de l\u2019efficacit\u00e9 \u00e9nerg\u00e9tique et d\u2019autres caract\u00e9ristiques importantes des produits. Il est [&hellip;]<\/p>\n","protected":false},"author":1,"featured_media":809272,"parent":0,"menu_order":0,"comment_status":"open","ping_status":"open","template":"","meta":{"_acf_changed":false,"inline_featured_image":false,"site-sidebar-layout":"default","site-content-layout":"","ast-site-content-layout":"default","site-content-style":"default","site-sidebar-style":"default","ast-global-header-display":"","ast-banner-title-visibility":"","ast-main-header-display":"","ast-hfb-above-header-display":"","ast-hfb-below-header-display":"","ast-hfb-mobile-header-display":"","site-post-title":"","ast-breadcrumbs-content":"","ast-featured-img":"","footer-sml-layout":"","ast-disable-related-posts":"","theme-transparent-header-meta":"default","adv-header-id-meta":"","stick-header-meta":"default","header-above-stick-meta":"","header-main-stick-meta":"","header-below-stick-meta":"","astra-migrate-meta-layouts":"set","ast-page-background-enabled":"default","ast-page-background-meta":{"desktop":{"background-color":"var(--ast-global-color-5)","background-image":"","background-repeat":"repeat","background-position":"center center","background-size":"auto","background-attachment":"scroll","background-type":"","background-media":"","overlay-type":"","overlay-color":"","overlay-opacity":"","overlay-gradient":""},"tablet":{"background-color":"","background-image":"","background-repeat":"repeat","background-position":"center center","background-size":"auto","background-attachment":"scroll","background-type":"","background-media":"","overlay-type":"","overlay-color":"","overlay-opacity":"","overlay-gradient":""},"mobile":{"background-color":"","background-image":"","background-repeat":"repeat","background-position":"center center","background-size":"auto","background-attachment":"scroll","background-type":"","background-media":"","overlay-type":"","overlay-color":"","overlay-opacity":"","overlay-gradient":""}},"ast-content-background-meta":{"desktop":{"background-color":"var(--ast-global-color-4)","background-image":"","background-repeat":"repeat","background-position":"center center","background-size":"auto","background-attachment":"scroll","background-type":"","background-media":"","overlay-type":"","overlay-color":"","overlay-opacity":"","overlay-gradient":""},"tablet":{"background-color":"var(--ast-global-color-4)","background-image":"","background-repeat":"repeat","background-position":"center center","background-size":"auto","background-attachment":"scroll","background-type":"","background-media":"","overlay-type":"","overlay-color":"","overlay-opacity":"","overlay-gradient":""},"mobile":{"background-color":"var(--ast-global-color-4)","background-image":"","background-repeat":"repeat","background-position":"center center","background-size":"auto","background-attachment":"scroll","background-type":"","background-media":"","overlay-type":"","overlay-color":"","overlay-opacity":"","overlay-gradient":""}},"footnotes":""},"class_list":["post-760921","page","type-page","status-publish","has-post-thumbnail","hentry"],"acf":[],"_links":{"self":[{"href":"https:\/\/aosmithinternational.com\/be-fr\/wp-json\/wp\/v2\/pages\/760921","targetHints":{"allow":["GET"]}}],"collection":[{"href":"https:\/\/aosmithinternational.com\/be-fr\/wp-json\/wp\/v2\/pages"}],"about":[{"href":"https:\/\/aosmithinternational.com\/be-fr\/wp-json\/wp\/v2\/types\/page"}],"author":[{"embeddable":true,"href":"https:\/\/aosmithinternational.com\/be-fr\/wp-json\/wp\/v2\/users\/1"}],"replies":[{"embeddable":true,"href":"https:\/\/aosmithinternational.com\/be-fr\/wp-json\/wp\/v2\/comments?post=760921"}],"version-history":[{"count":0,"href":"https:\/\/aosmithinternational.com\/be-fr\/wp-json\/wp\/v2\/pages\/760921\/revisions"}],"wp:featuredmedia":[{"embeddable":true,"href":"https:\/\/aosmithinternational.com\/be-fr\/wp-json\/wp\/v2\/media\/809272"}],"wp:attachment":[{"href":"https:\/\/aosmithinternational.com\/be-fr\/wp-json\/wp\/v2\/media?parent=760921"}],"curies":[{"name":"wp","href":"https:\/\/api.w.org\/{rel}","templated":true}]}}