{"id":760968,"date":"2025-10-01T10:27:52","date_gmt":"2025-10-01T08:27:52","guid":{"rendered":"https:\/\/staging.aosmithinternational.com\/electrification\/"},"modified":"2025-10-27T14:29:51","modified_gmt":"2025-10-27T13:29:51","slug":"electrification","status":"publish","type":"page","link":"https:\/\/aosmithinternational.com\/be-fr\/electrification\/","title":{"rendered":"\u00c9lectrification"},"content":{"rendered":"\r\n<div class=\"wp-block-columns is-layout-flex wp-container-core-columns-is-layout-28f84493 wp-block-columns-is-layout-flex\">\r\n<div class=\"wp-block-column is-layout-flow wp-block-column-is-layout-flow\" style=\"flex-basis: 66.66%;\">\r\n<h2 id=\"negatif-en-co2-comment-faire\" class=\"wp-block-heading\">N\u00e9gatif en CO<sub>2<\/sub>\u00a0: comment faire ?<\/h2>\r\n\r\n\r\n\r\n<div class=\"wp-block-spacer\" style=\"height: 25px;\" aria-hidden=\"true\">\u00a0<\/div>\r\n\r\n\r\n\r\n<div class=\"wp-block-columns is-layout-flex wp-container-core-columns-is-layout-28f84493 wp-block-columns-is-layout-flex\">\r\n<div class=\"wp-block-column is-layout-flow wp-block-column-is-layout-flow\" style=\"flex-basis: 33.33%;\">\r\n<figure class=\"wp-block-image size-large\"><img decoding=\"async\" class=\"wp-image-214801\" src=\"https:\/\/aosmithinternational.com\/wp-content\/uploads\/2025\/09\/CO2-Negatief-1-10-1024x682.jpg\" alt=\"\" \/>\r\n\r\n<\/figure>\r\n<\/div>\r\n\r\n\r\n\r\n<div class=\"wp-block-column is-layout-flow wp-block-column-is-layout-flow\" style=\"flex-basis: 66.66%;\">\r\n<p>Il est de plus en plus clair qu\u2019il ne suffit pas de r\u00e9duire les \u00e9missions de CO<sub>2<\/sub>\u00a0\u00e0 z\u00e9ro pour arr\u00eater ou m\u00eame r\u00e9duire le r\u00e9chauffement de la plan\u00e8te. Pour cela, il nous faut des \u00e9missions n\u00e9gatives de CO<sub>2<\/sub>. Cela signifie donc que nous devons \u00e9liminer le CO<sub>2<\/sub>\u00a0de l\u2019atmosph\u00e8re. Et plus nous attendons, plus nous devrons \u00e9liminer du CO<sub>2<\/sub>, car \u00e0 l\u2019heure actuelle, plus de 100 millions de tonnes de CO<sub>2<\/sub>\u00a0sont encore \u00e9mises chaque jour dans l\u2019atmosph\u00e8re.<\/p>\r\n\r\n\r\n\r\n<div class=\"wp-block-buttons is-layout-flex wp-block-buttons-is-layout-flex\">\r\n<div class=\"wp-block-button\"><a class=\"wp-block-button__link wp-element-button\" href=\"https:\/\/aosmithinternational.com\/be-fr\/negatif-en-co2-comment-faire\/\" target=\"_blank\" rel=\"noreferrer noopener\">En savoir plus ici<\/a><\/div>\r\n<\/div>\r\n<\/div>\r\n<\/div>\r\n\r\n\r\n\r\n<div class=\"wp-block-buttons is-layout-flex wp-block-buttons-is-layout-flex\"><\/div>\r\n\r\n\r\n\r\n<div class=\"wp-block-spacer\" style=\"height: 25px;\" aria-hidden=\"true\">\u00a0<\/div>\r\n\r\n\r\n<hr class=\"wp-block-separator has-css-opacity is-style-wide\" \/>\r\n\r\n\r\n<h2 id=\"qu-arrivera-t-il-au-rechauffement-de-la-planete-si-nous-arretons-maintenant-d-emettre-du-co2\" class=\"wp-block-heading\">Qu\u2019arrivera-t-il au r\u00e9chauffement de la plan\u00e8te si nous arr\u00eatons maintenant d\u2019\u00e9mettre du CO<sub>2<\/sub> ?<\/h2>\r\n\r\n\r\n\r\n<div class=\"wp-block-spacer\" style=\"height: 34px;\" aria-hidden=\"true\">\u00a0<\/div>\r\n\r\n\r\n\r\n<div class=\"wp-block-columns is-layout-flex wp-container-core-columns-is-layout-28f84493 wp-block-columns-is-layout-flex\">\r\n<div class=\"wp-block-column is-layout-flow wp-block-column-is-layout-flow\" style=\"flex-basis: 33.33%;\">\r\n<figure class=\"wp-block-image size-full is-resized\"><img decoding=\"async\" class=\"wp-image-218487\" style=\"width: 284px; height: 189px;\" src=\"https:\/\/aosmithinternational.com\/wp-content\/uploads\/2025\/09\/Minder-Co2-18.png\" alt=\"Minder Co2\" width=\"284\" height=\"189\" \/><\/figure>\r\n<\/div>\r\n\r\n\r\n\r\n<div class=\"wp-block-column is-layout-flow wp-block-column-is-layout-flow\" style=\"flex-basis: 66.66%;\">\r\n<p>La temp\u00e9rature continuera alors d\u2019augmenter en raison de l\u2019effet de serre. En effet, le CO<sub>2<\/sub>\u00a0que nous avons ajout\u00e9 \u00e0 l\u2019atmosph\u00e8re au cours des derni\u00e8res d\u00e9cennies ne dispara\u00eet pas d\u2019un coup, car le CO<sub>2<\/sub>\u00a0ne se d\u00e9compose pas dans l\u2019air. Le r\u00e9chauffement peut m\u00eame encore devenir deux fois plus important lorsque la concentration de CO<sub>2<\/sub>\u00a0reste identique. Nous parlons ici de milliers d\u2019ann\u00e9es dans le futur, mais pour les 10 \u00e0 50\u00a0ann\u00e9es \u00e0 venir, nous devons tenir compte d\u2019un r\u00e9chauffement suppl\u00e9mentaire d\u2019environ un demi-degr\u00e9, et ce, si nous cessons d\u2019\u00e9mettre du CO<sub>2<\/sub>\u00a0aujourd\u2019hui.<\/p>\r\n\r\n\r\n\r\n<div class=\"wp-block-buttons is-layout-flex wp-block-buttons-is-layout-flex\">\r\n<div class=\"wp-block-button\"><a class=\"wp-block-button__link wp-element-button\" href=\"https:\/\/aosmithinternational.com\/be-fr\/quadviendra-t-il-du-rechauffement-climatique-si-nous-narretons-pas-demettre-du-co2-maintenant\/\" target=\"_blank\" rel=\"noreferrer noopener\">En savoir plus ici<\/a><\/div>\r\n<\/div>\r\n<\/div>\r\n<\/div>\r\n\r\n\r\n\r\n<div class=\"wp-block-columns is-layout-flex wp-container-core-columns-is-layout-28f84493 wp-block-columns-is-layout-flex\">\r\n<div class=\"wp-block-column is-layout-flow wp-block-column-is-layout-flow\">\r\n<div class=\"wp-block-buttons is-layout-flex wp-block-buttons-is-layout-flex\"><\/div>\r\n<\/div>\r\n<\/div>\r\n\r\n\r\n\r\n<p>&nbsp;<\/p>\r\n\r\n\r\n\r\n<div class=\"wp-block-buttons is-layout-flex wp-block-buttons-is-layout-flex\"><\/div>\r\n\r\n\r\n\r\n<div class=\"wp-block-spacer\" style=\"height: 25px;\" aria-hidden=\"true\">\u00a0<\/div>\r\n\r\n\r\n<hr class=\"wp-block-separator has-css-opacity is-style-wide\" \/>\r\n\r\n\r\n<h2 id=\"que-sont-au-juste-les-gaz-a-effet-de-serre\" class=\"wp-block-heading\">Que sont au juste les gaz \u00e0 effet de serre ?<\/h2>\r\n\r\n\r\n\r\n<div class=\"wp-block-spacer\" style=\"height: 25px;\" aria-hidden=\"true\">\u00a0<\/div>\r\n\r\n\r\n\r\n<div class=\"wp-block-columns is-layout-flex wp-container-core-columns-is-layout-28f84493 wp-block-columns-is-layout-flex\">\r\n<div class=\"wp-block-column is-layout-flow wp-block-column-is-layout-flow\" style=\"flex-basis: 33.33%;\">\r\n<figure class=\"wp-block-image size-large\"><img decoding=\"async\" class=\"wp-image-214812\" src=\"https:\/\/aosmithinternational.com\/wp-content\/uploads\/2025\/09\/Elektrificatie-1-7-1024x682.jpg\" alt=\"\" \/><\/figure>\r\n<\/div>\r\n\r\n\r\n\r\n<div class=\"wp-block-column is-layout-flow wp-block-column-is-layout-flow\" style=\"flex-basis: 66.66%;\">\r\n<p>Les gaz \u00e0 effet de serre absorbent le rayonnement infrarouge et renvoient la chaleur dans l\u2019environnement et donc aussi dans l\u2019atmosph\u00e8re terrestre. La temp\u00e9rature augmente alors lorsque la quantit\u00e9 de gaz \u00e0 effet de serre dans l\u2019atmosph\u00e8re augmente.<\/p>\r\n\r\n\r\n\r\n<div class=\"wp-block-buttons is-layout-flex wp-block-buttons-is-layout-flex\">\r\n<div class=\"wp-block-button\"><a class=\"wp-block-button__link wp-element-button\" href=\"https:\/\/aosmithinternational.com\/be-fr\/que-sont-au-juste-les-gaz-a-effet-de-serre\/\" target=\"_blank\" rel=\"noreferrer noopener\">En savoir plus ici<\/a><\/div>\r\n<\/div>\r\n<\/div>\r\n<\/div>\r\n\r\n\r\n\r\n<div class=\"wp-block-spacer\" style=\"height: 19px;\" aria-hidden=\"true\">\u00a0<\/div>\r\n\r\n\r\n<hr class=\"wp-block-separator has-alpha-channel-opacity\" \/>\r\n\r\n\r\n<h2 class=\"wp-block-heading\"><strong>Comment proc\u00e9der \u00e0 l\u2019\u00e9lectrification\u00a0?<\/strong><\/h2>\r\n\r\n\r\n\r\n<div class=\"wp-block-spacer\" style=\"height: 29px;\" aria-hidden=\"true\">\u00a0<\/div>\r\n\r\n\r\n\r\n<div class=\"wp-block-columns is-layout-flex wp-container-core-columns-is-layout-28f84493 wp-block-columns-is-layout-flex\">\r\n<div class=\"wp-block-column is-layout-flow wp-block-column-is-layout-flow\" style=\"flex-basis: 33.33%;\">\r\n<figure class=\"wp-block-image size-full\"><img decoding=\"async\" class=\"wp-image-224814\" src=\"https:\/\/aosmithinternational.com\/wp-content\/uploads\/2025\/09\/design-elektrificatie-19.jpg\" alt=\"design elektrificatie\" \/><\/figure>\r\n<\/div>\r\n\r\n\r\n\r\n<div class=\"wp-block-column is-layout-flow wp-block-column-is-layout-flow\" style=\"flex-basis: 66.66%;\">\r\n<p>Un grand pas dans l\u2019\u00e9lectrification de l\u2019industrie est possible avant m\u00eame 2030. Nous comptons ensuite sur le d\u00e9ploiement des chauffe-eau \u00e9lectriques et des pompes \u00e0 chaleur dans l\u2019industrie. Quelles sont les options et les solutions intelligentes\u00a0?<\/p>\r\n\r\n\r\n\r\n<div class=\"wp-block-buttons is-layout-flex wp-block-buttons-is-layout-flex\">\r\n<div class=\"wp-block-button\"><a class=\"wp-block-button__link wp-element-button\" href=\"https:\/\/aosmithinternational.com\/be-fr\/comment-proceder-a-lelectrification\" target=\"_blank\" rel=\"noreferrer noopener\">En savoir plus<\/a><\/div>\r\n<\/div>\r\n<\/div>\r\n<\/div>\r\n\r\n\r\n\r\n<div class=\"wp-block-buttons is-layout-flex wp-block-buttons-is-layout-flex\"><\/div>\r\n<\/div>\r\n\r\n\r\n\r\n<div class=\"wp-block-column is-layout-flow wp-block-column-is-layout-flow\" style=\"flex-basis: 33.33%;\">\r\n<div class=\"wp-block-columns is-layout-flex wp-container-core-columns-is-layout-28f84493 wp-block-columns-is-layout-flex\">\r\n<div class=\"wp-block-column is-layout-flow wp-block-column-is-layout-flow\">\r\n<h2 id=\"notre-gamme\" class=\"wp-block-heading has-text-align-center\">Notre gamme<\/h2>\r\n\r\n\r\n\r\n<div class=\"wp-block-spacer\" style=\"height: 25px;\" aria-hidden=\"true\">\u00a0<\/div>\r\n\r\n\r\n<hr class=\"wp-block-separator has-alpha-channel-opacity\" \/>\r\n\r\n\r\n<h3 id=\"dre-electrique-chauffe-eau\" class=\"wp-block-heading has-text-align-center\">DRE \u00c9lectrique chauffe-eau<\/h3>\r\n\r\n\r\n\r\n<div class=\"wp-block-spacer\" style=\"height: 25px;\" aria-hidden=\"true\">\u00a0<\/div>\r\n\r\n\r\n\r\n<figure class=\"wp-block-image aligncenter size-full is-resized\"><img decoding=\"async\" class=\"wp-image-216982\" style=\"width: 150px; height: 200px;\" src=\"https:\/\/aosmithinternational.com\/wp-content\/uploads\/2025\/09\/DRE-std-front-4.png\" alt=\"Chauffe-eau electrique DRE\" width=\"150\" height=\"200\" \/><\/figure>\r\n\r\n\r\n\r\n<div class=\"wp-block-spacer\" style=\"height: 25px;\" aria-hidden=\"true\">\u00a0<\/div>\r\n\r\n\r\n\r\n<p>La s\u00e9rie DRE offre des chauffe-eau \u00e9lectriques, avec protection contre le fonctionnement \u00e0\u00a0vide, adapt\u00e9s pour des applications industrielles.<\/p>\r\n\r\n\r\n\r\n<div class=\"wp-block-buttons is-content-justification-center is-layout-flex wp-container-core-buttons-is-layout-a89b3969 wp-block-buttons-is-layout-flex\">\r\n<div class=\"wp-block-button wp-btn\"><a class=\"wp-block-button__link wp-element-button\" href=\"https:\/\/aosmithinternational.com\/be-fr\/dre-chauffe-eau-electrique\/\" target=\"_blank\" rel=\"noreferrer noopener\">DRE \u00c9lectrique chauffe eau<\/a><\/div>\r\n<\/div>\r\n\r\n\r\n\r\n<div class=\"wp-block-spacer\" style=\"height: 25px;\" aria-hidden=\"true\">\u00a0<\/div>\r\n\r\n\r\n<hr class=\"wp-block-separator has-alpha-channel-opacity\" \/>\r\n\r\n\r\n<h3 id=\"dre-plus-chauffe-eau-electrique\" class=\"wp-block-heading\">DRE Plus Chauffe eau \u00c9lectrique<\/h3>\r\n\r\n\r\n\r\n<div class=\"wp-block-spacer\" style=\"height: 25px;\" aria-hidden=\"true\">\u00a0<\/div>\r\n\r\n\r\n\r\n<figure class=\"wp-block-image aligncenter size-full is-resized is-style-default\"><img decoding=\"async\" class=\"wp-image-216971\" style=\"width: 150px; height: 200px;\" src=\"https:\/\/aosmithinternational.com\/wp-content\/uploads\/2025\/09\/DRE-Plus-fr-4.png\" alt=\"Dre Plus chauffe eau electrique avec ecran de controle\" width=\"150\" height=\"200\" \/><\/figure>\r\n\r\n\r\n\r\n<div class=\"wp-block-spacer\" style=\"height: 25px;\" aria-hidden=\"true\">\u00a0<\/div>\r\n\r\n\r\n\r\n<p>La s\u00e9rie DRE Plus offre des chauffe-eau \u00e9lectriques, avec protection contre le fonctionnement \u00e0 vide, adapt\u00e9s pour des applications industrielles. Le \u00ab\u00a0Plus\u00a0\u00bb de cette gamme est l\u2019\u00e9cran qui offre diverses options de contr\u00f4le et de lecture.<\/p>\r\n\r\n\r\n\r\n<div class=\"wp-block-buttons is-content-justification-center is-layout-flex wp-container-core-buttons-is-layout-a89b3969 wp-block-buttons-is-layout-flex\">\r\n<div class=\"wp-block-button wp-btn\"><a class=\"wp-block-button__link wp-element-button\" href=\"https:\/\/aosmithinternational.com\/be-fr\/dre-plus-chauffe-eau-electrique\/\" target=\"_blank\" rel=\"noreferrer noopener\">DRE Plus \u00c9lectrique chauffe eau<\/a><\/div>\r\n<\/div>\r\n\r\n\r\n\r\n<div class=\"wp-block-spacer\" style=\"height: 25px;\" aria-hidden=\"true\">\u00a0<\/div>\r\n<\/div>\r\n<\/div>\r\n<\/div>\r\n<\/div>\r\n\r\n\r\n<hr class=\"wp-block-separator has-css-opacity is-style-wide\" \/>\r\n\r\n\r\n<h2 id=\"exemples-pratiques\" class=\"wp-block-heading\">Exemples pratiques<\/h2>\r\n\r\n\r\n\r\n<div class=\"wp-block-spacer\" style=\"height: 23px;\" aria-hidden=\"true\">\u00a0<\/div>\r\n\r\n\r\n\r\n<div class=\"wp-block-columns is-layout-flex wp-container-core-columns-is-layout-28f84493 wp-block-columns-is-layout-flex\">\r\n<div class=\"wp-block-column is-layout-flow wp-block-column-is-layout-flow\" style=\"flex-basis: 25%;\">\r\n<h3 id=\"chevrerie\" class=\"wp-block-heading\">Ch\u00e8vrerie<\/h3>\r\n\r\n\r\n\r\n<div class=\"wp-block-spacer\" style=\"height: 15px;\" aria-hidden=\"true\">\u00a0<\/div>\r\n\r\n\r\n\r\n<figure class=\"wp-block-image size-full\"><a href=\"https:\/\/aosmithinternational.com\/nl\/dre-plus-op-geitenbedrijf-sterken-van-der-velden\/\"><img decoding=\"async\" class=\"wp-image-214823\" src=\"https:\/\/aosmithinternational.com\/wp-content\/uploads\/2025\/09\/Geitenboerderij-DREPlus-1-10.png\" alt=\"\" \/><\/a><\/figure>\r\n\r\n\r\n\r\n<div class=\"wp-block-spacer\" style=\"height: 10px;\" aria-hidden=\"true\">\u00a0<\/div>\r\n\r\n\r\n\r\n<p>1 DRE Plus\u00a080 18 EU\u00a0<br \/>1 ST\u00a0400 | r\u00e9servoir tampon<\/p>\r\n\r\n\r\n\r\n<p>L\u2019installation existante ne pouvait plus r\u00e9pondre \u00e0 la demande en eau chaude. Comme la ferme caprine dispose de panneaux photovolta\u00efques et qu\u2019elle produit donc sa propre \u00e9lectricit\u00e9, une solution enti\u00e8rement \u00e9lectrique contenant un r\u00e9servoir tampon a \u00e9t\u00e9 mise en place.<\/p>\r\n\r\n\r\n\r\n<div class=\"wp-block-buttons is-layout-flex wp-block-buttons-is-layout-flex\">\r\n<div class=\"wp-block-button\"><a class=\"wp-block-button__link wp-element-button\" href=\"https:\/\/aosmithinternational.com\/be-fr\/la-ferme-caprine-sterken-van-der-velden-a-vessem\/\">En savoir plus ici<\/a><\/div>\r\n<\/div>\r\n<\/div>\r\n\r\n\r\n\r\n<div class=\"wp-block-column is-layout-flow wp-block-column-is-layout-flow\" style=\"flex-basis: 25%;\">\r\n<h3 id=\"cultiver\" class=\"wp-block-heading\">Cultiver<\/h3>\r\n\r\n\r\n\r\n<div class=\"wp-block-spacer\" style=\"height: 15px;\" aria-hidden=\"true\">\u00a0<\/div>\r\n\r\n\r\n\r\n<figure class=\"wp-block-image size-full\"><a href=\"https:\/\/aosmithinternational.com\/nl\/boerderij-schram-verwarmt-met-de-nieuwe-dre-plus\/\"><img decoding=\"async\" class=\"wp-image-214895\" src=\"https:\/\/aosmithinternational.com\/wp-content\/uploads\/2025\/09\/Boederij-8.png\" alt=\"\" \/><\/a><\/figure>\r\n\r\n\r\n\r\n<div class=\"wp-block-spacer\" style=\"height: 11px;\" aria-hidden=\"true\">\u00a0<\/div>\r\n\r\n\r\n\r\n<p>1x\u00a0DRE Plus<\/p>\r\n\r\n\r\n\r\n<p>L\u2019objectif de ce projet \u00e9tait de r\u00e9duire les \u00e9missions de CO<sub>2<\/sub> et d\u2019utiliser au mieux l\u2019\u00e9nergie disponible des panneaux photovolta\u00efques.<\/p>\r\n\r\n\r\n\r\n<div class=\"wp-block-buttons is-layout-flex wp-block-buttons-is-layout-flex\">\r\n<div class=\"wp-block-button\"><a class=\"wp-block-button__link wp-element-button\" href=\"https:\/\/aosmithinternational.com\/be-fr\/la-ferme-schram-utilise-le-nouveau-dre-plus\/\">En savoir plus ici<\/a><\/div>\r\n<\/div>\r\n<\/div>\r\n\r\n\r\n\r\n<div class=\"wp-block-column is-layout-flow wp-block-column-is-layout-flow\" style=\"flex-basis: 25%;\">\r\n<h3 class=\"wp-block-heading\">\u00a0<\/h3>\r\n\r\n\r\n\r\n<div class=\"wp-block-spacer\" style=\"height: 15px;\" aria-hidden=\"true\">\u00a0<\/div>\r\n\r\n\r\n\r\n<p>&nbsp;<\/p>\r\n\r\n\r\n\r\n<div class=\"wp-block-buttons is-layout-flex wp-block-buttons-is-layout-flex\"><\/div>\r\n<\/div>\r\n\r\n\r\n\r\n<div class=\"wp-block-column is-layout-flow wp-block-column-is-layout-flow\" style=\"flex-basis: 25%;\">\r\n<h3 id=\"contact\" class=\"wp-block-heading has-text-align-center\">Contact<\/h3>\r\n\r\n\r\n\r\n<div class=\"wp-block-spacer\" style=\"height: 15px;\" aria-hidden=\"true\">\u00a0<\/div>\r\n\r\n\r\n\r\n<p>Nous sommes \u00e0 votre enti\u00e8re disposition pour vous aider \u00e0 mettre au point le syst\u00e8me le plus adapt\u00e9 \u00e0 votre projet.<\/p>\r\n\r\n\r\n\r\n<p>Laissez vos coordonn\u00e9es et notre sp\u00e9cialiste des pompes \u00e0 chaleur vous contactera dans les plus brefs d\u00e9lais.<\/p>\r\n\r\n\r\n\r\n<div class=\"wp-block-buttons is-content-justification-center is-layout-flex wp-container-core-buttons-is-layout-a89b3969 wp-block-buttons-is-layout-flex\">\r\n<div class=\"wp-block-button wp-btn\"><a class=\"wp-block-button__link wp-element-button\" href=\"https:\/\/aosmithinternational.com\/be-fr\/vos-interlocuteurs\" target=\"_blank\" rel=\"noreferrer noopener\">Contact<\/a><\/div>\r\n<\/div>\r\n<\/div>\r\n<\/div>\r\n","protected":false},"excerpt":{"rendered":"<p>N\u00e9gatif en CO2\u00a0: comment faire ? Il est de plus en plus clair qu\u2019il ne suffit pas de r\u00e9duire les [&hellip;]<\/p>\n","protected":false},"author":1,"featured_media":809039,"parent":0,"menu_order":0,"comment_status":"open","ping_status":"open","template":"","meta":{"_acf_changed":false,"inline_featured_image":false,"site-sidebar-layout":"default","site-content-layout":"","ast-site-content-layout":"default","site-content-style":"default","site-sidebar-style":"default","ast-global-header-display":"","ast-banner-title-visibility":"","ast-main-header-display":"","ast-hfb-above-header-display":"","ast-hfb-below-header-display":"","ast-hfb-mobile-header-display":"","site-post-title":"","ast-breadcrumbs-content":"","ast-featured-img":"","footer-sml-layout":"","ast-disable-related-posts":"","theme-transparent-header-meta":"default","adv-header-id-meta":"","stick-header-meta":"default","header-above-stick-meta":"","header-main-stick-meta":"","header-below-stick-meta":"","astra-migrate-meta-layouts":"set","ast-page-background-enabled":"default","ast-page-background-meta":{"desktop":{"background-color":"var(--ast-global-color-5)","background-image":"","background-repeat":"repeat","background-position":"center center","background-size":"auto","background-attachment":"scroll","background-type":"","background-media":"","overlay-type":"","overlay-color":"","overlay-opacity":"","overlay-gradient":""},"tablet":{"background-color":"","background-image":"","background-repeat":"repeat","background-position":"center center","background-size":"auto","background-attachment":"scroll","background-type":"","background-media":"","overlay-type":"","overlay-color":"","overlay-opacity":"","overlay-gradient":""},"mobile":{"background-color":"","background-image":"","background-repeat":"repeat","background-position":"center center","background-size":"auto","background-attachment":"scroll","background-type":"","background-media":"","overlay-type":"","overlay-color":"","overlay-opacity":"","overlay-gradient":""}},"ast-content-background-meta":{"desktop":{"background-color":"var(--ast-global-color-4)","background-image":"","background-repeat":"repeat","background-position":"center center","background-size":"auto","background-attachment":"scroll","background-type":"","background-media":"","overlay-type":"","overlay-color":"","overlay-opacity":"","overlay-gradient":""},"tablet":{"background-color":"var(--ast-global-color-4)","background-image":"","background-repeat":"repeat","background-position":"center center","background-size":"auto","background-attachment":"scroll","background-type":"","background-media":"","overlay-type":"","overlay-color":"","overlay-opacity":"","overlay-gradient":""},"mobile":{"background-color":"var(--ast-global-color-4)","background-image":"","background-repeat":"repeat","background-position":"center center","background-size":"auto","background-attachment":"scroll","background-type":"","background-media":"","overlay-type":"","overlay-color":"","overlay-opacity":"","overlay-gradient":""}},"footnotes":""},"class_list":["post-760968","page","type-page","status-publish","has-post-thumbnail","hentry"],"acf":[],"_links":{"self":[{"href":"https:\/\/aosmithinternational.com\/be-fr\/wp-json\/wp\/v2\/pages\/760968","targetHints":{"allow":["GET"]}}],"collection":[{"href":"https:\/\/aosmithinternational.com\/be-fr\/wp-json\/wp\/v2\/pages"}],"about":[{"href":"https:\/\/aosmithinternational.com\/be-fr\/wp-json\/wp\/v2\/types\/page"}],"author":[{"embeddable":true,"href":"https:\/\/aosmithinternational.com\/be-fr\/wp-json\/wp\/v2\/users\/1"}],"replies":[{"embeddable":true,"href":"https:\/\/aosmithinternational.com\/be-fr\/wp-json\/wp\/v2\/comments?post=760968"}],"version-history":[{"count":0,"href":"https:\/\/aosmithinternational.com\/be-fr\/wp-json\/wp\/v2\/pages\/760968\/revisions"}],"wp:featuredmedia":[{"embeddable":true,"href":"https:\/\/aosmithinternational.com\/be-fr\/wp-json\/wp\/v2\/media\/809039"}],"wp:attachment":[{"href":"https:\/\/aosmithinternational.com\/be-fr\/wp-json\/wp\/v2\/media?parent=760968"}],"curies":[{"name":"wp","href":"https:\/\/api.w.org\/{rel}","templated":true}]}}