{"id":738540,"date":"2016-07-12T11:58:18","date_gmt":"2016-07-12T09:58:18","guid":{"rendered":"https:\/\/staging.aosmithinternational.com\/wir-uber-uns\/"},"modified":"2026-02-25T13:42:29","modified_gmt":"2026-02-25T12:42:29","slug":"wir-uber-uns","status":"publish","type":"page","link":"https:\/\/aosmithinternational.com\/de\/wir-uber-uns\/","title":{"rendered":"Wir \u00fcber uns"},"content":{"rendered":"<h2>Viel Warmwasser in kurzer Zeit<\/h2>\r\n\r\n<p>Wasser ist f\u00fcr fast alles n\u00f6tig, was wir tun. Warmwasser hat h\u00e4ufig eine wesentliche Bedeutung f\u00fcr die erforderliche Hygiene. Wir finden es ganz normal, dass uns \u00fcberall warmes Wasser zur Verf\u00fcgung steht, und das ist es in unserem Teil der Welt auch. Es f\u00e4llt eigentlich erst auf, wenn es fehlt.<br \/>Wir liefern Warmwasserl\u00f6sungen f\u00fcr Industrie- und Gewerbeanwendungen. \u201eAlles mit drei Duschk\u00f6pfen und mehr\u201c, sagen wir immer. Oder einfach: \u201eViel Warmwasser in kurzer Zeit\u201c.<\/p>\r\n\r\n\r\n\r\n<h2 class=\"wp-block-heading\">Know-how aus den Niederlanden<\/h2>\r\n\r\n\r\n\r\n<div class=\"wp-block-columns is-layout-flex wp-container-core-columns-is-layout-28f84493 wp-block-columns-is-layout-flex\">\r\n<div class=\"wp-block-column is-layout-flow wp-block-column-is-layout-flow\" style=\"flex-basis: 66.66%;\">\r\n<p>Wir sind ein Tochterunternehmen der A.O. Smith Corporation, eines b\u00f6rsennotierten Unternehmens (NYSE) mit weltweit rund 18.000 Besch\u00e4ftigten. Die Wassererw\u00e4rmer f\u00fcr den europ\u00e4ischen Markt erzeugen wir seit 1972 in unserem Werk in Veldhoven. Wir haben ein Tankwerk, wo Fachleute aus Stahlblech Tanks fertigen. Nach der Montage werden sie nach unserer patentierten \u201eSlush-Coating\u201c-Methode mit einer Emailschicht \u00fcberzogen.<br \/>Die Montageabteilung fertigt aus den Tanks danach Wassererw\u00e4rmer und macht daraus l\u00e4nderspezifische Produkte. Nicht f\u00fcr jedes Land in Europa gelten dieselben Spezifikationen und auch die verwendeten Brennstoffe sind je nach Land unterschiedlich.<\/p>\r\n<\/div>\r\n\r\n\r\n\r\n<div class=\"wp-block-column is-layout-flow wp-block-column-is-layout-flow\" style=\"flex-basis: 33.33%;\">\r\n<div class=\"wp-block-image\">\r\n<figure class=\"aligncenter size-large\"><img decoding=\"async\" class=\"size-full wp-image-864748 aligncenter\" src=\"https:\/\/aosmithinternational.com\/wp-content\/uploads\/2025\/09\/glass-lined-brewery-tank.jpg\" alt=\"\" width=\"250\" height=\"228\" \/><\/figure>\r\n<\/div>\r\n<\/div>\r\n<\/div>\r\n\r\n\r\n\r\n<h2 class=\"wp-block-heading\">Nachhaltig<\/h2>\r\n\r\n\r\n\r\n<p>In den Niederlanden brachten wir vor rund 20 Jahren gasbetriebene Brennwertwassererw\u00e4rmer auf den Markt, die den Wirkungsgrad der gasbetriebenen Wassererw\u00e4rmer auf Werte bis 109 % erh\u00f6hten. So wird f\u00fcr die Erw\u00e4rmung der gleichen Wassermenge weniger Gas ben\u00f6tigt. Auch die Aufnahme solarthermischer Systeme ins Sortiment hat zu immer nachhaltigeren Warmwassersystemen und zu einem geringeren Verbrauch fossiler Brennstoffe beigetragen. Seit 2020 bietet A.O. Smith auch eine Serie W\u00e4rmepumpen f\u00fcr Gewerbe- und Industrieanwendungen an, um immer klimafreundlichere Systeme liefern zu k\u00f6nnen.<\/p>\r\n\r\n\r\n\r\n<div class=\"wp-block-buttons is-layout-flex wp-block-buttons-is-layout-flex\">\r\n<div class=\"wp-block-button\"><a class=\"wp-block-button__link has-background\" style=\"background-color: #00692f; border-radius: 10px;\" href=\"https:\/\/aosmithinternational.com\/de\/wir-uber-uns\/kontakt\/\">Kontakt mit A.O. Smith<\/a><\/div>\r\n<\/div>\r\n","protected":false},"excerpt":{"rendered":"<p>Viel Warmwasser in kurzer Zeit Wasser ist f\u00fcr fast alles n\u00f6tig, was wir tun. Warmwasser hat h\u00e4ufig eine wesentliche Bedeutung [&hellip;]<\/p>\n","protected":false},"author":1,"featured_media":5160,"parent":0,"menu_order":0,"comment_status":"open","ping_status":"closed","template":"","meta":{"_acf_changed":false,"inline_featured_image":false,"site-sidebar-layout":"default","site-content-layout":"","ast-site-content-layout":"default","site-content-style":"default","site-sidebar-style":"default","ast-global-header-display":"","ast-banner-title-visibility":"","ast-main-header-display":"","ast-hfb-above-header-display":"","ast-hfb-below-header-display":"","ast-hfb-mobile-header-display":"","site-post-title":"","ast-breadcrumbs-content":"","ast-featured-img":"","footer-sml-layout":"","ast-disable-related-posts":"","theme-transparent-header-meta":"default","adv-header-id-meta":"","stick-header-meta":"default","header-above-stick-meta":"","header-main-stick-meta":"","header-below-stick-meta":"","astra-migrate-meta-layouts":"set","ast-page-background-enabled":"default","ast-page-background-meta":{"desktop":{"background-color":"var(--ast-global-color-5)","background-image":"","background-repeat":"repeat","background-position":"center center","background-size":"auto","background-attachment":"scroll","background-type":"","background-media":"","overlay-type":"","overlay-color":"","overlay-opacity":"","overlay-gradient":""},"tablet":{"background-color":"","background-image":"","background-repeat":"repeat","background-position":"center center","background-size":"auto","background-attachment":"scroll","background-type":"","background-media":"","overlay-type":"","overlay-color":"","overlay-opacity":"","overlay-gradient":""},"mobile":{"background-color":"","background-image":"","background-repeat":"repeat","background-position":"center center","background-size":"auto","background-attachment":"scroll","background-type":"","background-media":"","overlay-type":"","overlay-color":"","overlay-opacity":"","overlay-gradient":""}},"ast-content-background-meta":{"desktop":{"background-color":"var(--ast-global-color-4)","background-image":"","background-repeat":"repeat","background-position":"center center","background-size":"auto","background-attachment":"scroll","background-type":"","background-media":"","overlay-type":"","overlay-color":"","overlay-opacity":"","overlay-gradient":""},"tablet":{"background-color":"var(--ast-global-color-4)","background-image":"","background-repeat":"repeat","background-position":"center center","background-size":"auto","background-attachment":"scroll","background-type":"","background-media":"","overlay-type":"","overlay-color":"","overlay-opacity":"","overlay-gradient":""},"mobile":{"background-color":"var(--ast-global-color-4)","background-image":"","background-repeat":"repeat","background-position":"center center","background-size":"auto","background-attachment":"scroll","background-type":"","background-media":"","overlay-type":"","overlay-color":"","overlay-opacity":"","overlay-gradient":""}},"footnotes":""},"class_list":["post-738540","page","type-page","status-publish","has-post-thumbnail","hentry"],"acf":[],"_links":{"self":[{"href":"https:\/\/aosmithinternational.com\/de\/wp-json\/wp\/v2\/pages\/738540","targetHints":{"allow":["GET"]}}],"collection":[{"href":"https:\/\/aosmithinternational.com\/de\/wp-json\/wp\/v2\/pages"}],"about":[{"href":"https:\/\/aosmithinternational.com\/de\/wp-json\/wp\/v2\/types\/page"}],"author":[{"embeddable":true,"href":"https:\/\/aosmithinternational.com\/de\/wp-json\/wp\/v2\/users\/1"}],"replies":[{"embeddable":true,"href":"https:\/\/aosmithinternational.com\/de\/wp-json\/wp\/v2\/comments?post=738540"}],"version-history":[{"count":1,"href":"https:\/\/aosmithinternational.com\/de\/wp-json\/wp\/v2\/pages\/738540\/revisions"}],"predecessor-version":[{"id":996478,"href":"https:\/\/aosmithinternational.com\/de\/wp-json\/wp\/v2\/pages\/738540\/revisions\/996478"}],"wp:featuredmedia":[{"embeddable":true,"href":"https:\/\/aosmithinternational.com\/de\/wp-json\/wp\/v2\/media\/5160"}],"wp:attachment":[{"href":"https:\/\/aosmithinternational.com\/de\/wp-json\/wp\/v2\/media?parent=738540"}],"curies":[{"name":"wp","href":"https:\/\/api.w.org\/{rel}","templated":true}]}}