{"id":738565,"date":"2016-07-12T12:00:41","date_gmt":"2016-07-12T10:00:41","guid":{"rendered":"https:\/\/staging.aosmithinternational.com\/qualitat\/"},"modified":"2026-02-06T21:42:36","modified_gmt":"2026-02-06T20:42:36","slug":"qualitat","status":"publish","type":"page","link":"https:\/\/aosmithinternational.com\/de\/wir-uber-uns\/qualitat\/","title":{"rendered":"Qualit\u00e4t"},"content":{"rendered":"\r\n<h2 class=\"wp-block-heading\">Individuelle Beratung<\/h2>\r\n\r\n\r\n\r\n<p>Qualit\u00e4t ist bei A.O. Smith von gr\u00f6\u00dfter Bedeutung. Die Mitarbeiter der technischen Unterst\u00fctzung und die Vertriebsingenieure von A.O. Smith unterst\u00fctzen Sie mit gezielter Beratung bei den vielf\u00e4ltigen M\u00f6glichkeiten. Dies kann in der Vorphase erfolgen, in der die wichtigen Entscheidungen getroffen werden m\u00fcssen, aber auch sp\u00e4ter bei der Installation und Wartung der Ger\u00e4te.<\/p>\r\n\r\n\r\n\r\n<h2 class=\"wp-block-heading\">Qualit\u00e4tszertifizierungen<\/h2>\r\n\r\n\r\n\r\n<h3 class=\"wp-block-heading\">CE-Kennzeichnung<\/h3>\r\n\r\n\r\n\r\n<p>Eine CE-Kennzeichnung gibt an, dass ein Produkt den Vorschriften des EWR entspricht (Europ\u00e4ische Union + Schweiz, Liechtenstein, Norwegen und Island). Alle Produkte von A O. Smith verf\u00fcgen \u00fcber diese Zertifizierung.<\/p>\r\n\r\n\r\n\r\n<h3 class=\"wp-block-heading\">ISO-Zertifizierung<\/h3>\r\n\r\n\r\n\r\n<p>Die ISO 9001 ist die internationale Norm f\u00fcr Qualit\u00e4tsmanagement. Alle Produktionsprozesse bei A. O. Smith entsprechen den Qualit\u00e4tsnormierungen wie z. B. <a href=\"https:\/\/aosmithinternational.com\/wp-content\/uploads\/2025\/10\/Certificaat_ISO_9001_DE.pdf\" target=\"_blank\" rel=\"noreferrer noopener\">ISO 9001 : 2008<\/a>.<\/p>\r\n\r\n\r\n\r\n<p>A.O. Smith ist au\u00dferdem nach <a href=\"https:\/\/aosmithinternational.com\/wp-content\/uploads\/2025\/10\/Certificaat_ISO_14001_DE.pdf\" target=\"_blank\" rel=\"noreferrer noopener\">ISO 14001<\/a> f\u00fcr das verwendete Umweltmanagementsystem und dessen Anwendung bei der Konstruktion, Herstellung, dem Verkauf, der Inbetriebnahme und der Wartung von Warmwasser-, Heizungs- und Wasseraufbereitungssystemen zertifiziert.<\/p>\r\n\r\n\r\n\r\n<p>Die <a href=\"https:\/\/aosmithinternational.com\/wp-content\/uploads\/2025\/10\/Certificaat_ISO_45001_DE.pdf\" target=\"_blank\" rel=\"noreferrer noopener\">ISO 45001<\/a> ist das Managementsystem f\u00fcr gesundes und sicheres Arbeiten &#8211; Anforderungen mit Richtlinien f\u00fcr die Verwendung. Es ist ein Instrument zur systematischen Umsetzung der gesetzlichen Verpflichtung der Arbeitgeber, die Sicherheit und Gesundheit der Arbeitnehmer zu gew\u00e4hrleisten.<\/p>\r\n\r\n\r\n\r\n<h3 class=\"wp-block-heading\">VCA-Zertifizierung<\/h3>\r\n\r\n\r\n\r\n<p>VCA steht f\u00fcr Safety, Health and Environment Checklist Contractors (Sicherheits-, Gesundheits- und Umweltcheckliste f\u00fcr Auftragnehmer). AO Smith legt gro\u00dfen Wert auf sicheres und gesundes Arbeiten innerhalb der Organisation. Wir investieren weiterhin strukturell in dieses Thema. <a href=\"https:\/\/www.kiwa.com\/de\/de\/\" target=\"_blank\" rel=\"noreferrer noopener\">Kiwa<\/a> hat unser <a href=\"https:\/\/aosmithinternational.com\/wp-content\/uploads\/2025\/10\/Certificaat_VCA_DE.pdf\" target=\"_blank\" rel=\"noreferrer noopener\">VGM-Managementsystem-Zertifikat ausgestellt<\/a>.<\/p>\r\n\r\n\r\n\r\n<h3 class=\"wp-block-heading\">Zus\u00e4tzliche Zertifizierungen<\/h3>\r\n\r\n\r\n\r\n<p>In den Niederlanden, Frankreich, Belgien und dem Vereinigten K\u00f6nigreich gelten erg\u00e4nzende Bescheinigungen f\u00fcr (\u00f6rtliche) Subventionsregelungen. Unsere Produkte erf\u00fcllen auch die europ\u00e4ischen RoHS-Richtlinien, sowie die WEEE- und PED-Richtlinien.<\/p>\r\n\r\n\r\n\r\n<p>&nbsp;<\/p>\r\n\r\n\r\n\r\n<h2 class=\"wp-block-heading\">Entwicklungs- und Produktionsprozesse<\/h2>\r\n\r\n\r\n\r\n<p>A.O. Smith legt viel Wert auf Qualit\u00e4t bei den Entwicklungs- und Fertigungsprozessen. Au\u00dferdem sind wir Trendsetter im Bereich fortschrittlicher Warmwasserprodukte und -technologien. Ein gutes Beispiel daf\u00fcr ist die patentierte Emaillierung PermaGlas Ultra Coat, die vom Unternehmen selbst entwickelt wurde: eine Glasschutzschicht an der Innenseite des Stahltanks, die f\u00fcr maximale Korrosionsbest\u00e4ndigkeit und damit f\u00fcr optimale Lebensdauer des Ger\u00e4tes sorgt.<\/p>\r\n","protected":false},"excerpt":{"rendered":"<p>Individuelle Beratung Qualit\u00e4t ist bei A.O. Smith von gr\u00f6\u00dfter Bedeutung. Die Mitarbeiter der technischen Unterst\u00fctzung und die Vertriebsingenieure von A.O. [&hellip;]<\/p>\n","protected":false},"author":1,"featured_media":5652,"parent":738540,"menu_order":0,"comment_status":"open","ping_status":"open","template":"","meta":{"_acf_changed":false,"inline_featured_image":false,"site-sidebar-layout":"default","site-content-layout":"","ast-site-content-layout":"default","site-content-style":"default","site-sidebar-style":"default","ast-global-header-display":"","ast-banner-title-visibility":"","ast-main-header-display":"","ast-hfb-above-header-display":"","ast-hfb-below-header-display":"","ast-hfb-mobile-header-display":"","site-post-title":"","ast-breadcrumbs-content":"","ast-featured-img":"","footer-sml-layout":"","ast-disable-related-posts":"","theme-transparent-header-meta":"default","adv-header-id-meta":"","stick-header-meta":"default","header-above-stick-meta":"","header-main-stick-meta":"","header-below-stick-meta":"","astra-migrate-meta-layouts":"set","ast-page-background-enabled":"default","ast-page-background-meta":{"desktop":{"background-color":"var(--ast-global-color-5)","background-image":"","background-repeat":"repeat","background-position":"center center","background-size":"auto","background-attachment":"scroll","background-type":"","background-media":"","overlay-type":"","overlay-color":"","overlay-opacity":"","overlay-gradient":""},"tablet":{"background-color":"","background-image":"","background-repeat":"repeat","background-position":"center center","background-size":"auto","background-attachment":"scroll","background-type":"","background-media":"","overlay-type":"","overlay-color":"","overlay-opacity":"","overlay-gradient":""},"mobile":{"background-color":"","background-image":"","background-repeat":"repeat","background-position":"center center","background-size":"auto","background-attachment":"scroll","background-type":"","background-media":"","overlay-type":"","overlay-color":"","overlay-opacity":"","overlay-gradient":""}},"ast-content-background-meta":{"desktop":{"background-color":"var(--ast-global-color-4)","background-image":"","background-repeat":"repeat","background-position":"center center","background-size":"auto","background-attachment":"scroll","background-type":"","background-media":"","overlay-type":"","overlay-color":"","overlay-opacity":"","overlay-gradient":""},"tablet":{"background-color":"var(--ast-global-color-4)","background-image":"","background-repeat":"repeat","background-position":"center center","background-size":"auto","background-attachment":"scroll","background-type":"","background-media":"","overlay-type":"","overlay-color":"","overlay-opacity":"","overlay-gradient":""},"mobile":{"background-color":"var(--ast-global-color-4)","background-image":"","background-repeat":"repeat","background-position":"center center","background-size":"auto","background-attachment":"scroll","background-type":"","background-media":"","overlay-type":"","overlay-color":"","overlay-opacity":"","overlay-gradient":""}},"footnotes":""},"class_list":["post-738565","page","type-page","status-publish","has-post-thumbnail","hentry"],"acf":[],"_links":{"self":[{"href":"https:\/\/aosmithinternational.com\/de\/wp-json\/wp\/v2\/pages\/738565","targetHints":{"allow":["GET"]}}],"collection":[{"href":"https:\/\/aosmithinternational.com\/de\/wp-json\/wp\/v2\/pages"}],"about":[{"href":"https:\/\/aosmithinternational.com\/de\/wp-json\/wp\/v2\/types\/page"}],"author":[{"embeddable":true,"href":"https:\/\/aosmithinternational.com\/de\/wp-json\/wp\/v2\/users\/1"}],"replies":[{"embeddable":true,"href":"https:\/\/aosmithinternational.com\/de\/wp-json\/wp\/v2\/comments?post=738565"}],"version-history":[{"count":2,"href":"https:\/\/aosmithinternational.com\/de\/wp-json\/wp\/v2\/pages\/738565\/revisions"}],"predecessor-version":[{"id":995941,"href":"https:\/\/aosmithinternational.com\/de\/wp-json\/wp\/v2\/pages\/738565\/revisions\/995941"}],"up":[{"embeddable":true,"href":"https:\/\/aosmithinternational.com\/de\/wp-json\/wp\/v2\/pages\/738540"}],"wp:featuredmedia":[{"embeddable":true,"href":"https:\/\/aosmithinternational.com\/de\/wp-json\/wp\/v2\/media\/5652"}],"wp:attachment":[{"href":"https:\/\/aosmithinternational.com\/de\/wp-json\/wp\/v2\/media?parent=738565"}],"curies":[{"name":"wp","href":"https:\/\/api.w.org\/{rel}","templated":true}]}}