{"id":738749,"date":"2016-07-20T14:45:39","date_gmt":"2016-07-20T12:45:39","guid":{"rendered":"https:\/\/staging.aosmithinternational.com\/solar-systeme\/"},"modified":"2026-02-14T17:02:12","modified_gmt":"2026-02-14T16:02:12","slug":"solar-systeme","status":"publish","type":"page","link":"https:\/\/aosmithinternational.com\/de\/solar-systeme\/","title":{"rendered":"Solar systeme"},"content":{"rendered":"<h2>Merkmale A.O. Smith Solaranlagen<\/h2>\n<div><\/div>\n<h3>Maximale Effizienz<\/h3>\n<p>Die Steuerungstechnologie dieser Systeml\u00f6sung von A.O. Smith erm\u00f6glicht die R\u00fcckmodulierung der Solarpumpe auf lediglich 15% der nominalen Geschwindigkeit, so dass der Beitrag der Solarenergie auch bei sehr geringer Sonneneinstrahlung stets maximiert wird.<\/p>\n<h3>Lange Lebensdauer<\/h3>\n<p>Dank der Verwendung eines patentierten R\u00fccklaufsystems direkt unter dem Solarkollektor werden Stagnationstemperaturen des W\u00e4rmetauschmediums verhindert. Dies f\u00fchrt zu einer sehr langen Lebensdauer der gesamten Installation. Dar\u00fcber hinaus wird der Solarzirkulator vor extremen Temperaturen gesch\u00fctzt.<\/p>\n<h3>Gas-\/Solar-Wassererw\u00e4rmer<\/h3>\n<p>Die Paradest\u00fccke unserer mit erneuerbaren Energien arbeitender Produkte sind die Ger\u00e4te SGE und SGS, brennwerter Gas-\/Solar- Wassererw\u00e4rmer. Beim Modell SGE ist der Solar-W\u00e4rmetauscher direkt in das kondensierende Wassererw\u00e4rmungsger\u00e4t integriert Dadurch ist dieses Modell au\u00dferordentlich gut f\u00fcr mittelgro\u00dfe kommerzielle Anwendungen geeignet, bei denen nur beschr\u00e4nkter Platz zur Verf\u00fcgung steht. Demgegen\u00fcber macht die gro\u00dfe Speicherkapazit\u00e4t des SGS dieses Modell besonders geeignet als ma\u00dfgeschneiderte L\u00f6sung f\u00fcr gr\u00f6\u00dfere kommerzielle und industrielle Anwendungen.<\/p>\n<h3>Eine leistungsstarke Installation<\/h3>\n<p>In Verbindung mit einem indirekte Speicher (bis zu 2.800 Liter) verf\u00fcgen Sie \u00fcber eine sehr leistungsstarke Installation. Ein vollst\u00e4ndig automatisches Steuersystem erh\u00f6ht die Energieeffizienz dar\u00fcber hinaus auf ein Maximum. Mit dem Modell SGS kann der zus\u00e4tzliche Solarenergie-Beitrag auf bis zu 40% im Vergleich zu herk\u00f6mmlichen Solarsystemen steigen. Wir erreichen diese \u00e4u\u00dferst hohen Werte, indem wir die verf\u00fcgbare Sonnenenergie in sehr intelligenter Weise n\u00fctzen.<\/p>\n<h3>Eine Gesamtl\u00f6sung<\/h3>\n<p>A.O. Smith zieht es vor, Gesamtsysteml\u00f6sungen zu liefern. Um optimale Systemeffizienz zu erzielen, werden daher mit erneuerbaren Energien arbeitende Produkte von A.O. Smith als integrierte Systeme geliefert und installiert.<\/p>\n<p>Sie k\u00f6nnen weitere Informationen \u00fcber Solar-Systeml\u00f6sungen auf <a title=\"Solar-Systeml\u00f6sungen\" href=\"https:\/\/aosmithinternational.com\/de\/product-ranges\/solarenergie\/\">Produkte zu finden, Solar-energie<\/a>.<\/p>\n","protected":false},"excerpt":{"rendered":"<p>Merkmale A.O. Smith Solaranlagen Maximale Effizienz Die Steuerungstechnologie dieser Systeml\u00f6sung von A.O. Smith erm\u00f6glicht die R\u00fcckmodulierung der Solarpumpe auf lediglich [&hellip;]<\/p>\n","protected":false},"author":1,"featured_media":6805,"parent":0,"menu_order":0,"comment_status":"open","ping_status":"open","template":"","meta":{"_acf_changed":false,"inline_featured_image":false,"site-sidebar-layout":"default","site-content-layout":"","ast-site-content-layout":"default","site-content-style":"default","site-sidebar-style":"default","ast-global-header-display":"","ast-banner-title-visibility":"","ast-main-header-display":"","ast-hfb-above-header-display":"","ast-hfb-below-header-display":"","ast-hfb-mobile-header-display":"","site-post-title":"","ast-breadcrumbs-content":"","ast-featured-img":"","footer-sml-layout":"","ast-disable-related-posts":"","theme-transparent-header-meta":"default","adv-header-id-meta":"","stick-header-meta":"default","header-above-stick-meta":"","header-main-stick-meta":"","header-below-stick-meta":"","astra-migrate-meta-layouts":"set","ast-page-background-enabled":"default","ast-page-background-meta":{"desktop":{"background-color":"var(--ast-global-color-5)","background-image":"","background-repeat":"repeat","background-position":"center center","background-size":"auto","background-attachment":"scroll","background-type":"","background-media":"","overlay-type":"","overlay-color":"","overlay-opacity":"","overlay-gradient":""},"tablet":{"background-color":"","background-image":"","background-repeat":"repeat","background-position":"center center","background-size":"auto","background-attachment":"scroll","background-type":"","background-media":"","overlay-type":"","overlay-color":"","overlay-opacity":"","overlay-gradient":""},"mobile":{"background-color":"","background-image":"","background-repeat":"repeat","background-position":"center center","background-size":"auto","background-attachment":"scroll","background-type":"","background-media":"","overlay-type":"","overlay-color":"","overlay-opacity":"","overlay-gradient":""}},"ast-content-background-meta":{"desktop":{"background-color":"var(--ast-global-color-4)","background-image":"","background-repeat":"repeat","background-position":"center center","background-size":"auto","background-attachment":"scroll","background-type":"","background-media":"","overlay-type":"","overlay-color":"","overlay-opacity":"","overlay-gradient":""},"tablet":{"background-color":"var(--ast-global-color-4)","background-image":"","background-repeat":"repeat","background-position":"center center","background-size":"auto","background-attachment":"scroll","background-type":"","background-media":"","overlay-type":"","overlay-color":"","overlay-opacity":"","overlay-gradient":""},"mobile":{"background-color":"var(--ast-global-color-4)","background-image":"","background-repeat":"repeat","background-position":"center center","background-size":"auto","background-attachment":"scroll","background-type":"","background-media":"","overlay-type":"","overlay-color":"","overlay-opacity":"","overlay-gradient":""}},"footnotes":""},"class_list":["post-738749","page","type-page","status-publish","has-post-thumbnail","hentry"],"acf":[],"_links":{"self":[{"href":"https:\/\/aosmithinternational.com\/de\/wp-json\/wp\/v2\/pages\/738749","targetHints":{"allow":["GET"]}}],"collection":[{"href":"https:\/\/aosmithinternational.com\/de\/wp-json\/wp\/v2\/pages"}],"about":[{"href":"https:\/\/aosmithinternational.com\/de\/wp-json\/wp\/v2\/types\/page"}],"author":[{"embeddable":true,"href":"https:\/\/aosmithinternational.com\/de\/wp-json\/wp\/v2\/users\/1"}],"replies":[{"embeddable":true,"href":"https:\/\/aosmithinternational.com\/de\/wp-json\/wp\/v2\/comments?post=738749"}],"version-history":[{"count":1,"href":"https:\/\/aosmithinternational.com\/de\/wp-json\/wp\/v2\/pages\/738749\/revisions"}],"predecessor-version":[{"id":996121,"href":"https:\/\/aosmithinternational.com\/de\/wp-json\/wp\/v2\/pages\/738749\/revisions\/996121"}],"wp:featuredmedia":[{"embeddable":true,"href":"https:\/\/aosmithinternational.com\/de\/wp-json\/wp\/v2\/media\/6805"}],"wp:attachment":[{"href":"https:\/\/aosmithinternational.com\/de\/wp-json\/wp\/v2\/media?parent=738749"}],"curies":[{"name":"wp","href":"https:\/\/api.w.org\/{rel}","templated":true}]}}