{"id":738819,"date":"2016-08-01T11:34:54","date_gmt":"2016-08-01T09:34:54","guid":{"rendered":"https:\/\/staging.aosmithinternational.com\/heizung\/"},"modified":"2025-10-27T14:55:38","modified_gmt":"2025-10-27T13:55:38","slug":"heizung","status":"publish","type":"page","link":"https:\/\/aosmithinternational.com\/de\/heizung\/","title":{"rendered":"Heizung"},"content":{"rendered":"<ul class=\"arrow-list\">\n<li>\n<div class=\"two_columns\">\n<h3>Theta Dual service | Die Kombination von Warmwasser und Heizung<\/h3>\n<p>Theta dual service is ein gutes Beispiel f\u00fcr die Systementwicklungen, mit denen A.O. Smith befasst ist. Diese Systeme basieren auf einem BFC, SGE oder SGS, kombiniert mit einem Plattenw\u00e4rmetauscher. Durch die Verwendung einer intelligenten Steuerung kann das System das verf\u00fcgbare Warmwasser f\u00fcr die Versorgung des Heizungssystems nutzen. <a href=\"https:\/\/aosmithinternational.com\/de\/die-kombination-von-warmwasser-und-heizung\/\">Mehr lesen&#8230;<\/a><\/p>\n<\/div>\n<\/li>\n<li>\n<div class=\"two_columns\">\n<h3>Partner und Komplettlieferant<\/h3>\n<p>A.O. Smith strebt danach, f\u00fcr seine Kunden als Partner und Komplettlieferant zu fungieren. Dazu geh\u00f6rt auch die Ausweitung des Produktangebots, wenn wir dadurch eine komplette Installation liefern k\u00f6nnen, die an die Anforderungen des Endbenutzers angepasst ist. In der Zukunft wird A.O. Smith weiterhin sein Angebot erweitern, um den Markt optimal bedienen zu k\u00f6nnen.<\/p>\n<\/div>\n<\/li>\n<\/ul>\n","protected":false},"excerpt":{"rendered":"<p>Theta Dual service | Die Kombination von Warmwasser und Heizung Theta dual service is ein gutes Beispiel f\u00fcr die Systementwicklungen, [&hellip;]<\/p>\n","protected":false},"author":1,"featured_media":8079,"parent":0,"menu_order":0,"comment_status":"open","ping_status":"open","template":"","meta":{"_acf_changed":false,"inline_featured_image":false,"site-sidebar-layout":"default","site-content-layout":"","ast-site-content-layout":"default","site-content-style":"default","site-sidebar-style":"default","ast-global-header-display":"","ast-banner-title-visibility":"","ast-main-header-display":"","ast-hfb-above-header-display":"","ast-hfb-below-header-display":"","ast-hfb-mobile-header-display":"","site-post-title":"","ast-breadcrumbs-content":"","ast-featured-img":"","footer-sml-layout":"","ast-disable-related-posts":"","theme-transparent-header-meta":"default","adv-header-id-meta":"","stick-header-meta":"default","header-above-stick-meta":"","header-main-stick-meta":"","header-below-stick-meta":"","astra-migrate-meta-layouts":"set","ast-page-background-enabled":"default","ast-page-background-meta":{"desktop":{"background-color":"var(--ast-global-color-5)","background-image":"","background-repeat":"repeat","background-position":"center center","background-size":"auto","background-attachment":"scroll","background-type":"","background-media":"","overlay-type":"","overlay-color":"","overlay-opacity":"","overlay-gradient":""},"tablet":{"background-color":"","background-image":"","background-repeat":"repeat","background-position":"center center","background-size":"auto","background-attachment":"scroll","background-type":"","background-media":"","overlay-type":"","overlay-color":"","overlay-opacity":"","overlay-gradient":""},"mobile":{"background-color":"","background-image":"","background-repeat":"repeat","background-position":"center center","background-size":"auto","background-attachment":"scroll","background-type":"","background-media":"","overlay-type":"","overlay-color":"","overlay-opacity":"","overlay-gradient":""}},"ast-content-background-meta":{"desktop":{"background-color":"var(--ast-global-color-4)","background-image":"","background-repeat":"repeat","background-position":"center center","background-size":"auto","background-attachment":"scroll","background-type":"","background-media":"","overlay-type":"","overlay-color":"","overlay-opacity":"","overlay-gradient":""},"tablet":{"background-color":"var(--ast-global-color-4)","background-image":"","background-repeat":"repeat","background-position":"center center","background-size":"auto","background-attachment":"scroll","background-type":"","background-media":"","overlay-type":"","overlay-color":"","overlay-opacity":"","overlay-gradient":""},"mobile":{"background-color":"var(--ast-global-color-4)","background-image":"","background-repeat":"repeat","background-position":"center center","background-size":"auto","background-attachment":"scroll","background-type":"","background-media":"","overlay-type":"","overlay-color":"","overlay-opacity":"","overlay-gradient":""}},"footnotes":""},"class_list":["post-738819","page","type-page","status-publish","has-post-thumbnail","hentry"],"acf":[],"_links":{"self":[{"href":"https:\/\/aosmithinternational.com\/de\/wp-json\/wp\/v2\/pages\/738819","targetHints":{"allow":["GET"]}}],"collection":[{"href":"https:\/\/aosmithinternational.com\/de\/wp-json\/wp\/v2\/pages"}],"about":[{"href":"https:\/\/aosmithinternational.com\/de\/wp-json\/wp\/v2\/types\/page"}],"author":[{"embeddable":true,"href":"https:\/\/aosmithinternational.com\/de\/wp-json\/wp\/v2\/users\/1"}],"replies":[{"embeddable":true,"href":"https:\/\/aosmithinternational.com\/de\/wp-json\/wp\/v2\/comments?post=738819"}],"version-history":[{"count":0,"href":"https:\/\/aosmithinternational.com\/de\/wp-json\/wp\/v2\/pages\/738819\/revisions"}],"wp:featuredmedia":[{"embeddable":true,"href":"https:\/\/aosmithinternational.com\/de\/wp-json\/wp\/v2\/media\/8079"}],"wp:attachment":[{"href":"https:\/\/aosmithinternational.com\/de\/wp-json\/wp\/v2\/media?parent=738819"}],"curies":[{"name":"wp","href":"https:\/\/api.w.org\/{rel}","templated":true}]}}