{"id":738894,"date":"2016-07-12T12:01:54","date_gmt":"2016-07-12T10:01:54","guid":{"rendered":"https:\/\/staging.aosmithinternational.com\/cookie-policy-a-o-smith\/"},"modified":"2025-09-23T16:05:48","modified_gmt":"2025-09-23T14:05:48","slug":"cookie-policy-a-o-smith","status":"publish","type":"page","link":"https:\/\/aosmithinternational.com\/de\/wir-uber-uns\/cookie-policy-a-o-smith\/","title":{"rendered":"Privacy Policy A.O. Smith"},"content":{"rendered":"\n<p>Datenschutzerkl\u00e4rung Nachfolgend finden Sie die Erkl\u00e4rung zur Platzierung von Cookies. Es beschreibt, welche wir verwenden und welche M\u00f6glichkeiten wir haben, diese zu \u00e4ndern.<\/p>\n\n\n<script\n\t\ttype=\"text\/javascript\"\n\t\tid=\"CookieDeclaration\"\n\t\tsrc=\"https:\/\/consent.cookiebot.com\/1e6844c6-1e4b-4e36-98e2-ec7bfb80bae2\/cd.js\"\n\t\tasync><\/script>\n\n\n\n\n<div class=\"wp-block-columns is-layout-flex wp-container-core-columns-is-layout-28f84493 wp-block-columns-is-layout-flex\">\n<div class=\"wp-block-column is-layout-flow wp-block-column-is-layout-flow\" style=\"flex-basis:10%\"><\/div>\n\n\n\n<div class=\"wp-block-column is-layout-flow wp-block-column-is-layout-flow\" style=\"flex-basis:66.66%\">\n<p>Wie Sie uns erreichen<br>Um Ihre Pr\u00e4ferenzen zu aktualisieren, Ihre Informationen zu aktualisieren oder zu korrigieren, eine Anfrage zu stellen, uns Fragen zu dieser Datenschutzrichtlinie zu stellen oder andere geltende Datenschutzrechte auszu\u00fcben, kontaktieren Sie uns bitte per E-Mail unter InfoSecpolicy@aosmith.com oder schreiben Sie uns an:<\/p>\n\n\n\n<p>U.S:<br>General Counsel<br>A. O. Smith Corporation<br>11270 West Park Place<br>Milwaukee, WI 53224<\/p>\n\n\n\n<p><br>USA EWR:<br>Die f\u00fcr die Verarbeitung Ihrer personenbezogenen Daten im EWR verantwortlichen Stellen sind:<\/p>\n\n\n\n<p>A.O. Smith Holdings I B.V.<br>A.O. Smith Holdings II B.V.<br>A.O. Smith Holdings III B.V.<br>A.O. Smith International Holdings B.V.<br>A.O. Smith Products v.o.f.<br>A.O. Smith Water Products Company B.V.<br>A. O. Smith L\u2019eau chaude, S.a.r.l.<br>Lochinvar Limited<br>Waterboss Europe, S.a.r.l.<\/p>\n<\/div>\n<\/div>\n","protected":false},"excerpt":{"rendered":"<p>Datenschutzerkl\u00e4rung Nachfolgend finden Sie die Erkl\u00e4rung zur Platzierung von Cookies. Es beschreibt, welche wir verwenden und welche M\u00f6glichkeiten wir haben, [&hellip;]<\/p>\n","protected":false},"author":1,"featured_media":738895,"parent":738540,"menu_order":0,"comment_status":"open","ping_status":"open","template":"","meta":{"_acf_changed":false,"inline_featured_image":false,"site-sidebar-layout":"default","site-content-layout":"","ast-site-content-layout":"default","site-content-style":"default","site-sidebar-style":"default","ast-global-header-display":"","ast-banner-title-visibility":"","ast-main-header-display":"","ast-hfb-above-header-display":"","ast-hfb-below-header-display":"","ast-hfb-mobile-header-display":"","site-post-title":"","ast-breadcrumbs-content":"","ast-featured-img":"","footer-sml-layout":"","ast-disable-related-posts":"","theme-transparent-header-meta":"default","adv-header-id-meta":"","stick-header-meta":"default","header-above-stick-meta":"","header-main-stick-meta":"","header-below-stick-meta":"","astra-migrate-meta-layouts":"default","ast-page-background-enabled":"default","ast-page-background-meta":{"desktop":{"background-color":"var(--ast-global-color-5)","background-image":"","background-repeat":"repeat","background-position":"center center","background-size":"auto","background-attachment":"scroll","background-type":"","background-media":"","overlay-type":"","overlay-color":"","overlay-opacity":"","overlay-gradient":""},"tablet":{"background-color":"","background-image":"","background-repeat":"repeat","background-position":"center center","background-size":"auto","background-attachment":"scroll","background-type":"","background-media":"","overlay-type":"","overlay-color":"","overlay-opacity":"","overlay-gradient":""},"mobile":{"background-color":"","background-image":"","background-repeat":"repeat","background-position":"center center","background-size":"auto","background-attachment":"scroll","background-type":"","background-media":"","overlay-type":"","overlay-color":"","overlay-opacity":"","overlay-gradient":""}},"ast-content-background-meta":{"desktop":{"background-color":"var(--ast-global-color-4)","background-image":"","background-repeat":"repeat","background-position":"center center","background-size":"auto","background-attachment":"scroll","background-type":"","background-media":"","overlay-type":"","overlay-color":"","overlay-opacity":"","overlay-gradient":""},"tablet":{"background-color":"var(--ast-global-color-4)","background-image":"","background-repeat":"repeat","background-position":"center center","background-size":"auto","background-attachment":"scroll","background-type":"","background-media":"","overlay-type":"","overlay-color":"","overlay-opacity":"","overlay-gradient":""},"mobile":{"background-color":"var(--ast-global-color-4)","background-image":"","background-repeat":"repeat","background-position":"center center","background-size":"auto","background-attachment":"scroll","background-type":"","background-media":"","overlay-type":"","overlay-color":"","overlay-opacity":"","overlay-gradient":""}},"footnotes":""},"class_list":["post-738894","page","type-page","status-publish","has-post-thumbnail","hentry"],"acf":[],"_links":{"self":[{"href":"https:\/\/aosmithinternational.com\/de\/wp-json\/wp\/v2\/pages\/738894","targetHints":{"allow":["GET"]}}],"collection":[{"href":"https:\/\/aosmithinternational.com\/de\/wp-json\/wp\/v2\/pages"}],"about":[{"href":"https:\/\/aosmithinternational.com\/de\/wp-json\/wp\/v2\/types\/page"}],"author":[{"embeddable":true,"href":"https:\/\/aosmithinternational.com\/de\/wp-json\/wp\/v2\/users\/1"}],"replies":[{"embeddable":true,"href":"https:\/\/aosmithinternational.com\/de\/wp-json\/wp\/v2\/comments?post=738894"}],"version-history":[{"count":0,"href":"https:\/\/aosmithinternational.com\/de\/wp-json\/wp\/v2\/pages\/738894\/revisions"}],"up":[{"embeddable":true,"href":"https:\/\/aosmithinternational.com\/de\/wp-json\/wp\/v2\/pages\/738540"}],"wp:featuredmedia":[{"embeddable":true,"href":"https:\/\/aosmithinternational.com\/de\/wp-json\/wp\/v2\/media\/738895"}],"wp:attachment":[{"href":"https:\/\/aosmithinternational.com\/de\/wp-json\/wp\/v2\/media?parent=738894"}],"curies":[{"name":"wp","href":"https:\/\/api.w.org\/{rel}","templated":true}]}}