{"id":746162,"date":"2016-07-12T11:58:18","date_gmt":"2016-07-12T09:58:18","guid":{"rendered":"https:\/\/staging.aosmithinternational.com\/la-empresa\/"},"modified":"2016-07-12T13:11:43","modified_gmt":"2016-07-12T11:11:43","slug":"la-empresa","status":"publish","type":"page","link":"https:\/\/aosmithinternational.com\/es\/la-empresa\/","title":{"rendered":"La empresa"},"content":{"rendered":"<h2>Innovation has a name<\/h2>\n<p>Durante m\u00e1s de 150 a\u00f1os, A.O. Smith ha sido uno de los fabricantes y distribuidores de termoacumuladores m\u00e1s importantes del mundo. Nuestro productos cuentan con una amplia gama de caracter\u00edsticas exclusivas.<\/p>\n<h2>Esmalte<\/h2>\n<p>Mediante la aplicaci\u00f3n de una capa de esmalte una vez que los termoacumuladores est\u00e1n montados por completo, se crea una capa protectora uniforme y permanente, la PermaGlas Ultra Coat, que garantiza una resistencia al desgaste y a la corrosi\u00f3n exclusiva de nuestros aparatos. Este proceso especializado de recubrimiento es una marca comercial de A.O. Smith.<\/p>\n<h2>Tecnolog\u00edas de condensaci\u00f3n<\/h2>\n<p>Durante los \u00faltimos 25 a\u00f1os, A.O. Smith ha empleado tecnolog\u00edas de condensaci\u00f3n de alta eficacia de modo habitual en sus procesos de producci\u00f3n. Esta es la raz\u00f3n por la cual los aparatos son una garant\u00eda para el suministro de agua caliente con criterios de eficiencia energ\u00e9tica. Un sistema de control sencillo e inteligente garantiza la eficacia del rendimiento de los equipos. El resultado es una combinaci\u00f3n de facilidad de uso y confort sin precedentes.<\/p>\n<h2><span class=\"two_columns\">Proyectos de investigaci\u00f3n<\/span><\/h2>\n<p><span class=\"two_columns\">Los proyectos de investigaci\u00f3n y los procesos de fabricaci\u00f3n se realizan por completo dentro de la propia empresa, por lo que A.O. Smith puede adaptar sus productos tanto al \u00e1mbito dom\u00e9stico como al mercado profesional de termoacumuladores de toda Europa. Con una combinaci\u00f3n de conocimientos especializados, experiencia y dedicaci\u00f3n, A.O. Smith hace todo lo posible por satisfacer sus necesidades como cliente.\u00a0<\/span><\/p>\n","protected":false},"excerpt":{"rendered":"<p>Innovation has a name Durante m\u00e1s de 150 a\u00f1os, A.O. Smith ha sido uno de los fabricantes y distribuidores de [&hellip;]<\/p>\n","protected":false},"author":1,"featured_media":5165,"parent":0,"menu_order":0,"comment_status":"open","ping_status":"closed","template":"","meta":{"_acf_changed":false,"inline_featured_image":false,"site-sidebar-layout":"default","site-content-layout":"","ast-site-content-layout":"default","site-content-style":"default","site-sidebar-style":"default","ast-global-header-display":"","ast-banner-title-visibility":"","ast-main-header-display":"","ast-hfb-above-header-display":"","ast-hfb-below-header-display":"","ast-hfb-mobile-header-display":"","site-post-title":"","ast-breadcrumbs-content":"","ast-featured-img":"","footer-sml-layout":"","ast-disable-related-posts":"","theme-transparent-header-meta":"default","adv-header-id-meta":"","stick-header-meta":"default","header-above-stick-meta":"","header-main-stick-meta":"","header-below-stick-meta":"","astra-migrate-meta-layouts":"default","ast-page-background-enabled":"default","ast-page-background-meta":{"desktop":{"background-color":"var(--ast-global-color-5)","background-image":"","background-repeat":"repeat","background-position":"center center","background-size":"auto","background-attachment":"scroll","background-type":"","background-media":"","overlay-type":"","overlay-color":"","overlay-opacity":"","overlay-gradient":""},"tablet":{"background-color":"","background-image":"","background-repeat":"repeat","background-position":"center center","background-size":"auto","background-attachment":"scroll","background-type":"","background-media":"","overlay-type":"","overlay-color":"","overlay-opacity":"","overlay-gradient":""},"mobile":{"background-color":"","background-image":"","background-repeat":"repeat","background-position":"center center","background-size":"auto","background-attachment":"scroll","background-type":"","background-media":"","overlay-type":"","overlay-color":"","overlay-opacity":"","overlay-gradient":""}},"ast-content-background-meta":{"desktop":{"background-color":"var(--ast-global-color-4)","background-image":"","background-repeat":"repeat","background-position":"center center","background-size":"auto","background-attachment":"scroll","background-type":"","background-media":"","overlay-type":"","overlay-color":"","overlay-opacity":"","overlay-gradient":""},"tablet":{"background-color":"var(--ast-global-color-4)","background-image":"","background-repeat":"repeat","background-position":"center center","background-size":"auto","background-attachment":"scroll","background-type":"","background-media":"","overlay-type":"","overlay-color":"","overlay-opacity":"","overlay-gradient":""},"mobile":{"background-color":"var(--ast-global-color-4)","background-image":"","background-repeat":"repeat","background-position":"center center","background-size":"auto","background-attachment":"scroll","background-type":"","background-media":"","overlay-type":"","overlay-color":"","overlay-opacity":"","overlay-gradient":""}},"footnotes":""},"class_list":["post-746162","page","type-page","status-publish","has-post-thumbnail","hentry"],"acf":[],"_links":{"self":[{"href":"https:\/\/aosmithinternational.com\/es\/wp-json\/wp\/v2\/pages\/746162","targetHints":{"allow":["GET"]}}],"collection":[{"href":"https:\/\/aosmithinternational.com\/es\/wp-json\/wp\/v2\/pages"}],"about":[{"href":"https:\/\/aosmithinternational.com\/es\/wp-json\/wp\/v2\/types\/page"}],"author":[{"embeddable":true,"href":"https:\/\/aosmithinternational.com\/es\/wp-json\/wp\/v2\/users\/1"}],"replies":[{"embeddable":true,"href":"https:\/\/aosmithinternational.com\/es\/wp-json\/wp\/v2\/comments?post=746162"}],"version-history":[{"count":0,"href":"https:\/\/aosmithinternational.com\/es\/wp-json\/wp\/v2\/pages\/746162\/revisions"}],"wp:featuredmedia":[{"embeddable":true,"href":"https:\/\/aosmithinternational.com\/es\/wp-json\/wp\/v2\/media\/5165"}],"wp:attachment":[{"href":"https:\/\/aosmithinternational.com\/es\/wp-json\/wp\/v2\/media?parent=746162"}],"curies":[{"name":"wp","href":"https:\/\/api.w.org\/{rel}","templated":true}]}}