{"id":746175,"date":"2016-07-12T12:00:41","date_gmt":"2016-07-12T10:00:41","guid":{"rendered":"https:\/\/staging.aosmithinternational.com\/calidad\/"},"modified":"2026-02-22T20:41:52","modified_gmt":"2026-02-22T19:41:52","slug":"calidad","status":"publish","type":"page","link":"https:\/\/aosmithinternational.com\/es\/la-empresa\/calidad\/","title":{"rendered":"Calidad"},"content":{"rendered":"<h2>Procesos de fabricaci\u00f3n y producci\u00f3n<\/h2>\n<p><span class=\"two_columns\">La <\/span>calidad es un factor principal en los procesos de fabricaci\u00f3n y producci\u00f3n de nuestros aparatos. A.O. Smith es una empresa innovadora en el sector de las tecnolog\u00edas y los productos avanzados para el calentamiento de agua. Un buen ejemplo de ello, desarrollado por completo dentro de la propia empresa, es nuestro esmaltado PermaGlas Ultra Coat patentado, una capa protectora de vidrio que recubre la superficie interior del tanque de acero y garantiza la m\u00e1xima resistencia a la corrosi\u00f3n, adem\u00e1s de una duraci\u00f3n prolongada del aparato<span class=\"two_columns\">.<\/span><\/p>\n<h2>Certificaci\u00f3n<\/h2>\n<p>Los procesos de fabricaci\u00f3n de nuestros aparatos cumplen las normas de calidad correspondientes, por ejemplo la norma <a title=\"Certificat ISO\" href=\"https:\/\/aosmithinternational.com\/wp-content\/uploads\/2025\/10\/Certificaat_ISO_9001_UK.pdf\" target=\"_blank\" rel=\"noopener noreferrer\">ISO 9001:2008<\/a>. Como fabricante mundial, A.O. Smith tambi\u00e9n aplica a sus procesos las normativas y directivas locales.<br \/>\nEl certificado CE es oficial para todo el mercado europeo. Los programas de subvenciones regionales y locales de los Pa\u00edses Bajos, Francia, B\u00e9lgica y Reino Unido exigen otros certificados complementarios. Adem\u00e1s, nuestros\u00a0 productos cumplen la directiva europea RoHS, la RAEE y la PED.<\/p>\n<h2>Evaluaci\u00f3n<\/h2>\n<p>La <span class=\"two_columns\">satisfacci\u00f3n del cliente comienza ya en la fase de dise\u00f1o de la instalaci\u00f3n: el asesoramiento especializado y convincente por parte de un experto desde el primer momento ser\u00e1 decisivo en la elecci\u00f3n de una instalaci\u00f3n adecuada para sus necesidades. El \u201cPrograma de evaluaci\u00f3n de las necesidades\u201d de A.O. Smith ofrece orientaci\u00f3n en dicho proceso.<\/span><\/p>\n","protected":false},"excerpt":{"rendered":"<p>Procesos de fabricaci\u00f3n y producci\u00f3n La calidad es un factor principal en los procesos de fabricaci\u00f3n y producci\u00f3n de nuestros [&hellip;]<\/p>\n","protected":false},"author":1,"featured_media":5657,"parent":746162,"menu_order":0,"comment_status":"open","ping_status":"open","template":"","meta":{"_acf_changed":false,"inline_featured_image":false,"site-sidebar-layout":"default","site-content-layout":"","ast-site-content-layout":"default","site-content-style":"default","site-sidebar-style":"default","ast-global-header-display":"","ast-banner-title-visibility":"","ast-main-header-display":"","ast-hfb-above-header-display":"","ast-hfb-below-header-display":"","ast-hfb-mobile-header-display":"","site-post-title":"","ast-breadcrumbs-content":"","ast-featured-img":"","footer-sml-layout":"","ast-disable-related-posts":"","theme-transparent-header-meta":"default","adv-header-id-meta":"","stick-header-meta":"default","header-above-stick-meta":"","header-main-stick-meta":"","header-below-stick-meta":"","astra-migrate-meta-layouts":"set","ast-page-background-enabled":"default","ast-page-background-meta":{"desktop":{"background-color":"var(--ast-global-color-5)","background-image":"","background-repeat":"repeat","background-position":"center center","background-size":"auto","background-attachment":"scroll","background-type":"","background-media":"","overlay-type":"","overlay-color":"","overlay-opacity":"","overlay-gradient":""},"tablet":{"background-color":"","background-image":"","background-repeat":"repeat","background-position":"center center","background-size":"auto","background-attachment":"scroll","background-type":"","background-media":"","overlay-type":"","overlay-color":"","overlay-opacity":"","overlay-gradient":""},"mobile":{"background-color":"","background-image":"","background-repeat":"repeat","background-position":"center center","background-size":"auto","background-attachment":"scroll","background-type":"","background-media":"","overlay-type":"","overlay-color":"","overlay-opacity":"","overlay-gradient":""}},"ast-content-background-meta":{"desktop":{"background-color":"var(--ast-global-color-4)","background-image":"","background-repeat":"repeat","background-position":"center center","background-size":"auto","background-attachment":"scroll","background-type":"","background-media":"","overlay-type":"","overlay-color":"","overlay-opacity":"","overlay-gradient":""},"tablet":{"background-color":"var(--ast-global-color-4)","background-image":"","background-repeat":"repeat","background-position":"center center","background-size":"auto","background-attachment":"scroll","background-type":"","background-media":"","overlay-type":"","overlay-color":"","overlay-opacity":"","overlay-gradient":""},"mobile":{"background-color":"var(--ast-global-color-4)","background-image":"","background-repeat":"repeat","background-position":"center center","background-size":"auto","background-attachment":"scroll","background-type":"","background-media":"","overlay-type":"","overlay-color":"","overlay-opacity":"","overlay-gradient":""}},"footnotes":""},"class_list":["post-746175","page","type-page","status-publish","has-post-thumbnail","hentry"],"acf":[],"_links":{"self":[{"href":"https:\/\/aosmithinternational.com\/es\/wp-json\/wp\/v2\/pages\/746175","targetHints":{"allow":["GET"]}}],"collection":[{"href":"https:\/\/aosmithinternational.com\/es\/wp-json\/wp\/v2\/pages"}],"about":[{"href":"https:\/\/aosmithinternational.com\/es\/wp-json\/wp\/v2\/types\/page"}],"author":[{"embeddable":true,"href":"https:\/\/aosmithinternational.com\/es\/wp-json\/wp\/v2\/users\/1"}],"replies":[{"embeddable":true,"href":"https:\/\/aosmithinternational.com\/es\/wp-json\/wp\/v2\/comments?post=746175"}],"version-history":[{"count":2,"href":"https:\/\/aosmithinternational.com\/es\/wp-json\/wp\/v2\/pages\/746175\/revisions"}],"predecessor-version":[{"id":996398,"href":"https:\/\/aosmithinternational.com\/es\/wp-json\/wp\/v2\/pages\/746175\/revisions\/996398"}],"up":[{"embeddable":true,"href":"https:\/\/aosmithinternational.com\/es\/wp-json\/wp\/v2\/pages\/746162"}],"wp:featuredmedia":[{"embeddable":true,"href":"https:\/\/aosmithinternational.com\/es\/wp-json\/wp\/v2\/media\/5657"}],"wp:attachment":[{"href":"https:\/\/aosmithinternational.com\/es\/wp-json\/wp\/v2\/media?parent=746175"}],"curies":[{"name":"wp","href":"https:\/\/api.w.org\/{rel}","templated":true}]}}