{"id":746348,"date":"2016-07-20T14:45:39","date_gmt":"2016-07-20T12:45:39","guid":{"rendered":"https:\/\/staging.aosmithinternational.com\/sistemas-energia-solar\/"},"modified":"2026-02-14T17:05:13","modified_gmt":"2026-02-14T16:05:13","slug":"sistemas-energia-solar","status":"publish","type":"page","link":"https:\/\/aosmithinternational.com\/es\/sistemas-energia-solar\/","title":{"rendered":"Sistemas de energia solar"},"content":{"rendered":"<h2>Caracter\u00edsticas sistemas de energ\u00eca solar A.O. Smith<\/h2>\n<div><\/div>\n<h3>M\u00e1ximo rendimiento<\/h3>\n<p>La tecnolog\u00eda de control utilizada en esta soluci\u00f3n de sistema de A.O. Smith permite regular la bomba solar hasta una reducida velocidad nominal del 15%, para que, incluso con una cantidad inferior de luz, la aportaci\u00f3n de la calefacci\u00f3n solar siempre se maximice.<\/p>\n<h3>Duraci\u00f3n prolongada<\/h3>\n<p>Gracias al uso de un sistema patentado autom\u00e1tico de llenado-vaciado que se monta directamente bajo el panel solar, se evitan las temperaturas de estancamiento del dispositivo intercambiador de calor. Esto trae como consecuencia una duraci\u00f3n m\u00e1xima para toda la instalaci\u00f3n. Por otra parte, la bomba de circulaci\u00f3n solar cuenta con protecci\u00f3n frente a las temperaturas excesivamente elevadas.<\/p>\n<h3>Termoacumuladores solares o de gas<\/h3>\n<p>Entre nuestras fuentes de energ\u00eda renovables, cabe destacar el SGE y el SGS, ambos termoacumuladores de gas\/solar de alto rendimiento. En el SGE, el intercambiador de calor solar est\u00e1 directamente integrado en el aparato de calentamiento de agua por condensaci\u00f3n. Esto lo hace significativamente apropiado para su implementaci\u00f3n en empresas de tama\u00f1o medio, en las que el espacio es reducido. Por otro lado, las posibilidades de gran capacidad de almacenamiento del SGS lo hacen especialmente adecuado como soluci\u00f3n personalizada para su implementaci\u00f3n en grandes empresas y a nivel industrial.<\/p>\n<h3>Una instalaci\u00f3n de gran potencia<\/h3>\n<p>Al combinarlos con un acumulador (con capacidad de hasta 2.800 litros), obtendr\u00e1 una instalaci\u00f3n de gran potencia. Asimismo, con un sistema de control inteligente totalmente autom\u00e1tico, se maximiza la eficiencia energ\u00e9tica. Con el SGS, la aportaci\u00f3n de calefacci\u00f3n solar adicional puede aumentar hasta en un 40% en comparaci\u00f3n con los sistemas solares tradicionales. A trav\u00e9s de un tratamiento inteligente de la energ\u00eda solar disponible podemos alcanzar estas aportaciones tan elevadas.<\/p>\n<h3>Soluci\u00f3n total<\/h3>\n<p>A.O. Smith prefiere ofrecer soluciones de sistemas totales. Por tanto, para obtener un rendimiento \u00f3ptimo del sistema, las fuentes de energ\u00eda renovables de A. O. Smith se ofrecen e instalan como un sistema \u00fanico integrado.<\/p>\n<h3>M\u00e1s informaci\u00f3n<\/h3>\n<p>Para m\u00e1s informaci\u00f3n sobre nos sistemas solares se\u00a0pueden encontrar en el menu\u00a0<a title=\"Calderas energ\u00eda solar t\u00e9rmica\" href=\"https:\/\/aosmithinternational.com\/es\/product-ranges\/energias-renovables\/\">calderas, energ\u00eda solar t\u00e9rmica<\/a>.<\/p>\n","protected":false},"excerpt":{"rendered":"<p>Caracter\u00edsticas sistemas de energ\u00eca solar A.O. Smith M\u00e1ximo rendimiento La tecnolog\u00eda de control utilizada en esta soluci\u00f3n de sistema de [&hellip;]<\/p>\n","protected":false},"author":1,"featured_media":6810,"parent":0,"menu_order":0,"comment_status":"open","ping_status":"open","template":"","meta":{"_acf_changed":false,"inline_featured_image":false,"site-sidebar-layout":"default","site-content-layout":"","ast-site-content-layout":"default","site-content-style":"default","site-sidebar-style":"default","ast-global-header-display":"","ast-banner-title-visibility":"","ast-main-header-display":"","ast-hfb-above-header-display":"","ast-hfb-below-header-display":"","ast-hfb-mobile-header-display":"","site-post-title":"","ast-breadcrumbs-content":"","ast-featured-img":"","footer-sml-layout":"","ast-disable-related-posts":"","theme-transparent-header-meta":"default","adv-header-id-meta":"","stick-header-meta":"default","header-above-stick-meta":"","header-main-stick-meta":"","header-below-stick-meta":"","astra-migrate-meta-layouts":"set","ast-page-background-enabled":"default","ast-page-background-meta":{"desktop":{"background-color":"var(--ast-global-color-5)","background-image":"","background-repeat":"repeat","background-position":"center center","background-size":"auto","background-attachment":"scroll","background-type":"","background-media":"","overlay-type":"","overlay-color":"","overlay-opacity":"","overlay-gradient":""},"tablet":{"background-color":"","background-image":"","background-repeat":"repeat","background-position":"center center","background-size":"auto","background-attachment":"scroll","background-type":"","background-media":"","overlay-type":"","overlay-color":"","overlay-opacity":"","overlay-gradient":""},"mobile":{"background-color":"","background-image":"","background-repeat":"repeat","background-position":"center center","background-size":"auto","background-attachment":"scroll","background-type":"","background-media":"","overlay-type":"","overlay-color":"","overlay-opacity":"","overlay-gradient":""}},"ast-content-background-meta":{"desktop":{"background-color":"var(--ast-global-color-4)","background-image":"","background-repeat":"repeat","background-position":"center center","background-size":"auto","background-attachment":"scroll","background-type":"","background-media":"","overlay-type":"","overlay-color":"","overlay-opacity":"","overlay-gradient":""},"tablet":{"background-color":"var(--ast-global-color-4)","background-image":"","background-repeat":"repeat","background-position":"center center","background-size":"auto","background-attachment":"scroll","background-type":"","background-media":"","overlay-type":"","overlay-color":"","overlay-opacity":"","overlay-gradient":""},"mobile":{"background-color":"var(--ast-global-color-4)","background-image":"","background-repeat":"repeat","background-position":"center center","background-size":"auto","background-attachment":"scroll","background-type":"","background-media":"","overlay-type":"","overlay-color":"","overlay-opacity":"","overlay-gradient":""}},"footnotes":""},"class_list":["post-746348","page","type-page","status-publish","has-post-thumbnail","hentry"],"acf":[],"_links":{"self":[{"href":"https:\/\/aosmithinternational.com\/es\/wp-json\/wp\/v2\/pages\/746348","targetHints":{"allow":["GET"]}}],"collection":[{"href":"https:\/\/aosmithinternational.com\/es\/wp-json\/wp\/v2\/pages"}],"about":[{"href":"https:\/\/aosmithinternational.com\/es\/wp-json\/wp\/v2\/types\/page"}],"author":[{"embeddable":true,"href":"https:\/\/aosmithinternational.com\/es\/wp-json\/wp\/v2\/users\/1"}],"replies":[{"embeddable":true,"href":"https:\/\/aosmithinternational.com\/es\/wp-json\/wp\/v2\/comments?post=746348"}],"version-history":[{"count":1,"href":"https:\/\/aosmithinternational.com\/es\/wp-json\/wp\/v2\/pages\/746348\/revisions"}],"predecessor-version":[{"id":996126,"href":"https:\/\/aosmithinternational.com\/es\/wp-json\/wp\/v2\/pages\/746348\/revisions\/996126"}],"wp:featuredmedia":[{"embeddable":true,"href":"https:\/\/aosmithinternational.com\/es\/wp-json\/wp\/v2\/media\/6810"}],"wp:attachment":[{"href":"https:\/\/aosmithinternational.com\/es\/wp-json\/wp\/v2\/media?parent=746348"}],"curies":[{"name":"wp","href":"https:\/\/api.w.org\/{rel}","templated":true}]}}