{"id":746524,"date":"2016-07-12T12:01:54","date_gmt":"2016-07-12T10:01:54","guid":{"rendered":"https:\/\/staging.aosmithinternational.com\/cookie-policy-a-o-smith\/"},"modified":"2025-10-01T12:00:30","modified_gmt":"2025-10-01T10:00:30","slug":"cookie-policy-a-o-smith","status":"publish","type":"page","link":"https:\/\/aosmithinternational.com\/es\/la-empresa\/cookie-policy-a-o-smith\/","title":{"rendered":"Privacy Policy A.O. Smith"},"content":{"rendered":"\n<p>Declaraci\u00f3n de privacidad A continuaci\u00f3n encontrar\u00e1 la declaraci\u00f3n relativa a la colocaci\u00f3n de cookies. Describe cu\u00e1les usamos y la opci\u00f3n de cambiarlos.<\/p>\n\n\n<script\n\t\ttype=\"text\/javascript\"\n\t\tid=\"CookieDeclaration\"\n\t\tsrc=\"https:\/\/consent.cookiebot.com\/1e6844c6-1e4b-4e36-98e2-ec7bfb80bae2\/cd.js\"\n\t\tasync><\/script>\n\n\n\n\n<div class=\"wp-block-columns is-layout-flex wp-container-core-columns-is-layout-28f84493 wp-block-columns-is-layout-flex\">\n<div class=\"wp-block-column is-layout-flow wp-block-column-is-layout-flow\" style=\"flex-basis:10%\"><\/div>\n\n\n\n<div class=\"wp-block-column is-layout-flow wp-block-column-is-layout-flow\" style=\"flex-basis:66.66%\">\n<p>Para actualizar sus preferencias, actualizar o corregir su informaci\u00f3n, enviar una solicitud, hacernos preguntas sobre esta Pol\u00edtica de Privacidad o ejercer otros derechos de privacidad aplicables, cont\u00e1ctenos por correo electr\u00f3nico a InfoSecpolicy@aosmith.com o escr\u00edbanos a:<\/p>\n\n\n\n<p>U.S:<br>Consejero general<br>Corporaci\u00f3n AO Smith<br>11270 West Park Place<br>Milwaukee, Wisconsin 53224<br>EE.UU. EEE:<br>Las entidades responsables del procesamiento de su informaci\u00f3n personal en el EEE son:<\/p>\n\n\n\n<p>A.O. Smith Holdings I B.V.<br>A.O. Smith Holdings II B.V.<br>A.O. Smith Holdings III B.V.<br>A.O. Smith International Holdings B.V.<br>A.O. Productos Smith v.o.f.<br>A.O. Smith Water Products Company B.V.<br>A. O. Smith L&#8217;eau chaude, S.a.r.l.<br>Lochinvar Limited<br>Waterboss Europa, S.a.r.l.<\/p>\n<\/div>\n<\/div>\n","protected":false},"excerpt":{"rendered":"<p>Declaraci\u00f3n de privacidad A continuaci\u00f3n encontrar\u00e1 la declaraci\u00f3n relativa a la colocaci\u00f3n de cookies. Describe cu\u00e1les usamos y la opci\u00f3n [&hellip;]<\/p>\n","protected":false},"author":1,"featured_media":738905,"parent":746162,"menu_order":0,"comment_status":"open","ping_status":"open","template":"","meta":{"_acf_changed":false,"inline_featured_image":false,"site-sidebar-layout":"default","site-content-layout":"","ast-site-content-layout":"default","site-content-style":"default","site-sidebar-style":"default","ast-global-header-display":"","ast-banner-title-visibility":"","ast-main-header-display":"","ast-hfb-above-header-display":"","ast-hfb-below-header-display":"","ast-hfb-mobile-header-display":"","site-post-title":"","ast-breadcrumbs-content":"","ast-featured-img":"","footer-sml-layout":"","ast-disable-related-posts":"","theme-transparent-header-meta":"default","adv-header-id-meta":"","stick-header-meta":"default","header-above-stick-meta":"","header-main-stick-meta":"","header-below-stick-meta":"","astra-migrate-meta-layouts":"default","ast-page-background-enabled":"default","ast-page-background-meta":{"desktop":{"background-color":"var(--ast-global-color-5)","background-image":"","background-repeat":"repeat","background-position":"center center","background-size":"auto","background-attachment":"scroll","background-type":"","background-media":"","overlay-type":"","overlay-color":"","overlay-opacity":"","overlay-gradient":""},"tablet":{"background-color":"","background-image":"","background-repeat":"repeat","background-position":"center center","background-size":"auto","background-attachment":"scroll","background-type":"","background-media":"","overlay-type":"","overlay-color":"","overlay-opacity":"","overlay-gradient":""},"mobile":{"background-color":"","background-image":"","background-repeat":"repeat","background-position":"center center","background-size":"auto","background-attachment":"scroll","background-type":"","background-media":"","overlay-type":"","overlay-color":"","overlay-opacity":"","overlay-gradient":""}},"ast-content-background-meta":{"desktop":{"background-color":"var(--ast-global-color-4)","background-image":"","background-repeat":"repeat","background-position":"center center","background-size":"auto","background-attachment":"scroll","background-type":"","background-media":"","overlay-type":"","overlay-color":"","overlay-opacity":"","overlay-gradient":""},"tablet":{"background-color":"var(--ast-global-color-4)","background-image":"","background-repeat":"repeat","background-position":"center center","background-size":"auto","background-attachment":"scroll","background-type":"","background-media":"","overlay-type":"","overlay-color":"","overlay-opacity":"","overlay-gradient":""},"mobile":{"background-color":"var(--ast-global-color-4)","background-image":"","background-repeat":"repeat","background-position":"center center","background-size":"auto","background-attachment":"scroll","background-type":"","background-media":"","overlay-type":"","overlay-color":"","overlay-opacity":"","overlay-gradient":""}},"footnotes":""},"class_list":["post-746524","page","type-page","status-publish","has-post-thumbnail","hentry"],"acf":[],"_links":{"self":[{"href":"https:\/\/aosmithinternational.com\/es\/wp-json\/wp\/v2\/pages\/746524","targetHints":{"allow":["GET"]}}],"collection":[{"href":"https:\/\/aosmithinternational.com\/es\/wp-json\/wp\/v2\/pages"}],"about":[{"href":"https:\/\/aosmithinternational.com\/es\/wp-json\/wp\/v2\/types\/page"}],"author":[{"embeddable":true,"href":"https:\/\/aosmithinternational.com\/es\/wp-json\/wp\/v2\/users\/1"}],"replies":[{"embeddable":true,"href":"https:\/\/aosmithinternational.com\/es\/wp-json\/wp\/v2\/comments?post=746524"}],"version-history":[{"count":0,"href":"https:\/\/aosmithinternational.com\/es\/wp-json\/wp\/v2\/pages\/746524\/revisions"}],"up":[{"embeddable":true,"href":"https:\/\/aosmithinternational.com\/es\/wp-json\/wp\/v2\/pages\/746162"}],"wp:featuredmedia":[{"embeddable":true,"href":"https:\/\/aosmithinternational.com\/es\/wp-json\/wp\/v2\/media\/738905"}],"wp:attachment":[{"href":"https:\/\/aosmithinternational.com\/es\/wp-json\/wp\/v2\/media?parent=746524"}],"curies":[{"name":"wp","href":"https:\/\/api.w.org\/{rel}","templated":true}]}}