{"id":763105,"date":"2025-10-01T10:26:15","date_gmt":"2025-10-01T08:26:15","guid":{"rendered":"https:\/\/staging.aosmithinternational.com\/a-o-smith-france\/"},"modified":"2025-10-01T10:27:16","modified_gmt":"2025-10-01T08:27:16","slug":"a-o-smith-france","status":"publish","type":"page","link":"https:\/\/aosmithinternational.com\/fr\/a-o-smith-france\/","title":{"rendered":"A.O. Smith France"},"content":{"rendered":"<p>A.O. Smith est le leader du march\u00e9 mondial des appareils \u00e9conomes en \u00e9nergie et de haute qualit\u00e9 pour chauffer, traiter et conserver \u00a0l&rsquo;eau et offre pour chaque application la solution optimale. L\u00b4innovation, la qualit\u00e9, le service et la flexibilit\u00e9 sont des valeurs auxquelles nous sommes attach\u00e9es.<\/p>\n<p><strong>L&rsquo; innovation<\/strong> est un facteur essentiel de croissance. Chez A.O. Smith nous sommes convaincus que nous ne pouvons pas rester immobiles, nous tenons \u00e0 nous remettre en question pour l\u00b4am\u00e9lioration continue de \u00a0nos produits et \u00a0l\u2019adaptation \u00a0\u00e0 la l\u00e9gislation europ\u00e9enne de plus en plus contraignante.\u00a0L\u00b4\u00e9coconception est une nouvelle directive qui astreigne les fabricants \u00e0 produire des produits respectueux de l\u00b4environnement, et sous laquelle d\u00e9rive l\u00b4\u00e9tiquetage \u00e9nerg\u00e9tique.\u00a0Pour plus d\u00b4information, dirigez-vous \u00e0 la page \u00c9coconception.<a href=\"https:\/\/aosmithinternational.com\/fr\/content\/ecoconception-page\" target=\"_blank\" rel=\"noopener\"><br \/>\n<\/a><\/p>\n<p>A.O. Smith ne propose que des produits de <strong>qualit\u00e9<\/strong> qui sont fiables \u00e0 100%. A.O. Smith est un pionnier dans le domaine de la production d\u2019eau chaude \u00e0 technologies avanc\u00e9s.<\/p>\n<p>Lorsqu\u00b4on fabrique des appareils haut de gamme, il est essentiel de fournir d\u2019excellents <strong>services<\/strong>. Notre assistance client\u00e8le et l\u00b4\u00e9quipe commerciale sont toujours dispos\u00e9es \u00e0 r\u00e9pondre \u00e0 vos questions, avant, pendant et apr\u00e8s votre commande. Le support technique d\u00b4A.O. Smith se tient \u00e0 votre disposition sept jours sur sept pour l\u00b4assistance t\u00e9l\u00e9phonique et la pr\u00e9sence sur site si n\u00e9cessaire.<\/p>\n<p>Avec des ann\u00e9es d&rsquo;exp\u00e9rience, de savoir-faire et de l&rsquo;engagement, A.O. Smith met tout en \u0153uvre pour fournir un service optimal \u00e0 ses clients. Gr\u00e2ce \u00e0 notre <strong>flexibilit\u00e9<\/strong>, nous offrons exactement le g\u00e9n\u00e9rateur d&rsquo;eau chaude dont vous avez besoin. Notre slogan refl\u00e8te cette vision : L&rsquo;\u00e9nergie pour r\u00e9pondre \u00e0 vos besoins.<\/p>\n","protected":false},"excerpt":{"rendered":"<p>A.O. Smith est le leader du march\u00e9 mondial des appareils \u00e9conomes en \u00e9nergie et de haute qualit\u00e9 pour chauffer, traiter [&hellip;]<\/p>\n","protected":false},"author":1,"featured_media":0,"parent":0,"menu_order":0,"comment_status":"open","ping_status":"open","template":"","meta":{"_acf_changed":false,"inline_featured_image":false,"site-sidebar-layout":"default","site-content-layout":"","ast-site-content-layout":"default","site-content-style":"default","site-sidebar-style":"default","ast-global-header-display":"","ast-banner-title-visibility":"","ast-main-header-display":"","ast-hfb-above-header-display":"","ast-hfb-below-header-display":"","ast-hfb-mobile-header-display":"","site-post-title":"","ast-breadcrumbs-content":"","ast-featured-img":"","footer-sml-layout":"","ast-disable-related-posts":"","theme-transparent-header-meta":"","adv-header-id-meta":"","stick-header-meta":"","header-above-stick-meta":"","header-main-stick-meta":"","header-below-stick-meta":"","astra-migrate-meta-layouts":"default","ast-page-background-enabled":"default","ast-page-background-meta":{"desktop":{"background-color":"var(--ast-global-color-5)","background-image":"","background-repeat":"repeat","background-position":"center center","background-size":"auto","background-attachment":"scroll","background-type":"","background-media":"","overlay-type":"","overlay-color":"","overlay-opacity":"","overlay-gradient":""},"tablet":{"background-color":"","background-image":"","background-repeat":"repeat","background-position":"center center","background-size":"auto","background-attachment":"scroll","background-type":"","background-media":"","overlay-type":"","overlay-color":"","overlay-opacity":"","overlay-gradient":""},"mobile":{"background-color":"","background-image":"","background-repeat":"repeat","background-position":"center center","background-size":"auto","background-attachment":"scroll","background-type":"","background-media":"","overlay-type":"","overlay-color":"","overlay-opacity":"","overlay-gradient":""}},"ast-content-background-meta":{"desktop":{"background-color":"var(--ast-global-color-4)","background-image":"","background-repeat":"repeat","background-position":"center center","background-size":"auto","background-attachment":"scroll","background-type":"","background-media":"","overlay-type":"","overlay-color":"","overlay-opacity":"","overlay-gradient":""},"tablet":{"background-color":"var(--ast-global-color-4)","background-image":"","background-repeat":"repeat","background-position":"center center","background-size":"auto","background-attachment":"scroll","background-type":"","background-media":"","overlay-type":"","overlay-color":"","overlay-opacity":"","overlay-gradient":""},"mobile":{"background-color":"var(--ast-global-color-4)","background-image":"","background-repeat":"repeat","background-position":"center center","background-size":"auto","background-attachment":"scroll","background-type":"","background-media":"","overlay-type":"","overlay-color":"","overlay-opacity":"","overlay-gradient":""}},"footnotes":""},"class_list":["post-763105","page","type-page","status-publish","hentry"],"acf":[],"_links":{"self":[{"href":"https:\/\/aosmithinternational.com\/fr\/wp-json\/wp\/v2\/pages\/763105","targetHints":{"allow":["GET"]}}],"collection":[{"href":"https:\/\/aosmithinternational.com\/fr\/wp-json\/wp\/v2\/pages"}],"about":[{"href":"https:\/\/aosmithinternational.com\/fr\/wp-json\/wp\/v2\/types\/page"}],"author":[{"embeddable":true,"href":"https:\/\/aosmithinternational.com\/fr\/wp-json\/wp\/v2\/users\/1"}],"replies":[{"embeddable":true,"href":"https:\/\/aosmithinternational.com\/fr\/wp-json\/wp\/v2\/comments?post=763105"}],"version-history":[{"count":0,"href":"https:\/\/aosmithinternational.com\/fr\/wp-json\/wp\/v2\/pages\/763105\/revisions"}],"wp:attachment":[{"href":"https:\/\/aosmithinternational.com\/fr\/wp-json\/wp\/v2\/media?parent=763105"}],"curies":[{"name":"wp","href":"https:\/\/api.w.org\/{rel}","templated":true}]}}