{"id":763179,"date":"2016-07-12T12:00:41","date_gmt":"2016-07-12T10:00:41","guid":{"rendered":"https:\/\/staging.aosmithinternational.com\/qualite\/"},"modified":"2026-02-06T22:28:44","modified_gmt":"2026-02-06T21:28:44","slug":"qualite","status":"publish","type":"page","link":"https:\/\/aosmithinternational.com\/fr\/la-societe\/qualite\/","title":{"rendered":"Qualit\u00e9"},"content":{"rendered":"\r\n<h2 class=\"wp-block-heading\">Conseils sur mesure<\/h2>\r\n\r\n\r\n\r\n<p><span class=\"two_columns\">L\u2019\u00e9quipe d\u2019Assistance technique d\u2019A.O. Smith peut vous aider \u00e0 effectuer votre choix parmi les nombreuses options disponibles, d\u00e8s la pr\u00e9paration du projet, au moment o\u00f9 les choix importants doivent \u00eatre pris. Mais \u00e9galement plus tard, lors de l\u2019installation et de l\u2019entretien des appareils.\u00a0<\/span><\/p>\r\n\r\n\r\n\r\n<h2 class=\"wp-block-heading\">Certifications<\/h2>\r\n\r\n\r\n\r\n<p>Les processus utilis\u00e9s pour la production de nos appareils r\u00e9pondent aux normes de qualit\u00e9 telle que la norme <a href=\"https:\/\/aosmithinternational.com\/wp-content\/uploads\/2025\/10\/Certificaat_ISO_9001_FR.pdf\" target=\"_blank\" rel=\"noreferrer noopener\">ISO 9001<\/a>. En raison de l\u2019aspect mondial de nos activit\u00e9s, les exigences et les normes en vigueur localement sont \u00e9galement prises en compte. Nos produits r\u00e9pondent \u00e9galement aux directives ROHS europ\u00e9ens, WEEE et PED.<\/p>\r\n\r\n\r\n\r\n<p>A.O. Smith est \u00e9galement <a href=\"https:\/\/aosmithinternational.com\/wp-content\/uploads\/2025\/10\/Certificaat_ISO_14001_FR.pdf\" target=\"_blank\" rel=\"noreferrer noopener\">certifi\u00e9 ISO 14001<\/a> pour le syst\u00e8me de gestion environnementale utilis\u00e9 et son application \u00e0 la conception, la fabrication, la vente, la mise en service et la maintenance des syst\u00e8mes d&rsquo;eau chaude, de chauffage et de traitement de l&rsquo;eau.<\/p>\r\n\r\n\r\n\r\n<p><a href=\"https:\/\/aosmithinternational.com\/wp-content\/uploads\/2025\/10\/Certificaat_ISO_45001_FR.pdf\" target=\"_blank\" rel=\"noreferrer noopener\">L&rsquo;ISO 45001<\/a> est le syst\u00e8me de gestion pour des exigences de travail saines et s\u00fbres avec des directives d&rsquo;utilisation. Il s&rsquo;agit d&rsquo;un outil permettant de mettre syst\u00e9matiquement en \u0153uvre l&rsquo;obligation l\u00e9gale des employeurs d&rsquo;assurer la s\u00e9curit\u00e9 et la sant\u00e9 des salari\u00e9s.<\/p>\r\n\r\n\r\n\r\n<p><strong>Certification VCA<\/strong><br \/>VCA signifie \u00ab\u00a0Check-list S\u00e9curit\u00e9, Sant\u00e9 et Environnement pour les Entrepreneurs.\u00a0\u00bb A.O. Smith accorde une grande importance \u00e0 un environnement de travail s\u00fbr et sain au sein de l&rsquo;organisation, et nous continuons d&rsquo;y investir de mani\u00e8re structurelle. <a href=\"https:\/\/www.kiwa.com\/fr\/fr\/\" target=\"_blank\" rel=\"noreferrer noopener\">Kiwa<\/a> a d\u00e9livr\u00e9 notre <a href=\"https:\/\/aosmithinternational.com\/wp-content\/uploads\/2025\/10\/Certificaat_VCA_FR.pdf\" target=\"_blank\" rel=\"noreferrer noopener\">certificat de syst\u00e8me de gestion VGM<\/a>.<\/p>\r\n\r\n\r\n\r\n<h2 class=\"wp-block-heading\">D\u00e9veloppement et production<\/h2>\r\n\r\n\r\n\r\n<p>La qualit\u00e9 joue \u00e9galement un r\u00f4le important dans le d\u00e9veloppement et la production de nos appareils. A.O. Smith d\u00e9finit la norme en mati\u00e8re de technologies et de pr\u00e9parateurs eau chaude modernes. La thermo-vitrification PermaGlas Ultra Coat brevet\u00e9e que nous avons d\u00e9velopp\u00e9e en est un bon exemple: une couche de protection en verre sur la paroi int\u00e9rieure de la cuve en acier qui garantit une r\u00e9sistance maximale \u00e0 la corrosion et une longue dur\u00e9e de vie de l\u2019appareil.<\/p>\r\n","protected":false},"excerpt":{"rendered":"<p>Conseils sur mesure L\u2019\u00e9quipe d\u2019Assistance technique d\u2019A.O. Smith peut vous aider \u00e0 effectuer votre choix parmi les nombreuses options disponibles, [&hellip;]<\/p>\n","protected":false},"author":1,"featured_media":763180,"parent":763097,"menu_order":0,"comment_status":"open","ping_status":"open","template":"","meta":{"_acf_changed":false,"inline_featured_image":false,"site-sidebar-layout":"default","site-content-layout":"","ast-site-content-layout":"default","site-content-style":"default","site-sidebar-style":"default","ast-global-header-display":"","ast-banner-title-visibility":"","ast-main-header-display":"","ast-hfb-above-header-display":"","ast-hfb-below-header-display":"","ast-hfb-mobile-header-display":"","site-post-title":"","ast-breadcrumbs-content":"","ast-featured-img":"","footer-sml-layout":"","ast-disable-related-posts":"","theme-transparent-header-meta":"default","adv-header-id-meta":"","stick-header-meta":"default","header-above-stick-meta":"","header-main-stick-meta":"","header-below-stick-meta":"","astra-migrate-meta-layouts":"set","ast-page-background-enabled":"default","ast-page-background-meta":{"desktop":{"background-color":"var(--ast-global-color-5)","background-image":"","background-repeat":"repeat","background-position":"center center","background-size":"auto","background-attachment":"scroll","background-type":"","background-media":"","overlay-type":"","overlay-color":"","overlay-opacity":"","overlay-gradient":""},"tablet":{"background-color":"","background-image":"","background-repeat":"repeat","background-position":"center center","background-size":"auto","background-attachment":"scroll","background-type":"","background-media":"","overlay-type":"","overlay-color":"","overlay-opacity":"","overlay-gradient":""},"mobile":{"background-color":"","background-image":"","background-repeat":"repeat","background-position":"center center","background-size":"auto","background-attachment":"scroll","background-type":"","background-media":"","overlay-type":"","overlay-color":"","overlay-opacity":"","overlay-gradient":""}},"ast-content-background-meta":{"desktop":{"background-color":"var(--ast-global-color-4)","background-image":"","background-repeat":"repeat","background-position":"center center","background-size":"auto","background-attachment":"scroll","background-type":"","background-media":"","overlay-type":"","overlay-color":"","overlay-opacity":"","overlay-gradient":""},"tablet":{"background-color":"var(--ast-global-color-4)","background-image":"","background-repeat":"repeat","background-position":"center center","background-size":"auto","background-attachment":"scroll","background-type":"","background-media":"","overlay-type":"","overlay-color":"","overlay-opacity":"","overlay-gradient":""},"mobile":{"background-color":"var(--ast-global-color-4)","background-image":"","background-repeat":"repeat","background-position":"center center","background-size":"auto","background-attachment":"scroll","background-type":"","background-media":"","overlay-type":"","overlay-color":"","overlay-opacity":"","overlay-gradient":""}},"footnotes":""},"class_list":["post-763179","page","type-page","status-publish","has-post-thumbnail","hentry"],"acf":[],"_links":{"self":[{"href":"https:\/\/aosmithinternational.com\/fr\/wp-json\/wp\/v2\/pages\/763179","targetHints":{"allow":["GET"]}}],"collection":[{"href":"https:\/\/aosmithinternational.com\/fr\/wp-json\/wp\/v2\/pages"}],"about":[{"href":"https:\/\/aosmithinternational.com\/fr\/wp-json\/wp\/v2\/types\/page"}],"author":[{"embeddable":true,"href":"https:\/\/aosmithinternational.com\/fr\/wp-json\/wp\/v2\/users\/1"}],"replies":[{"embeddable":true,"href":"https:\/\/aosmithinternational.com\/fr\/wp-json\/wp\/v2\/comments?post=763179"}],"version-history":[{"count":2,"href":"https:\/\/aosmithinternational.com\/fr\/wp-json\/wp\/v2\/pages\/763179\/revisions"}],"predecessor-version":[{"id":995961,"href":"https:\/\/aosmithinternational.com\/fr\/wp-json\/wp\/v2\/pages\/763179\/revisions\/995961"}],"up":[{"embeddable":true,"href":"https:\/\/aosmithinternational.com\/fr\/wp-json\/wp\/v2\/pages\/763097"}],"wp:featuredmedia":[{"embeddable":true,"href":"https:\/\/aosmithinternational.com\/fr\/wp-json\/wp\/v2\/media\/763180"}],"wp:attachment":[{"href":"https:\/\/aosmithinternational.com\/fr\/wp-json\/wp\/v2\/media?parent=763179"}],"curies":[{"name":"wp","href":"https:\/\/api.w.org\/{rel}","templated":true}]}}