{"id":763490,"date":"2016-07-20T14:45:39","date_gmt":"2016-07-20T12:45:39","guid":{"rendered":"https:\/\/staging.aosmithinternational.com\/systemes-solaires\/"},"modified":"2026-02-14T17:01:45","modified_gmt":"2026-02-14T16:01:45","slug":"systemes-solaires","status":"publish","type":"page","link":"https:\/\/aosmithinternational.com\/fr\/systemes-solaires\/","title":{"rendered":"Syst\u00e8mes solaires"},"content":{"rendered":"<p>Pour offrir une solution durable en eau chaude, il convient avant tout de r\u00e9duire les besoins \u00e9nerg\u00e9tiques en appliquant des mesures d\u2019isolation. Ensuite, chez A.O. Smith, nous utilisons autant que possible des sources d\u2019\u00e9nergie durables \u2013 des syst\u00e8mes solaires \u2013 et maximisons le rendement des combustibles fossiles utilis\u00e9s pour combler les besoins en \u00e9nergie restants.<\/p>\n<h2>Caract\u00e9ristiques syst\u00e8mes solaires A.O. Smith<\/h2>\n<h3>Rendement maximal<\/h3>\n<p>Cette solution A.O. Smith permet de moduler la pompe solaire jusqu\u2019\u00e0 15% de la vitesse nominale. Le rendement est donc maximal m\u00eame lorsque l\u2019apport solaire est r\u00e9duit.<\/p>\n<h3>Longue dur\u00e9e de vie<\/h3>\n<p>L\u2019utilisation d\u2019un syst\u00e8me de reflux brevet\u00e9, install\u00e9 directement sous le capteur solaire, permet d\u2019\u00e9viter les surchauffes dues \u00e0 la stagnation dans l\u2019installation, ce qui permet d\u2019optimiser sa dur\u00e9e de vie.<\/p>\n<h3>Ballons d\u2019eau chaude solaires \u00e0 gaz<\/h3>\n<p>Les mod\u00e8les SGE et SGS sont les joyaux en mati\u00e8re de produits \u00e0 EnR: il s\u2019agit de pr\u00e9parateurs ECS solaires \u00e0 gaz avec condensation \u00e0 haut rendement. Sur le mod\u00e8le SGE, l\u2019\u00e9changeur thermique est directement int\u00e9gr\u00e9 au chauffe-eau \u00e0 condensation. Le mod\u00e8le SGE est donc particuli\u00e8rement adapt\u00e9 aux applications commerciales de taille moyenne pour lesquelles un espace limit\u00e9 est disponible. En raison de sa grande capacit\u00e9, le mod\u00e8le SGS est, quant \u00e0 lui, tout \u00e0 fait adapt\u00e9 en tant que solution sur mesure pour les applications tertiaires de grande taille.<\/p>\n<h3>Installation d\u2019envergure<\/h3>\n<p>L\u2019association avec un ballon de stockage (2800 litres maximum), utilis\u00e9 pour le m\u00e9lange, permet de cr\u00e9er une installation d\u2019envergure. Le rendement est \u00e9galement optimis\u00e9 gr\u00e2ce \u00e0 un syst\u00e8me de commande intelligent enti\u00e8rement autonome. Le mod\u00e8le SGS peut augmenter la contribution solaire de 40% par rapport aux syst\u00e8mes solaires standards. Nous pouvons assurer des contributions aussi \u00e9lev\u00e9es en utilisant de mani\u00e8re intelligente l\u2019\u00e9nergie solaire disponible.<\/p>\n<h3>Solution compl\u00e8te<\/h3>\n<p>A.O. Smith donne la priorit\u00e9 aux syst\u00e8mes complets. Pour un rendement syst\u00e8me optimal, les produits \u00e0 EnR A.O. Smith sont \u00e9galement livr\u00e9s et install\u00e9s en tant que syst\u00e8me int\u00e9gr\u00e9. La livraison et la mise en service de l\u2019installation par A.O. Smith permettent de garantir un fonctionnement et un rendement maximum. Toutes les pi\u00e8ces de l\u2019installation sont en effet totalement adapt\u00e9es les unes aux autres. Simple, pratique et un interlocuteur unique pour l\u2019ensemble de votre syst\u00e8me: vous retrouvez ici ce qui fait la force d\u2019A.O. Smith.<\/p>\n<h3>Qu\u2019est-ce qu\u2019un chauffe-eau solaire\u00a0?<\/h3>\n<p>Un chauffe-eau solaire, ou syst\u00e8me solaire, fait usage de capteurs solaires thermiques. \u00c0 la diff\u00e9rence des panneaux photovolta\u00efques, qui utilisent la lumi\u00e8re solaire pour g\u00e9n\u00e9rer un courant \u00e9lectrique, un capteur solaire thermique transf\u00e8re la chaleur solaire \u00e0 l\u2019eau. Le capteur contient un liquide pouvant \u00eatre chauff\u00e9 jusqu\u2019\u00e0 90\u00a0\u00b0C par le soleil. Cette chaleur est ensuite transf\u00e9r\u00e9e \u00e0 l\u2019eau contenue dans un r\u00e9servoir gr\u00e2ce \u00e0 un \u00e9changeur thermique.<\/p>\n<h3>Syst\u00e8mes solaires directs et indirects<\/h3>\n<p>Les syst\u00e8mes solaires indirects contiennent un r\u00e9servoir d\u2019eau reli\u00e9 \u00e0 un pr\u00e9parateur ECS, chauffe-eau ou chaudi\u00e8re combi existant. D\u2019o\u00f9 le nom \u00ab\u00a0syst\u00e8me solaire indirect\u00a0\u00bb. En hiver, lorsque le soleil se fait plus rare, le pr\u00e9parateur ECS ou le chauffe-eau assurera un compl\u00e9ment de chauffage afin de maintenir le degr\u00e9 de confort et de permettre \u00e0 l\u2019ensemble du syst\u00e8me solaire de toujours atteindre 60\u00a0\u00b0C ou plus. Ainsi, on peut pr\u00e9venir la formation de\u00a0<a href=\"https:\/\/aosmithinternational.com\/fr\/prevention-de-la-legionellose\/\">Legionella<\/a>\u00a0et d\u2019autres bact\u00e9ries.<\/p>\n<p>Nos syst\u00e8mes solaires directs rassemblent, en un seul syst\u00e8me, un chauffe-eau solaire et un chauffe-eau au gaz. Ici encore, l\u2019\u00e9nergie solaire pr\u00e9chauffe l\u2019eau par le biais de l\u2019\u00e9changeur thermique. Si la temp\u00e9rature est insuffisante, le chauffe-eau \u00e0 condensation \u00e0 haut rendement int\u00e9gr\u00e9 permet de chauffer encore l\u2019eau pour atteindre la temp\u00e9rature souhait\u00e9e. Ainsi, la consommation de gaz est r\u00e9duite au minimum afin que l\u2019installation soit le moins \u00e9nergivore possible. L\u2019avantage de compl\u00e9ter le chauffage solaire par un chauffage au gaz en cas de besoin est que ce dernier permet \u00e0 tout moment d\u2019atteindre des temp\u00e9ratures plus \u00e9lev\u00e9es. Par ailleurs, ces produits disposent d\u2019un pilotage intelligent permettant de param\u00e9trer des programmes hebdomadaires (notamment anti-Legionella).<\/p>\n<h3>Quelle est la dur\u00e9e d\u2019amortissement d\u2019un syst\u00e8me solaire\u00a0?<\/h3>\n<p>La dur\u00e9e d\u2019amortissement d\u00e9pend de nombreux facteurs. Le pilotage intelligent permet de programmer le syst\u00e8me solaire en fonction de vos besoins et souhaits individuels. D\u2019autre part, la vitesse de la pompe peut \u00eatre ajust\u00e9e pour optimiser l\u2019utilisation de l\u2019\u00e9nergie solaire disponible en fonction des circonstances. Ainsi, le rendement demeure maximal, m\u00eame lorsque l\u2019ensoleillement est faible. Le\u00a0<a href=\"https:\/\/aosmithinternational.com\/fr\/produits\/sgs-it-chauffe-eau-solaire\/\">chauffe-eau solaire SGS<\/a>\u00a0permet d\u2019augmenter de 40\u00a0% en moyenne la contribution du solaire par rapport \u00e0 un syst\u00e8me solaire classique.<\/p>\n<h3>En lire plus<\/h3>\n<p>Pour de plus amples informations concernant solutions syst\u00e8mes solaires, naviguez vers <a href=\"https:\/\/aosmithinternational.com\/fr\/product-ranges\/energies-renouvelables\/\">\u00c9nergies renouvelables<\/a>.<\/p>\n","protected":false},"excerpt":{"rendered":"<p>Pour offrir une solution durable en eau chaude, il convient avant tout de r\u00e9duire les besoins \u00e9nerg\u00e9tiques en appliquant des [&hellip;]<\/p>\n","protected":false},"author":1,"featured_media":6804,"parent":0,"menu_order":0,"comment_status":"open","ping_status":"open","template":"","meta":{"_acf_changed":false,"inline_featured_image":false,"site-sidebar-layout":"default","site-content-layout":"","ast-site-content-layout":"default","site-content-style":"default","site-sidebar-style":"default","ast-global-header-display":"","ast-banner-title-visibility":"","ast-main-header-display":"","ast-hfb-above-header-display":"","ast-hfb-below-header-display":"","ast-hfb-mobile-header-display":"","site-post-title":"","ast-breadcrumbs-content":"","ast-featured-img":"","footer-sml-layout":"","ast-disable-related-posts":"","theme-transparent-header-meta":"default","adv-header-id-meta":"","stick-header-meta":"default","header-above-stick-meta":"","header-main-stick-meta":"","header-below-stick-meta":"","astra-migrate-meta-layouts":"set","ast-page-background-enabled":"default","ast-page-background-meta":{"desktop":{"background-color":"var(--ast-global-color-5)","background-image":"","background-repeat":"repeat","background-position":"center center","background-size":"auto","background-attachment":"scroll","background-type":"","background-media":"","overlay-type":"","overlay-color":"","overlay-opacity":"","overlay-gradient":""},"tablet":{"background-color":"","background-image":"","background-repeat":"repeat","background-position":"center center","background-size":"auto","background-attachment":"scroll","background-type":"","background-media":"","overlay-type":"","overlay-color":"","overlay-opacity":"","overlay-gradient":""},"mobile":{"background-color":"","background-image":"","background-repeat":"repeat","background-position":"center center","background-size":"auto","background-attachment":"scroll","background-type":"","background-media":"","overlay-type":"","overlay-color":"","overlay-opacity":"","overlay-gradient":""}},"ast-content-background-meta":{"desktop":{"background-color":"var(--ast-global-color-4)","background-image":"","background-repeat":"repeat","background-position":"center center","background-size":"auto","background-attachment":"scroll","background-type":"","background-media":"","overlay-type":"","overlay-color":"","overlay-opacity":"","overlay-gradient":""},"tablet":{"background-color":"var(--ast-global-color-4)","background-image":"","background-repeat":"repeat","background-position":"center center","background-size":"auto","background-attachment":"scroll","background-type":"","background-media":"","overlay-type":"","overlay-color":"","overlay-opacity":"","overlay-gradient":""},"mobile":{"background-color":"var(--ast-global-color-4)","background-image":"","background-repeat":"repeat","background-position":"center center","background-size":"auto","background-attachment":"scroll","background-type":"","background-media":"","overlay-type":"","overlay-color":"","overlay-opacity":"","overlay-gradient":""}},"footnotes":""},"class_list":["post-763490","page","type-page","status-publish","has-post-thumbnail","hentry"],"acf":[],"_links":{"self":[{"href":"https:\/\/aosmithinternational.com\/fr\/wp-json\/wp\/v2\/pages\/763490","targetHints":{"allow":["GET"]}}],"collection":[{"href":"https:\/\/aosmithinternational.com\/fr\/wp-json\/wp\/v2\/pages"}],"about":[{"href":"https:\/\/aosmithinternational.com\/fr\/wp-json\/wp\/v2\/types\/page"}],"author":[{"embeddable":true,"href":"https:\/\/aosmithinternational.com\/fr\/wp-json\/wp\/v2\/users\/1"}],"replies":[{"embeddable":true,"href":"https:\/\/aosmithinternational.com\/fr\/wp-json\/wp\/v2\/comments?post=763490"}],"version-history":[{"count":1,"href":"https:\/\/aosmithinternational.com\/fr\/wp-json\/wp\/v2\/pages\/763490\/revisions"}],"predecessor-version":[{"id":996120,"href":"https:\/\/aosmithinternational.com\/fr\/wp-json\/wp\/v2\/pages\/763490\/revisions\/996120"}],"wp:featuredmedia":[{"embeddable":true,"href":"https:\/\/aosmithinternational.com\/fr\/wp-json\/wp\/v2\/media\/6804"}],"wp:attachment":[{"href":"https:\/\/aosmithinternational.com\/fr\/wp-json\/wp\/v2\/media?parent=763490"}],"curies":[{"name":"wp","href":"https:\/\/api.w.org\/{rel}","templated":true}]}}