{"id":763531,"date":"2025-10-01T10:04:52","date_gmt":"2025-10-01T08:04:52","guid":{"rendered":"https:\/\/staging.aosmithinternational.com\/delai-de-livraison\/"},"modified":"2025-10-01T10:04:52","modified_gmt":"2025-10-01T08:04:52","slug":"delai-de-livraison","status":"publish","type":"page","link":"https:\/\/aosmithinternational.com\/fr\/delai-de-livraison\/","title":{"rendered":"D\u00e9lai de livraison"},"content":{"rendered":"<p>Afin de vous offrir un service encore meilleur et de r\u00e9duire le d\u00e9lai de livraison de votre commande au minimum, A.O. Smith tient en stock, depuis quelques ann\u00e9es, toute la gamme des mod\u00e8les de g\u00e9n\u00e9rateurs ECS les plus vendus \u00e0 divers endroits en France. C\u2019est un r\u00e9el avantage parce que vous b\u00e9n\u00e9ficiez d\u2019 <strong>un d\u00e9lai de livraison de trois jours pour les appareils<\/strong> et de <strong>24h pour les demandes de pi\u00e8ces d\u00e9tach\u00e9es urgentes<\/strong>. Ainsi, vous pouvez offrir un service optimal \u00e0 vos clients.<\/p>\n<p>Le si\u00e8ge europ\u00e9en d\u2019A.O. Smith Europe a \u00e9t\u00e9 cr\u00e9\u00e9 en 1972 aux Pays-Bas. Depuis notre usine de Veldhoven, nous concevons, fabriquons et distribuons nos solutions d&rsquo;eau chaude de haute qualit\u00e9 pour les h\u00f4tels, les complexes sportifs, les campings, les \u00e9coles, les institutions de sant\u00e9, les logements, les entreprises et autres grands consommateurs d&rsquo;eau chaude. Pour garantir un service optimal au march\u00e9 fran\u00e7ais, nous avons ouvert, il y a quelques ann\u00e9es, un bureau \u00e0 Bourges que vous pouvez contacter pour des conseils d\u2019ordre commercial ou technique.<\/p>\n<p><img decoding=\"async\" class=\"alignnone size-medium wp-image-7463\" src=\"https:\/\/aosmithinternational.com\/wp-content\/uploads\/2025\/09\/magazijnier-300x200_0-300x200-2.png\" alt=\"magazijnier 300x200_0\" width=\"300\" height=\"200\" \/><\/p>\n","protected":false},"excerpt":{"rendered":"<p>Afin de vous offrir un service encore meilleur et de r\u00e9duire le d\u00e9lai de livraison de votre commande au minimum, [&hellip;]<\/p>\n","protected":false},"author":1,"featured_media":763552,"parent":0,"menu_order":0,"comment_status":"open","ping_status":"open","template":"","meta":{"_acf_changed":false,"inline_featured_image":false,"site-sidebar-layout":"default","site-content-layout":"","ast-site-content-layout":"default","site-content-style":"default","site-sidebar-style":"default","ast-global-header-display":"","ast-banner-title-visibility":"","ast-main-header-display":"","ast-hfb-above-header-display":"","ast-hfb-below-header-display":"","ast-hfb-mobile-header-display":"","site-post-title":"","ast-breadcrumbs-content":"","ast-featured-img":"","footer-sml-layout":"","ast-disable-related-posts":"","theme-transparent-header-meta":"","adv-header-id-meta":"","stick-header-meta":"","header-above-stick-meta":"","header-main-stick-meta":"","header-below-stick-meta":"","astra-migrate-meta-layouts":"default","ast-page-background-enabled":"default","ast-page-background-meta":{"desktop":{"background-color":"var(--ast-global-color-5)","background-image":"","background-repeat":"repeat","background-position":"center center","background-size":"auto","background-attachment":"scroll","background-type":"","background-media":"","overlay-type":"","overlay-color":"","overlay-opacity":"","overlay-gradient":""},"tablet":{"background-color":"","background-image":"","background-repeat":"repeat","background-position":"center center","background-size":"auto","background-attachment":"scroll","background-type":"","background-media":"","overlay-type":"","overlay-color":"","overlay-opacity":"","overlay-gradient":""},"mobile":{"background-color":"","background-image":"","background-repeat":"repeat","background-position":"center center","background-size":"auto","background-attachment":"scroll","background-type":"","background-media":"","overlay-type":"","overlay-color":"","overlay-opacity":"","overlay-gradient":""}},"ast-content-background-meta":{"desktop":{"background-color":"var(--ast-global-color-4)","background-image":"","background-repeat":"repeat","background-position":"center center","background-size":"auto","background-attachment":"scroll","background-type":"","background-media":"","overlay-type":"","overlay-color":"","overlay-opacity":"","overlay-gradient":""},"tablet":{"background-color":"var(--ast-global-color-4)","background-image":"","background-repeat":"repeat","background-position":"center center","background-size":"auto","background-attachment":"scroll","background-type":"","background-media":"","overlay-type":"","overlay-color":"","overlay-opacity":"","overlay-gradient":""},"mobile":{"background-color":"var(--ast-global-color-4)","background-image":"","background-repeat":"repeat","background-position":"center center","background-size":"auto","background-attachment":"scroll","background-type":"","background-media":"","overlay-type":"","overlay-color":"","overlay-opacity":"","overlay-gradient":""}},"footnotes":""},"class_list":["post-763531","page","type-page","status-publish","has-post-thumbnail","hentry"],"acf":[],"_links":{"self":[{"href":"https:\/\/aosmithinternational.com\/fr\/wp-json\/wp\/v2\/pages\/763531","targetHints":{"allow":["GET"]}}],"collection":[{"href":"https:\/\/aosmithinternational.com\/fr\/wp-json\/wp\/v2\/pages"}],"about":[{"href":"https:\/\/aosmithinternational.com\/fr\/wp-json\/wp\/v2\/types\/page"}],"author":[{"embeddable":true,"href":"https:\/\/aosmithinternational.com\/fr\/wp-json\/wp\/v2\/users\/1"}],"replies":[{"embeddable":true,"href":"https:\/\/aosmithinternational.com\/fr\/wp-json\/wp\/v2\/comments?post=763531"}],"version-history":[{"count":0,"href":"https:\/\/aosmithinternational.com\/fr\/wp-json\/wp\/v2\/pages\/763531\/revisions"}],"wp:featuredmedia":[{"embeddable":true,"href":"https:\/\/aosmithinternational.com\/fr\/wp-json\/wp\/v2\/media\/763552"}],"wp:attachment":[{"href":"https:\/\/aosmithinternational.com\/fr\/wp-json\/wp\/v2\/media?parent=763531"}],"curies":[{"name":"wp","href":"https:\/\/api.w.org\/{rel}","templated":true}]}}