{"id":763790,"date":"2025-10-01T10:03:25","date_gmt":"2025-10-01T08:03:25","guid":{"rendered":"https:\/\/staging.aosmithinternational.com\/subventions-cee-certificats-deconomie-denergie\/"},"modified":"2025-10-06T16:59:06","modified_gmt":"2025-10-06T14:59:06","slug":"subventions-cee-certificats-deconomie-denergie","status":"publish","type":"page","link":"https:\/\/aosmithinternational.com\/fr\/subventions\/subventions-cee-certificats-deconomie-denergie\/","title":{"rendered":"CEE &#8211; Certificats d\u2019\u00c9conomie d\u2019\u00c9nergie"},"content":{"rendered":"<p>Jusqu\u2019au 31 mars 2018 le gouvernement accorde une subvention destin\u00e9e \u00e0 encourager les m\u00e9nages en pr\u00e9carit\u00e9 \u00e9nerg\u00e9tique \u00e0 faire des travaux de r\u00e9novation \u00e9nerg\u00e9tique. Ainsi vous g\u00e9n\u00e9rez des Certificats d\u2019\u00e9conomie d\u2019\u00e9nergie. Ce sont vos actions qui g\u00e9n\u00e8rent des certificats, et ces certificats vous appartiennent donc.<\/p>\n<p>D\u2019un point de vue pratique, l\u2019acheteur de vos certificats s\u2019occupe des d\u00e9marches administratives n\u00e9cessaires \u00e0 leur cr\u00e9ation. Pour cela il lui faut la preuve des travaux et ce sont donc les factures qui permettent de g\u00e9n\u00e9rer les certificats d\u2019\u00e9conomie d\u2019\u00e9nergie.<\/p>\n<h3>Qui paie la prime \u00e9nergie ?<\/h3>\n<p>Les vendeurs d\u2019\u00e9nergie sont soumis \u00e0 la loi sur les certificats d\u2019\u00e9conomie d\u2019\u00e9nergie, qui leur impose de faire des \u00e9conomies d\u2019\u00e9nergie \u00e0 leurs clients. A ce titre, ils doivent acheter pour \u00eatre en conformit\u00e9 avec la loi, une quantit\u00e9 de certificats d\u2019\u00e9conomie d\u2019\u00e9nergie.<\/p>\n<p>Il est ainsi conseill\u00e9 de faire marcher la concurrence du march\u00e9 des certificats d\u2019\u00e9conomie d\u2019\u00e9nergie afin d\u2019obtenir les propositions les plus int\u00e9ressantes.<\/p>\n<p><em>Comparez les offres de Primes \u00c9nergie vous-m\u00eame :\u00a0<\/em><a href=\"https:\/\/www.quelleprime.fr\/\" target=\"_blank\" rel=\"noopener noreferrer\">Quelle Prime<\/a><\/p>\n<p>Source : <a href=\"https:\/\/www.compteepargneco2.com\/article\" target=\"_blank\" rel=\"noopener noreferrer\">www.compteepargneco2.com<\/a><\/p>\n","protected":false},"excerpt":{"rendered":"<p>Jusqu\u2019au 31 mars 2018 le gouvernement accorde une subvention destin\u00e9e \u00e0 encourager les m\u00e9nages en pr\u00e9carit\u00e9 \u00e9nerg\u00e9tique \u00e0 faire des [&hellip;]<\/p>\n","protected":false},"author":1,"featured_media":763791,"parent":763734,"menu_order":0,"comment_status":"open","ping_status":"closed","template":"","meta":{"_acf_changed":false,"inline_featured_image":false,"site-sidebar-layout":"default","site-content-layout":"","ast-site-content-layout":"default","site-content-style":"default","site-sidebar-style":"default","ast-global-header-display":"","ast-banner-title-visibility":"","ast-main-header-display":"","ast-hfb-above-header-display":"","ast-hfb-below-header-display":"","ast-hfb-mobile-header-display":"","site-post-title":"","ast-breadcrumbs-content":"","ast-featured-img":"","footer-sml-layout":"","ast-disable-related-posts":"","theme-transparent-header-meta":"","adv-header-id-meta":"","stick-header-meta":"","header-above-stick-meta":"","header-main-stick-meta":"","header-below-stick-meta":"","astra-migrate-meta-layouts":"default","ast-page-background-enabled":"default","ast-page-background-meta":{"desktop":{"background-color":"var(--ast-global-color-5)","background-image":"","background-repeat":"repeat","background-position":"center center","background-size":"auto","background-attachment":"scroll","background-type":"","background-media":"","overlay-type":"","overlay-color":"","overlay-opacity":"","overlay-gradient":""},"tablet":{"background-color":"","background-image":"","background-repeat":"repeat","background-position":"center center","background-size":"auto","background-attachment":"scroll","background-type":"","background-media":"","overlay-type":"","overlay-color":"","overlay-opacity":"","overlay-gradient":""},"mobile":{"background-color":"","background-image":"","background-repeat":"repeat","background-position":"center center","background-size":"auto","background-attachment":"scroll","background-type":"","background-media":"","overlay-type":"","overlay-color":"","overlay-opacity":"","overlay-gradient":""}},"ast-content-background-meta":{"desktop":{"background-color":"var(--ast-global-color-4)","background-image":"","background-repeat":"repeat","background-position":"center center","background-size":"auto","background-attachment":"scroll","background-type":"","background-media":"","overlay-type":"","overlay-color":"","overlay-opacity":"","overlay-gradient":""},"tablet":{"background-color":"var(--ast-global-color-4)","background-image":"","background-repeat":"repeat","background-position":"center center","background-size":"auto","background-attachment":"scroll","background-type":"","background-media":"","overlay-type":"","overlay-color":"","overlay-opacity":"","overlay-gradient":""},"mobile":{"background-color":"var(--ast-global-color-4)","background-image":"","background-repeat":"repeat","background-position":"center center","background-size":"auto","background-attachment":"scroll","background-type":"","background-media":"","overlay-type":"","overlay-color":"","overlay-opacity":"","overlay-gradient":""}},"footnotes":""},"class_list":["post-763790","page","type-page","status-publish","has-post-thumbnail","hentry"],"acf":[],"_links":{"self":[{"href":"https:\/\/aosmithinternational.com\/fr\/wp-json\/wp\/v2\/pages\/763790","targetHints":{"allow":["GET"]}}],"collection":[{"href":"https:\/\/aosmithinternational.com\/fr\/wp-json\/wp\/v2\/pages"}],"about":[{"href":"https:\/\/aosmithinternational.com\/fr\/wp-json\/wp\/v2\/types\/page"}],"author":[{"embeddable":true,"href":"https:\/\/aosmithinternational.com\/fr\/wp-json\/wp\/v2\/users\/1"}],"replies":[{"embeddable":true,"href":"https:\/\/aosmithinternational.com\/fr\/wp-json\/wp\/v2\/comments?post=763790"}],"version-history":[{"count":0,"href":"https:\/\/aosmithinternational.com\/fr\/wp-json\/wp\/v2\/pages\/763790\/revisions"}],"up":[{"embeddable":true,"href":"https:\/\/aosmithinternational.com\/fr\/wp-json\/wp\/v2\/pages\/763734"}],"wp:featuredmedia":[{"embeddable":true,"href":"https:\/\/aosmithinternational.com\/fr\/wp-json\/wp\/v2\/media\/763791"}],"wp:attachment":[{"href":"https:\/\/aosmithinternational.com\/fr\/wp-json\/wp\/v2\/media?parent=763790"}],"curies":[{"name":"wp","href":"https:\/\/api.w.org\/{rel}","templated":true}]}}