{"id":763793,"date":"2025-10-01T10:03:23","date_gmt":"2025-10-01T08:03:23","guid":{"rendered":"https:\/\/staging.aosmithinternational.com\/subventions-cite-credit-dimpot-pour-la-transition-energetique\/"},"modified":"2025-10-06T16:59:31","modified_gmt":"2025-10-06T14:59:31","slug":"subventions-cite-credit-dimpot-pour-la-transition-energetique","status":"publish","type":"page","link":"https:\/\/aosmithinternational.com\/fr\/subventions\/subventions-cite-credit-dimpot-pour-la-transition-energetique\/","title":{"rendered":"CITE- Cr\u00e9dit d\u2019Imp\u00f4t pour la Transition \u00c9nerg\u00e9tique"},"content":{"rendered":"<p>Le CITE incite les particuliers \u00e0 effectuer chez eux des travaux de r\u00e9novation \u00e9nerg\u00e9tique en accordant une d\u00e9duction fiscale avantageuse.<\/p>\n<p>Le changement de votre ancien chauffe-eau pour un chauffe-eau \u00e0 condensation vous donne droit \u00e0 un cr\u00e9dit d\u2019imp\u00f4t gr\u00e2ce au CITE.<br \/>\nLe CITE dans le cas d\u2019un chauffe-eau gaz \u00e0 condensation, un chauffe-eau solaire et une chaudi\u00e8re gaz \u00e0 condensation vous donne droit \u00e0 un cr\u00e9dit d\u2019imp\u00f4t de 30%, dans la limite d\u2019un plafond de \u20ac 8000 pour une personne seule, et de \u20ac 16000 pour un couple.<br \/>\nQui plus est, la prime CITE est cumulable avec la prime CO2, ce qui vous permet d\u2019amortir encore plus rapidement vos d\u00e9penses engag\u00e9es.<\/p>\n<p>En savoir plus : <a href=\"https:\/\/www.quelleprime.fr\/\" target=\"_blank\" rel=\"noopener noreferrer\">www.quelleenergie.fr<\/a><\/p>\n","protected":false},"excerpt":{"rendered":"<p>Le CITE incite les particuliers \u00e0 effectuer chez eux des travaux de r\u00e9novation \u00e9nerg\u00e9tique en accordant une d\u00e9duction fiscale avantageuse. [&hellip;]<\/p>\n","protected":false},"author":1,"featured_media":763794,"parent":763734,"menu_order":0,"comment_status":"open","ping_status":"closed","template":"","meta":{"_acf_changed":false,"inline_featured_image":false,"site-sidebar-layout":"default","site-content-layout":"","ast-site-content-layout":"default","site-content-style":"default","site-sidebar-style":"default","ast-global-header-display":"","ast-banner-title-visibility":"","ast-main-header-display":"","ast-hfb-above-header-display":"","ast-hfb-below-header-display":"","ast-hfb-mobile-header-display":"","site-post-title":"","ast-breadcrumbs-content":"","ast-featured-img":"","footer-sml-layout":"","ast-disable-related-posts":"","theme-transparent-header-meta":"","adv-header-id-meta":"","stick-header-meta":"","header-above-stick-meta":"","header-main-stick-meta":"","header-below-stick-meta":"","astra-migrate-meta-layouts":"default","ast-page-background-enabled":"default","ast-page-background-meta":{"desktop":{"background-color":"var(--ast-global-color-5)","background-image":"","background-repeat":"repeat","background-position":"center center","background-size":"auto","background-attachment":"scroll","background-type":"","background-media":"","overlay-type":"","overlay-color":"","overlay-opacity":"","overlay-gradient":""},"tablet":{"background-color":"","background-image":"","background-repeat":"repeat","background-position":"center center","background-size":"auto","background-attachment":"scroll","background-type":"","background-media":"","overlay-type":"","overlay-color":"","overlay-opacity":"","overlay-gradient":""},"mobile":{"background-color":"","background-image":"","background-repeat":"repeat","background-position":"center center","background-size":"auto","background-attachment":"scroll","background-type":"","background-media":"","overlay-type":"","overlay-color":"","overlay-opacity":"","overlay-gradient":""}},"ast-content-background-meta":{"desktop":{"background-color":"var(--ast-global-color-4)","background-image":"","background-repeat":"repeat","background-position":"center center","background-size":"auto","background-attachment":"scroll","background-type":"","background-media":"","overlay-type":"","overlay-color":"","overlay-opacity":"","overlay-gradient":""},"tablet":{"background-color":"var(--ast-global-color-4)","background-image":"","background-repeat":"repeat","background-position":"center center","background-size":"auto","background-attachment":"scroll","background-type":"","background-media":"","overlay-type":"","overlay-color":"","overlay-opacity":"","overlay-gradient":""},"mobile":{"background-color":"var(--ast-global-color-4)","background-image":"","background-repeat":"repeat","background-position":"center center","background-size":"auto","background-attachment":"scroll","background-type":"","background-media":"","overlay-type":"","overlay-color":"","overlay-opacity":"","overlay-gradient":""}},"footnotes":""},"class_list":["post-763793","page","type-page","status-publish","has-post-thumbnail","hentry"],"acf":[],"_links":{"self":[{"href":"https:\/\/aosmithinternational.com\/fr\/wp-json\/wp\/v2\/pages\/763793","targetHints":{"allow":["GET"]}}],"collection":[{"href":"https:\/\/aosmithinternational.com\/fr\/wp-json\/wp\/v2\/pages"}],"about":[{"href":"https:\/\/aosmithinternational.com\/fr\/wp-json\/wp\/v2\/types\/page"}],"author":[{"embeddable":true,"href":"https:\/\/aosmithinternational.com\/fr\/wp-json\/wp\/v2\/users\/1"}],"replies":[{"embeddable":true,"href":"https:\/\/aosmithinternational.com\/fr\/wp-json\/wp\/v2\/comments?post=763793"}],"version-history":[{"count":0,"href":"https:\/\/aosmithinternational.com\/fr\/wp-json\/wp\/v2\/pages\/763793\/revisions"}],"up":[{"embeddable":true,"href":"https:\/\/aosmithinternational.com\/fr\/wp-json\/wp\/v2\/pages\/763734"}],"wp:featuredmedia":[{"embeddable":true,"href":"https:\/\/aosmithinternational.com\/fr\/wp-json\/wp\/v2\/media\/763794"}],"wp:attachment":[{"href":"https:\/\/aosmithinternational.com\/fr\/wp-json\/wp\/v2\/media?parent=763793"}],"curies":[{"name":"wp","href":"https:\/\/api.w.org\/{rel}","templated":true}]}}