{"id":764090,"date":"2025-10-01T10:03:06","date_gmt":"2025-10-01T08:03:06","guid":{"rendered":"https:\/\/staging.aosmithinternational.com\/eau-chaude-camping\/"},"modified":"2025-12-31T13:05:25","modified_gmt":"2025-12-31T12:05:25","slug":"eau-chaude-camping","status":"publish","type":"page","link":"https:\/\/aosmithinternational.com\/fr\/eau-chaude-camping\/","title":{"rendered":"Camping"},"content":{"rendered":"\r\n<div class=\"wp-block-columns is-layout-flex wp-container-core-columns-is-layout-28f84493 wp-block-columns-is-layout-flex\">\r\n<div class=\"wp-block-column is-layout-flow wp-block-column-is-layout-flow\" style=\"flex-basis: 66.66%;\">\r\n<h2 id=\"besoin-de-grandes-quantites-d-eau-chaude-en-peu-de-temps\" class=\"wp-block-heading\">Besoin de grandes quantit\u00e9s d\u2019eau chaude en peu de temps<\/h2>\r\n\r\n\r\n\r\n<div class=\"wp-block-spacer\" style=\"height: 35px;\" aria-hidden=\"true\">\u00a0<\/div>\r\n\r\n\r\n\r\n<div class=\"wp-block-columns is-layout-flex wp-container-core-columns-is-layout-28f84493 wp-block-columns-is-layout-flex\">\r\n<div class=\"wp-block-column is-layout-flow wp-block-column-is-layout-flow\" style=\"flex-basis: 33.33%;\">\r\n<figure class=\"wp-block-image size-large\"><img decoding=\"async\" class=\"wp-image-157909\" src=\"https:\/\/aosmithinternational.com\/wp-content\/uploads\/2025\/09\/toiletgebouw-12.jpg\" alt=\"sanitaire a camping\" \/><\/figure>\r\n<\/div>\r\n\r\n\r\n\r\n<div class=\"wp-block-column is-layout-flow wp-block-column-is-layout-flow\" style=\"flex-basis: 66.66%;\">\r\n<p>Entre 18 h et 22 h, les campings connaissent une p\u00e9riode de pointe en termes de besoins en eau chaude. \u00c9videmment, si on souhaitera \u00e9viter que les clients prenant leur douche ne manquent d\u2019eau chaude, on ne d\u00e9sirera pas pour autant un syst\u00e8me d\u2019eau chaude sanitaire surdimensionn\u00e9. La solution se trouve dans les d\u00e9lais de chauffe courts.<\/p>\r\n\r\n\r\n\r\n<p>Notre gamme BFC est un produit qui peut tr\u00e8s bien r\u00e9pondre \u00e0 ce besoin.<\/p>\r\n<\/div>\r\n<\/div>\r\n\r\n\r\n\r\n<div class=\"wp-block-buttons is-layout-flex wp-block-buttons-is-layout-flex\">\r\n<div class=\"wp-block-button\"><a class=\"wp-block-button__link wp-element-button\" href=\"https:\/\/aosmithinternational.com\/fr\/bfc-cyclone-au-camping\/\">En savoir plus sur le BFC Cyclone<\/a><\/div>\r\n<\/div>\r\n\r\n\r\n\r\n<p>&nbsp;<\/p>\r\n\r\n\r\n<hr class=\"wp-block-separator has-css-opacity\" \/>\r\n\r\n\r\n<h2 id=\"redemarrer-des-systemes-de-production-d-ecs\" class=\"wp-block-heading\">Red\u00e9marrer des syst\u00e8mes de production d\u2019ECS<\/h2>\r\n\r\n\r\n\r\n<div class=\"wp-block-spacer\" style=\"height: 33px;\" aria-hidden=\"true\">\u00a0<\/div>\r\n\r\n\r\n\r\n<div class=\"wp-block-columns is-layout-flex wp-container-core-columns-is-layout-28f84493 wp-block-columns-is-layout-flex\">\r\n<div class=\"wp-block-column is-layout-flow wp-block-column-is-layout-flow\" style=\"flex-basis: 33.33%;\">\r\n<figure class=\"wp-block-image size-large\"><img decoding=\"async\" class=\"wp-image-169849\" src=\"https:\/\/aosmithinternational.com\/wp-content\/uploads\/2025\/09\/Legionella-16.jpg\" alt=\"l\u00e9gionellose\" \/><\/figure>\r\n<\/div>\r\n\r\n\r\n\r\n<div class=\"wp-block-column is-layout-flow wp-block-column-is-layout-flow\" style=\"flex-basis: 66.66%;\">\r\n<p>\u00c0 mesure que les campings reprennent leurs activit\u00e9s, leurs syst\u00e8mes de production d\u2019eau chaude sanitaire doivent eux aussi \u00eatre remis en marche. Nous conseillons de purger ces syst\u00e8mes avant leur red\u00e9marrage, y compris si l\u2019appareil n\u2019avait pas \u00e9t\u00e9 mis compl\u00e8tement hors service. En effet, la possibilit\u00e9 que de l\u2019eau ait stagn\u00e9 pendant une p\u00e9riode prolong\u00e9e engendre des risques potentiels, notamment en ce qui concerne la l\u00e9gionellose.<\/p>\r\n<\/div>\r\n<\/div>\r\n\r\n\r\n\r\n<div class=\"wp-block-buttons is-layout-flex wp-block-buttons-is-layout-flex\">\r\n<div class=\"wp-block-button\"><a class=\"wp-block-button__link wp-element-button\" href=\"https:\/\/aosmithinternational.com\/fr\/camping-prevention-de-la-legionellose\/\">Comment purger le syst\u00e8me ECS en toute s\u00e9curit\u00e9 ?<\/a><\/div>\r\n<\/div>\r\n\r\n\r\n\r\n<p>&nbsp;<\/p>\r\n\r\n\r\n<hr class=\"wp-block-separator has-css-opacity is-style-default\" \/>\r\n\r\n\r\n<h2 id=\"economiser-sur-les-frais-energetiques-et-ameliorer-le-confort\" class=\"wp-block-heading\">\u00c9conomiser sur les frais \u00e9nerg\u00e9tiques et am\u00e9liorer le confort<\/h2>\r\n\r\n\r\n\r\n<div class=\"wp-block-spacer\" style=\"height: 20px;\" aria-hidden=\"true\">\u00a0<\/div>\r\n\r\n\r\n\r\n<div class=\"wp-block-columns is-layout-flex wp-container-core-columns-is-layout-28f84493 wp-block-columns-is-layout-flex\">\r\n<div class=\"wp-block-column is-layout-flow wp-block-column-is-layout-flow\" style=\"flex-basis: 33.33%;\">\r\n<figure class=\"wp-block-image size-large\"><img decoding=\"async\" class=\"wp-image-157933\" src=\"https:\/\/aosmithinternational.com\/wp-content\/uploads\/2025\/09\/solaire-24.jpg\" alt=\"energies solaire\" \/><\/figure>\r\n<\/div>\r\n\r\n\r\n\r\n<div class=\"wp-block-column is-layout-flow wp-block-column-is-layout-flow\" style=\"flex-basis: 66.66%;\">\r\n<p>Pour un camping principalement ouvert aux beaux jours, il peut \u00eatre tr\u00e8s int\u00e9ressant d\u2019optimiser l\u2019utilisation de la chaleur du soleil.<br \/>Nos syst\u00e8mes solaires (directs comme indirects) tirent le meilleur parti de l\u2019\u00e9nergie solaire, tout en enclenchant une source d\u2019\u00e9nergie compl\u00e9mentaire (gaz ou \u00e9lectricit\u00e9) lorsque l\u2019apport du solaire est insuffisant. Ainsi, durabilit\u00e9 se conjugue avec confort.<\/p>\r\n<\/div>\r\n<\/div>\r\n\r\n\r\n\r\n<div class=\"wp-block-buttons is-layout-flex wp-block-buttons-is-layout-flex\">\r\n<div class=\"wp-block-button\"><a class=\"wp-block-button__link wp-element-button\" href=\"https:\/\/aosmithinternational.com\/fr\/systemes-solaires-au-camping\/\">En savoir plus de nos syst\u00e8mes solaires<\/a><\/div>\r\n<\/div>\r\n\r\n\r\n\r\n<p>&nbsp;<\/p>\r\n\r\n\r\n<hr class=\"wp-block-separator has-css-opacity is-style-default\" \/>\r\n\r\n\r\n<h2 id=\"buanderies-trop-froides-au-printemps-et-a-l-automne\" class=\"wp-block-heading\">Buanderies trop froides au printemps et \u00e0 l\u2019automne ?<\/h2>\r\n\r\n\r\n\r\n<div class=\"wp-block-spacer\" style=\"height: 20px;\" aria-hidden=\"true\">\u00a0<\/div>\r\n\r\n\r\n\r\n<div class=\"wp-block-columns is-layout-flex wp-container-core-columns-is-layout-28f84493 wp-block-columns-is-layout-flex\">\r\n<div class=\"wp-block-column is-layout-flow wp-block-column-is-layout-flow\" style=\"flex-basis: 33.33%;\">\r\n<figure class=\"wp-block-image size-large\"><img decoding=\"async\" class=\"wp-image-173649\" src=\"https:\/\/aosmithinternational.com\/wp-content\/uploads\/2025\/09\/printemps-hiver-12.jpg\" alt=\"Printemps et hiver\" \/><\/figure>\r\n<\/div>\r\n\r\n\r\n\r\n<div class=\"wp-block-column is-layout-flow wp-block-column-is-layout-flow\" style=\"flex-basis: 66.66%;\">\r\n<p>Avec le m\u00eame rendement \u00e9lev\u00e9, nos chauffe-eau au gaz et solaires peuvent \u00e9galement \u00eatre mis au service du chauffage. Le Theta Dual Service est particuli\u00e8rement efficace sur le plan \u00e9nerg\u00e9tique dans les endroits o\u00f9 une quantit\u00e9 importante d\u2019eau chaude sanitaire est n\u00e9cessaire, mais o\u00f9 les besoins en chauffage sont plus limit\u00e9s. Il s\u2019agit l\u00e0 d\u2019une solution parfaite pour le chauffage des buanderies en basse saison.<\/p>\r\n\r\n\r\n\r\n<p>Le module Theta Dual Service peut \u00eatre connect\u00e9 \u00e0 un BFC Cyclone et \u00e0 un syst\u00e8me solaire SGE ou SGS. Combin\u00e9 \u00e0 un syst\u00e8me solaire, le Theta Dual Service atteint un niveau de durabilit\u00e9 excellent. En effet, ce montage permet d\u2019utiliser la chaleur solaire \u00e9galement pour le chauffage des pi\u00e8ces. \u00c0 propos, saviez-vous que les capteurs solaires fournissaient le meilleur rendement au printemps et \u00e0 l\u2019automne ?<\/p>\r\n<\/div>\r\n<\/div>\r\n\r\n\r\n\r\n<div class=\"wp-block-buttons is-layout-flex wp-block-buttons-is-layout-flex\">\r\n<div class=\"wp-block-button\"><a class=\"wp-block-button__link wp-element-button\" href=\"https:\/\/aosmithinternational.com\/fr\/theta-combinaison-eau-chaude-et-chauffage-au-camping\/\">En savoir plus de module Theta<\/a><\/div>\r\n<\/div>\r\n\r\n\r\n\r\n<p>&nbsp;<\/p>\r\n<\/div>\r\n\r\n\r\n\r\n<div class=\"wp-block-column is-layout-flow wp-block-column-is-layout-flow\" style=\"flex-basis: 33.33%;\">\r\n<h2 id=\"ce-que-nous-peut-faire\" class=\"wp-block-heading has-text-align-center\">Ce que nous peut faire<\/h2>\r\n\r\n\r\n\r\n<div class=\"wp-block-spacer\" style=\"height: 25px;\" aria-hidden=\"true\">\u00a0<\/div>\r\n\r\n\r\n\r\n<h3 id=\"livraison-rapide\" class=\"wp-block-heading has-text-align-center\">Livraison rapide<\/h3>\r\n\r\n\r\n\r\n<div class=\"wp-block-spacer\" style=\"height: 25px;\" aria-hidden=\"true\">\u00a0<\/div>\r\n\r\n\r\n\r\n<figure class=\"wp-block-image aligncenter size-large\"><img decoding=\"async\" class=\"wp-image-173702\" src=\"https:\/\/aosmithinternational.com\/wp-content\/uploads\/2025\/09\/48heures-livraison-12.jpg\" alt=\"Livraison 48 heures\" \/><\/figure>\r\n\r\n\r\n\r\n<div class=\"wp-block-spacer\" style=\"height: 25px;\" aria-hidden=\"true\">\u00a0<\/div>\r\n\r\n\r\n\r\n<div class=\"wp-block-spacer\" style=\"height: 25px;\" aria-hidden=\"true\">\u00a0<\/div>\r\n\r\n\r\n\r\n<p>Nos produits et pi\u00e8ces d\u00e9tach\u00e9es sont disponibles en stock. De cette fa\u00e7on, vos invit\u00e9s ne seront jamais sans eau chaude pendant longtemps.<\/p>\r\n\r\n\r\n<hr class=\"wp-block-separator has-alpha-channel-opacity\" \/>\r\n\r\n\r\n<h3 id=\"pas-d-entretien-durant-la-haute-saison\" class=\"wp-block-heading has-text-align-center\">Pas d\u2019entretien durant la haute saison<\/h3>\r\n\r\n\r\n\r\n<div class=\"wp-block-spacer\" style=\"height: 25px;\" aria-hidden=\"true\">\u00a0<\/div>\r\n\r\n\r\n\r\n<figure class=\"wp-block-image aligncenter size-large\"><img decoding=\"async\" class=\"wp-image-173691\" src=\"https:\/\/aosmithinternational.com\/wp-content\/uploads\/2025\/09\/aide-depannage-12.jpg\" alt=\"aide entretien et depannage\" \/><\/figure>\r\n\r\n\r\n\r\n<div class=\"wp-block-spacer\" style=\"height: 25px;\" aria-hidden=\"true\">\u00a0<\/div>\r\n\r\n\r\n\r\n<p>Contactez notre technique d&rsquo;assistance pour tous vos probl\u00e8mes techniques. Ils r\u00e9pondront \u00e0 vos questions par t\u00e9l\u00e9phone ou, si n\u00e9cessaire, ils enverront quelqu&rsquo;un sur place pour r\u00e9soudre le probl\u00e8me.<br \/>De plus, ils peuvent planifier la maintenance de votre installation en basse saison, ce qui augmente la fiabilit\u00e9 op\u00e9rationnelle en saison estivale.<\/p>\r\n\r\n\r\n\r\n<div class=\"wp-block-buttons is-content-justification-center is-layout-flex wp-container-core-buttons-is-layout-a89b3969 wp-block-buttons-is-layout-flex\">\r\n<div class=\"wp-block-button wp-btn\"><a class=\"wp-block-button__link wp-element-button\" href=\"https:\/\/aosmithinternational.com\/fr\/service\/\" target=\"_blank\" rel=\"noreferrer noopener\">Plus d&rsquo;informations d&rsquo;entretien et depannage<\/a><\/div>\r\n<\/div>\r\n\r\n\r\n\r\n<div class=\"wp-block-spacer\" style=\"height: 25px;\" aria-hidden=\"true\">\u00a0<\/div>\r\n\r\n\r\n<hr class=\"wp-block-separator has-alpha-channel-opacity\" \/>\r\n\r\n\r\n<h3 id=\"pouvez-vous-utiliser-de-l-aide-pour-choisir-un-systeme-d-eau-chaude\" class=\"wp-block-heading has-text-align-center\">Pouvez-vous utiliser de l&rsquo;aide pour choisir un syst\u00e8me d&rsquo;eau chaude?<\/h3>\r\n\r\n\r\n\r\n<div class=\"wp-block-spacer\" style=\"height: 25px;\" aria-hidden=\"true\">\u00a0<\/div>\r\n\r\n\r\n\r\n<figure class=\"wp-block-image aligncenter size-large\"><img decoding=\"async\" class=\"wp-image-173680\" src=\"https:\/\/aosmithinternational.com\/wp-content\/uploads\/2025\/09\/interlocuteur-12.jpg\" alt=\"Interlocuteur\" \/><\/figure>\r\n\r\n\r\n\r\n<div class=\"wp-block-spacer\" style=\"height: 25px;\" aria-hidden=\"true\">\u00a0<\/div>\r\n\r\n\r\n\r\n<p>N&rsquo;h\u00e9sitez pas \u00e0 contacter l&rsquo;un de nos ing\u00e9nieurs commerciaux. Ils sont heureux de jeter un coup d&rsquo;\u0153il &#8211; \u00e9galement sur place &#8211; pour d\u00e9terminer quel syst\u00e8me est le mieux adapt\u00e9 \u00e0 ce camping.<br \/>Ils se feront un plaisir de calculer les d\u00e9lais de r\u00e9cup\u00e9ration, les options de r\u00e9duction de CO2 et l&rsquo;efficacit\u00e9 du syst\u00e8me pour vous. Pour que vous puissiez prendre une d\u00e9cision \u00e9clair\u00e9e et pleinement \u00e9clair\u00e9e pour votre camping.<\/p>\r\n\r\n\r\n\r\n<div class=\"wp-block-buttons is-content-justification-center is-layout-flex wp-container-core-buttons-is-layout-a89b3969 wp-block-buttons-is-layout-flex\">\r\n<div class=\"wp-block-button wp-btn\"><a class=\"wp-block-button__link wp-element-button\" href=\"https:\/\/aosmithinternational.com\/fr\/la-societe\/contact\/vos-interlocuteurs\/\" target=\"_blank\" rel=\"noreferrer noopener\">Contactez votre interlocuteur<\/a><\/div>\r\n<\/div>\r\n\r\n\r\n\r\n<div class=\"wp-block-spacer\" style=\"height: 25px;\" aria-hidden=\"true\">\u00a0<\/div>\r\n\r\n\r\n\r\n<p>&nbsp;<\/p>\r\n<\/div>\r\n<\/div>\r\n\r\n\r\n<hr class=\"wp-block-separator has-alpha-channel-opacity\" \/>\r\n\r\n\r\n<h2 id=\"projets\" class=\"wp-block-heading\">Projets<\/h2>\r\n\r\n\r\n\r\n<p>\u00c9tant donn\u00e9 que nous sommes en mesure de produire de grandes quantit\u00e9s d\u2019eau chaude en peu de temps, proposons des syst\u00e8mes financi\u00e8rement viables et sommes capables de calculer pr\u00e9cis\u00e9ment la capacit\u00e9 requise pour un syst\u00e8me d\u2019eau chaude sanitaire, nous sommes pr\u00e9sents sur de nombreux campings. Vous aimeriez en savoir plus ? Alors cliquez sur l\u2019un de nos projets.<\/p>\r\n\r\n\r\n\r\n<div class=\"wp-block-columns is-layout-flex wp-container-core-columns-is-layout-28f84493 wp-block-columns-is-layout-flex\">\r\n<div class=\"wp-block-column is-layout-flow wp-block-column-is-layout-flow\" style=\"flex-basis: 25%;\">\r\n<h3 id=\"twister\" class=\"wp-block-heading has-text-align-left\">Twister<\/h3>\r\n\r\n\r\n\r\n<figure class=\"wp-block-image size-large is-style-default\"><a href=\"https:\/\/aosmithinternational.com\/fr\/twi-camping-a-o-smith\/\"><img decoding=\"async\" class=\"wp-image-153589\" src=\"https:\/\/aosmithinternational.com\/wp-content\/uploads\/2025\/09\/Les-etangs-camping-10.jpg\" alt=\"camping\" \/><\/a><\/figure>\r\n\r\n\r\n\r\n<div class=\"wp-block-spacer\" style=\"height: 29px;\" aria-hidden=\"true\">\u00a0<\/div>\r\n\r\n\r\n\r\n<div class=\"wp-block-buttons is-layout-flex wp-block-buttons-is-layout-flex\">\r\n<div class=\"wp-block-button is-style-fill\"><a class=\"wp-block-button__link wp-element-button\" href=\"https:\/\/aosmithinternational.com\/fr\/twi-camping-a-o-smith\/\" target=\"_blank\" rel=\"noreferrer noopener\">En lire plus<\/a><\/div>\r\n<\/div>\r\n<\/div>\r\n\r\n\r\n\r\n<div class=\"wp-block-column is-layout-flow wp-block-column-is-layout-flow\" style=\"flex-basis: 25%;\">\r\n<h3 id=\"sge-theta\" class=\"wp-block-heading\">SGE + Theta<\/h3>\r\n\r\n\r\n\r\n<figure class=\"wp-block-image size-large\"><a href=\"https:\/\/aosmithinternational.com\/fr\/sge-theta-double-service-mini-site-camping\/\"><img decoding=\"async\" class=\"wp-image-153218\" src=\"https:\/\/aosmithinternational.com\/wp-content\/uploads\/2025\/09\/Camping-veranda-12.jpg\" alt=\"SGE zonnesysteem camping\" \/><\/a><\/figure>\r\n\r\n\r\n\r\n<div class=\"wp-block-spacer\" style=\"height: 27px;\" aria-hidden=\"true\">\u00a0<\/div>\r\n\r\n\r\n\r\n<div class=\"wp-block-buttons is-layout-flex wp-block-buttons-is-layout-flex\">\r\n<div class=\"wp-block-button\"><a class=\"wp-block-button__link wp-element-button\" href=\"https:\/\/aosmithinternational.com\/fr\/sge-theta-double-service-mini-site-camping\/\" target=\"_blank\" rel=\"noreferrer noopener\">En lire plus<\/a><\/div>\r\n<\/div>\r\n<\/div>\r\n\r\n\r\n\r\n<div class=\"wp-block-column is-layout-flow wp-block-column-is-layout-flow\" style=\"flex-basis: 25%;\">\r\n<h3 id=\"bfc-cyclone\" class=\"wp-block-heading\">BFC Cyclone<\/h3>\r\n\r\n\r\n\r\n<figure class=\"wp-block-image size-large\"><a href=\"https:\/\/aosmithinternational.com\/fr\/bfc-camping\/\"><img decoding=\"async\" class=\"wp-image-157949\" src=\"https:\/\/aosmithinternational.com\/wp-content\/uploads\/2025\/09\/Eperviere-12.jpg\" alt=\"BFC Cyclone site camping\" \/><\/a><\/figure>\r\n\r\n\r\n\r\n<div class=\"wp-block-spacer\" style=\"height: 22px;\" aria-hidden=\"true\">\u00a0<\/div>\r\n\r\n\r\n\r\n<div class=\"wp-block-buttons is-layout-flex wp-block-buttons-is-layout-flex\">\r\n<div class=\"wp-block-button\"><a class=\"wp-block-button__link wp-element-button\" href=\"https:\/\/aosmithinternational.com\/fr\/bfc-camping-du-chateau-de-leperviere\/\" target=\"_blank\" rel=\"noreferrer noopener\">En lire plus<\/a><\/div>\r\n<\/div>\r\n<\/div>\r\n\r\n\r\n\r\n<div class=\"wp-block-column has-white-background-color has-background is-layout-flow wp-block-column-is-layout-flow\" style=\"flex-basis: 25%;\">\r\n<div class=\"wp-block-buttons is-layout-flex wp-block-buttons-is-layout-flex\"><\/div>\r\n<\/div>\r\n<\/div>\r\n\r\n\r\n\r\n<p>&nbsp;<\/p>\r\n","protected":false},"excerpt":{"rendered":"<p>Besoin de grandes quantit\u00e9s d\u2019eau chaude en peu de temps Entre 18 h et 22 h, les campings connaissent une [&hellip;]<\/p>\n","protected":false},"author":1,"featured_media":764135,"parent":0,"menu_order":0,"comment_status":"open","ping_status":"open","template":"","meta":{"_acf_changed":false,"inline_featured_image":false,"site-sidebar-layout":"default","site-content-layout":"","ast-site-content-layout":"default","site-content-style":"default","site-sidebar-style":"default","ast-global-header-display":"","ast-banner-title-visibility":"","ast-main-header-display":"","ast-hfb-above-header-display":"","ast-hfb-below-header-display":"","ast-hfb-mobile-header-display":"","site-post-title":"","ast-breadcrumbs-content":"","ast-featured-img":"","footer-sml-layout":"","ast-disable-related-posts":"","theme-transparent-header-meta":"default","adv-header-id-meta":"","stick-header-meta":"default","header-above-stick-meta":"","header-main-stick-meta":"","header-below-stick-meta":"","astra-migrate-meta-layouts":"set","ast-page-background-enabled":"default","ast-page-background-meta":{"desktop":{"background-color":"var(--ast-global-color-5)","background-image":"","background-repeat":"repeat","background-position":"center center","background-size":"auto","background-attachment":"scroll","background-type":"","background-media":"","overlay-type":"","overlay-color":"","overlay-opacity":"","overlay-gradient":""},"tablet":{"background-color":"","background-image":"","background-repeat":"repeat","background-position":"center center","background-size":"auto","background-attachment":"scroll","background-type":"","background-media":"","overlay-type":"","overlay-color":"","overlay-opacity":"","overlay-gradient":""},"mobile":{"background-color":"","background-image":"","background-repeat":"repeat","background-position":"center center","background-size":"auto","background-attachment":"scroll","background-type":"","background-media":"","overlay-type":"","overlay-color":"","overlay-opacity":"","overlay-gradient":""}},"ast-content-background-meta":{"desktop":{"background-color":"var(--ast-global-color-4)","background-image":"","background-repeat":"repeat","background-position":"center center","background-size":"auto","background-attachment":"scroll","background-type":"","background-media":"","overlay-type":"","overlay-color":"","overlay-opacity":"","overlay-gradient":""},"tablet":{"background-color":"var(--ast-global-color-4)","background-image":"","background-repeat":"repeat","background-position":"center center","background-size":"auto","background-attachment":"scroll","background-type":"","background-media":"","overlay-type":"","overlay-color":"","overlay-opacity":"","overlay-gradient":""},"mobile":{"background-color":"var(--ast-global-color-4)","background-image":"","background-repeat":"repeat","background-position":"center center","background-size":"auto","background-attachment":"scroll","background-type":"","background-media":"","overlay-type":"","overlay-color":"","overlay-opacity":"","overlay-gradient":""}},"footnotes":""},"class_list":["post-764090","page","type-page","status-publish","has-post-thumbnail","hentry"],"acf":[],"_links":{"self":[{"href":"https:\/\/aosmithinternational.com\/fr\/wp-json\/wp\/v2\/pages\/764090","targetHints":{"allow":["GET"]}}],"collection":[{"href":"https:\/\/aosmithinternational.com\/fr\/wp-json\/wp\/v2\/pages"}],"about":[{"href":"https:\/\/aosmithinternational.com\/fr\/wp-json\/wp\/v2\/types\/page"}],"author":[{"embeddable":true,"href":"https:\/\/aosmithinternational.com\/fr\/wp-json\/wp\/v2\/users\/1"}],"replies":[{"embeddable":true,"href":"https:\/\/aosmithinternational.com\/fr\/wp-json\/wp\/v2\/comments?post=764090"}],"version-history":[{"count":0,"href":"https:\/\/aosmithinternational.com\/fr\/wp-json\/wp\/v2\/pages\/764090\/revisions"}],"wp:featuredmedia":[{"embeddable":true,"href":"https:\/\/aosmithinternational.com\/fr\/wp-json\/wp\/v2\/media\/764135"}],"wp:attachment":[{"href":"https:\/\/aosmithinternational.com\/fr\/wp-json\/wp\/v2\/media?parent=764090"}],"curies":[{"name":"wp","href":"https:\/\/api.w.org\/{rel}","templated":true}]}}