{"id":746601,"date":"2016-07-12T11:58:18","date_gmt":"2016-07-12T09:58:18","guid":{"rendered":"https:\/\/staging.aosmithinternational.com\/rolunk\/"},"modified":"2024-03-04T14:25:46","modified_gmt":"2024-03-04T13:25:46","slug":"rolunk","status":"publish","type":"page","link":"https:\/\/aosmithinternational.com\/hu\/rolunk\/","title":{"rendered":"R\u00f3lunk"},"content":{"rendered":"\n<h2 class=\"wp-block-heading\"><strong>Sok meleg v\u00edz r\u00f6vid id\u0151 alatt<\/strong><\/h2>\n\n\n\n<p>A v\u00edzig\u00e9ny szinte minden tev\u00e9kenys\u00e9g\u00fcnket befoly\u00e1solja. A meleg v\u00edz gyakran l\u00e9tfontoss\u00e1g\u00fa a sz\u00fcks\u00e9ges higi\u00e9nia szempontj\u00e1b\u00f3l. Nagyon term\u00e9szetesnek tartjuk, hogy mindenhol tudunk meleg vizet engedni, \u00e9s a mi vil\u00e1gr\u00e9sz\u00fcnk\u00f6n ez val\u00f3ban \u00edgy van. Val\u00f3j\u00e1ban csak akkor vessz\u00fck \u00e9szre, amikor m\u00e1r elfogyott.<\/p>\n\n\n\n<p>Melegvizes megold\u00e1sokat k\u00edn\u00e1lunk ipari \u00e9s kereskedelmi alkalmaz\u00e1sokhoz. &#8222;B\u00e1rmi, ami h\u00e1rom zuhanyfejjel \u00e9s t\u00f6bbel rendelkezik&#8221; &#8211; mondjuk mindig. Vagy egyszer\u0171en csak &#8222;sok meleg v\u00edz r\u00f6vid id\u0151 alatt&#8221;.<\/p>\n\n\n\n<h2 class=\"wp-block-heading\"><strong>K\u00e9zm\u0171vess\u00e9g Eur\u00f3p\u00e1b\u00f3l<\/strong><\/h2>\n\n\n\n<p>Az A.O. Smith Corporation le\u00e1nyv\u00e1llalata vagyunk; egy t\u0151zsd\u00e9n jegyzett (NYSE) v\u00e1llalat, amely vil\u00e1gszerte mintegy 18 000 alkalmazottat foglalkoztat. Veldhoveni (NL) gy\u00e1runkban 1970 \u00f3ta gy\u00e1rtunk kaz\u00e1nokat az eur\u00f3pai piac sz\u00e1m\u00e1ra. Van egy tart\u00e1ly\u00fczem\u00fcnk, ahol a magasan k\u00e9pzett f\u00e9mipari munk\u00e1sok egy ac\u00e9llemezb\u0151l tart\u00e1lyt k\u00e9sz\u00edtenek. \u00d6sszeszerel\u00e9s ut\u00e1n ezt zom\u00e1ncr\u00e9teggel l\u00e1tjuk el szabadalmaztatott &#8222;slush-coating&#8221; m\u00f3dszer\u00fcnkkel.<\/p>\n\n\n\n<p>Az \u00f6sszeszerel\u0151 r\u00e9szleg ezut\u00e1n a tart\u00e1lyokat kaz\u00e1nn\u00e1 \u00e9p\u00edti \u00f6ssze, \u00e9s orsz\u00e1gspecifikusan alak\u00edtja ki. Nem minden eur\u00f3pai orsz\u00e1g haszn\u00e1lja ugyanazokat a specifik\u00e1ci\u00f3kat, \u00e9s a felhaszn\u00e1lt t\u00fczel\u0151anyagok is orsz\u00e1gonk\u00e9nt elt\u00e9r\u0151ek.<\/p>\n\n\n\n<h2 class=\"wp-block-heading\"><strong>Fenntarthat\u00f3<\/strong><\/h2>\n\n\n\n<p>Eur\u00f3p\u00e1ban t\u00f6bb mint 20 \u00e9ve vezett\u00fck be a kondenz\u00e1ci\u00f3s g\u00e1zkaz\u00e1nokat, amelyek a g\u00e1zkaz\u00e1nok hat\u00e9konys\u00e1g\u00e1t ak\u00e1r 109%-os \u00e9rt\u00e9kre is megn\u00f6velt\u00e9k. Val\u00f3j\u00e1ban kevesebb g\u00e1zra van sz\u00fcks\u00e9g ugyanannyi v\u00edzmennyis\u00e9g felmeleg\u00edt\u00e9s\u00e9hez. A napkollektoros rendszerek hozz\u00e1ad\u00e1sa szint\u00e9n hozz\u00e1j\u00e1rult az egyre fenntarthat\u00f3bb melegv\u00edz-rendszerekhez \u00e9s a fosszilis t\u00fczel\u0151anyagok kevesebb felhaszn\u00e1l\u00e1s\u00e1hoz. Az A.O. Smith 2020-t\u00f3l a kereskedelmi \u00e9s ipari alkalmaz\u00e1sokhoz is k\u00edn\u00e1l h\u0151szivatty\u00fakat, amelyek egyre ink\u00e1bb kl\u00edmabar\u00e1t rendszereket jelentenek.<\/p>\n\n\n\n<p><\/p>\n\n\n\n<p><\/p>\n\n\n\n<p><\/p>\n\n\n\n<p><\/p>\n\n\n\n<p><\/p>\n\n\n\n<h2 class=\"wp-block-heading\"><\/h2>\n","protected":false},"excerpt":{"rendered":"<p>Sok meleg v\u00edz r\u00f6vid id\u0151 alatt A v\u00edzig\u00e9ny szinte minden tev\u00e9kenys\u00e9g\u00fcnket befoly\u00e1solja. A meleg v\u00edz gyakran l\u00e9tfontoss\u00e1g\u00fa a sz\u00fcks\u00e9ges higi\u00e9nia [&hellip;]<\/p>\n","protected":false},"author":1,"featured_media":5161,"parent":0,"menu_order":0,"comment_status":"open","ping_status":"closed","template":"","meta":{"_acf_changed":false,"inline_featured_image":false,"site-sidebar-layout":"default","site-content-layout":"","ast-site-content-layout":"default","site-content-style":"default","site-sidebar-style":"default","ast-global-header-display":"","ast-banner-title-visibility":"","ast-main-header-display":"","ast-hfb-above-header-display":"","ast-hfb-below-header-display":"","ast-hfb-mobile-header-display":"","site-post-title":"","ast-breadcrumbs-content":"","ast-featured-img":"","footer-sml-layout":"","ast-disable-related-posts":"","theme-transparent-header-meta":"default","adv-header-id-meta":"","stick-header-meta":"default","header-above-stick-meta":"","header-main-stick-meta":"","header-below-stick-meta":"","astra-migrate-meta-layouts":"default","ast-page-background-enabled":"default","ast-page-background-meta":{"desktop":{"background-color":"var(--ast-global-color-5)","background-image":"","background-repeat":"repeat","background-position":"center center","background-size":"auto","background-attachment":"scroll","background-type":"","background-media":"","overlay-type":"","overlay-color":"","overlay-opacity":"","overlay-gradient":""},"tablet":{"background-color":"","background-image":"","background-repeat":"repeat","background-position":"center center","background-size":"auto","background-attachment":"scroll","background-type":"","background-media":"","overlay-type":"","overlay-color":"","overlay-opacity":"","overlay-gradient":""},"mobile":{"background-color":"","background-image":"","background-repeat":"repeat","background-position":"center center","background-size":"auto","background-attachment":"scroll","background-type":"","background-media":"","overlay-type":"","overlay-color":"","overlay-opacity":"","overlay-gradient":""}},"ast-content-background-meta":{"desktop":{"background-color":"var(--ast-global-color-4)","background-image":"","background-repeat":"repeat","background-position":"center center","background-size":"auto","background-attachment":"scroll","background-type":"","background-media":"","overlay-type":"","overlay-color":"","overlay-opacity":"","overlay-gradient":""},"tablet":{"background-color":"var(--ast-global-color-4)","background-image":"","background-repeat":"repeat","background-position":"center center","background-size":"auto","background-attachment":"scroll","background-type":"","background-media":"","overlay-type":"","overlay-color":"","overlay-opacity":"","overlay-gradient":""},"mobile":{"background-color":"var(--ast-global-color-4)","background-image":"","background-repeat":"repeat","background-position":"center center","background-size":"auto","background-attachment":"scroll","background-type":"","background-media":"","overlay-type":"","overlay-color":"","overlay-opacity":"","overlay-gradient":""}},"footnotes":""},"class_list":["post-746601","page","type-page","status-publish","has-post-thumbnail","hentry"],"acf":[],"_links":{"self":[{"href":"https:\/\/aosmithinternational.com\/hu\/wp-json\/wp\/v2\/pages\/746601","targetHints":{"allow":["GET"]}}],"collection":[{"href":"https:\/\/aosmithinternational.com\/hu\/wp-json\/wp\/v2\/pages"}],"about":[{"href":"https:\/\/aosmithinternational.com\/hu\/wp-json\/wp\/v2\/types\/page"}],"author":[{"embeddable":true,"href":"https:\/\/aosmithinternational.com\/hu\/wp-json\/wp\/v2\/users\/1"}],"replies":[{"embeddable":true,"href":"https:\/\/aosmithinternational.com\/hu\/wp-json\/wp\/v2\/comments?post=746601"}],"version-history":[{"count":0,"href":"https:\/\/aosmithinternational.com\/hu\/wp-json\/wp\/v2\/pages\/746601\/revisions"}],"wp:featuredmedia":[{"embeddable":true,"href":"https:\/\/aosmithinternational.com\/hu\/wp-json\/wp\/v2\/media\/5161"}],"wp:attachment":[{"href":"https:\/\/aosmithinternational.com\/hu\/wp-json\/wp\/v2\/media?parent=746601"}],"curies":[{"name":"wp","href":"https:\/\/api.w.org\/{rel}","templated":true}]}}