{"id":746613,"date":"2016-07-12T12:01:54","date_gmt":"2016-07-12T10:01:54","guid":{"rendered":"https:\/\/staging.aosmithinternational.com\/az-a-o-smith-adatvedelmi-szabalyzata\/"},"modified":"2025-09-24T15:07:28","modified_gmt":"2025-09-24T13:07:28","slug":"az-a-o-smith-adatvedelmi-szabalyzata","status":"publish","type":"page","link":"https:\/\/aosmithinternational.com\/hu\/rolunk\/az-a-o-smith-adatvedelmi-szabalyzata\/","title":{"rendered":"Az A.O. Smith adatv\u00e9delmi szab\u00e1lyzata"},"content":{"rendered":"\n<p>Adatv\u00e9delmi nyilatkozat<\/p>\n\n\n\n<p>Az al\u00e1bbiakban a cookie-k elhelyez\u00e9s\u00e9re vonatkoz\u00f3 nyilatkozatot tal\u00e1lja. Le\u00edrja, hogy melyiket haszn\u00e1ljuk, \u00e9s a v\u00e1ltoztat\u00e1s lehet\u0151s\u00e9g\u00e9t.<\/p>\n\n\n<script\n\t\ttype=\"text\/javascript\"\n\t\tid=\"CookieDeclaration\"\n\t\tsrc=\"https:\/\/consent.cookiebot.com\/1e6844c6-1e4b-4e36-98e2-ec7bfb80bae2\/cd.js\"\n\t\tasync><\/script>\n\n\n\n\n<div class=\"wp-block-columns is-layout-flex wp-container-core-columns-is-layout-28f84493 wp-block-columns-is-layout-flex\">\n<div class=\"wp-block-column is-layout-flow wp-block-column-is-layout-flow\" style=\"flex-basis:10%\"><\/div>\n\n\n\n<div class=\"wp-block-column is-layout-flow wp-block-column-is-layout-flow\" style=\"flex-basis:66.66%\">\n<p>Be\u00e1ll\u00edt\u00e1sok friss\u00edt\u00e9s\u00e9hez, adatainak friss\u00edt\u00e9s\u00e9hez vagy kijav\u00edt\u00e1s\u00e1hoz, k\u00e9r\u00e9s beny\u00fajt\u00e1s\u00e1hoz, k\u00e9rd\u00e9seket feltenni az adatv\u00e9delmi szab\u00e1lyzattal kapcsolatban, vagy m\u00e1s vonatkoz\u00f3 adatv\u00e9delmi jogokat gyakorolni, k\u00e9rj\u00fck, l\u00e9pjen vel\u00fcnk kapcsolatba e-mailben az InfoSecpolicy@aosmith.com c\u00edmen, vagy \u00edrjon nek\u00fcnk a k\u00f6vetkez\u0151 c\u00edmre:<\/p>\n\n\n\n<p>U.S:<br>f\u0151tan\u00e1csos<br>AO Smith Corporation<br>11270 West Park Place<br>Milwaukee, Wisconsin 53224<br>USA EGT:<br>Az \u00d6n szem\u00e9lyes adatainak EGT-beli feldolgoz\u00e1s\u00e1\u00e9rt felel\u0151s jogalanyok a k\u00f6vetkez\u0151k:<\/p>\n\n\n\n<p>A.O. Smith Holdings I B.V.<br>A.O. Smith Holdings II B.V.<br>A.O. Smith Holdings III B.V.<br>A.O. Smith International Holdings B.V.<br>A.O. Smith Products v.o.f.<br>A.O. Smith Water Products Company B.V.<br>A. O. Smith L&#8217;eau chaude, S.a.r.l.<br>Lochinvar Limited<br>Waterboss Europe, S.a.r.l.<\/p>\n<\/div>\n<\/div>\n","protected":false},"excerpt":{"rendered":"<p>Adatv\u00e9delmi nyilatkozat Az al\u00e1bbiakban a cookie-k elhelyez\u00e9s\u00e9re vonatkoz\u00f3 nyilatkozatot tal\u00e1lja. Le\u00edrja, hogy melyiket haszn\u00e1ljuk, \u00e9s a v\u00e1ltoztat\u00e1s lehet\u0151s\u00e9g\u00e9t. Be\u00e1ll\u00edt\u00e1sok friss\u00edt\u00e9s\u00e9hez, [&hellip;]<\/p>\n","protected":false},"author":1,"featured_media":738901,"parent":746601,"menu_order":0,"comment_status":"open","ping_status":"open","template":"","meta":{"_acf_changed":false,"inline_featured_image":false,"site-sidebar-layout":"default","site-content-layout":"","ast-site-content-layout":"default","site-content-style":"default","site-sidebar-style":"default","ast-global-header-display":"","ast-banner-title-visibility":"","ast-main-header-display":"","ast-hfb-above-header-display":"","ast-hfb-below-header-display":"","ast-hfb-mobile-header-display":"","site-post-title":"","ast-breadcrumbs-content":"","ast-featured-img":"","footer-sml-layout":"","ast-disable-related-posts":"","theme-transparent-header-meta":"default","adv-header-id-meta":"","stick-header-meta":"default","header-above-stick-meta":"","header-main-stick-meta":"","header-below-stick-meta":"","astra-migrate-meta-layouts":"default","ast-page-background-enabled":"default","ast-page-background-meta":{"desktop":{"background-color":"var(--ast-global-color-5)","background-image":"","background-repeat":"repeat","background-position":"center center","background-size":"auto","background-attachment":"scroll","background-type":"","background-media":"","overlay-type":"","overlay-color":"","overlay-opacity":"","overlay-gradient":""},"tablet":{"background-color":"","background-image":"","background-repeat":"repeat","background-position":"center center","background-size":"auto","background-attachment":"scroll","background-type":"","background-media":"","overlay-type":"","overlay-color":"","overlay-opacity":"","overlay-gradient":""},"mobile":{"background-color":"","background-image":"","background-repeat":"repeat","background-position":"center center","background-size":"auto","background-attachment":"scroll","background-type":"","background-media":"","overlay-type":"","overlay-color":"","overlay-opacity":"","overlay-gradient":""}},"ast-content-background-meta":{"desktop":{"background-color":"var(--ast-global-color-4)","background-image":"","background-repeat":"repeat","background-position":"center center","background-size":"auto","background-attachment":"scroll","background-type":"","background-media":"","overlay-type":"","overlay-color":"","overlay-opacity":"","overlay-gradient":""},"tablet":{"background-color":"var(--ast-global-color-4)","background-image":"","background-repeat":"repeat","background-position":"center center","background-size":"auto","background-attachment":"scroll","background-type":"","background-media":"","overlay-type":"","overlay-color":"","overlay-opacity":"","overlay-gradient":""},"mobile":{"background-color":"var(--ast-global-color-4)","background-image":"","background-repeat":"repeat","background-position":"center center","background-size":"auto","background-attachment":"scroll","background-type":"","background-media":"","overlay-type":"","overlay-color":"","overlay-opacity":"","overlay-gradient":""}},"footnotes":""},"class_list":["post-746613","page","type-page","status-publish","has-post-thumbnail","hentry"],"acf":[],"_links":{"self":[{"href":"https:\/\/aosmithinternational.com\/hu\/wp-json\/wp\/v2\/pages\/746613","targetHints":{"allow":["GET"]}}],"collection":[{"href":"https:\/\/aosmithinternational.com\/hu\/wp-json\/wp\/v2\/pages"}],"about":[{"href":"https:\/\/aosmithinternational.com\/hu\/wp-json\/wp\/v2\/types\/page"}],"author":[{"embeddable":true,"href":"https:\/\/aosmithinternational.com\/hu\/wp-json\/wp\/v2\/users\/1"}],"replies":[{"embeddable":true,"href":"https:\/\/aosmithinternational.com\/hu\/wp-json\/wp\/v2\/comments?post=746613"}],"version-history":[{"count":0,"href":"https:\/\/aosmithinternational.com\/hu\/wp-json\/wp\/v2\/pages\/746613\/revisions"}],"up":[{"embeddable":true,"href":"https:\/\/aosmithinternational.com\/hu\/wp-json\/wp\/v2\/pages\/746601"}],"wp:featuredmedia":[{"embeddable":true,"href":"https:\/\/aosmithinternational.com\/hu\/wp-json\/wp\/v2\/media\/738901"}],"wp:attachment":[{"href":"https:\/\/aosmithinternational.com\/hu\/wp-json\/wp\/v2\/media?parent=746613"}],"curies":[{"name":"wp","href":"https:\/\/api.w.org\/{rel}","templated":true}]}}