{"id":746625,"date":"2016-07-12T12:00:41","date_gmt":"2016-07-12T10:00:41","guid":{"rendered":"https:\/\/staging.aosmithinternational.com\/quality\/"},"modified":"2026-02-22T20:39:24","modified_gmt":"2026-02-22T19:39:24","slug":"quality","status":"publish","type":"page","link":"https:\/\/aosmithinternational.com\/hu\/rolunk\/quality\/","title":{"rendered":"Min\u0151s\u00e9g"},"content":{"rendered":"\r\n<h2 class=\"wp-block-heading\">Egyedi ig\u00e9nyekre szabott tan\u00e1csad\u00e1s<\/h2>\r\n\r\n\r\n\r\n<p>Az A.O. Smith-n\u00e9l a min\u0151s\u00e9g magas sz\u00ednvonalat k\u00e9pvisel. A sz\u00e1mos rendelkez\u00e9sre \u00e1ll\u00f3 lehet\u0151s\u00e9gnek k\u00f6sz\u00f6nhet\u0151en m\u0171szaki t\u00e1mogat\u00f3 csoportunk \u00e9s \u00e9rt\u00e9kes\u00edt\u00e9si m\u00e9rn\u00f6keink mindig a legjobb tan\u00e1csokkal l\u00e1tj\u00e1k el \u00d6nt. Ez t\u00f6rt\u00e9nhet az els\u0151 szakaszban, amikor a fontos d\u00f6nt\u00e9seket kell meghozni, vagy k\u00e9s\u0151bb, a berendez\u00e9s telep\u00edt\u00e9se \u00e9s karbantart\u00e1sa sor\u00e1n.<\/p>\r\n\r\n\r\n\r\n<h2 class=\"wp-block-heading\">Min\u0151s\u00e9gi tan\u00fas\u00edt\u00e1s<\/h2>\r\n\r\n\r\n\r\n<h3 class=\"wp-block-heading\">CE tan\u00fas\u00edt\u00e1s<\/h3>\r\n\r\n\r\n\r\n<p>A CE-tan\u00fas\u00edtv\u00e1ny egy\u00e9rtelm\u0171v\u00e9 teszi, hogy a term\u00e9k megfelel-e az EGT (Eur\u00f3pai Uni\u00f3 + Sv\u00e1jc, Liechtenstein, Norv\u00e9gia \u00e9s Izland) el\u0151\u00edr\u00e1sainak. Az A.O. Smith minden term\u00e9ke rendelkezik ezzel a tan\u00fas\u00edtv\u00e1nnyal.<\/p>\r\n\r\n\r\n\r\n<h3 class=\"wp-block-heading\">ISO tan\u00fas\u00edt\u00e1s<\/h3>\r\n\r\n\r\n\r\n<p>Az ISO 9001 a min\u0151s\u00e9gir\u00e1ny\u00edt\u00e1s nemzetk\u00f6zi norm\u00e1ja. Az A.O. Smith gy\u00e1rt\u00e1si folyamatai mind megfelelnek ennek a min\u0151s\u00e9gi szabv\u00e1nynak, mint p\u00e9ld\u00e1ul az <a href=\"https:\/\/aosmithinternational.com\/wp-content\/uploads\/2025\/10\/Certificaat_ISO_9001_UK.pdf\" target=\"_blank\" rel=\"noreferrer noopener\">ISO 9001<\/a>-nek.<\/p>\r\n\r\n\r\n\r\n<p>Az A.O. Smith rendelkezik az <a href=\"https:\/\/aosmithinternational.com\/wp-content\/uploads\/2025\/10\/Certificaat_ISO_14001_UK.pdf\" target=\"_blank\" rel=\"noreferrer noopener\">ISO 14001 tan\u00fas\u00edtv\u00e1nnyal<\/a> is a haszn\u00e1lt k\u00f6rnyezetir\u00e1ny\u00edt\u00e1si rendszerre \u00e9s annak alkalmaz\u00e1s\u00e1ra a melegv\u00edz-, f\u0171t\u00e9si \u00e9s v\u00edzkezel\u0151 rendszerek tervez\u00e9se, gy\u00e1rt\u00e1sa, \u00e9rt\u00e9kes\u00edt\u00e9se, \u00fczembe helyez\u00e9se \u00e9s karbantart\u00e1sa ter\u00e9n.<\/p>\r\n\r\n\r\n\r\n<p>Az <a href=\"https:\/\/aosmithinternational.com\/wp-content\/uploads\/2025\/10\/Certificaat_ISO_45001_UK.pdf\" target=\"_blank\" rel=\"noreferrer noopener\">ISO 45001<\/a> az eg\u00e9szs\u00e9ges \u00e9s biztons\u00e1gos munkav\u00e9gz\u00e9s k\u00f6vetelm\u00e9nyeinek ir\u00e1ny\u00edt\u00e1si rendszere, a haszn\u00e1latra vonatkoz\u00f3 ir\u00e1nymutat\u00e1sokkal. Ez egy eszk\u00f6z a munk\u00e1ltat\u00f3k azon jogi k\u00f6telezetts\u00e9g\u00e9nek szisztematikus v\u00e9grehajt\u00e1s\u00e1ra, hogy biztos\u00edts\u00e1k a munkav\u00e1llal\u00f3k biztons\u00e1g\u00e1t \u00e9s eg\u00e9szs\u00e9g\u00e9t.<\/p>\r\n\r\n\r\n\r\n<h2 class=\"wp-block-heading\">Tov\u00e1bbi tan\u00fas\u00edtv\u00e1nyok<\/h2>\r\n\r\n\r\n\r\n<p>A (helyi) juttat\u00e1sokra val\u00f3 jogosults\u00e1ghoz tov\u00e1bbi igazol\u00e1sok sz\u00fcks\u00e9gesek Hollandi\u00e1ban, Franciaorsz\u00e1gban, Belgiumban \u00e9s Nagy-Britanni\u00e1ban. Az A.O. Smith term\u00e9kei megfelelnek az eur\u00f3pai Rohs, WEEE \u00e9s PED el\u0151\u00edr\u00e1soknak is.<\/p>\r\n\r\n\r\n\r\n<h2 class=\"wp-block-heading\">Fejleszt\u00e9si \u00e9s gy\u00e1rt\u00e1si folyamatok<\/h2>\r\n\r\n\r\n\r\n<p>A min\u0151s\u00e9g fontos t\u00e9nyez\u0151 a k\u00e9sz\u00fcl\u00e9keink fejleszt\u00e9se \u00e9s gy\u00e1rt\u00e1sa sor\u00e1n. Az A.O. Smith a korszer\u0171 v\u00edzmeleg\u00edt\u0151 term\u00e9kek \u00e9s technol\u00f3gi\u00e1k ter\u00e9n trendteremt\u0151nek sz\u00e1m\u00edt. J\u00f3 p\u00e9lda erre a teljes eg\u00e9sz\u00e9ben saj\u00e1t fejleszt\u00e9s\u0171, szabadalmaztatott PermaGlas Ultra Coat zom\u00e1ncoz\u00e1sunk: az ac\u00e9ltart\u00e1ly bels\u0151 fel\u00fclet\u00e9n \u00fcvegb\u0151l k\u00e9sz\u00fclt v\u00e9d\u0151r\u00e9teg, amely biztos\u00edtja a maxim\u00e1lis korr\u00f3zi\u00f3\u00e1ll\u00f3s\u00e1got \u00e9s a k\u00e9sz\u00fcl\u00e9k hossz\u00fa \u00e9lettartam\u00e1t.<\/p>\r\n","protected":false},"excerpt":{"rendered":"<p>Egyedi ig\u00e9nyekre szabott tan\u00e1csad\u00e1s Az A.O. Smith-n\u00e9l a min\u0151s\u00e9g magas sz\u00ednvonalat k\u00e9pvisel. A sz\u00e1mos rendelkez\u00e9sre \u00e1ll\u00f3 lehet\u0151s\u00e9gnek k\u00f6sz\u00f6nhet\u0151en m\u0171szaki t\u00e1mogat\u00f3 [&hellip;]<\/p>\n","protected":false},"author":1,"featured_media":5653,"parent":746601,"menu_order":0,"comment_status":"open","ping_status":"open","template":"","meta":{"_acf_changed":false,"inline_featured_image":false,"site-sidebar-layout":"default","site-content-layout":"","ast-site-content-layout":"default","site-content-style":"default","site-sidebar-style":"default","ast-global-header-display":"","ast-banner-title-visibility":"","ast-main-header-display":"","ast-hfb-above-header-display":"","ast-hfb-below-header-display":"","ast-hfb-mobile-header-display":"","site-post-title":"","ast-breadcrumbs-content":"","ast-featured-img":"","footer-sml-layout":"","ast-disable-related-posts":"","theme-transparent-header-meta":"default","adv-header-id-meta":"","stick-header-meta":"default","header-above-stick-meta":"","header-main-stick-meta":"","header-below-stick-meta":"","astra-migrate-meta-layouts":"set","ast-page-background-enabled":"default","ast-page-background-meta":{"desktop":{"background-color":"var(--ast-global-color-5)","background-image":"","background-repeat":"repeat","background-position":"center center","background-size":"auto","background-attachment":"scroll","background-type":"","background-media":"","overlay-type":"","overlay-color":"","overlay-opacity":"","overlay-gradient":""},"tablet":{"background-color":"","background-image":"","background-repeat":"repeat","background-position":"center center","background-size":"auto","background-attachment":"scroll","background-type":"","background-media":"","overlay-type":"","overlay-color":"","overlay-opacity":"","overlay-gradient":""},"mobile":{"background-color":"","background-image":"","background-repeat":"repeat","background-position":"center center","background-size":"auto","background-attachment":"scroll","background-type":"","background-media":"","overlay-type":"","overlay-color":"","overlay-opacity":"","overlay-gradient":""}},"ast-content-background-meta":{"desktop":{"background-color":"var(--ast-global-color-4)","background-image":"","background-repeat":"repeat","background-position":"center center","background-size":"auto","background-attachment":"scroll","background-type":"","background-media":"","overlay-type":"","overlay-color":"","overlay-opacity":"","overlay-gradient":""},"tablet":{"background-color":"var(--ast-global-color-4)","background-image":"","background-repeat":"repeat","background-position":"center center","background-size":"auto","background-attachment":"scroll","background-type":"","background-media":"","overlay-type":"","overlay-color":"","overlay-opacity":"","overlay-gradient":""},"mobile":{"background-color":"var(--ast-global-color-4)","background-image":"","background-repeat":"repeat","background-position":"center center","background-size":"auto","background-attachment":"scroll","background-type":"","background-media":"","overlay-type":"","overlay-color":"","overlay-opacity":"","overlay-gradient":""}},"footnotes":""},"class_list":["post-746625","page","type-page","status-publish","has-post-thumbnail","hentry"],"acf":[],"_links":{"self":[{"href":"https:\/\/aosmithinternational.com\/hu\/wp-json\/wp\/v2\/pages\/746625","targetHints":{"allow":["GET"]}}],"collection":[{"href":"https:\/\/aosmithinternational.com\/hu\/wp-json\/wp\/v2\/pages"}],"about":[{"href":"https:\/\/aosmithinternational.com\/hu\/wp-json\/wp\/v2\/types\/page"}],"author":[{"embeddable":true,"href":"https:\/\/aosmithinternational.com\/hu\/wp-json\/wp\/v2\/users\/1"}],"replies":[{"embeddable":true,"href":"https:\/\/aosmithinternational.com\/hu\/wp-json\/wp\/v2\/comments?post=746625"}],"version-history":[{"count":1,"href":"https:\/\/aosmithinternational.com\/hu\/wp-json\/wp\/v2\/pages\/746625\/revisions"}],"predecessor-version":[{"id":996394,"href":"https:\/\/aosmithinternational.com\/hu\/wp-json\/wp\/v2\/pages\/746625\/revisions\/996394"}],"up":[{"embeddable":true,"href":"https:\/\/aosmithinternational.com\/hu\/wp-json\/wp\/v2\/pages\/746601"}],"wp:featuredmedia":[{"embeddable":true,"href":"https:\/\/aosmithinternational.com\/hu\/wp-json\/wp\/v2\/media\/5653"}],"wp:attachment":[{"href":"https:\/\/aosmithinternational.com\/hu\/wp-json\/wp\/v2\/media?parent=746625"}],"curies":[{"name":"wp","href":"https:\/\/api.w.org\/{rel}","templated":true}]}}