{"id":746739,"date":"2025-10-26T16:44:20","date_gmt":"2025-10-26T15:44:20","guid":{"rendered":"https:\/\/staging.aosmithinternational.com\/mappa-del-sito\/"},"modified":"2025-11-05T11:32:51","modified_gmt":"2025-11-05T10:32:51","slug":"mappa-del-sito","status":"publish","type":"page","link":"https:\/\/aosmithinternational.com\/hu\/mappa-del-sito\/","title":{"rendered":"Oldalt\u00e9rk\u00e9p"},"content":{"rendered":"<div class=\"rank-math-html-sitemap\"><div class=\"rank-math-html-sitemap__section rank-math-html-sitemap__section--post-type rank-math-html-sitemap__section--post\"><h2 class=\"rank-math-html-sitemap__title\">Bejegyz\u00e9sek<\/h2><ul class=\"rank-math-html-sitemap__list\"><li class=\"rank-math-html-sitemap__item\"><a href=\"https:\/\/aosmithinternational.com\/hu\/hir\/prestazioni-a-ridotto-consumo-energetico\/\" class=\"rank-math-html-sitemap__link\">Energiahat\u00e9kony teljes\u00edtm\u00e9ny<\/a><\/li><\/ul><\/div><div class=\"rank-math-html-sitemap__section rank-math-html-sitemap__section--post-type rank-math-html-sitemap__section--page\"><h2 class=\"rank-math-html-sitemap__title\">Oldalak<\/h2><ul class=\"rank-math-html-sitemap__list\"><li class=\"rank-math-html-sitemap__item\"><a href=\"https:\/\/aosmithinternational.com\/hu\/mappa-del-sito\/\" class=\"rank-math-html-sitemap__link\">Oldalt\u00e9rk\u00e9p<\/a><\/li><li class=\"rank-math-html-sitemap__item\"><a href=\"https:\/\/aosmithinternational.com\/hu\/\" class=\"rank-math-html-sitemap__link\">Innovation has a name<\/a><\/li><li class=\"rank-math-html-sitemap__item\"><a href=\"https:\/\/aosmithinternational.com\/hu\/product-catalogues\/\" class=\"rank-math-html-sitemap__link\">Term\u00e9kkatal\u00f3gus<\/a><\/li><li class=\"rank-math-html-sitemap__item\"><a href=\"https:\/\/aosmithinternational.com\/hu\/productiedatum-toestel\/\" class=\"rank-math-html-sitemap__link\">A k\u00e9sz\u00fcl\u00e9kem gy\u00e1rt\u00e1si d\u00e1tuma<\/a><\/li><li class=\"rank-math-html-sitemap__item\"><a href=\"https:\/\/aosmithinternational.com\/hu\/futes\/\" class=\"rank-math-html-sitemap__link\">F\u0171t\u00e9s<\/a><\/li><li class=\"rank-math-html-sitemap__item\"><a href=\"https:\/\/aosmithinternational.com\/hu\/servizio\/\" class=\"rank-math-html-sitemap__link\">Szolg\u00e1ltat\u00e1s<\/a><\/li><li class=\"rank-math-html-sitemap__item\"><a href=\"https:\/\/aosmithinternational.com\/hu\/interfaccia-bms\/\" class=\"rank-math-html-sitemap__link\">BMS-interf\u00e9sz<\/a><\/li><li class=\"rank-math-html-sitemap__item\"><a href=\"https:\/\/aosmithinternational.com\/hu\/napelemes-rendszerek\/\" class=\"rank-math-html-sitemap__link\">Napelemes rendszerek<\/a><\/li><li class=\"rank-math-html-sitemap__item\"><a href=\"https:\/\/aosmithinternational.com\/hu\/parti\/\" class=\"rank-math-html-sitemap__link\">Alkatr\u00e9szek<\/a><ul class=\"rank-math-html-sitemap__list\"><li class=\"rank-math-html-sitemap__item\"><a href=\"https:\/\/aosmithinternational.com\/hu\/parti\/egestermek-elvezeto-rendszerek\/\" class=\"rank-math-html-sitemap__link\">\u00c9g\u00e9sterm\u00e9k-elvezet\u0151 rendszerek<\/a><\/li><\/ul><\/li><li class=\"rank-math-html-sitemap__item\"><a href=\"https:\/\/aosmithinternational.com\/hu\/termek-regisztracio\/\" class=\"rank-math-html-sitemap__link\">Term\u00e9k regisztr\u00e1ci\u00f3<\/a><\/li><li class=\"rank-math-html-sitemap__item\"><a href=\"https:\/\/aosmithinternational.com\/hu\/warranty\/\" class=\"rank-math-html-sitemap__link\">Garancia<\/a><\/li><li class=\"rank-math-html-sitemap__item\"><a href=\"https:\/\/aosmithinternational.com\/hu\/disclaimer\/\" class=\"rank-math-html-sitemap__link\">Jogi nyilatkozat<\/a><\/li><li class=\"rank-math-html-sitemap__item\"><a href=\"https:\/\/aosmithinternational.com\/hu\/konyvtar\/\" class=\"rank-math-html-sitemap__link\">K\u00f6nyvt\u00e1r<\/a><\/li><li class=\"rank-math-html-sitemap__item\"><a href=\"https:\/\/aosmithinternational.com\/hu\/rolunk\/\" class=\"rank-math-html-sitemap__link\">R\u00f3lunk<\/a><ul class=\"rank-math-html-sitemap__list\"><li class=\"rank-math-html-sitemap__item\"><a href=\"https:\/\/aosmithinternational.com\/hu\/rolunk\/contatto\/\" class=\"rank-math-html-sitemap__link\">El\u00e9rhet\u0151s\u00e9gek<\/a><\/li><li class=\"rank-math-html-sitemap__item\"><a href=\"https:\/\/aosmithinternational.com\/hu\/rolunk\/az-a-o-smith-adatvedelmi-szabalyzata\/\" class=\"rank-math-html-sitemap__link\">Az A.O. Smith adatv\u00e9delmi szab\u00e1lyzata<\/a><\/li><li class=\"rank-math-html-sitemap__item\"><a href=\"https:\/\/aosmithinternational.com\/hu\/rolunk\/quality\/\" class=\"rank-math-html-sitemap__link\">Min\u0151s\u00e9g<\/a><\/li><\/ul><\/li><li class=\"rank-math-html-sitemap__item\"><a href=\"https:\/\/aosmithinternational.com\/hu\/supporto-tecnico\/\" class=\"rank-math-html-sitemap__link\">\u00dcgyf\u00e9lszolg\u00e1lat<\/a><\/li><li class=\"rank-math-html-sitemap__item\"><a href=\"https:\/\/aosmithinternational.com\/hu\/blogs\/\" class=\"rank-math-html-sitemap__link\">Blogok<\/a><\/li><\/ul><\/div><div class=\"rank-math-html-sitemap__section rank-math-html-sitemap__section--post-type rank-math-html-sitemap__section--products\"><h2 class=\"rank-math-html-sitemap__title\">Term\u00e9kek<\/h2><ul class=\"rank-math-html-sitemap__list\"><li class=\"rank-math-html-sitemap__item\"><a href=\"https:\/\/aosmithinternational.com\/hu\/termekek\/dre-plus-elektrische-boiler\/\" class=\"rank-math-html-sitemap__link\">DRE Plus<\/a><\/li><li class=\"rank-math-html-sitemap__item\"><a href=\"https:\/\/aosmithinternational.com\/hu\/termekek\/enevator-store-warmtepomp\/\" class=\"rank-math-html-sitemap__link\">Enevator Store<\/a><\/li><li class=\"rank-math-html-sitemap__item\"><a href=\"https:\/\/aosmithinternational.com\/hu\/termekek\/theta\/\" class=\"rank-math-html-sitemap__link\">Theta Kett\u0151s \u00dczem<\/a><\/li><li class=\"rank-math-html-sitemap__item\"><a href=\"https:\/\/aosmithinternational.com\/hu\/termekek\/bfc-cyclone\/\" class=\"rank-math-html-sitemap__link\">BFC Cyclone<\/a><\/li><li class=\"rank-math-html-sitemap__item\"><a href=\"https:\/\/aosmithinternational.com\/hu\/termekek\/innovo\/\" class=\"rank-math-html-sitemap__link\">Innovo<\/a><\/li><li class=\"rank-math-html-sitemap__item\"><a href=\"https:\/\/aosmithinternational.com\/hu\/termekek\/sge-zonneboiler\/\" class=\"rank-math-html-sitemap__link\">SGE napelemes kaz\u00e1n<\/a><\/li><\/ul><\/div><div class=\"rank-math-html-sitemap__section rank-math-html-sitemap__section--post-type rank-math-html-sitemap__section--projects\"><h2 class=\"rank-math-html-sitemap__title\">Projekt<\/h2><ul class=\"rank-math-html-sitemap__list\"><li class=\"rank-math-html-sitemap__item\"><a href=\"https:\/\/aosmithinternational.com\/hu\/projektek\/sge-car-wash\/\" class=\"rank-math-html-sitemap__link\">Aut\u00f3mos\u00f3<\/a><\/li><li class=\"rank-math-html-sitemap__item\"><a href=\"https:\/\/aosmithinternational.com\/hu\/projektek\/bfc-cyclone-dual-service-dairy-farm\/\" class=\"rank-math-html-sitemap__link\">Tej\u00fczem<\/a><\/li><li class=\"rank-math-html-sitemap__item\"><a href=\"https:\/\/aosmithinternational.com\/hu\/projektek\/sge-theta-dual-service-zonne-gasboiler-op-camping\/\" class=\"rank-math-html-sitemap__link\">Mini kemping<\/a><\/li><li class=\"rank-math-html-sitemap__item\"><a href=\"https:\/\/aosmithinternational.com\/hu\/projektek\/bfc-football-stadium\/\" class=\"rank-math-html-sitemap__link\">Labdar\u00fag\u00f3 stadion<\/a><\/li><\/ul><\/div><div class=\"rank-math-html-sitemap__section rank-math-html-sitemap__section--taxonomy rank-math-html-sitemap__section--product-ranges\"><h2 class=\"rank-math-html-sitemap__title\">Product Ranges<\/h2><ul class=\"rank-math-html-sitemap__list\"><li class=\"rank-math-html-sitemap__item\"><a href=\"https:\/\/aosmithinternational.com\/hu\/product-ranges\/forro-viz-hu\/\" class=\"rank-math-html-sitemap__link\">Forr\u00f3 v\u00edz<\/a><ul class=\"rank-math-html-sitemap__list\"><li class=\"rank-math-html-sitemap__item\"><a href=\"https:\/\/aosmithinternational.com\/hu\/product-ranges\/kozvetett-vizmelegitok\/\" class=\"rank-math-html-sitemap__link\">K\u00f6zvetett v\u00edzmeleg\u00edt\u0151k<\/a><\/li><li class=\"rank-math-html-sitemap__item\"><a href=\"https:\/\/aosmithinternational.com\/hu\/product-ranges\/napelemes-rendszerek-hu\/\" class=\"rank-math-html-sitemap__link\">Napelemes rendszerek<\/a><\/li><li class=\"rank-math-html-sitemap__item\"><a href=\"https:\/\/aosmithinternational.com\/hu\/product-ranges\/nagy-hatasfoku-kazanok-hu\/\" class=\"rank-math-html-sitemap__link\">Nagy hat\u00e1sfok\u00fa kaz\u00e1nok<\/a><\/li><li class=\"rank-math-html-sitemap__item\"><a href=\"https:\/\/aosmithinternational.com\/hu\/product-ranges\/elektromos-kazanok-hu\/\" class=\"rank-math-html-sitemap__link\">Elektromos kaz\u00e1nok<\/a><\/li><\/ul><\/li><li class=\"rank-math-html-sitemap__item\"><a href=\"https:\/\/aosmithinternational.com\/hu\/product-ranges\/futes-hu\/\" class=\"rank-math-html-sitemap__link\">F\u0171t\u00e9s<\/a><ul class=\"rank-math-html-sitemap__list\"><li class=\"rank-math-html-sitemap__item\"><a href=\"https:\/\/aosmithinternational.com\/hu\/product-ranges\/hoszivattyus-vizmelegito-forro-viz-hu\/\" class=\"rank-math-html-sitemap__link\">H\u0151szivatty\u00fas v\u00edzmeleg\u00edt\u0151<\/a><\/li><\/ul><\/li><li class=\"rank-math-html-sitemap__item\"><a href=\"https:\/\/aosmithinternational.com\/hu\/product-ranges\/kiegeszitok\/\" class=\"rank-math-html-sitemap__link\">Kieg\u00e9sz\u00edt\u0151k<\/a><\/li><\/ul><\/div><\/div>\n","protected":false},"excerpt":{"rendered":"","protected":false},"author":1,"featured_media":0,"parent":0,"menu_order":0,"comment_status":"closed","ping_status":"closed","template":"","meta":{"_acf_changed":false,"inline_featured_image":false,"site-sidebar-layout":"default","site-content-layout":"","ast-site-content-layout":"default","site-content-style":"default","site-sidebar-style":"default","ast-global-header-display":"","ast-banner-title-visibility":"","ast-main-header-display":"","ast-hfb-above-header-display":"","ast-hfb-below-header-display":"","ast-hfb-mobile-header-display":"","site-post-title":"","ast-breadcrumbs-content":"","ast-featured-img":"","footer-sml-layout":"","ast-disable-related-posts":"","theme-transparent-header-meta":"default","adv-header-id-meta":"","stick-header-meta":"default","header-above-stick-meta":"","header-main-stick-meta":"","header-below-stick-meta":"","astra-migrate-meta-layouts":"set","ast-page-background-enabled":"default","ast-page-background-meta":{"desktop":{"background-color":"var(--ast-global-color-5)","background-image":"","background-repeat":"repeat","background-position":"center center","background-size":"auto","background-attachment":"scroll","background-type":"","background-media":"","overlay-type":"","overlay-color":"","overlay-opacity":"","overlay-gradient":""},"tablet":{"background-color":"","background-image":"","background-repeat":"repeat","background-position":"center center","background-size":"auto","background-attachment":"scroll","background-type":"","background-media":"","overlay-type":"","overlay-color":"","overlay-opacity":"","overlay-gradient":""},"mobile":{"background-color":"","background-image":"","background-repeat":"repeat","background-position":"center center","background-size":"auto","background-attachment":"scroll","background-type":"","background-media":"","overlay-type":"","overlay-color":"","overlay-opacity":"","overlay-gradient":""}},"ast-content-background-meta":{"desktop":{"background-color":"var(--ast-global-color-4)","background-image":"","background-repeat":"repeat","background-position":"center center","background-size":"auto","background-attachment":"scroll","background-type":"","background-media":"","overlay-type":"","overlay-color":"","overlay-opacity":"","overlay-gradient":""},"tablet":{"background-color":"var(--ast-global-color-4)","background-image":"","background-repeat":"repeat","background-position":"center center","background-size":"auto","background-attachment":"scroll","background-type":"","background-media":"","overlay-type":"","overlay-color":"","overlay-opacity":"","overlay-gradient":""},"mobile":{"background-color":"var(--ast-global-color-4)","background-image":"","background-repeat":"repeat","background-position":"center center","background-size":"auto","background-attachment":"scroll","background-type":"","background-media":"","overlay-type":"","overlay-color":"","overlay-opacity":"","overlay-gradient":""}},"footnotes":""},"class_list":["post-746739","page","type-page","status-publish","hentry"],"acf":[],"_links":{"self":[{"href":"https:\/\/aosmithinternational.com\/hu\/wp-json\/wp\/v2\/pages\/746739","targetHints":{"allow":["GET"]}}],"collection":[{"href":"https:\/\/aosmithinternational.com\/hu\/wp-json\/wp\/v2\/pages"}],"about":[{"href":"https:\/\/aosmithinternational.com\/hu\/wp-json\/wp\/v2\/types\/page"}],"author":[{"embeddable":true,"href":"https:\/\/aosmithinternational.com\/hu\/wp-json\/wp\/v2\/users\/1"}],"replies":[{"embeddable":true,"href":"https:\/\/aosmithinternational.com\/hu\/wp-json\/wp\/v2\/comments?post=746739"}],"version-history":[{"count":0,"href":"https:\/\/aosmithinternational.com\/hu\/wp-json\/wp\/v2\/pages\/746739\/revisions"}],"wp:attachment":[{"href":"https:\/\/aosmithinternational.com\/hu\/wp-json\/wp\/v2\/media?parent=746739"}],"curies":[{"name":"wp","href":"https:\/\/api.w.org\/{rel}","templated":true}]}}