{"id":764677,"date":"2016-07-12T12:00:41","date_gmt":"2016-07-12T10:00:41","guid":{"rendered":"https:\/\/staging.aosmithinternational.com\/qualita\/"},"modified":"2026-02-22T20:40:18","modified_gmt":"2026-02-22T19:40:18","slug":"qualita","status":"publish","type":"page","link":"https:\/\/aosmithinternational.com\/it\/la-societa\/qualita\/","title":{"rendered":"Qualit\u00e0"},"content":{"rendered":"<h2>Processi di sviluppo e produzione<\/h2>\n<p><span class=\"two_columns\">La qualit\u00e0 \u00e8 un fattore fondamentale nello sviluppo e nella produzione dei nostri dispositivi. A.O. Smith \u00e8 un trendsetter nel campo delle tecnologie e dei prodotti avanzati per il riscaldamento dell\u2019acqua. A questo proposito, un buon esempio sviluppato interamente in sede \u00e8 il nostro strato brevettato di smalto protettivo, il PermaGlas Ultra Coat: uno strato protettivo di vetro posto sulla superficie interna del serbatoio d\u2019acciaio, che assicura all\u2019applicazione la massima resistenza alla corrosione e una lunga durata.<\/span><\/p>\n<h2>Certificazione<\/h2>\n<p>I processi con cui vengono realizzati i nostri dispositivi sono conformi a standard di qualit\u00e0 come l\u2019<a title=\"ISO Certificaat\" href=\"https:\/\/aosmithinternational.com\/wp-content\/uploads\/2025\/10\/Certificaat_ISO_9001_UK.pdf\" target=\"_blank\" rel=\"noopener noreferrer\">ISO 9001 : 2008<\/a>. Essendo produttori a livello globale, dobbiamo applicare anche standard e direttive locali. Ovviamente, la certificazione CE rappresenta uno standard per tutto il mercato europeo. I certificati supplementari richiesti per programmi di agevolazioni fiscali locali e regionali sono applicabili nei Paesi Bassi, oltre che in Francia, Belgio, Regno Unito e Italia. Inoltre, i nostri prodotti sono conformi alle direttive europee RoHS, WEEE e PED.<\/p>\n<h2>Dimensionamento<\/h2>\n<p>La soddisfazione del cliente inizia dalla fase di progettazione dell\u2019installazione, durante la quale consigli saggi ed esperti aiuteranno il cliente a scegliere l\u2019impianto giusto per le proprie esigenze. Il \u201cProgramma di dimensionamento\u201d di A.O. Smith offre al cliente una guida in questo processo. Si possono trovare ulteriori informazioni relative al nostro programma di dimensionamento sul Informazioni.<\/p>\n","protected":false},"excerpt":{"rendered":"<p>Processi di sviluppo e produzione La qualit\u00e0 \u00e8 un fattore fondamentale nello sviluppo e nella produzione dei nostri dispositivi. A.O. [&hellip;]<\/p>\n","protected":false},"author":1,"featured_media":764678,"parent":764611,"menu_order":0,"comment_status":"open","ping_status":"open","template":"","meta":{"_acf_changed":false,"inline_featured_image":false,"site-sidebar-layout":"default","site-content-layout":"","ast-site-content-layout":"default","site-content-style":"default","site-sidebar-style":"default","ast-global-header-display":"","ast-banner-title-visibility":"","ast-main-header-display":"","ast-hfb-above-header-display":"","ast-hfb-below-header-display":"","ast-hfb-mobile-header-display":"","site-post-title":"","ast-breadcrumbs-content":"","ast-featured-img":"","footer-sml-layout":"","ast-disable-related-posts":"","theme-transparent-header-meta":"default","adv-header-id-meta":"","stick-header-meta":"default","header-above-stick-meta":"","header-main-stick-meta":"","header-below-stick-meta":"","astra-migrate-meta-layouts":"set","ast-page-background-enabled":"default","ast-page-background-meta":{"desktop":{"background-color":"var(--ast-global-color-5)","background-image":"","background-repeat":"repeat","background-position":"center center","background-size":"auto","background-attachment":"scroll","background-type":"","background-media":"","overlay-type":"","overlay-color":"","overlay-opacity":"","overlay-gradient":""},"tablet":{"background-color":"","background-image":"","background-repeat":"repeat","background-position":"center center","background-size":"auto","background-attachment":"scroll","background-type":"","background-media":"","overlay-type":"","overlay-color":"","overlay-opacity":"","overlay-gradient":""},"mobile":{"background-color":"","background-image":"","background-repeat":"repeat","background-position":"center center","background-size":"auto","background-attachment":"scroll","background-type":"","background-media":"","overlay-type":"","overlay-color":"","overlay-opacity":"","overlay-gradient":""}},"ast-content-background-meta":{"desktop":{"background-color":"var(--ast-global-color-4)","background-image":"","background-repeat":"repeat","background-position":"center center","background-size":"auto","background-attachment":"scroll","background-type":"","background-media":"","overlay-type":"","overlay-color":"","overlay-opacity":"","overlay-gradient":""},"tablet":{"background-color":"var(--ast-global-color-4)","background-image":"","background-repeat":"repeat","background-position":"center center","background-size":"auto","background-attachment":"scroll","background-type":"","background-media":"","overlay-type":"","overlay-color":"","overlay-opacity":"","overlay-gradient":""},"mobile":{"background-color":"var(--ast-global-color-4)","background-image":"","background-repeat":"repeat","background-position":"center center","background-size":"auto","background-attachment":"scroll","background-type":"","background-media":"","overlay-type":"","overlay-color":"","overlay-opacity":"","overlay-gradient":""}},"footnotes":""},"class_list":["post-764677","page","type-page","status-publish","has-post-thumbnail","hentry"],"acf":[],"_links":{"self":[{"href":"https:\/\/aosmithinternational.com\/it\/wp-json\/wp\/v2\/pages\/764677","targetHints":{"allow":["GET"]}}],"collection":[{"href":"https:\/\/aosmithinternational.com\/it\/wp-json\/wp\/v2\/pages"}],"about":[{"href":"https:\/\/aosmithinternational.com\/it\/wp-json\/wp\/v2\/types\/page"}],"author":[{"embeddable":true,"href":"https:\/\/aosmithinternational.com\/it\/wp-json\/wp\/v2\/users\/1"}],"replies":[{"embeddable":true,"href":"https:\/\/aosmithinternational.com\/it\/wp-json\/wp\/v2\/comments?post=764677"}],"version-history":[{"count":1,"href":"https:\/\/aosmithinternational.com\/it\/wp-json\/wp\/v2\/pages\/764677\/revisions"}],"predecessor-version":[{"id":996395,"href":"https:\/\/aosmithinternational.com\/it\/wp-json\/wp\/v2\/pages\/764677\/revisions\/996395"}],"up":[{"embeddable":true,"href":"https:\/\/aosmithinternational.com\/it\/wp-json\/wp\/v2\/pages\/764611"}],"wp:featuredmedia":[{"embeddable":true,"href":"https:\/\/aosmithinternational.com\/it\/wp-json\/wp\/v2\/media\/764678"}],"wp:attachment":[{"href":"https:\/\/aosmithinternational.com\/it\/wp-json\/wp\/v2\/media?parent=764677"}],"curies":[{"name":"wp","href":"https:\/\/api.w.org\/{rel}","templated":true}]}}