{"id":753254,"date":"2025-09-30T17:59:31","date_gmt":"2025-09-30T15:59:31","guid":{"rendered":"https:\/\/staging.aosmithinternational.com\/enevator-store\/"},"modified":"2026-03-03T23:34:09","modified_gmt":"2026-03-03T22:34:09","slug":"enevator-store","status":"publish","type":"page","link":"https:\/\/aosmithinternational.com\/nl\/enevator-store\/","title":{"rendered":"Enevator Store"},"content":{"rendered":"\n<h2>\n\t\t\tPlug &#038; Play en uit voorraad leverbaar. De Enevator Store kan binnen 48 uur operationeel zijn!\t<\/h2>\n\t\t<iframe loading=\"lazy\" title=\"Enevator Store | Warmtepomp Product\" width=\"500\" height=\"281\" src=\"https:\/\/www.youtube.com\/embed\/m94BFAuMt48?feature=oembed\" frameborder=\"0\" allow=\"accelerometer; autoplay; clipboard-write; encrypted-media; gyroscope; picture-in-picture; web-share\" referrerpolicy=\"strict-origin-when-cross-origin\" allowfullscreen><\/iframe>\t\n<h2>\n\t\t\tPluspunten\t<\/h2>\n\t<ul>\n<li>Een inhoud van 445 liter en een vermogen van 8 kW<\/li>\n<li>Kan bijna in elke ruimte worden ge\u00efnstaleerd<\/li>\n<li>Is uit voorraad leverbaar en kan binnen 48 uur werkzaam zijn<\/li>\n<li>Vermogen van 8 kW aan te vullen tot max. 20 kW d.m.v. elektrische back-up elementen van 6, 9 of 12kW<\/li>\n<li>Verschillende bedrijfsmodi: efficiency, hybride, elektrisch<\/li>\n<\/ul>\n\t\t\t<a href=\"https:\/\/aosmithinternational.com\/nl\/products\/enevator-store-warmtepomp\/\"  target=\"_self\">\n\t\t\t\t\t\t\tMeer technische informatie\n\t\t\t\t\t<\/a>\n<h2>\n\t\t\tDuurzaam\t<\/h2>\n\t<p>De Enevator Store is een &#8216;all electric&#8217; product. Zolang de elektriciteit duurzaam wordt opgewekt (wind, zon etc.), komt er geen fossiele brandstof aan te pas en draagt deze warmtepompboiler dus bij aan de energietransitie doelen voor 2030: 55% minder CO2 emissies ten opzichte van 1990.<\/p>\nDoordat dit een duurzaam toestel is komt de Enevator Store in aanmerking voor de ISDE en is deze goedgekeurd voor de EIA onder code 211102<br \/>\n(NB de EIA subsidie geldt alleen voor ondernemers)\n\t\t\t<a href=\"https:\/\/aosmithinternational.com\/nl\/products\/enevator-store-warmtepomp\/\"  target=\"_self\">\n\t\t\t\t\t\t\tMeer lezen\n\t\t\t\t\t<\/a>\n<h2>\n\t\t\tHet belang van goed dimensioneren &#038; ventilatie\t<\/h2>\n\t\t<iframe loading=\"lazy\" title=\"Enevator Store | Het belang van goed dimensioneren &amp; ventilatie\" width=\"500\" height=\"281\" src=\"https:\/\/www.youtube.com\/embed\/pcjXamF5KV0?feature=oembed\" frameborder=\"0\" allow=\"accelerometer; autoplay; clipboard-write; encrypted-media; gyroscope; picture-in-picture; web-share\" referrerpolicy=\"strict-origin-when-cross-origin\" allowfullscreen><\/iframe>\t\n<figure itemscope itemtype=\"https:\/\/schema.org\/ImageObject\">\n\t\t\t\t<img decoding=\"async\" src=\"https:\/\/aosmithinternational.com\/wp-content\/uploads\/2023\/06\/enevator.png\" alt=\"enevator\" height=\"1024\" width=\"1024\" title=\"enevator\" onerror=\"this.style.display='none'\" loading=\"lazy\" \/>\n\t<\/figure>\n<h2>\n\t\t\tWist je dat\t<\/h2>\n\t<p>Het toestel geschikt is voor commerci\u00eble toepassingen zoals restaurants, scholen, sport &amp; recreatie gelegenheden, winkels, campings en andere toepassingen waarbij een tapcapaciteit tot wel 1.000 liter van 38\u00b0C in het eerste uur te realiseren is?<\/p>\n<p>De Enevator Store in aanmerking komt voor subsidies?<\/p>\n<p>Koelere, ontvochtigde lucht als bijproduct levert? Dus uitermate geschikt is om bijvoorbeeld een server ruimte of een andere ruimte waar het erg warm wordt vanwege het bedrijfsproces, te koelen.<\/p>\n\t\t\t<a href=\"https:\/\/aosmithinternational.com\/nl\/wil-je-advies-of-een-offerte\/\"  target=\"_self\">\n\t\t\t\t\t\t\tOfferte aanvragen\n\t\t\t\t\t<\/a>\n\t\t\t<h3>Meer informatie<\/h3>\n\t\t\n                            <h2>More info<\/h2>\n                            \n                        <form method='post' enctype='multipart\/form-data' target='gform_ajax_frame_6' id='gform_6'  action='https:\/\/aosmithinternational.com\/nl\/enevator-store\/?fl_builder&#038;fl_builder_ui_iframe#gf_6' data-formid='6' novalidate>\n                        <input name='input_3' id='input_6_3' type='hidden' class='gform_hidden'  aria-invalid=\"false\" value='https:\/\/aosmithinternational.com\/nl\/?page_id=753254&amp;fl_builder' \/><fieldset id=\"field_6_1\"><legend class='gfield_label gform-field-label gfield_label_before_complex'>Name<\/legend>\n                                                    <input type='text' name='input_1.3' id='input_6_1_3' value=''   aria-required='false'     \/>\n                                                    <label for='input_6_1_3' class='gform-field-label gform-field-label--type-sub '>Voornaam<\/label>\n                                                    <input type='text' name='input_1.6' id='input_6_1_6' value=''   aria-required='false'     \/>\n                                                    <label for='input_6_1_6' class='gform-field-label gform-field-label--type-sub '>Achternaam<\/label>\n                        <\/fieldset><label class='gfield_label gform-field-label' for='input_6_4'>Email<\/label>\n                            <input name='input_4' id='input_6_4' type='email' value='' class='large'     aria-invalid=\"false\"  \/>\n                        <label class='gfield_label gform-field-label' for='input_6_5'>Phone number<\/label><input name='input_5' id='input_6_5' type='tel' value='' class='large'    aria-invalid=\"false\"   \/><fieldset id=\"field_6_6\"><legend class='gfield_label gform-field-label gfield_label_before_complex'>Country<\/legend>    \n                        <input type='hidden' class='gform_hidden' name='input_6.4' id='input_6_6_4' value=''\/>\n                                        <select name='input_6.6' id='input_6_6_6'   aria-required='false'><option value='' selected='selected'><\/option><option value='Afghanistan'>Afghanistan<\/option><option value='Aland-eilanden'>Aland-eilanden<\/option><option value='Albani\u00eb'>Albani\u00eb<\/option><option value='Algerije'>Algerije<\/option><option value='Amerikaans Samoa'>Amerikaans Samoa<\/option><option value='Amerikaanse Maagdeneilanden'>Amerikaanse Maagdeneilanden<\/option><option value='Andorra'>Andorra<\/option><option value='Angola'>Angola<\/option><option value='Anguilla'>Anguilla<\/option><option value='Antarctica'>Antarctica<\/option><option value='Antigua en Barbuda'>Antigua en Barbuda<\/option><option value='Arabische Republiek Syri\u00eb'>Arabische Republiek Syri\u00eb<\/option><option value='Argentini\u00eb'>Argentini\u00eb<\/option><option value='Armeni\u00eb'>Armeni\u00eb<\/option><option value='Aruba'>Aruba<\/option><option value='Australi\u00eb'>Australi\u00eb<\/option><option value='Azerbeidzjan'>Azerbeidzjan<\/option><option value='Bahama&#039;s'>Bahama&#039;s<\/option><option value='Bahrein'>Bahrein<\/option><option value='Bangladesh'>Bangladesh<\/option><option value='Barbados'>Barbados<\/option><option value='Belgi\u00eb'>Belgi\u00eb<\/option><option value='Belize'>Belize<\/option><option value='Benin'>Benin<\/option><option value='Bermuda'>Bermuda<\/option><option value='Bhutan'>Bhutan<\/option><option value='Bolivia'>Bolivia<\/option><option value='Bonaire, Sint Eustatius en Saba'>Bonaire, Sint Eustatius en Saba<\/option><option value='Bosni\u00eb en Herzegovina'>Bosni\u00eb en Herzegovina<\/option><option value='Botswana'>Botswana<\/option><option value='Bouvet eiland'>Bouvet eiland<\/option><option value='Brazili\u00eb'>Brazili\u00eb<\/option><option value='Brits-Indisch oceaan gebied'>Brits-Indisch oceaan gebied<\/option><option value='Britse Maagdeneilanden'>Britse Maagdeneilanden<\/option><option value='Brunei Darussalam'>Brunei Darussalam<\/option><option value='Bulgarije'>Bulgarije<\/option><option value='Burkina Faso'>Burkina Faso<\/option><option value='Burundi'>Burundi<\/option><option value='Cambodja'>Cambodja<\/option><option value='Canada'>Canada<\/option><option value='Centraal-Afrikaanse Republiek'>Centraal-Afrikaanse Republiek<\/option><option value='Chili'>Chili<\/option><option value='China'>China<\/option><option value='Cocoseilanden'>Cocoseilanden<\/option><option value='Colombia'>Colombia<\/option><option value='Comoren'>Comoren<\/option><option value='Congo'>Congo<\/option><option value='Congo, Democratische Republiek'>Congo, Democratische Republiek<\/option><option value='Cook eilanden'>Cook eilanden<\/option><option value='Costa Rica'>Costa Rica<\/option><option value='Cuba'>Cuba<\/option><option value='Cura\u00e7ao'>Cura\u00e7ao<\/option><option value='Cyprus'>Cyprus<\/option><option value='Denemarken'>Denemarken<\/option><option value='Djibouti'>Djibouti<\/option><option value='Dominica'>Dominica<\/option><option value='Dominicaanse Republiek'>Dominicaanse Republiek<\/option><option value='Duitsland'>Duitsland<\/option><option value='Ecuador'>Ecuador<\/option><option value='Egypte'>Egypte<\/option><option value='El Salvador'>El Salvador<\/option><option value='Equatoriaal-Guinea'>Equatoriaal-Guinea<\/option><option value='Eritrea'>Eritrea<\/option><option value='Estland'>Estland<\/option><option value='Eswatini'>Eswatini<\/option><option value='Ethiopi\u00eb'>Ethiopi\u00eb<\/option><option value='Faer\u00f6er'>Faer\u00f6er<\/option><option value='Falkland eilanden'>Falkland eilanden<\/option><option value='Fiji'>Fiji<\/option><option value='Filipijnen'>Filipijnen<\/option><option value='Finland'>Finland<\/option><option value='Frankrijk'>Frankrijk<\/option><option value='Frans Guyana'>Frans Guyana<\/option><option value='Frans-Polynesi\u00eb'>Frans-Polynesi\u00eb<\/option><option value='Franse zuidelijke gebieden'>Franse zuidelijke gebieden<\/option><option value='Gabon'>Gabon<\/option><option value='Gambia'>Gambia<\/option><option value='Georgi\u00eb'>Georgi\u00eb<\/option><option value='Ghana'>Ghana<\/option><option value='Gibraltar'>Gibraltar<\/option><option value='Grenada'>Grenada<\/option><option value='Griekenland'>Griekenland<\/option><option value='Groenland'>Groenland<\/option><option value='Guadeloupe'>Guadeloupe<\/option><option value='Guam'>Guam<\/option><option value='Guatemala'>Guatemala<\/option><option value='Guernsey'>Guernsey<\/option><option value='Guinee'>Guinee<\/option><option value='Guinee-Bissau'>Guinee-Bissau<\/option><option value='Guyana'>Guyana<\/option><option value='Ha\u00efti'>Ha\u00efti<\/option><option value='Heard Eiland en McDonald Eilanden'>Heard Eiland en McDonald Eilanden<\/option><option value='Honduras'>Honduras<\/option><option value='Hong Kong'>Hong Kong<\/option><option value='Hongarije'>Hongarije<\/option><option value='IJsland'>IJsland<\/option><option value='Ierland'>Ierland<\/option><option value='India'>India<\/option><option value='Indonesi\u00eb'>Indonesi\u00eb<\/option><option value='Irak'>Irak<\/option><option value='Iran'>Iran<\/option><option value='Isra\u00ebl'>Isra\u00ebl<\/option><option value='Itali\u00eb'>Itali\u00eb<\/option><option value='Ivoorkust'>Ivoorkust<\/option><option value='Jamaica'>Jamaica<\/option><option value='Japan'>Japan<\/option><option value='Jersey'>Jersey<\/option><option value='Ji\u017en\u00ed Georgie a Ji\u017en\u00ed Sandwichovy ostrovy'>Ji\u017en\u00ed Georgie a Ji\u017en\u00ed Sandwichovy ostrovy<\/option><option value='Jordani\u00eb'>Jordani\u00eb<\/option><option value='Kaaimaneilanden'>Kaaimaneilanden<\/option><option value='Kaapverdi\u00eb'>Kaapverdi\u00eb<\/option><option value='Kameroen'>Kameroen<\/option><option value='Kazachstan'>Kazachstan<\/option><option value='Kenia'>Kenia<\/option><option value='Kersteiland'>Kersteiland<\/option><option value='Kirgizi\u00eb'>Kirgizi\u00eb<\/option><option value='Kiribati'>Kiribati<\/option><option value='Kleine eilanden van de Verenigde Staten'>Kleine eilanden van de Verenigde Staten<\/option><option value='Koeweit'>Koeweit<\/option><option value='Korea, Democratische Volksrepubliek'>Korea, Democratische Volksrepubliek<\/option><option value='Korea, Republiek van'>Korea, Republiek van<\/option><option value='Kroati\u00eb'>Kroati\u00eb<\/option><option value='Lao Democratische Volksrepubliek'>Lao Democratische Volksrepubliek<\/option><option value='Lesotho'>Lesotho<\/option><option value='Letland'>Letland<\/option><option value='Libanon'>Libanon<\/option><option value='Liberia'>Liberia<\/option><option value='Libi\u00eb'>Libi\u00eb<\/option><option value='Liechtenstein'>Liechtenstein<\/option><option value='Litouwen'>Litouwen<\/option><option value='Luxemburg'>Luxemburg<\/option><option value='Macau'>Macau<\/option><option value='Madagaskar'>Madagaskar<\/option><option value='Malawi'>Malawi<\/option><option value='Maldiven'>Maldiven<\/option><option value='Maleisi\u00eb'>Maleisi\u00eb<\/option><option value='Mali'>Mali<\/option><option value='Malta'>Malta<\/option><option value='Man'>Man<\/option><option value='Marokko'>Marokko<\/option><option value='Marshalleilanden'>Marshalleilanden<\/option><option value='Martinique'>Martinique<\/option><option value='Mauritani\u00eb'>Mauritani\u00eb<\/option><option value='Mauritius'>Mauritius<\/option><option value='Mayotte'>Mayotte<\/option><option value='Mexico'>Mexico<\/option><option value='Micronesia'>Micronesia<\/option><option value='Moldavi\u00eb'>Moldavi\u00eb<\/option><option value='Monaco'>Monaco<\/option><option value='Mongoli\u00eb'>Mongoli\u00eb<\/option><option value='Montenegro'>Montenegro<\/option><option value='Montserrat'>Montserrat<\/option><option value='Mozambique'>Mozambique<\/option><option value='Myanmar'>Myanmar<\/option><option value='Namibi\u00eb'>Namibi\u00eb<\/option><option value='Nauru'>Nauru<\/option><option value='Nederland'>Nederland<\/option><option value='Nepal'>Nepal<\/option><option value='Nicaragua'>Nicaragua<\/option><option value='Nieuw-Caledoni\u00eb'>Nieuw-Caledoni\u00eb<\/option><option value='Nieuw-Zeeland'>Nieuw-Zeeland<\/option><option value='Niger'>Niger<\/option><option value='Nigeria'>Nigeria<\/option><option value='Niue'>Niue<\/option><option value='Noord-Macedoni\u00eb'>Noord-Macedoni\u00eb<\/option><option value='Noordelijke Marianen'>Noordelijke Marianen<\/option><option value='Noorwegen'>Noorwegen<\/option><option value='Norfolk eiland'>Norfolk eiland<\/option><option value='Oeganda'>Oeganda<\/option><option value='Oekra\u00efne'>Oekra\u00efne<\/option><option value='Oezbekistan'>Oezbekistan<\/option><option value='Oman'>Oman<\/option><option value='Oostenrijk'>Oostenrijk<\/option><option value='Pakistan'>Pakistan<\/option><option value='Palau'>Palau<\/option><option value='Palestina, Staat'>Palestina, Staat<\/option><option value='Panama'>Panama<\/option><option value='Papoea-Nieuw-Guinea'>Papoea-Nieuw-Guinea<\/option><option value='Paraguay'>Paraguay<\/option><option value='Peru'>Peru<\/option><option value='Pitcairn'>Pitcairn<\/option><option value='Polen'>Polen<\/option><option value='Portugal'>Portugal<\/option><option value='Puerto Rico'>Puerto Rico<\/option><option value='Qatar'>Qatar<\/option><option value='Roemeni\u00eb'>Roemeni\u00eb<\/option><option value='Russische Federatie'>Russische Federatie<\/option><option value='Rwanda'>Rwanda<\/option><option value='R\u00e9union'>R\u00e9union<\/option><option value='Saint Barth\u00e9lemy'>Saint Barth\u00e9lemy<\/option><option value='Saint Kitts en Nevis'>Saint Kitts en Nevis<\/option><option value='Saint Lucia'>Saint Lucia<\/option><option value='Saint Pierre en Miquelon'>Saint Pierre en Miquelon<\/option><option value='Saint Vincent en de Grenadines'>Saint Vincent en de Grenadines<\/option><option value='Salomonseilanden'>Salomonseilanden<\/option><option value='Samoa'>Samoa<\/option><option value='San Marino'>San Marino<\/option><option value='Sao Tom\u00e9 en Principe'>Sao Tom\u00e9 en Principe<\/option><option value='Saoedi-Arabi\u00eb'>Saoedi-Arabi\u00eb<\/option><option value='Senegal'>Senegal<\/option><option value='Servi\u00eb'>Servi\u00eb<\/option><option value='Seychellen'>Seychellen<\/option><option value='Sierra Leone'>Sierra Leone<\/option><option value='Singapore'>Singapore<\/option><option value='Sint Maarten'>Sint Maarten<\/option><option value='Sint Maarten'>Sint Maarten<\/option><option value='Sint-Helena, Hemelvaart en Tristan da Cunha'>Sint-Helena, Hemelvaart en Tristan da Cunha<\/option><option value='Sloveni\u00eb'>Sloveni\u00eb<\/option><option value='Slowakije'>Slowakije<\/option><option value='Soedan'>Soedan<\/option><option value='Somali\u00eb'>Somali\u00eb<\/option><option value='Spanje'>Spanje<\/option><option value='Spitsbergen en Jan Mayen'>Spitsbergen en Jan Mayen<\/option><option value='Sri Lanka'>Sri Lanka<\/option><option value='Suriname'>Suriname<\/option><option value='Tadzjikistan'>Tadzjikistan<\/option><option value='Taiwan'>Taiwan<\/option><option value='Tanzania, de Verenigde Republiek van'>Tanzania, de Verenigde Republiek van<\/option><option value='Thailand'>Thailand<\/option><option value='Timor-Leste'>Timor-Leste<\/option><option value='Togo'>Togo<\/option><option value='Tokelau'>Tokelau<\/option><option value='Tonga'>Tonga<\/option><option value='Trinidad en Tobago'>Trinidad en Tobago<\/option><option value='Tsjaad'>Tsjaad<\/option><option value='Tsjechi\u00eb'>Tsjechi\u00eb<\/option><option value='Tunesi\u00eb'>Tunesi\u00eb<\/option><option value='Turkije'>Turkije<\/option><option value='Turkmenistan'>Turkmenistan<\/option><option value='Turks- en Caicoseilanden'>Turks- en Caicoseilanden<\/option><option value='Tuvalu'>Tuvalu<\/option><option value='Uruguay'>Uruguay<\/option><option value='Vanuatu'>Vanuatu<\/option><option value='Vaticaanstad'>Vaticaanstad<\/option><option value='Venezuela'>Venezuela<\/option><option value='Verenigd Koninkrijk'>Verenigd Koninkrijk<\/option><option value='Verenigde Arabische Emiraten'>Verenigde Arabische Emiraten<\/option><option value='Verenigde Staten'>Verenigde Staten<\/option><option value='Vietnam'>Vietnam<\/option><option value='Wallis en Futuna'>Wallis en Futuna<\/option><option value='Westelijke Sahara'>Westelijke Sahara<\/option><option value='Wit-Rusland'>Wit-Rusland<\/option><option value='Yemen'>Yemen<\/option><option value='Zambia'>Zambia<\/option><option value='Zimbabwe'>Zimbabwe<\/option><option value='Zuid Soedan'>Zuid Soedan<\/option><option value='Zuid-Afrika'>Zuid-Afrika<\/option><option value='Zweden'>Zweden<\/option><option value='Zwitserland'>Zwitserland<\/option><\/select>\n                                        <label for='input_6_6_6' id='input_6_6_6_label' class='gform-field-label gform-field-label--type-sub hidden_sub_label screen-reader-text'>Land<\/label>\n                <\/fieldset><label class='gfield_label gform-field-label' for='input_6_7'>Your message<\/label><textarea name='input_7' id='input_6_7' class='textarea small'    placeholder='Your message'  aria-invalid=\"false\"   rows='10' cols='50'><\/textarea>\n         <input type='submit' id='gform_submit_button_6' class='gform_button button' onclick='gform.submission.handleButtonClick(this);' data-submission-type='submit' value='Send'  \/> <input type='hidden' name='gform_ajax' value='form_id=6&amp;title=1&amp;description=1&amp;tabindex=0&amp;theme=gravity-theme&amp;styles=[]&amp;hash=e055aecf7e983fcac21c2f6df800d8a7' \/>\n            <input type='hidden' class='gform_hidden' name='gform_submission_method' data-js='gform_submission_method_6' value='iframe' \/>\n            <input type='hidden' class='gform_hidden' name='gform_theme' data-js='gform_theme_6' id='gform_theme_6' value='gravity-theme' \/>\n            <input type='hidden' class='gform_hidden' name='gform_style_settings' data-js='gform_style_settings_6' id='gform_style_settings_6' value='[]' \/>\n            <input type='hidden' class='gform_hidden' name='is_submit_6' value='1' \/>\n            <input type='hidden' class='gform_hidden' name='gform_submit' value='6' \/>\n            <input type='hidden' class='gform_hidden' name='gform_unique_id' value='' \/>\n            <input type='hidden' class='gform_hidden' name='state_6' value='WyJbXSIsIjAwYjc3OGQ2MTFlYWY5YjJlODU4Y2Y5ZTFjZmIyMmE1Il0=' \/>\n            <input type='hidden' autocomplete='off' class='gform_hidden' name='gform_target_page_number_6' id='gform_target_page_number_6' value='0' \/>\n            <input type='hidden' autocomplete='off' class='gform_hidden' name='gform_source_page_number_6' id='gform_source_page_number_6' value='1' \/>\n            <input type='hidden' name='gform_field_values' value='' \/>\n                        <\/form>\n\t\t                <iframe style='display:none;width:0px;height:0px;' src='about:blank' name='gform_ajax_frame_6' id='gform_ajax_frame_6' title='Dit iframe bevat de vereiste logica om Ajax aangedreven Gravity Forms te verwerken.'><\/iframe>\n\n","protected":false},"excerpt":{"rendered":"<p>Plug &#038; Play en uit voorraad leverbaar. De Enevator Store kan binnen 48 uur operationeel zijn! Pluspunten Een inhoud van [&hellip;]<\/p>\n","protected":false},"author":1,"featured_media":753258,"parent":0,"menu_order":0,"comment_status":"closed","ping_status":"closed","template":"","meta":{"_acf_changed":false,"inline_featured_image":false,"site-sidebar-layout":"default","site-content-layout":"","ast-site-content-layout":"default","site-content-style":"default","site-sidebar-style":"default","ast-global-header-display":"","ast-banner-title-visibility":"disabled","ast-main-header-display":"","ast-hfb-above-header-display":"","ast-hfb-below-header-display":"","ast-hfb-mobile-header-display":"","site-post-title":"disabled","ast-breadcrumbs-content":"","ast-featured-img":"disabled","footer-sml-layout":"","ast-disable-related-posts":"","theme-transparent-header-meta":"default","adv-header-id-meta":"","stick-header-meta":"default","header-above-stick-meta":"","header-main-stick-meta":"","header-below-stick-meta":"","astra-migrate-meta-layouts":"set","ast-page-background-enabled":"default","ast-page-background-meta":{"desktop":{"background-color":"var(--ast-global-color-5)","background-image":"","background-repeat":"repeat","background-position":"center center","background-size":"auto","background-attachment":"scroll","background-type":"","background-media":"","overlay-type":"","overlay-color":"","overlay-opacity":"","overlay-gradient":""},"tablet":{"background-color":"","background-image":"","background-repeat":"repeat","background-position":"center center","background-size":"auto","background-attachment":"scroll","background-type":"","background-media":"","overlay-type":"","overlay-color":"","overlay-opacity":"","overlay-gradient":""},"mobile":{"background-color":"","background-image":"","background-repeat":"repeat","background-position":"center center","background-size":"auto","background-attachment":"scroll","background-type":"","background-media":"","overlay-type":"","overlay-color":"","overlay-opacity":"","overlay-gradient":""}},"ast-content-background-meta":{"desktop":{"background-color":"var(--ast-global-color-4)","background-image":"","background-repeat":"repeat","background-position":"center center","background-size":"auto","background-attachment":"scroll","background-type":"","background-media":"","overlay-type":"","overlay-color":"","overlay-opacity":"","overlay-gradient":""},"tablet":{"background-color":"var(--ast-global-color-4)","background-image":"","background-repeat":"repeat","background-position":"center center","background-size":"auto","background-attachment":"scroll","background-type":"","background-media":"","overlay-type":"","overlay-color":"","overlay-opacity":"","overlay-gradient":""},"mobile":{"background-color":"var(--ast-global-color-4)","background-image":"","background-repeat":"repeat","background-position":"center center","background-size":"auto","background-attachment":"scroll","background-type":"","background-media":"","overlay-type":"","overlay-color":"","overlay-opacity":"","overlay-gradient":""}},"footnotes":""},"class_list":["post-753254","page","type-page","status-publish","has-post-thumbnail","hentry"],"acf":[],"_links":{"self":[{"href":"https:\/\/aosmithinternational.com\/nl\/wp-json\/wp\/v2\/pages\/753254","targetHints":{"allow":["GET"]}}],"collection":[{"href":"https:\/\/aosmithinternational.com\/nl\/wp-json\/wp\/v2\/pages"}],"about":[{"href":"https:\/\/aosmithinternational.com\/nl\/wp-json\/wp\/v2\/types\/page"}],"author":[{"embeddable":true,"href":"https:\/\/aosmithinternational.com\/nl\/wp-json\/wp\/v2\/users\/1"}],"replies":[{"embeddable":true,"href":"https:\/\/aosmithinternational.com\/nl\/wp-json\/wp\/v2\/comments?post=753254"}],"version-history":[{"count":1,"href":"https:\/\/aosmithinternational.com\/nl\/wp-json\/wp\/v2\/pages\/753254\/revisions"}],"predecessor-version":[{"id":996785,"href":"https:\/\/aosmithinternational.com\/nl\/wp-json\/wp\/v2\/pages\/753254\/revisions\/996785"}],"wp:featuredmedia":[{"embeddable":true,"href":"https:\/\/aosmithinternational.com\/nl\/wp-json\/wp\/v2\/media\/753258"}],"wp:attachment":[{"href":"https:\/\/aosmithinternational.com\/nl\/wp-json\/wp\/v2\/media?parent=753254"}],"curies":[{"name":"wp","href":"https:\/\/api.w.org\/{rel}","templated":true}]}}