{"id":757128,"date":"2016-07-12T11:58:18","date_gmt":"2016-07-12T09:58:18","guid":{"rendered":"https:\/\/staging.aosmithinternational.com\/o-nas\/"},"modified":"2026-01-23T09:42:07","modified_gmt":"2026-01-23T08:42:07","slug":"o-nas","status":"publish","type":"page","link":"https:\/\/aosmithinternational.com\/pl\/o-nas\/","title":{"rendered":"O nas"},"content":{"rendered":"<h2>Innowacja ma swoje imi\u0119<\/h2>\n<p>Od ponad 140 lat A.O. Smith jest wiod\u0105cym \u015bwiatowym producentem i dostawc\u0105 urz\u0105dze\u0144 do podgrzewania wody. Nasze produkty posiadaj\u0105 ca\u0142y szereg wyj\u0105tkowych funkcji.<\/p>\n<h2>Warstwa ochronna<\/h2>\n<p>Przez na\u0142o\u017cenie warstwy emalii dopiero wtedy, gdy podgrzewacze wody s\u0105 ca\u0142kowicie zamontowane, tworzy si\u0119 g\u0142adka i sta\u0142a warstwa ochronna &#8211; PermaGlas Ultra Coat &#8211; kt\u00f3ra zapewnia naszym urz\u0105dzeniom unikaln\u0105 trwa\u0142o\u015b\u0107 i odporno\u015b\u0107 na korozj\u0119. Ten wyspecjalizowany proces powlekania jest znakiem handlowym firmy A.O. Smith.<\/p>\n<h2>Kondensacyjne<\/h2>\n<p>Ju\u017c od 20 lat standardem w procesie produkcyjnym firmy A.O. Smith jest u\u017cycie kondensacyjnej technologii o wysokiej sprawno\u015bci. Dlatego w\u0142a\u015bnie nasze urz\u0105dzenia zapewniaj\u0105 wysoki poziom komfortu korzystania z ciep\u0142ej wody w spos\u00f3b energooszcz\u0119dny. Proste, aczkolwiek inteligentne systemy sterowania gwarantuj\u0105 wydajn\u0105 i skuteczn\u0105 prac\u0119 naszych urz\u0105dze\u0144. Wynikiem tego jest niezr\u00f3wnana \u0142atwo\u015b\u0107 obs\u0142ugi i komfort u\u017cytkowania.<\/p>\n<h2>Rozw\u00f3j<\/h2>\n<p><span class=\"two_columns\">Prowadz\u0105c badania i sprawdzaj\u0105c funkcjonalno\u015b\u0107 urz\u0105dze\u0144 ca\u0142kowicie we w\u0142asnym zakresie, firma A.O. Smith jest w stanie dostosowa\u0107 swoje produkty zar\u00f3wno do potrzeb gospodarstw domowych jak i profesjonalnego rynku ogrzewnictwa w Europie. Dzi\u0119ki zastosowaniu wiedzy, do\u015bwiadczenia oraz pasji firma A.O. Smith robi wszystko, co tylko mo\u017cliwe, aby spe\u0142nia\u0107 Pa\u0144stwa potrzeby jako klienta. Wizja ta jest wyra\u017cona przez nasze korporacyjne has\u0142o: The Energy To Meet Your Needs! = Energia, kt\u00f3ra spe\u0142nia Pa\u0144stwa oczekiwania!<\/span><\/p>\n","protected":false},"excerpt":{"rendered":"<p>Innowacja ma swoje imi\u0119 Od ponad 140 lat A.O. Smith jest wiod\u0105cym \u015bwiatowym producentem i dostawc\u0105 urz\u0105dze\u0144 do podgrzewania wody. [&hellip;]<\/p>\n","protected":false},"author":1,"featured_media":5163,"parent":0,"menu_order":0,"comment_status":"open","ping_status":"closed","template":"","meta":{"_acf_changed":false,"inline_featured_image":false,"site-sidebar-layout":"default","site-content-layout":"","ast-site-content-layout":"default","site-content-style":"default","site-sidebar-style":"default","ast-global-header-display":"","ast-banner-title-visibility":"","ast-main-header-display":"","ast-hfb-above-header-display":"","ast-hfb-below-header-display":"","ast-hfb-mobile-header-display":"","site-post-title":"","ast-breadcrumbs-content":"","ast-featured-img":"","footer-sml-layout":"","ast-disable-related-posts":"","theme-transparent-header-meta":"default","adv-header-id-meta":"","stick-header-meta":"default","header-above-stick-meta":"","header-main-stick-meta":"","header-below-stick-meta":"","astra-migrate-meta-layouts":"set","ast-page-background-enabled":"default","ast-page-background-meta":{"desktop":{"background-color":"var(--ast-global-color-5)","background-image":"","background-repeat":"repeat","background-position":"center center","background-size":"auto","background-attachment":"scroll","background-type":"","background-media":"","overlay-type":"","overlay-color":"","overlay-opacity":"","overlay-gradient":""},"tablet":{"background-color":"","background-image":"","background-repeat":"repeat","background-position":"center center","background-size":"auto","background-attachment":"scroll","background-type":"","background-media":"","overlay-type":"","overlay-color":"","overlay-opacity":"","overlay-gradient":""},"mobile":{"background-color":"","background-image":"","background-repeat":"repeat","background-position":"center center","background-size":"auto","background-attachment":"scroll","background-type":"","background-media":"","overlay-type":"","overlay-color":"","overlay-opacity":"","overlay-gradient":""}},"ast-content-background-meta":{"desktop":{"background-color":"var(--ast-global-color-4)","background-image":"","background-repeat":"repeat","background-position":"center center","background-size":"auto","background-attachment":"scroll","background-type":"","background-media":"","overlay-type":"","overlay-color":"","overlay-opacity":"","overlay-gradient":""},"tablet":{"background-color":"var(--ast-global-color-4)","background-image":"","background-repeat":"repeat","background-position":"center center","background-size":"auto","background-attachment":"scroll","background-type":"","background-media":"","overlay-type":"","overlay-color":"","overlay-opacity":"","overlay-gradient":""},"mobile":{"background-color":"var(--ast-global-color-4)","background-image":"","background-repeat":"repeat","background-position":"center center","background-size":"auto","background-attachment":"scroll","background-type":"","background-media":"","overlay-type":"","overlay-color":"","overlay-opacity":"","overlay-gradient":""}},"footnotes":""},"class_list":["post-757128","page","type-page","status-publish","has-post-thumbnail","hentry"],"acf":[],"_links":{"self":[{"href":"https:\/\/aosmithinternational.com\/pl\/wp-json\/wp\/v2\/pages\/757128","targetHints":{"allow":["GET"]}}],"collection":[{"href":"https:\/\/aosmithinternational.com\/pl\/wp-json\/wp\/v2\/pages"}],"about":[{"href":"https:\/\/aosmithinternational.com\/pl\/wp-json\/wp\/v2\/types\/page"}],"author":[{"embeddable":true,"href":"https:\/\/aosmithinternational.com\/pl\/wp-json\/wp\/v2\/users\/1"}],"replies":[{"embeddable":true,"href":"https:\/\/aosmithinternational.com\/pl\/wp-json\/wp\/v2\/comments?post=757128"}],"version-history":[{"count":1,"href":"https:\/\/aosmithinternational.com\/pl\/wp-json\/wp\/v2\/pages\/757128\/revisions"}],"predecessor-version":[{"id":987981,"href":"https:\/\/aosmithinternational.com\/pl\/wp-json\/wp\/v2\/pages\/757128\/revisions\/987981"}],"wp:featuredmedia":[{"embeddable":true,"href":"https:\/\/aosmithinternational.com\/pl\/wp-json\/wp\/v2\/media\/5163"}],"wp:attachment":[{"href":"https:\/\/aosmithinternational.com\/pl\/wp-json\/wp\/v2\/media?parent=757128"}],"curies":[{"name":"wp","href":"https:\/\/api.w.org\/{rel}","templated":true}]}}