{"id":757192,"date":"2016-07-12T12:00:14","date_gmt":"2016-07-12T10:00:14","guid":{"rendered":"https:\/\/staging.aosmithinternational.com\/historia\/"},"modified":"2026-02-06T08:26:40","modified_gmt":"2026-02-06T07:26:40","slug":"historia","status":"publish","type":"page","link":"https:\/\/aosmithinternational.com\/pl\/o-nas\/historia\/","title":{"rendered":"Historia"},"content":{"rendered":"<h3>2014<\/h3>\n<p>140 lat rocznica A.O. Smith.<\/p>\n<h3>2011<\/h3>\n<p>A.O. Smith kupuje firm\u0119 Lochinvar (lipiec 2011 roku).<\/p>\n<h3>2010<\/h3>\n<p>A.O. Smith sprzedaje Dzia\u0142 Silnik\u00f3w Elektrycznych Regal Beloit Corporation.<\/p>\n<h3>2006<\/h3>\n<p>A.O. Smith przejmuje GSW. W sutek tego A.O. Smith staje si\u0119 najwi\u0119ksz\u0105 firm\u0105 na \u015bwiecie obs\u0142uguj\u0105c\u0105 dostarczanie technik podgrzewania wody.<\/p>\n<h3>2001<\/h3>\n<p>A.O. Smith acquires State Industries, Inc., and its APCOM Inc. subsidiary, nearly doubling the size of its water heater business.<\/p>\n<h3>1999<\/h3>\n<p>Roku firma A.O. Smith uka\u0144cza najwi\u0119ksze przej\u0119cie w swojej historii wykupuj\u0105c \u015bwiatowe przedsi\u0119biorstwo produkuj\u0105ce silniki elektryczne MagneTek.<\/p>\n<h3>1998<\/h3>\n<p>Water Products Company otwiera w Nanjing w Chinach fabryk\u0119 produkuj\u0105c\u0105 podgrzewacze wody.<\/p>\n<h3>1998<\/h3>\n<p>Firma pozyskuje krajowy rynek spr\u0119\u017carek firmy General Electric, staj\u0105c si\u0119 wiod\u0105cym producentem hermetycznych silnik\u00f3w w Ameryce P\u00f3\u0142nocnej.<\/p>\n<h3>1997<\/h3>\n<p>Po ponad 90 latach firma A.O. Smith odchodzi z przemys\u0142u motoryzacyjnego, odsprzedaj\u0105c Tower Automotive swoj\u0105 Automotive Products Company. Przej\u0119cie firmy UPPCO, Inc.<\/p>\n<h3>1997<\/h3>\n<p>Roku rozszerza lini\u0119 produkt\u00f3w firmy w zakresie silnik\u00f3w elektrycznych i powoduje, \u017ce A. O. Smith staje si\u0119 wiod\u0105cym na \u015bwiecie producentem klatkowych silnik\u00f3w asynchronicznych.<\/p>\n<h3>1995<\/h3>\n<p>Firma przejmuje Peabody TecTank of Parsons, Kansas, podwajaj\u0105c swoj\u0105 dzia\u0142alno\u015b\u0107 w zakresie zbiornik\u00f3w magazynuj\u0105cych i wchodz\u0105c na rynek zbiornik\u00f3w magazynuj\u0105cych substancje sypkie.<\/p>\n<h3>1991<\/h3>\n<p>A.O. Smith opracowa\u0142a pierwsz\u0105 hermetyczn\u0105 izolacj\u0119 silnika kompatybiln\u0105 z nieszkodliwym dla ozonu czynnikiem ch\u0142odniczym R-134a.<\/p>\n<h3>1988<\/h3>\n<p>Arthur O. Smith Lloyd R. Smith L. B, (Ted) Smith i Arthur O. Smith II zostali wprowadzeni do firmy. A. O. Smith i L. R. Smith stali si\u0119 pierwszym ojcem i synem, kt\u00f3rzy znale\u017ali si\u0119 w Galerii s\u0142aw przemys\u0142u motoryzacyjnego.<\/p>\n<h3>1986<\/h3>\n<p>Zakup ma\u0142ego oddzia\u0142u silnikowego Westinghouse spowodowa\u0142o znaczny wzrost rozmiaru oraz zakresu dzia\u0142alno\u015bci firmy w przemy\u015ble silnik\u00f3w elektrycznych.<\/p>\n<h3>1984<\/h3>\n<p>A.O. Smith otwiera pierwsz\u0105 fabryk\u0119 monta\u017cow\u0105 silnik\u00f3w w Juarez oraz Acanie w Meksyku.<\/p>\n<h3>1978<\/h3>\n<p>Firma wchodzi na rynek przemys\u0142owych i komercyjnych zbiornik\u00f3w magazynuj\u0105cych wprowadzaj\u0105c struktur\u0119 szk\u0142a wtopionego w stali Aquastore \u00ae.<\/p>\n<h3>1976<\/h3>\n<p>Motor Division otwiera swoje pierwsze przedsi\u0119biorstwo europejskie w Bray w Irlandii, dostarczaj\u0105c\u0105 silniki hermetyczne przeznaczone do zastosowa\u0144 komercyjnych.<\/p>\n<h3>1974<\/h3>\n<p>Setna rocznica A.O. Smith. Wprowadzenie linii podgrzewaczy wody do zastosowa\u0144 mieszkalnych Conservationist \u00ae.<\/p>\n<h3>1972<\/h3>\n<p>Dzia\u0142 podgrzewaczy wody otwiera swoj\u0105 pierwsz\u0105 fabryk\u0119 w Europie w Veldhoven, w Holandii.<\/p>\n<h3>1968<\/h3>\n<p>Rodzina Nelson\u00f3w pomaga sprzedawa\u0107 podgrzewacze wody firmy A.O. Smith. A.O. Smith produkuje sw\u00f3j 10-milionowy podgrzewacz wody do zastosowa\u0144 mieszkalnych.<\/p>\n<h3>1965<\/h3>\n<p>Motor Division konstruuje dwukomorowy silnik z wbudowan\u0105 os\u0142on\u0105, projekt, kt\u00f3ry zwi\u0119ksza niezawodno\u015b\u0107 silnik\u00f3w pomp do zbiornik\u00f3w wodnych poprzez oddzielenie komponent\u00f3w prze\u0142\u0105czaj\u0105cych od zwojnic silnika.<\/p>\n<h3>1961<\/h3>\n<p>Otwarcie fabryki komercyjnych podgrzewaczy wody i kot\u0142\u00f3w w Stratford, Ontario w Kanadzie.<\/p>\n<h3>1959<\/h3>\n<p>Otwarcie dzia\u0142u w\u0142\u00f3kien szklanych w celu komercjalizacji bada\u0144 przeprowadzonych nad wykorzystaniem w wielu zastosowaniach w\u0142\u00f3kien szklanych jako zamiennika stali. Przedsi\u0119biorstwo poszerza swoj\u0105 dzia\u0142alno\u015b\u0107 o dostarczanie rur dla p\u00f3l naftowych oraz dla stacji obs\u0142ugi, by w 1986 roku zmieni\u0107 nazw\u0119 na Smith Fiberglass Products.<\/p>\n<h3>1953<\/h3>\n<p>Ko\u0144 skonstruowany z silnik\u00f3w firmy A.O. Smith wywo\u0142a\u0142 poruszenie na targach bran\u017cowych. Dzia\u0142 silnik\u00f3w wprowadza motor hermetyczny &#8211; najistotniejszy sk\u0142adnik kompresor\u00f3w stosowanych w klimatyzacji i lod\u00f3wkach &#8211; by wyj\u015b\u0107 na przeciw rosn\u0105cemu zapotrzebowaniu na klimatyzacj\u0119 stosowan\u0105 w mieszkalnictwie i komercyjn\u0105.<\/p>\n<h3>1950<\/h3>\n<p>A.O. Smith wykupuje Whirl-A-Way Motors z Dayton, Ohio, i konsoliduje w nim swoje przedsi\u0119biorstwa produkuj\u0105ce silniki elektryczne.<\/p>\n<h3>1949<\/h3>\n<p>Wprowadzenie struktury Harvestore \u00ae &#8211; silosy ze szk\u0142a wtopionego w stal przeznaczone do wykorzystania w przemy\u015ble mleczarskim i w hodowli zwierz\u0105t.\u00a0 W ci\u0105gu kolejnych 50 lat A.O. Smith instaluje ponad 70 000 takich struktur na farmach w ca\u0142ej Ameryce P\u00f3\u0142nocnej.<\/p>\n<h3>1948<\/h3>\n<p>A.O. Smith przejmuje Burkay Company of Toledo z Ohio i wchodzi na rynek komercyjnych podgrzewaczy wody. \u201eNatychmiastowe\u201d podgrzewacze zwojnicowe s\u0142u\u017cy\u0142y jako podstawa rozwoju firmowej linii komercyjnych podgrzewaczy wody.<\/p>\n<h3>1946<\/h3>\n<p>Zr\u00f3b miejsce Prosiaczkowi Porkiemu &#8211; przygotowano specjalne stoisko handlowe i posta\u0107, kt\u00f3re mia\u0142y przedstawi\u0107 produkty firmy A.O. Smith na targach. Firma buduje w Kankakee, Illinois, ciep\u0142owni\u0119 produkuj\u0105c\u0105 ciep\u0142\u0105 wod\u0119 do cel\u00f3w mieszkaniowych o powierzchni 400 000 st\u00f3p kwadratowych. Life Magazine og\u0142asza j\u0105 \u201enajnowocze\u015bniejsz\u0105 ciep\u0142owni\u0105 na \u015bwiecie\u201d.<\/p>\n<h3>1942<\/h3>\n<p>W ramach wk\u0142adu w dzia\u0142ania wojenne A.O. Smith rozpoczyna produkcj\u0119 obud\u00f3w, \u015bmigie\u0142 samolot\u00f3w, podwozia, kolby dla torped i innych materia\u0142\u00f3w. Do roku 1945 zbudowano 4,5 miliona bomb, 16750 zestaw\u00f3w podwozia i 46700 \u015bmigie\u0142 samolot\u00f3w, a tak\u017ce ramy cz\u0119\u015bci nosowej bombowca B-25, podgrzewacze wody, ramy \u0142azik\u00f3w oraz komponenty przeznaczone dla projektu bomby atomowej.<\/p>\n<h3>1940<\/h3>\n<p>Rozszerzenie osi\u0105gni\u0119\u0107 w zakresie p\u00f3l naftowych, firma przejmuje Sawyer Electric z Los Angeles w Californii &#8211; producenta silnik\u00f3w elektrycznych. Jednym z ich produkt\u00f3w by\u0142 silnik pompy, kt\u00f3ry m\u00f3g\u0142 zosta\u0107 u\u017cyty do zastosowa\u0144 w odwiertach naftowych.<\/p>\n<h3>1936<\/h3>\n<p>Gigant A.O. Smith zgina o\u015bmiocalowy fragment rury pokrytej szk\u0142em, aby zademonstrowa\u0107 jej zdolno\u015b\u0107 do wyginania si\u0119 bez p\u0119kni\u0119\u0107. A.O. Smith opatentowuje podgrzewacz wody wy\u015bcielony warstw\u0105 szklan\u0105. Pomys\u0142 ten szybko staje si\u0119 standardem w przemy\u015ble, dzi\u0119ki czemu ciep\u0142a woda staje si\u0119 przyst\u0119pnym udogodnieniem dla gospodarstw domowych. Trzy lata p\u00f3\u017aniej firma rozpoczyna masow\u0105 produkcj\u0119 podgrzewaczy wody do cel\u00f3w mieszkalnych, ale w czasie trwania drugiej wojny \u015bwiatowej zmienia ca\u0142\u0105 produkcj\u0119 na potrzeby wojenne.<\/p>\n<h3>1933<\/h3>\n<p>Koniec Prohibicji stworzy\u0142 mo\u017cliwo\u015b\u0107 zastosowania nowej technologii w rewitalizacji przemys\u0142u piwowarskiego. Skupiaj\u0105c si\u0119 na badaniach nad procesem wtapiania szk\u0142a w stal, firma przedstawia pierwszy du\u017cy, jednoelementowy zbiornik piwowarski pokryty po wewn\u0119trznej stronie szklan\u0105 warstw\u0105.\u00a0 Przez nast\u0119pne 32 lata w A.O. Smith wykonano ponad 11000 zbiornik\u00f3w powlekanych od wewn\u0105trz warstw\u0105 szklan\u0105.<\/p>\n<h3>1930<\/h3>\n<p>Firma konstruuje w Milwaukee inspirowany stylem Art Deco budynek dzia\u0142u Bada\u0144 i in\u017cynierii, jeden z pierwszych w Stanach Zjednoczonych przeznaczonych dla cel\u00f3w Bada\u0144 i rozwoju. W tym czasie firma A.O. Smith zatrudnia\u0142a ponad 400 in\u017cynier\u00f3w.<\/p>\n<h3>1927<\/h3>\n<p>Udoskonalenie metody oszcz\u0119dnego formowania i spawania stalowej rury przewodowej o du\u017cej \u015brednicy. Ta nowa technika produkcji na skal\u0119 masow\u0105 pos\u0142u\u017cy\u0142a otwarciu dzia\u0142alno\u015bci w przemy\u015ble gazu ziemnego i przedsi\u0119wzi\u0119ciu transkontynentalnego ruroci\u0105gu naftowego. A.O. Smith by\u0142 wiod\u0105cym dostawc\u0105 rur przewodowych do czasu zako\u0144czenia jego dzia\u0142alno\u015bci w tym zakresie w roku 1972.<\/p>\n<h3>1925<\/h3>\n<p>Do produkcji wysokoci\u015bnieniowych zbiornik\u00f3w wymaganych by\u0142o wielu pracownik\u00f3w. Wprowadzony zostaje pierwszy spawany \u0142ukowo wysokoci\u015bnieniowy zbiornik wykorzystywany do rafinowania ropy naftowej. Zbiorniki ci\u015bnieniowe firmy A.O. Smith by\u0142y wykorzystywane w r\u00f3\u017cnorodnych procesach przetwarzania chemicznego, rafinowania oraz w zwi\u0105zanych z nimi zastosowaniach. Firma przetrwa\u0142a w tej bran\u017cy do 1963 roku.<\/p>\n<h3>1921<\/h3>\n<p>Firma, kierowana przez L.R. Smitha, przedstawia \u201eMechaniczny cud\u201d &#8211; pierwsz\u0105 na \u015bwiecie w pe\u0142ni zautomatyzowan\u0105 fabryk\u0119 monta\u017cu ram samochodowych. Fabryka, b\u0119d\u0105ca w stanie wyprodukowa\u0107 jedn\u0105 ram\u0119 co osiem sekund, dzia\u0142a\u0142a do roku 1958.<\/p>\n<h3>1918<\/h3>\n<p>In\u017cynierowie Smitha projektuj\u0105 laminowany drut spawalniczy, prze\u0142om, kt\u00f3ry mia\u0142 wp\u0142yw na rozw\u00f3j spawania \u0142ukowego jako metod\u0119 produkcji stosowan\u0105 na skal\u0119 masow\u0105. Firma kontynuowa\u0142a dzia\u0142alno\u015b\u0107 w bran\u017cy produkt\u00f3w spawalniczych do 1965 roku.<\/p>\n<h3>1914<\/h3>\n<p>Firma przedstawia Smith Motor Wheel &#8211; zasilane benzyn\u0105 urz\u0105dzenie do rower\u00f3w. P\u00f3\u017aniej przedstawiono Smith Flyer, okrzykni\u0119ty pierwszym na \u015bwiecie \u201esamochodem sportowym\u201d. Firma w ko\u0144cu jednak sprzeda\u0142a t\u0119 technologi\u0119 firmie Briggs &amp; Stratton Company of Milwaukee.<\/p>\n<h3>1913<\/h3>\n<p>Umiera A.O. Smith. Jego syn, Lloyd Raymond Smith, staje si\u0119 trzecim pokoleniem rodziny, kt\u00f3re prowadzi firm\u0119.<\/p>\n<h3>1906<\/h3>\n<p>Henry Ford zamawia 100000 stalowych ram samochodowych, motywuj\u0105c firm\u0119 do stworzenia pierwszego na \u015bwiecie masowego procesu produkcji &#8211; monta\u017cu ram. W ci\u0105gu czterech lat firma A.O. Smith staje si\u0119 najwi\u0119kszym producentem ram w Ameryce P\u00f3\u0142nocnej.<\/p>\n<h3>1904<\/h3>\n<p>Arthur O. Smith rejestruje w Milwaukee firm\u0119 A.O. Smith Company.<\/p>\n<h3>1903<\/h3>\n<p>A.O. Smith rozpoczyna dostarczanie ram firmie Cadillac &#8211; relacj\u0119 dostawcy z klientem, kt\u00f3ra b\u0119dzie trwa\u0142a przez prawie 90 lat.<\/p>\n<h3>1899<\/h3>\n<p>Arthur O. Smith, syn fundatora, projektuje pierwsz\u0105 na \u015bwiecie stalow\u0105 ram\u0119 samochodow\u0105. Ramy by\u0142y wtedy produkowane z drogiej stali budowlanej. Trzy lata p\u00f3\u017aniej A. O. Smith rozpocz\u0105\u0142 produkcj\u0119 ram dla Peerless Automobile Company.<\/p>\n<h3>1889<\/h3>\n<p>Firma wchodzi do przemys\u0142u rowerowego wprowadzaj\u0105c pomys\u0142 formowania z blachy stalowych przewod\u00f3w. Pocz\u0105tkowo wykorzystywano go do produkcji widelca przytrzymuj\u0105cego przednie ko\u0142o, jednak p\u00f3\u017aniej wykorzystano t\u0119 innowacj\u0119 do produkcji ram rowerowych. Przed rokiem 1895 firma C. J. Smith and Sons sta\u0142a si\u0119 najwi\u0119kszym producentem cz\u0119\u015bci rowerowych w Stanach Zjednoczonych, a p\u00f3\u017aniej tak\u017ce najwi\u0119kszym na \u015bwiecie.<\/p>\n<h3>1847<\/h3>\n<p>Charles Jeremiah Smith otwiera firm\u0119 w Milwaukee w stanie Wisconsin. Rozpoczyna od produkcji cz\u0119\u015bci do w\u00f3zk\u00f3w dzieci\u0119cych i innych wyspecjalizowanych sprz\u0119t\u00f3w. Wcze\u015bniejsz\u0105 innowacj\u0105 by\u0142a metalowe, cylindryczne kopyto szewskie, stworzone dla wschodz\u0105cego przemys\u0142u obuwniczego w Milwaukee.<\/p>\n","protected":false},"excerpt":{"rendered":"<p>2014 140 lat rocznica A.O. Smith. 2011 A.O. Smith kupuje firm\u0119 Lochinvar (lipiec 2011 roku). 2010 A.O. Smith sprzedaje Dzia\u0142 [&hellip;]<\/p>\n","protected":false},"author":1,"featured_media":757193,"parent":757128,"menu_order":0,"comment_status":"open","ping_status":"open","template":"","meta":{"_acf_changed":false,"inline_featured_image":false,"site-sidebar-layout":"no-sidebar","site-content-layout":"page-builder","ast-site-content-layout":"default","site-content-style":"default","site-sidebar-style":"default","ast-global-header-display":"","ast-banner-title-visibility":"","ast-main-header-display":"","ast-hfb-above-header-display":"","ast-hfb-below-header-display":"","ast-hfb-mobile-header-display":"","site-post-title":"disabled","ast-breadcrumbs-content":"","ast-featured-img":"disabled","footer-sml-layout":"","ast-disable-related-posts":"","theme-transparent-header-meta":"default","adv-header-id-meta":"","stick-header-meta":"default","header-above-stick-meta":"","header-main-stick-meta":"","header-below-stick-meta":"","astra-migrate-meta-layouts":"set","ast-page-background-enabled":"default","ast-page-background-meta":{"desktop":{"background-color":"var(--ast-global-color-5)","background-image":"","background-repeat":"repeat","background-position":"center center","background-size":"auto","background-attachment":"scroll","background-type":"","background-media":"","overlay-type":"","overlay-color":"","overlay-opacity":"","overlay-gradient":""},"tablet":{"background-color":"","background-image":"","background-repeat":"repeat","background-position":"center center","background-size":"auto","background-attachment":"scroll","background-type":"","background-media":"","overlay-type":"","overlay-color":"","overlay-opacity":"","overlay-gradient":""},"mobile":{"background-color":"","background-image":"","background-repeat":"repeat","background-position":"center center","background-size":"auto","background-attachment":"scroll","background-type":"","background-media":"","overlay-type":"","overlay-color":"","overlay-opacity":"","overlay-gradient":""}},"ast-content-background-meta":{"desktop":{"background-color":"var(--ast-global-color-4)","background-image":"","background-repeat":"repeat","background-position":"center center","background-size":"auto","background-attachment":"scroll","background-type":"","background-media":"","overlay-type":"","overlay-color":"","overlay-opacity":"","overlay-gradient":""},"tablet":{"background-color":"var(--ast-global-color-4)","background-image":"","background-repeat":"repeat","background-position":"center center","background-size":"auto","background-attachment":"scroll","background-type":"","background-media":"","overlay-type":"","overlay-color":"","overlay-opacity":"","overlay-gradient":""},"mobile":{"background-color":"var(--ast-global-color-4)","background-image":"","background-repeat":"repeat","background-position":"center center","background-size":"auto","background-attachment":"scroll","background-type":"","background-media":"","overlay-type":"","overlay-color":"","overlay-opacity":"","overlay-gradient":""}},"footnotes":""},"class_list":["post-757192","page","type-page","status-publish","has-post-thumbnail","hentry"],"acf":[],"_links":{"self":[{"href":"https:\/\/aosmithinternational.com\/pl\/wp-json\/wp\/v2\/pages\/757192","targetHints":{"allow":["GET"]}}],"collection":[{"href":"https:\/\/aosmithinternational.com\/pl\/wp-json\/wp\/v2\/pages"}],"about":[{"href":"https:\/\/aosmithinternational.com\/pl\/wp-json\/wp\/v2\/types\/page"}],"author":[{"embeddable":true,"href":"https:\/\/aosmithinternational.com\/pl\/wp-json\/wp\/v2\/users\/1"}],"replies":[{"embeddable":true,"href":"https:\/\/aosmithinternational.com\/pl\/wp-json\/wp\/v2\/comments?post=757192"}],"version-history":[{"count":2,"href":"https:\/\/aosmithinternational.com\/pl\/wp-json\/wp\/v2\/pages\/757192\/revisions"}],"predecessor-version":[{"id":988864,"href":"https:\/\/aosmithinternational.com\/pl\/wp-json\/wp\/v2\/pages\/757192\/revisions\/988864"}],"up":[{"embeddable":true,"href":"https:\/\/aosmithinternational.com\/pl\/wp-json\/wp\/v2\/pages\/757128"}],"wp:featuredmedia":[{"embeddable":true,"href":"https:\/\/aosmithinternational.com\/pl\/wp-json\/wp\/v2\/media\/757193"}],"wp:attachment":[{"href":"https:\/\/aosmithinternational.com\/pl\/wp-json\/wp\/v2\/media?parent=757192"}],"curies":[{"name":"wp","href":"https:\/\/api.w.org\/{rel}","templated":true}]}}