{"id":757194,"date":"2016-07-12T12:00:41","date_gmt":"2016-07-12T10:00:41","guid":{"rendered":"https:\/\/staging.aosmithinternational.com\/jakosc\/"},"modified":"2026-02-22T20:41:06","modified_gmt":"2026-02-22T19:41:06","slug":"jakosc","status":"publish","type":"page","link":"https:\/\/aosmithinternational.com\/pl\/o-nas\/jakosc\/","title":{"rendered":"Jako\u015b\u0107"},"content":{"rendered":"<h2>Konsultacje od pomys\u0142u do zam\u00f3wienia<\/h2>\n<p><span class=\"two_columns\">Jedn\u0105 z popularnych opcji jest wsparcie ze strony lokalnego specjalisty do spraw sprzeda\u017cy lub te\u017c naszego dzia\u0142u Wsparcia technicznego. Wsparcie to jest dost\u0119pne zaczynaj\u0105c ju\u017c od etap\u00f3w planowania i projektu, gdy musz\u0105 by\u0107 podejmowane wa\u017cne decyzje. Jeste\u015bmy tak\u017ce otwarci na dyskusj\u0119 na temat Pa\u0144stwa wymaga\u0144 w zakresie instalacji i serwisowania, gdy zajdzie taka potrzeba. <\/span><\/p>\n<h2>Certyfikacja<\/h2>\n<p>Procesy, w kt\u00f3rych produkowane s\u0105 nasze urz\u0105dzenia, s\u0105 zgodne ze standardami jako\u015bci takimi jak <a title=\"ISO\" href=\"https:\/\/aosmithinternational.com\/wp-content\/uploads\/2025\/10\/Certificaat_ISO_9001_UK.pdf\" target=\"_blank\" rel=\"noopener noreferrer\">ISO 9001: 2008<\/a>. B\u0119d\u0105c producentem na skal\u0119 \u015bwiatow\u0105, stosujemy si\u0119 tak\u017ce do lokalnych standard\u00f3w i dyrektyw. Certyfikacja CE jest oczywistym standardem dla ca\u0142ego rynku europejskiego. W Holandii, Francji, Belgii i Wielkiej Brytanii, aby by\u0107 uprawnionym do wzi\u0119cia udzia\u0142u w lokalnych programach subwencyjnych wymagane s\u0105 dodatkowe certyfikaty. Dodatkowo nasze produkty spe\u0142niaj\u0105 europejskie dyrektywy RoHS, WEEE oraz PED.<\/p>\n<h2>Procesy rozwoju i produkcji<\/h2>\n<p>Jako\u015b\u0107 jest bardzo wa\u017cnym czynnikiem w procesie tworzenia i produkcji naszych urz\u0105dze\u0144. A.O. Smith tworzy nowe trendy na polu zaawansowanych produkt\u00f3w i technologii podgrzewania wody. Dobrym przyk\u0142adem produktu stworzonego w ca\u0142o\u015bci przez nas jest nasze opatentowane powlekanie warstw\u0105 ochronn\u0105 PermaGlas Ultra Coat: ochronn\u0105 pow\u0142ok\u0105 szklan\u0105 nak\u0142adan\u0105 na wewn\u0119trzn\u0105 powierzchni\u0119 zbiornika stalowego zapewniaj\u0105c\u0105 maksymaln\u0105 odporno\u015b\u0107 na korozj\u0119 i d\u0142ugi okres \u017cycia urz\u0105dzenia.<\/p>\n","protected":false},"excerpt":{"rendered":"<p>Konsultacje od pomys\u0142u do zam\u00f3wienia Jedn\u0105 z popularnych opcji jest wsparcie ze strony lokalnego specjalisty do spraw sprzeda\u017cy lub te\u017c [&hellip;]<\/p>\n","protected":false},"author":1,"featured_media":757195,"parent":757128,"menu_order":0,"comment_status":"open","ping_status":"open","template":"","meta":{"_acf_changed":false,"inline_featured_image":false,"site-sidebar-layout":"default","site-content-layout":"","ast-site-content-layout":"default","site-content-style":"default","site-sidebar-style":"default","ast-global-header-display":"","ast-banner-title-visibility":"","ast-main-header-display":"","ast-hfb-above-header-display":"","ast-hfb-below-header-display":"","ast-hfb-mobile-header-display":"","site-post-title":"","ast-breadcrumbs-content":"","ast-featured-img":"","footer-sml-layout":"","ast-disable-related-posts":"","theme-transparent-header-meta":"default","adv-header-id-meta":"","stick-header-meta":"default","header-above-stick-meta":"","header-main-stick-meta":"","header-below-stick-meta":"","astra-migrate-meta-layouts":"set","ast-page-background-enabled":"default","ast-page-background-meta":{"desktop":{"background-color":"var(--ast-global-color-5)","background-image":"","background-repeat":"repeat","background-position":"center center","background-size":"auto","background-attachment":"scroll","background-type":"","background-media":"","overlay-type":"","overlay-color":"","overlay-opacity":"","overlay-gradient":""},"tablet":{"background-color":"","background-image":"","background-repeat":"repeat","background-position":"center center","background-size":"auto","background-attachment":"scroll","background-type":"","background-media":"","overlay-type":"","overlay-color":"","overlay-opacity":"","overlay-gradient":""},"mobile":{"background-color":"","background-image":"","background-repeat":"repeat","background-position":"center center","background-size":"auto","background-attachment":"scroll","background-type":"","background-media":"","overlay-type":"","overlay-color":"","overlay-opacity":"","overlay-gradient":""}},"ast-content-background-meta":{"desktop":{"background-color":"var(--ast-global-color-4)","background-image":"","background-repeat":"repeat","background-position":"center center","background-size":"auto","background-attachment":"scroll","background-type":"","background-media":"","overlay-type":"","overlay-color":"","overlay-opacity":"","overlay-gradient":""},"tablet":{"background-color":"var(--ast-global-color-4)","background-image":"","background-repeat":"repeat","background-position":"center center","background-size":"auto","background-attachment":"scroll","background-type":"","background-media":"","overlay-type":"","overlay-color":"","overlay-opacity":"","overlay-gradient":""},"mobile":{"background-color":"var(--ast-global-color-4)","background-image":"","background-repeat":"repeat","background-position":"center center","background-size":"auto","background-attachment":"scroll","background-type":"","background-media":"","overlay-type":"","overlay-color":"","overlay-opacity":"","overlay-gradient":""}},"footnotes":""},"class_list":["post-757194","page","type-page","status-publish","has-post-thumbnail","hentry"],"acf":[],"_links":{"self":[{"href":"https:\/\/aosmithinternational.com\/pl\/wp-json\/wp\/v2\/pages\/757194","targetHints":{"allow":["GET"]}}],"collection":[{"href":"https:\/\/aosmithinternational.com\/pl\/wp-json\/wp\/v2\/pages"}],"about":[{"href":"https:\/\/aosmithinternational.com\/pl\/wp-json\/wp\/v2\/types\/page"}],"author":[{"embeddable":true,"href":"https:\/\/aosmithinternational.com\/pl\/wp-json\/wp\/v2\/users\/1"}],"replies":[{"embeddable":true,"href":"https:\/\/aosmithinternational.com\/pl\/wp-json\/wp\/v2\/comments?post=757194"}],"version-history":[{"count":1,"href":"https:\/\/aosmithinternational.com\/pl\/wp-json\/wp\/v2\/pages\/757194\/revisions"}],"predecessor-version":[{"id":996396,"href":"https:\/\/aosmithinternational.com\/pl\/wp-json\/wp\/v2\/pages\/757194\/revisions\/996396"}],"up":[{"embeddable":true,"href":"https:\/\/aosmithinternational.com\/pl\/wp-json\/wp\/v2\/pages\/757128"}],"wp:featuredmedia":[{"embeddable":true,"href":"https:\/\/aosmithinternational.com\/pl\/wp-json\/wp\/v2\/media\/757195"}],"wp:attachment":[{"href":"https:\/\/aosmithinternational.com\/pl\/wp-json\/wp\/v2\/media?parent=757194"}],"curies":[{"name":"wp","href":"https:\/\/api.w.org\/{rel}","templated":true}]}}