{"id":757663,"date":"2016-07-20T14:45:39","date_gmt":"2016-07-20T12:45:39","guid":{"rendered":"https:\/\/staging.aosmithinternational.com\/systemy-solarne\/"},"modified":"2026-02-14T17:04:24","modified_gmt":"2026-02-14T16:04:24","slug":"systemy-solarne","status":"publish","type":"page","link":"https:\/\/aosmithinternational.com\/pl\/systemy-solarne\/","title":{"rendered":"Systemy solarne"},"content":{"rendered":"<h2>Charakterystyki system\u00f3w s\u0142onecznych A.O. Smith<\/h2>\n<div><\/div>\n<h3>Maksymalna wydajno\u015b\u0107<\/h3>\n<p>Technologia sterowania zastosowana w tym rozwi\u0105zaniu systemowym firmy A.O. Smith pozwala na modulowanie pr\u0119dko\u015bci pompy solarnej nawet do poziomu 15% pr\u0119dko\u015bci nominalnej, by nawet przy niewielkim poziomie dostarczanej energii s\u0142onecznej jej wk\u0142ad by\u0142 zawsze maksymalizowany.<\/p>\n<h3>D\u0142ugi okres u\u017cytkowania<\/h3>\n<p>Dzi\u0119ki zastosowaniu opatentowanego systemu Drain-Back, zainstalowanym bezpo\u015brednio pod kolektorem solarnym, zapobiega to stagnacyjnemu przegrzewaniu p\u0142ynu w instalacji solarnej w okresach braku rozbior\u00f3w cieplej wody. Skutkuje to osi\u0105gni\u0119ciem maksymalnego okresu u\u017cytkowania ca\u0142ej instalacji. Dodatkowo Grupa pompowa jest chroniona jest przed zbyt wysokimi temperaturami.<\/p>\n<h3>Gazowe\/s\u0142oneczne podgrzewacze wody<\/h3>\n<p>Prawdziwymi pere\u0142kami w\u015br\u00f3d naszych podgrzewaczy s\u0105 SGE i SGS &#8211; dwa modele gazowo \/ solarne o bardzo wysokiej wydajno\u015bci. W przypadku SGE s\u0142oneczny wymiennik ciep\u0142a jest bezpo\u015brednio zintegrowany z urz\u0105dzeniem kondensacyjnym do ogrzewania wody. Powoduje to, \u017ce SGE jest idealnie nadaje si\u0119 do zastosowa\u0144 komercyjnych \u015bredniej wielko\u015bci, w kt\u00f3rych wyst\u0119puje ograniczenie przestrzeni pod monta\u017c. Z drugiej strony ogromne mo\u017cliwo\u015bci SGS w kwestii pojemno\u015bci magazynowej wody sprawiaj\u0105, \u017ce s\u0105 one bardzo skuteczne jako rozwi\u0105zania dla zastosowa\u0144 w komercyjnych i przemys\u0142owych instalacjach na du\u017c\u0105 skal\u0119.<\/p>\n<h3>Instalacja o du\u017cej mocy<\/h3>\n<p>W po\u0142\u0105czeniu ze zbiornikiem buforowym (do 2800 litr\u00f3w) otrzymuje si\u0119 instalacj\u0119 o du\u017cej mocy. Ponadto, dzi\u0119ki w pe\u0142ni automatycznemu inteligentnemu systemowi sterowania maksymalizowana jest wydajno\u015b\u0107 energetyczna. W modelu SGS dodatkowy wk\u0142ad energii s\u0142onecznej mo\u017ce wzrosn\u0105\u0107 nawet do 40% w por\u00f3wnaniu do standardowych system\u00f3w s\u0142onecznych. Udaje nam si\u0119 osi\u0105gn\u0105\u0107 ten niezwykle wysoki wk\u0142ad u\u017cywaj\u0105c w inteligentny spos\u00f3b dost\u0119pnej energii s\u0142onecznej.<\/p>\n<h3>Kompletne rozwi\u0105zanie<\/h3>\n<p>A.O. Smith preferuje stosowa\u0107 kompletne rozwi\u0105zania systemowe. Aby otrzyma\u0107 optymaln\u0105 wydajno\u015b\u0107 systemu wymienniki firmy A.O. Smith s\u0105 dostarczane i instalowane jako zintegrowany system. W sytuacji, gdy produkt jest dostarczany i wdra\u017cany przez A.O. Smith, maj\u0105 Pa\u0144stwo gwarancj\u0119, \u017ce instalacja b\u0119dzie doskonale dzia\u0142a\u0107, z maksymaln\u0105 wydajno\u015bci\u0105, a tak\u017ce, \u017ce wszystkie jej cz\u0119\u015bci b\u0119d\u0105 idealnie do siebie dopasowane. Prostota, wygoda i tylko jedna firma, z kt\u00f3r\u0105 musz\u0105 si\u0119 Pa\u0144stwo kontaktowa\u0107 w sprawie ca\u0142ego systemu &#8211; oto si\u0142a A.O. Smith.<\/p>\n<h3>Wi\u0119cej informacji<\/h3>\n<p>Wi\u0119cej informacji na temat system\u00f3w s\u0142onecznych mo\u017cna znale\u017a\u0107 w rozdziale <a href=\"https:\/\/aosmithinternational.com\/pl\/product-ranges\/odnawialne-zrodla-energii\/\">Podgrzewacze wody, S\u0142oneczn<\/a>.<\/p>\n","protected":false},"excerpt":{"rendered":"<p>Charakterystyki system\u00f3w s\u0142onecznych A.O. Smith Maksymalna wydajno\u015b\u0107 Technologia sterowania zastosowana w tym rozwi\u0105zaniu systemowym firmy A.O. Smith pozwala na modulowanie [&hellip;]<\/p>\n","protected":false},"author":1,"featured_media":6808,"parent":0,"menu_order":0,"comment_status":"open","ping_status":"open","template":"","meta":{"_acf_changed":false,"inline_featured_image":false,"site-sidebar-layout":"default","site-content-layout":"","ast-site-content-layout":"default","site-content-style":"default","site-sidebar-style":"default","ast-global-header-display":"","ast-banner-title-visibility":"","ast-main-header-display":"","ast-hfb-above-header-display":"","ast-hfb-below-header-display":"","ast-hfb-mobile-header-display":"","site-post-title":"","ast-breadcrumbs-content":"","ast-featured-img":"","footer-sml-layout":"","ast-disable-related-posts":"","theme-transparent-header-meta":"default","adv-header-id-meta":"","stick-header-meta":"default","header-above-stick-meta":"","header-main-stick-meta":"","header-below-stick-meta":"","astra-migrate-meta-layouts":"set","ast-page-background-enabled":"default","ast-page-background-meta":{"desktop":{"background-color":"var(--ast-global-color-5)","background-image":"","background-repeat":"repeat","background-position":"center center","background-size":"auto","background-attachment":"scroll","background-type":"","background-media":"","overlay-type":"","overlay-color":"","overlay-opacity":"","overlay-gradient":""},"tablet":{"background-color":"","background-image":"","background-repeat":"repeat","background-position":"center center","background-size":"auto","background-attachment":"scroll","background-type":"","background-media":"","overlay-type":"","overlay-color":"","overlay-opacity":"","overlay-gradient":""},"mobile":{"background-color":"","background-image":"","background-repeat":"repeat","background-position":"center center","background-size":"auto","background-attachment":"scroll","background-type":"","background-media":"","overlay-type":"","overlay-color":"","overlay-opacity":"","overlay-gradient":""}},"ast-content-background-meta":{"desktop":{"background-color":"var(--ast-global-color-4)","background-image":"","background-repeat":"repeat","background-position":"center center","background-size":"auto","background-attachment":"scroll","background-type":"","background-media":"","overlay-type":"","overlay-color":"","overlay-opacity":"","overlay-gradient":""},"tablet":{"background-color":"var(--ast-global-color-4)","background-image":"","background-repeat":"repeat","background-position":"center center","background-size":"auto","background-attachment":"scroll","background-type":"","background-media":"","overlay-type":"","overlay-color":"","overlay-opacity":"","overlay-gradient":""},"mobile":{"background-color":"var(--ast-global-color-4)","background-image":"","background-repeat":"repeat","background-position":"center center","background-size":"auto","background-attachment":"scroll","background-type":"","background-media":"","overlay-type":"","overlay-color":"","overlay-opacity":"","overlay-gradient":""}},"footnotes":""},"class_list":["post-757663","page","type-page","status-publish","has-post-thumbnail","hentry"],"acf":[],"_links":{"self":[{"href":"https:\/\/aosmithinternational.com\/pl\/wp-json\/wp\/v2\/pages\/757663","targetHints":{"allow":["GET"]}}],"collection":[{"href":"https:\/\/aosmithinternational.com\/pl\/wp-json\/wp\/v2\/pages"}],"about":[{"href":"https:\/\/aosmithinternational.com\/pl\/wp-json\/wp\/v2\/types\/page"}],"author":[{"embeddable":true,"href":"https:\/\/aosmithinternational.com\/pl\/wp-json\/wp\/v2\/users\/1"}],"replies":[{"embeddable":true,"href":"https:\/\/aosmithinternational.com\/pl\/wp-json\/wp\/v2\/comments?post=757663"}],"version-history":[{"count":1,"href":"https:\/\/aosmithinternational.com\/pl\/wp-json\/wp\/v2\/pages\/757663\/revisions"}],"predecessor-version":[{"id":996124,"href":"https:\/\/aosmithinternational.com\/pl\/wp-json\/wp\/v2\/pages\/757663\/revisions\/996124"}],"wp:featuredmedia":[{"embeddable":true,"href":"https:\/\/aosmithinternational.com\/pl\/wp-json\/wp\/v2\/media\/6808"}],"wp:attachment":[{"href":"https:\/\/aosmithinternational.com\/pl\/wp-json\/wp\/v2\/media?parent=757663"}],"curies":[{"name":"wp","href":"https:\/\/api.w.org\/{rel}","templated":true}]}}