{"id":758287,"date":"2016-08-01T11:34:54","date_gmt":"2016-08-01T09:34:54","guid":{"rendered":"https:\/\/staging.aosmithinternational.com\/ogrzewanie\/"},"modified":"2025-10-27T14:56:43","modified_gmt":"2025-10-27T13:56:43","slug":"ogrzewanie","status":"publish","type":"page","link":"https:\/\/aosmithinternational.com\/pl\/ogrzewanie\/","title":{"rendered":"Ogrzewanie"},"content":{"rendered":"<h2>Po\u0142\u0105czenie ciep\u0142ej wody u\u017cytkowej i ogrzewania<\/h2>\n<p>System podw\u00f3jny Theta produkcji A.O. Smith to nowe, wyj\u0105tkowe rozwi\u0105zanie wykorzystuj\u0105ce produkty o wysokiej wydajno\u015bci do ogrzewania i podgrzewania c.w.u. W po\u0142\u0105czeniu z solarnym podgrzewaczem wody mo\u017cliwe jest wykorzystanie energii s\u0142onecznej na potrzeby ogrzewania i przygotowania c.w.u. Ca\u0142a instalacja jest kontrolowana przez jeden sterownik.<a title=\"Nowy system podw\u00f3jny Theta\" href=\"https:\/\/aosmithinternational.com\/pl\/polaczenie-cieplej-wody-uzytkowej-ogrzewania\/\">Czytaj wi\u0119cej&#8230;<\/a><\/p>\n<h2>Pomoc i doradztwo<\/h2>\n<p>Ka\u017cdy budynek wymaga najbardziej odpowiedniego rozwi\u0105zania grzewczego. Nasi specjali\u015bci sprzeda\u017cy pomog\u0105 Pa\u0144stwu w wyborze najlepszego rozwi\u0105zania spe\u0142niaj\u0105cego Pa\u0144stwa potrzeby. Prosz\u0119 skontaktowa\u0107 si\u0119 z lokalnym przedstawicielem sprzeda\u017cy w celu dobrania indywidualnej oferty.<\/p>\n","protected":false},"excerpt":{"rendered":"<p>Po\u0142\u0105czenie ciep\u0142ej wody u\u017cytkowej i ogrzewania System podw\u00f3jny Theta produkcji A.O. Smith to nowe, wyj\u0105tkowe rozwi\u0105zanie wykorzystuj\u0105ce produkty o wysokiej [&hellip;]<\/p>\n","protected":false},"author":1,"featured_media":8082,"parent":0,"menu_order":0,"comment_status":"open","ping_status":"open","template":"","meta":{"_acf_changed":false,"inline_featured_image":false,"site-sidebar-layout":"default","site-content-layout":"","ast-site-content-layout":"default","site-content-style":"default","site-sidebar-style":"default","ast-global-header-display":"","ast-banner-title-visibility":"","ast-main-header-display":"","ast-hfb-above-header-display":"","ast-hfb-below-header-display":"","ast-hfb-mobile-header-display":"","site-post-title":"","ast-breadcrumbs-content":"","ast-featured-img":"","footer-sml-layout":"","ast-disable-related-posts":"","theme-transparent-header-meta":"default","adv-header-id-meta":"","stick-header-meta":"default","header-above-stick-meta":"","header-main-stick-meta":"","header-below-stick-meta":"","astra-migrate-meta-layouts":"set","ast-page-background-enabled":"default","ast-page-background-meta":{"desktop":{"background-color":"var(--ast-global-color-5)","background-image":"","background-repeat":"repeat","background-position":"center center","background-size":"auto","background-attachment":"scroll","background-type":"","background-media":"","overlay-type":"","overlay-color":"","overlay-opacity":"","overlay-gradient":""},"tablet":{"background-color":"","background-image":"","background-repeat":"repeat","background-position":"center center","background-size":"auto","background-attachment":"scroll","background-type":"","background-media":"","overlay-type":"","overlay-color":"","overlay-opacity":"","overlay-gradient":""},"mobile":{"background-color":"","background-image":"","background-repeat":"repeat","background-position":"center center","background-size":"auto","background-attachment":"scroll","background-type":"","background-media":"","overlay-type":"","overlay-color":"","overlay-opacity":"","overlay-gradient":""}},"ast-content-background-meta":{"desktop":{"background-color":"var(--ast-global-color-4)","background-image":"","background-repeat":"repeat","background-position":"center center","background-size":"auto","background-attachment":"scroll","background-type":"","background-media":"","overlay-type":"","overlay-color":"","overlay-opacity":"","overlay-gradient":""},"tablet":{"background-color":"var(--ast-global-color-4)","background-image":"","background-repeat":"repeat","background-position":"center center","background-size":"auto","background-attachment":"scroll","background-type":"","background-media":"","overlay-type":"","overlay-color":"","overlay-opacity":"","overlay-gradient":""},"mobile":{"background-color":"var(--ast-global-color-4)","background-image":"","background-repeat":"repeat","background-position":"center center","background-size":"auto","background-attachment":"scroll","background-type":"","background-media":"","overlay-type":"","overlay-color":"","overlay-opacity":"","overlay-gradient":""}},"footnotes":""},"class_list":["post-758287","page","type-page","status-publish","has-post-thumbnail","hentry"],"acf":[],"_links":{"self":[{"href":"https:\/\/aosmithinternational.com\/pl\/wp-json\/wp\/v2\/pages\/758287","targetHints":{"allow":["GET"]}}],"collection":[{"href":"https:\/\/aosmithinternational.com\/pl\/wp-json\/wp\/v2\/pages"}],"about":[{"href":"https:\/\/aosmithinternational.com\/pl\/wp-json\/wp\/v2\/types\/page"}],"author":[{"embeddable":true,"href":"https:\/\/aosmithinternational.com\/pl\/wp-json\/wp\/v2\/users\/1"}],"replies":[{"embeddable":true,"href":"https:\/\/aosmithinternational.com\/pl\/wp-json\/wp\/v2\/comments?post=758287"}],"version-history":[{"count":0,"href":"https:\/\/aosmithinternational.com\/pl\/wp-json\/wp\/v2\/pages\/758287\/revisions"}],"wp:featuredmedia":[{"embeddable":true,"href":"https:\/\/aosmithinternational.com\/pl\/wp-json\/wp\/v2\/media\/8082"}],"wp:attachment":[{"href":"https:\/\/aosmithinternational.com\/pl\/wp-json\/wp\/v2\/media?parent=758287"}],"curies":[{"name":"wp","href":"https:\/\/api.w.org\/{rel}","templated":true}]}}