{"id":758607,"date":"2025-10-26T16:44:20","date_gmt":"2025-10-26T15:44:20","guid":{"rendered":"https:\/\/staging.aosmithinternational.com\/sitemap\/"},"modified":"2025-11-05T11:34:31","modified_gmt":"2025-11-05T10:34:31","slug":"sitemap","status":"publish","type":"page","link":"https:\/\/aosmithinternational.com\/pl\/sitemap\/","title":{"rendered":"Sitemap"},"content":{"rendered":"<div class=\"rank-math-html-sitemap\"><div class=\"rank-math-html-sitemap__section rank-math-html-sitemap__section--post-type rank-math-html-sitemap__section--post\"><h2 class=\"rank-math-html-sitemap__title\">Wpisy<\/h2><ul class=\"rank-math-html-sitemap__list\"><li class=\"rank-math-html-sitemap__item\"><a href=\"https:\/\/aosmithinternational.com\/pl\/aktualnosci\/o-smith-klimosz-instalacje-show-poznan\/\" class=\"rank-math-html-sitemap__link\">A.O. Smith - Klimosz @Instalacje Show, Poznan<\/a><\/li><li class=\"rank-math-html-sitemap__item\"><a href=\"https:\/\/aosmithinternational.com\/pl\/aktualnosci\/factory-visit-and-training-vrf-a-o-smith-veldhoven\/\" class=\"rank-math-html-sitemap__link\">Factory visit and training VRF @A.O. Smith Veldhoven<\/a><\/li><li class=\"rank-math-html-sitemap__item\"><a href=\"https:\/\/aosmithinternational.com\/pl\/aktualnosci\/polaczenie-cieplej-wody-uzytkowej-ogrzewania\/\" class=\"rank-math-html-sitemap__link\">Po\u0142\u0105czenie ciep\u0142ej wody u\u017cytkowej i ogrzewania (Theta)<\/a><\/li><li class=\"rank-math-html-sitemap__item\"><a href=\"https:\/\/aosmithinternational.com\/pl\/aktualnosci\/energooszczedna-eksploatacja\/\" class=\"rank-math-html-sitemap__link\">Energooszczedna eksploatacja<\/a><\/li><li class=\"rank-math-html-sitemap__item\"><a href=\"https:\/\/aosmithinternational.com\/pl\/aktualnosci\/nowy-projekt-bfc-w-nowoczesnym-mlynie-kukurydzianym\/\" class=\"rank-math-html-sitemap__link\">Nowy projekt: BFC w nowoczesnym mlynie kukurydzianym<\/a><\/li><li class=\"rank-math-html-sitemap__item\"><a href=\"https:\/\/aosmithinternational.com\/pl\/aktualnosci\/nowy-projekt-bfc-w-myjni-samochodowej-goraca-wode-i-ogrzewanie\/\" class=\"rank-math-html-sitemap__link\">Nowy projekt: BFC w Myjni samochodowej na goraca wode i ogrzewanie<\/a><\/li><li class=\"rank-math-html-sitemap__item\"><a href=\"https:\/\/aosmithinternational.com\/pl\/aktualnosci\/nowosc-rejestracja-produktu-online\/\" class=\"rank-math-html-sitemap__link\">Nowo\u015b\u0107: Rejestracja produktu online<\/a><\/li><li class=\"rank-math-html-sitemap__item\"><a href=\"https:\/\/aosmithinternational.com\/pl\/aktualnosci\/nowosc-interfejs-bms\/\" class=\"rank-math-html-sitemap__link\">Nowo\u015b\u0107: Interfejs BMS<\/a><\/li><\/ul><\/div><div class=\"rank-math-html-sitemap__section rank-math-html-sitemap__section--post-type rank-math-html-sitemap__section--page\"><h2 class=\"rank-math-html-sitemap__title\">Strony<\/h2><ul class=\"rank-math-html-sitemap__list\"><li class=\"rank-math-html-sitemap__item\"><a href=\"https:\/\/aosmithinternational.com\/pl\/sitemap\/\" class=\"rank-math-html-sitemap__link\">Sitemap<\/a><\/li><li class=\"rank-math-html-sitemap__item\"><a href=\"https:\/\/aosmithinternational.com\/pl\/\" class=\"rank-math-html-sitemap__link\">Innovation has a name<\/a><\/li><li class=\"rank-math-html-sitemap__item\"><a href=\"https:\/\/aosmithinternational.com\/pl\/nieukonczone-produkty\/\" class=\"rank-math-html-sitemap__link\">Nieuko\u0144czone Produkty<\/a><\/li><li class=\"rank-math-html-sitemap__item\"><a href=\"https:\/\/aosmithinternational.com\/pl\/productiedatum-toestel\/\" class=\"rank-math-html-sitemap__link\">Data produkcji mojego urz\u0105dzenia<\/a><\/li><li class=\"rank-math-html-sitemap__item\"><a href=\"https:\/\/aosmithinternational.com\/pl\/ogrzewanie\/\" class=\"rank-math-html-sitemap__link\">Ogrzewanie<\/a><\/li><li class=\"rank-math-html-sitemap__item\"><a href=\"https:\/\/aosmithinternational.com\/pl\/obsluga\/\" class=\"rank-math-html-sitemap__link\">Obs\u0142uga<\/a><\/li><li class=\"rank-math-html-sitemap__item\"><a href=\"https:\/\/aosmithinternational.com\/pl\/systemy-zarzadzania-budynkiem-bms\/\" class=\"rank-math-html-sitemap__link\">Systemy zarz\u0105dzania budynkiem BMS<\/a><\/li><li class=\"rank-math-html-sitemap__item\"><a href=\"https:\/\/aosmithinternational.com\/pl\/systemy-solarne\/\" class=\"rank-math-html-sitemap__link\">Systemy solarne<\/a><\/li><li class=\"rank-math-html-sitemap__item\"><a href=\"https:\/\/aosmithinternational.com\/pl\/czesci\/\" class=\"rank-math-html-sitemap__link\">Cz\u0119\u015bci<\/a><ul class=\"rank-math-html-sitemap__list\"><li class=\"rank-math-html-sitemap__item\"><a href=\"https:\/\/aosmithinternational.com\/pl\/czesci\/materialy-uzywane-przy-odprowadzaniu-spalin-gazowych\/\" class=\"rank-math-html-sitemap__link\">Materia\u0142y odprowadzaniu spalin<\/a><\/li><\/ul><\/li><li class=\"rank-math-html-sitemap__item\"><a href=\"https:\/\/aosmithinternational.com\/pl\/rejestracja-produktu\/\" class=\"rank-math-html-sitemap__link\">Rejestracja produktu<\/a><\/li><li class=\"rank-math-html-sitemap__item\"><a href=\"https:\/\/aosmithinternational.com\/pl\/gwarancja\/\" class=\"rank-math-html-sitemap__link\">Gwarancja<\/a><\/li><li class=\"rank-math-html-sitemap__item\"><a href=\"https:\/\/aosmithinternational.com\/pl\/ograniczenie-odpowiedzialnosci\/\" class=\"rank-math-html-sitemap__link\">Ograniczenie odpowiedzialno\u015bci<\/a><\/li><li class=\"rank-math-html-sitemap__item\"><a href=\"https:\/\/aosmithinternational.com\/pl\/obsluga-klienta\/\" class=\"rank-math-html-sitemap__link\">Obs\u0142uga klienta<\/a><\/li><li class=\"rank-math-html-sitemap__item\"><a href=\"https:\/\/aosmithinternational.com\/pl\/biblioteka\/\" class=\"rank-math-html-sitemap__link\">Biblioteka<\/a><\/li><li class=\"rank-math-html-sitemap__item\"><a href=\"https:\/\/aosmithinternational.com\/pl\/o-nas\/\" class=\"rank-math-html-sitemap__link\">O nas<\/a><ul class=\"rank-math-html-sitemap__list\"><li class=\"rank-math-html-sitemap__item\"><a href=\"https:\/\/aosmithinternational.com\/pl\/o-nas\/kontakt\/\" class=\"rank-math-html-sitemap__link\">Kontakt<\/a><\/li><li class=\"rank-math-html-sitemap__item\"><a href=\"https:\/\/aosmithinternational.com\/pl\/o-nas\/cookie-policy-a-o-smith\/\" class=\"rank-math-html-sitemap__link\">Privacy Policy A.O. Smith<\/a><\/li><li class=\"rank-math-html-sitemap__item\"><a href=\"https:\/\/aosmithinternational.com\/pl\/o-nas\/jakosc\/\" class=\"rank-math-html-sitemap__link\">Jako\u015b\u0107<\/a><\/li><li class=\"rank-math-html-sitemap__item\"><a href=\"https:\/\/aosmithinternational.com\/pl\/o-nas\/historia\/\" class=\"rank-math-html-sitemap__link\">Historia<\/a><\/li><\/ul><\/li><li class=\"rank-math-html-sitemap__item\"><a href=\"https:\/\/aosmithinternational.com\/pl\/wsparcie-techniczne\/\" class=\"rank-math-html-sitemap__link\">Wsparcie techniczne<\/a><\/li><li class=\"rank-math-html-sitemap__item\"><a href=\"https:\/\/aosmithinternational.com\/pl\/nieuws\/\" class=\"rank-math-html-sitemap__link\">Nowo\u015bci<\/a><\/li><\/ul><\/div><div class=\"rank-math-html-sitemap__section rank-math-html-sitemap__section--post-type rank-math-html-sitemap__section--products\"><h2 class=\"rank-math-html-sitemap__title\">Produkty<\/h2><ul class=\"rank-math-html-sitemap__list\"><li class=\"rank-math-html-sitemap__item\"><a href=\"https:\/\/aosmithinternational.com\/pl\/produkty\/dre-plus-electric-water-heater\/\" class=\"rank-math-html-sitemap__link\">DRE Plus<\/a><\/li><li class=\"rank-math-html-sitemap__item\"><a href=\"https:\/\/aosmithinternational.com\/pl\/produkty\/enevator-store-pompa-ciepla\/\" class=\"rank-math-html-sitemap__link\">Enevator Store<\/a><\/li><li class=\"rank-math-html-sitemap__item\"><a href=\"https:\/\/aosmithinternational.com\/pl\/produkty\/system-podwojny-theta\/\" class=\"rank-math-html-sitemap__link\">System podw\u00f3jny Theta<\/a><\/li><li class=\"rank-math-html-sitemap__item\"><a href=\"https:\/\/aosmithinternational.com\/pl\/produkty\/twister\/\" class=\"rank-math-html-sitemap__link\">Twister II<\/a><\/li><li class=\"rank-math-html-sitemap__item\"><a href=\"https:\/\/aosmithinternational.com\/pl\/produkty\/bfc-cyclone\/\" class=\"rank-math-html-sitemap__link\">BFC Cyclone<\/a><\/li><li class=\"rank-math-html-sitemap__item\"><a href=\"https:\/\/aosmithinternational.com\/pl\/produkty\/innovo\/\" class=\"rank-math-html-sitemap__link\">Innovo<\/a><\/li><li class=\"rank-math-html-sitemap__item\"><a href=\"https:\/\/aosmithinternational.com\/pl\/produkty\/instano\/\" class=\"rank-math-html-sitemap__link\">Instano<\/a><\/li><li class=\"rank-math-html-sitemap__item\"><a href=\"https:\/\/aosmithinternational.com\/pl\/produkty\/adm\/\" class=\"rank-math-html-sitemap__link\">ADM<\/a><\/li><li class=\"rank-math-html-sitemap__item\"><a href=\"https:\/\/aosmithinternational.com\/pl\/produkty\/admr\/\" class=\"rank-math-html-sitemap__link\">ADMR<\/a><\/li><li class=\"rank-math-html-sitemap__item\"><a href=\"https:\/\/aosmithinternational.com\/pl\/produkty\/bt\/\" class=\"rank-math-html-sitemap__link\">BT<\/a><\/li><li class=\"rank-math-html-sitemap__item\"><a href=\"https:\/\/aosmithinternational.com\/pl\/produkty\/podgrzewacze-pojemnosciowe-its\/\" class=\"rank-math-html-sitemap__link\">ITS - Podgrzewacze pojemno\u015bciowe<\/a><\/li><li class=\"rank-math-html-sitemap__item\"><a href=\"https:\/\/aosmithinternational.com\/pl\/produkty\/podgrzewacze-pojemnosciowe-it\/\" class=\"rank-math-html-sitemap__link\">Podgrzewacze pojemno\u015bciowe - IT<\/a><\/li><li class=\"rank-math-html-sitemap__item\"><a href=\"https:\/\/aosmithinternational.com\/pl\/produkty\/sgs-it\/\" class=\"rank-math-html-sitemap__link\">SGS - IT<\/a><\/li><li class=\"rank-math-html-sitemap__item\"><a href=\"https:\/\/aosmithinternational.com\/pl\/produkty\/sge\/\" class=\"rank-math-html-sitemap__link\">SGE<\/a><\/li><li class=\"rank-math-html-sitemap__item\"><a href=\"https:\/\/aosmithinternational.com\/pl\/produkty\/dre-elektryczne-podgrzewacze-wody\/\" class=\"rank-math-html-sitemap__link\">DRE<\/a><\/li><li class=\"rank-math-html-sitemap__item\"><a href=\"https:\/\/aosmithinternational.com\/pl\/produkty\/its\/\" class=\"rank-math-html-sitemap__link\">ITS<\/a><\/li><li class=\"rank-math-html-sitemap__item\"><a href=\"https:\/\/aosmithinternational.com\/pl\/produkty\/st\/\" class=\"rank-math-html-sitemap__link\">ST<\/a><\/li><li class=\"rank-math-html-sitemap__item\"><a href=\"https:\/\/aosmithinternational.com\/pl\/produkty\/it\/\" class=\"rank-math-html-sitemap__link\">IT<\/a><\/li><\/ul><\/div><div class=\"rank-math-html-sitemap__section rank-math-html-sitemap__section--post-type rank-math-html-sitemap__section--projects\"><h2 class=\"rank-math-html-sitemap__title\">Projekty<\/h2><ul class=\"rank-math-html-sitemap__list\"><li class=\"rank-math-html-sitemap__item\"><a href=\"https:\/\/aosmithinternational.com\/pl\/projekty\/innovo-de-herdgang\/\" class=\"rank-math-html-sitemap__link\">Kompleks szkoleniowy PSV \u201eDe Herdgang\u201d - Innovo<\/a><\/li><li class=\"rank-math-html-sitemap__item\"><a href=\"https:\/\/aosmithinternational.com\/pl\/projekty\/bfc-twister-amphia-szpital\/\" class=\"rank-math-html-sitemap__link\">Szpital Amphia<\/a><\/li><li class=\"rank-math-html-sitemap__item\"><a href=\"https:\/\/aosmithinternational.com\/pl\/projekty\/bfc-nowoczesny-mlyn-kukurydziany\/\" class=\"rank-math-html-sitemap__link\">Nowoczesny mlyn kukurydziany<\/a><\/li><li class=\"rank-math-html-sitemap__item\"><a href=\"https:\/\/aosmithinternational.com\/pl\/projekty\/bfc-myjnia-samochodowa-goraca-wode-i-ogrzewanie\/\" class=\"rank-math-html-sitemap__link\">Myjnia samochodowa na goraca wode i ogrzewanie<\/a><\/li><\/ul><\/div><div class=\"rank-math-html-sitemap__section rank-math-html-sitemap__section--taxonomy rank-math-html-sitemap__section--product-ranges\"><h2 class=\"rank-math-html-sitemap__title\">Product Ranges<\/h2><ul class=\"rank-math-html-sitemap__list\"><li class=\"rank-math-html-sitemap__item\"><a href=\"https:\/\/aosmithinternational.com\/pl\/product-ranges\/akcesoria\/\" class=\"rank-math-html-sitemap__link\">Akcesoria<\/a><\/li><li class=\"rank-math-html-sitemap__item\"><a href=\"https:\/\/aosmithinternational.com\/pl\/product-ranges\/ogrzewanie\/\" class=\"rank-math-html-sitemap__link\">Ogrzewanie<\/a><ul class=\"rank-math-html-sitemap__list\"><li class=\"rank-math-html-sitemap__item\"><a href=\"https:\/\/aosmithinternational.com\/pl\/product-ranges\/pompa-ciepla\/\" class=\"rank-math-html-sitemap__link\">Pompa ciep\u0142a<\/a><\/li><\/ul><\/li><li class=\"rank-math-html-sitemap__item\"><a href=\"https:\/\/aosmithinternational.com\/pl\/product-ranges\/podgrzewacze-wody\/\" class=\"rank-math-html-sitemap__link\">Podgrzewacze wody<\/a><ul class=\"rank-math-html-sitemap__list\"><li class=\"rank-math-html-sitemap__item\"><a href=\"https:\/\/aosmithinternational.com\/pl\/product-ranges\/elektryczne-podgrzewacze-wody\/\" class=\"rank-math-html-sitemap__link\">Elektryczne podgrzewacze wody<\/a><\/li><li class=\"rank-math-html-sitemap__item\"><a href=\"https:\/\/aosmithinternational.com\/pl\/product-ranges\/bufory-i-pojemnosciowe-podgrzewacze-wody\/\" class=\"rank-math-html-sitemap__link\">Bufory i pojemno\u015bciowe podgrzewacze wody<\/a><\/li><li class=\"rank-math-html-sitemap__item\"><a href=\"https:\/\/aosmithinternational.com\/pl\/product-ranges\/podgrzewacze-gazowe\/\" class=\"rank-math-html-sitemap__link\">Podgrzewacze gazowe<\/a><\/li><li class=\"rank-math-html-sitemap__item\"><a href=\"https:\/\/aosmithinternational.com\/pl\/product-ranges\/podgrzewacze-kondensacyjne\/\" class=\"rank-math-html-sitemap__link\">Podgrzewacze kondensacyjne<\/a><\/li><li class=\"rank-math-html-sitemap__item\"><a href=\"https:\/\/aosmithinternational.com\/pl\/product-ranges\/odnawialne-zrodla-energii\/\" class=\"rank-math-html-sitemap__link\">Odnawialne \u017ar\u00f3d\u0142a energii<\/a><\/li><\/ul><\/li><\/ul><\/div><\/div>\n","protected":false},"excerpt":{"rendered":"","protected":false},"author":1,"featured_media":758620,"parent":0,"menu_order":0,"comment_status":"closed","ping_status":"closed","template":"","meta":{"_acf_changed":false,"inline_featured_image":false,"site-sidebar-layout":"default","site-content-layout":"","ast-site-content-layout":"default","site-content-style":"default","site-sidebar-style":"default","ast-global-header-display":"","ast-banner-title-visibility":"","ast-main-header-display":"","ast-hfb-above-header-display":"","ast-hfb-below-header-display":"","ast-hfb-mobile-header-display":"","site-post-title":"","ast-breadcrumbs-content":"","ast-featured-img":"","footer-sml-layout":"","ast-disable-related-posts":"","theme-transparent-header-meta":"default","adv-header-id-meta":"","stick-header-meta":"default","header-above-stick-meta":"","header-main-stick-meta":"","header-below-stick-meta":"","astra-migrate-meta-layouts":"set","ast-page-background-enabled":"default","ast-page-background-meta":{"desktop":{"background-color":"var(--ast-global-color-5)","background-image":"","background-repeat":"repeat","background-position":"center center","background-size":"auto","background-attachment":"scroll","background-type":"","background-media":"","overlay-type":"","overlay-color":"","overlay-opacity":"","overlay-gradient":""},"tablet":{"background-color":"","background-image":"","background-repeat":"repeat","background-position":"center center","background-size":"auto","background-attachment":"scroll","background-type":"","background-media":"","overlay-type":"","overlay-color":"","overlay-opacity":"","overlay-gradient":""},"mobile":{"background-color":"","background-image":"","background-repeat":"repeat","background-position":"center center","background-size":"auto","background-attachment":"scroll","background-type":"","background-media":"","overlay-type":"","overlay-color":"","overlay-opacity":"","overlay-gradient":""}},"ast-content-background-meta":{"desktop":{"background-color":"var(--ast-global-color-4)","background-image":"","background-repeat":"repeat","background-position":"center center","background-size":"auto","background-attachment":"scroll","background-type":"","background-media":"","overlay-type":"","overlay-color":"","overlay-opacity":"","overlay-gradient":""},"tablet":{"background-color":"var(--ast-global-color-4)","background-image":"","background-repeat":"repeat","background-position":"center center","background-size":"auto","background-attachment":"scroll","background-type":"","background-media":"","overlay-type":"","overlay-color":"","overlay-opacity":"","overlay-gradient":""},"mobile":{"background-color":"var(--ast-global-color-4)","background-image":"","background-repeat":"repeat","background-position":"center center","background-size":"auto","background-attachment":"scroll","background-type":"","background-media":"","overlay-type":"","overlay-color":"","overlay-opacity":"","overlay-gradient":""}},"footnotes":""},"class_list":["post-758607","page","type-page","status-publish","has-post-thumbnail","hentry"],"acf":[],"_links":{"self":[{"href":"https:\/\/aosmithinternational.com\/pl\/wp-json\/wp\/v2\/pages\/758607","targetHints":{"allow":["GET"]}}],"collection":[{"href":"https:\/\/aosmithinternational.com\/pl\/wp-json\/wp\/v2\/pages"}],"about":[{"href":"https:\/\/aosmithinternational.com\/pl\/wp-json\/wp\/v2\/types\/page"}],"author":[{"embeddable":true,"href":"https:\/\/aosmithinternational.com\/pl\/wp-json\/wp\/v2\/users\/1"}],"replies":[{"embeddable":true,"href":"https:\/\/aosmithinternational.com\/pl\/wp-json\/wp\/v2\/comments?post=758607"}],"version-history":[{"count":0,"href":"https:\/\/aosmithinternational.com\/pl\/wp-json\/wp\/v2\/pages\/758607\/revisions"}],"wp:featuredmedia":[{"embeddable":true,"href":"https:\/\/aosmithinternational.com\/pl\/wp-json\/wp\/v2\/media\/758620"}],"wp:attachment":[{"href":"https:\/\/aosmithinternational.com\/pl\/wp-json\/wp\/v2\/media?parent=758607"}],"curies":[{"name":"wp","href":"https:\/\/api.w.org\/{rel}","templated":true}]}}