{"id":758981,"date":"2016-07-12T12:01:54","date_gmt":"2016-07-12T10:01:54","guid":{"rendered":"https:\/\/staging.aosmithinternational.com\/cookie-policy-a-o-smith\/"},"modified":"2025-10-01T11:01:41","modified_gmt":"2025-10-01T09:01:41","slug":"cookie-policy-a-o-smith","status":"publish","type":"page","link":"https:\/\/aosmithinternational.com\/pl\/o-nas\/cookie-policy-a-o-smith\/","title":{"rendered":"Privacy Policy A.O. Smith"},"content":{"rendered":"\n<p>O\u015bwiadczenie o ochronie prywatno\u015bci Poni\u017cej znajdziesz o\u015bwiadczenie dotycz\u0105ce umieszczania plik\u00f3w cookies. Opisuje, jakich u\u017cywamy i mo\u017cliwo\u015bci ich zmiany.<\/p>\n\n\n<script\n\t\ttype=\"text\/javascript\"\n\t\tid=\"CookieDeclaration\"\n\t\tsrc=\"https:\/\/consent.cookiebot.com\/1e6844c6-1e4b-4e36-98e2-ec7bfb80bae2\/cd.js\"\n\t\tasync><\/script>\n\n\n\n\n<div class=\"wp-block-columns is-layout-flex wp-container-core-columns-is-layout-28f84493 wp-block-columns-is-layout-flex\">\n<div class=\"wp-block-column is-layout-flow wp-block-column-is-layout-flow\" style=\"flex-basis:10%\"><\/div>\n\n\n\n<div class=\"wp-block-column is-layout-flow wp-block-column-is-layout-flow\" style=\"flex-basis:66.66%\">\n<p>Aby zaktualizowa\u0107 swoje preferencje, zaktualizowa\u0107 lub poprawi\u0107 swoje dane, przes\u0142a\u0107 wniosek, zada\u0107 nam pytania dotycz\u0105ce niniejszej Polityki prywatno\u015bci lub skorzysta\u0107 z innych obowi\u0105zuj\u0105cych praw do prywatno\u015bci, skontaktuj si\u0119 z nami poprzez e-mail pod adresem InfoSecpolicy@aosmith.com lub napisz do nas na adres:<\/p>\n\n\n\n<p>U.S:<br>radny generalny<br>Firma AO Smith<br>11270 Plac Zachodniego Parku<br>Milwaukee, Wisconsin 53224<br>USA EOG:<br>Podmiotami odpowiedzialnymi za przetwarzanie Twoich danych osobowych na terenie EOG s\u0105:<\/p>\n\n\n\n<p>AO Smith Holdings I B.V.<br>AO Smith Holdings II B.V.<br>AO Smith Holdings III B.V.<br>AO Smith International Holdings B.V.<br>AO Smith Products v.o.f.<br>AO Smith Water Products Company B.V.<br>A.O. Smith L&#8217;eau chaude, S.a.r.l.<br>Lochinvar sp\u00f3\u0142ka z ograniczon\u0105 odpowiedzialno\u015bci\u0105<br>Waterboss Europe, S.a.r.l.<\/p>\n<\/div>\n<\/div>\n","protected":false},"excerpt":{"rendered":"<p>O\u015bwiadczenie o ochronie prywatno\u015bci Poni\u017cej znajdziesz o\u015bwiadczenie dotycz\u0105ce umieszczania plik\u00f3w cookies. Opisuje, jakich u\u017cywamy i mo\u017cliwo\u015bci ich zmiany. Aby zaktualizowa\u0107 [&hellip;]<\/p>\n","protected":false},"author":1,"featured_media":758983,"parent":757128,"menu_order":0,"comment_status":"open","ping_status":"open","template":"","meta":{"_acf_changed":false,"inline_featured_image":false,"site-sidebar-layout":"default","site-content-layout":"","ast-site-content-layout":"default","site-content-style":"default","site-sidebar-style":"default","ast-global-header-display":"","ast-banner-title-visibility":"","ast-main-header-display":"","ast-hfb-above-header-display":"","ast-hfb-below-header-display":"","ast-hfb-mobile-header-display":"","site-post-title":"","ast-breadcrumbs-content":"","ast-featured-img":"","footer-sml-layout":"","ast-disable-related-posts":"","theme-transparent-header-meta":"default","adv-header-id-meta":"","stick-header-meta":"default","header-above-stick-meta":"","header-main-stick-meta":"","header-below-stick-meta":"","astra-migrate-meta-layouts":"default","ast-page-background-enabled":"default","ast-page-background-meta":{"desktop":{"background-color":"var(--ast-global-color-5)","background-image":"","background-repeat":"repeat","background-position":"center center","background-size":"auto","background-attachment":"scroll","background-type":"","background-media":"","overlay-type":"","overlay-color":"","overlay-opacity":"","overlay-gradient":""},"tablet":{"background-color":"","background-image":"","background-repeat":"repeat","background-position":"center center","background-size":"auto","background-attachment":"scroll","background-type":"","background-media":"","overlay-type":"","overlay-color":"","overlay-opacity":"","overlay-gradient":""},"mobile":{"background-color":"","background-image":"","background-repeat":"repeat","background-position":"center center","background-size":"auto","background-attachment":"scroll","background-type":"","background-media":"","overlay-type":"","overlay-color":"","overlay-opacity":"","overlay-gradient":""}},"ast-content-background-meta":{"desktop":{"background-color":"var(--ast-global-color-4)","background-image":"","background-repeat":"repeat","background-position":"center center","background-size":"auto","background-attachment":"scroll","background-type":"","background-media":"","overlay-type":"","overlay-color":"","overlay-opacity":"","overlay-gradient":""},"tablet":{"background-color":"var(--ast-global-color-4)","background-image":"","background-repeat":"repeat","background-position":"center center","background-size":"auto","background-attachment":"scroll","background-type":"","background-media":"","overlay-type":"","overlay-color":"","overlay-opacity":"","overlay-gradient":""},"mobile":{"background-color":"var(--ast-global-color-4)","background-image":"","background-repeat":"repeat","background-position":"center center","background-size":"auto","background-attachment":"scroll","background-type":"","background-media":"","overlay-type":"","overlay-color":"","overlay-opacity":"","overlay-gradient":""}},"footnotes":""},"class_list":["post-758981","page","type-page","status-publish","has-post-thumbnail","hentry"],"acf":[],"_links":{"self":[{"href":"https:\/\/aosmithinternational.com\/pl\/wp-json\/wp\/v2\/pages\/758981","targetHints":{"allow":["GET"]}}],"collection":[{"href":"https:\/\/aosmithinternational.com\/pl\/wp-json\/wp\/v2\/pages"}],"about":[{"href":"https:\/\/aosmithinternational.com\/pl\/wp-json\/wp\/v2\/types\/page"}],"author":[{"embeddable":true,"href":"https:\/\/aosmithinternational.com\/pl\/wp-json\/wp\/v2\/users\/1"}],"replies":[{"embeddable":true,"href":"https:\/\/aosmithinternational.com\/pl\/wp-json\/wp\/v2\/comments?post=758981"}],"version-history":[{"count":0,"href":"https:\/\/aosmithinternational.com\/pl\/wp-json\/wp\/v2\/pages\/758981\/revisions"}],"up":[{"embeddable":true,"href":"https:\/\/aosmithinternational.com\/pl\/wp-json\/wp\/v2\/pages\/757128"}],"wp:featuredmedia":[{"embeddable":true,"href":"https:\/\/aosmithinternational.com\/pl\/wp-json\/wp\/v2\/media\/758983"}],"wp:attachment":[{"href":"https:\/\/aosmithinternational.com\/pl\/wp-json\/wp\/v2\/media?parent=758981"}],"curies":[{"name":"wp","href":"https:\/\/api.w.org\/{rel}","templated":true}]}}