{"id":754199,"date":"2016-07-12T11:58:18","date_gmt":"2016-07-12T09:58:18","guid":{"rendered":"https:\/\/staging.aosmithinternational.com\/sobre-nos\/"},"modified":"2026-01-23T09:41:07","modified_gmt":"2026-01-23T08:41:07","slug":"sobre-nos","status":"publish","type":"page","link":"https:\/\/aosmithinternational.com\/pt-pt\/sobre-nos\/","title":{"rendered":"Sobre n\u00f3s"},"content":{"rendered":"<h2>Innovation has a name<\/h2>\n<p>Durante mais de 150 anos, a A.O. Smith tem sido l\u00edder no fabrico e fornecimento de equipamento para aquecimento de \u00e1gua a n\u00edvel global. Os nossos produtos possuem v\u00e1rias caracter\u00edsticas excepcionais.<\/p>\n<h2>Esmalte<\/h2>\n<p>Ao aplicar uma camada de esmalte ap\u00f3s a montagem total dos termoacumuladores, \u00e9 criada uma camada de protec\u00e7\u00e3o uniforme e constante, a PermaGlas Ultra Coat, que assegura uma durabilidade \u00edmpar e resist\u00eancia \u00e0 corros\u00e3o excepcional dos nossos aparelhos. Este processo de revestimento espec\u00edfico \u00e9 uma marca comercial da A.O. Smith.<\/p>\n<h2>Tecnologia de condensa\u00e7\u00e3o<\/h2>\n<p>H\u00e1 j\u00e1 25 anos que a utiliza\u00e7\u00e3o de tecnologia de condensa\u00e7\u00e3o de alta efici\u00eancia tem sido a norma no processo de produ\u00e7\u00e3o da A.O. Smith. \u00c9 por este motivo que os nossos aparelhos fornecem um elevado n\u00edvel de conforto em \u00e1gua quente de uma forma energeticamente eficiente. Sistemas de controlo simples, contudo inteligentes, asseguram o funcionamento eficaz e eficiente dos nossos aparelhos. O resultado reflecte uma facilidade de utiliza\u00e7\u00e3o e conforto inigual\u00e1veis.<\/p>\n<h2 class=\"two_columns\">Desenvolvimento<\/h2>\n<p><span class=\"two_columns\">Ao realizar a pesquisa e investiga\u00e7\u00e3o totalmente a n\u00edvel interno, a A.O. Smith pode adaptar o leque de ofertas tanto ao mercado de aquecimento de \u00e1gua dom\u00e9stico como profissional na Europa. Ao aplicar o \u201cknow-how\u201d, a experi\u00eancia e a paix\u00e3o, a A.O. Smith faz tudo que est\u00e1 a seu alcance para satisfazer as suas necessidades enquanto cliente. Esta vis\u00e3o \u00e9 expressa no nosso slogan empresarial: The Energy To Meet Your Needs!<\/span><\/p>\n","protected":false},"excerpt":{"rendered":"<p>Innovation has a name Durante mais de 150 anos, a A.O. Smith tem sido l\u00edder no fabrico e fornecimento de [&hellip;]<\/p>\n","protected":false},"author":1,"featured_media":5164,"parent":0,"menu_order":0,"comment_status":"open","ping_status":"closed","template":"","meta":{"_acf_changed":false,"inline_featured_image":false,"site-sidebar-layout":"default","site-content-layout":"","ast-site-content-layout":"default","site-content-style":"default","site-sidebar-style":"default","ast-global-header-display":"","ast-banner-title-visibility":"","ast-main-header-display":"","ast-hfb-above-header-display":"","ast-hfb-below-header-display":"","ast-hfb-mobile-header-display":"","site-post-title":"","ast-breadcrumbs-content":"","ast-featured-img":"","footer-sml-layout":"","ast-disable-related-posts":"","theme-transparent-header-meta":"default","adv-header-id-meta":"","stick-header-meta":"default","header-above-stick-meta":"","header-main-stick-meta":"","header-below-stick-meta":"","astra-migrate-meta-layouts":"set","ast-page-background-enabled":"default","ast-page-background-meta":{"desktop":{"background-color":"var(--ast-global-color-5)","background-image":"","background-repeat":"repeat","background-position":"center center","background-size":"auto","background-attachment":"scroll","background-type":"","background-media":"","overlay-type":"","overlay-color":"","overlay-opacity":"","overlay-gradient":""},"tablet":{"background-color":"","background-image":"","background-repeat":"repeat","background-position":"center center","background-size":"auto","background-attachment":"scroll","background-type":"","background-media":"","overlay-type":"","overlay-color":"","overlay-opacity":"","overlay-gradient":""},"mobile":{"background-color":"","background-image":"","background-repeat":"repeat","background-position":"center center","background-size":"auto","background-attachment":"scroll","background-type":"","background-media":"","overlay-type":"","overlay-color":"","overlay-opacity":"","overlay-gradient":""}},"ast-content-background-meta":{"desktop":{"background-color":"var(--ast-global-color-4)","background-image":"","background-repeat":"repeat","background-position":"center center","background-size":"auto","background-attachment":"scroll","background-type":"","background-media":"","overlay-type":"","overlay-color":"","overlay-opacity":"","overlay-gradient":""},"tablet":{"background-color":"var(--ast-global-color-4)","background-image":"","background-repeat":"repeat","background-position":"center center","background-size":"auto","background-attachment":"scroll","background-type":"","background-media":"","overlay-type":"","overlay-color":"","overlay-opacity":"","overlay-gradient":""},"mobile":{"background-color":"var(--ast-global-color-4)","background-image":"","background-repeat":"repeat","background-position":"center center","background-size":"auto","background-attachment":"scroll","background-type":"","background-media":"","overlay-type":"","overlay-color":"","overlay-opacity":"","overlay-gradient":""}},"footnotes":""},"class_list":["post-754199","page","type-page","status-publish","has-post-thumbnail","hentry"],"acf":[],"_links":{"self":[{"href":"https:\/\/aosmithinternational.com\/pt-pt\/wp-json\/wp\/v2\/pages\/754199","targetHints":{"allow":["GET"]}}],"collection":[{"href":"https:\/\/aosmithinternational.com\/pt-pt\/wp-json\/wp\/v2\/pages"}],"about":[{"href":"https:\/\/aosmithinternational.com\/pt-pt\/wp-json\/wp\/v2\/types\/page"}],"author":[{"embeddable":true,"href":"https:\/\/aosmithinternational.com\/pt-pt\/wp-json\/wp\/v2\/users\/1"}],"replies":[{"embeddable":true,"href":"https:\/\/aosmithinternational.com\/pt-pt\/wp-json\/wp\/v2\/comments?post=754199"}],"version-history":[{"count":1,"href":"https:\/\/aosmithinternational.com\/pt-pt\/wp-json\/wp\/v2\/pages\/754199\/revisions"}],"predecessor-version":[{"id":987974,"href":"https:\/\/aosmithinternational.com\/pt-pt\/wp-json\/wp\/v2\/pages\/754199\/revisions\/987974"}],"wp:featuredmedia":[{"embeddable":true,"href":"https:\/\/aosmithinternational.com\/pt-pt\/wp-json\/wp\/v2\/media\/5164"}],"wp:attachment":[{"href":"https:\/\/aosmithinternational.com\/pt-pt\/wp-json\/wp\/v2\/media?parent=754199"}],"curies":[{"name":"wp","href":"https:\/\/api.w.org\/{rel}","templated":true}]}}