{"id":754217,"date":"2016-07-12T12:00:41","date_gmt":"2016-07-12T10:00:41","guid":{"rendered":"https:\/\/staging.aosmithinternational.com\/qualidade\/"},"modified":"2026-02-22T20:41:26","modified_gmt":"2026-02-22T19:41:26","slug":"qualidade","status":"publish","type":"page","link":"https:\/\/aosmithinternational.com\/pt-pt\/sobre-nos\/qualidade\/","title":{"rendered":"Qualidade"},"content":{"rendered":"<h2>Processos de desenvolvimento e produ\u00e7\u00e3o<\/h2>\n<p><span class=\"two_columns\">A qualidade \u00e9 o principal factor no desenvolvimento e produ\u00e7\u00e3o dos nossos aparelhos. A A.O. Smith define as tend\u00eancias no campo dos avan\u00e7ados produtos e tecnologias de aquecimento de \u00e1gua. Um bom exemplo desenvolvido totalmente a n\u00edvel interno \u00e9 o nosso esmalte patenteado PermaGlas Ultra Coat: uma camada protectora em vidro na superf\u00edcie interior do dep\u00f3sito de a\u00e7o, assegurando a m\u00e1xima resist\u00eancia \u00e0 corros\u00e3o e uma longa vida \u00fatil do aparelho.<\/span><\/p>\n<h2>\u00c0 Medida<\/h2>\n<p>A satisfa\u00e7\u00e3o do cliente come\u00e7a na fase de concep\u00e7\u00e3o da sua instala\u00e7\u00e3o: um aconselhamento sensato, profissional nesta altura ir\u00e1 ajud\u00e1-lo a escolher a instala\u00e7\u00e3o ideal \u00e0 medida das suas necessidades. O programa de dimensionamento da A.O. Smith oferece-lhe orienta\u00e7\u00e3o neste processo. Poder\u00e1 encontrar mais informa\u00e7\u00f5es sobre o programa de dimensionamento no website da A.O. Smith.<\/p>\n<div><\/div>\n<h2>Certifica\u00e7\u00e3o<\/h2>\n<p>Os processos pelos quais os nossos aparelhos s\u00e3o fabricados cumprem as normas de qualidade tais como a <a title=\"ISO\" href=\"https:\/\/aosmithinternational.com\/wp-content\/uploads\/2025\/10\/Certificaat_ISO_9001_UK.pdf\" target=\"_blank\" rel=\"noopener noreferrer\">ISO 9001: 2008<\/a>. Na qualidade de fabricante global, tamb\u00e9m se aplicam as normas e directivas locais. A certifica\u00e7\u00e3o CE \u00e9 obviamente a norma para todo o mercado europeu. As certifica\u00e7\u00f5es suplementares necess\u00e1rias para os programas de subs\u00eddio locais e regionais aplicam-se na Holanda, Fran\u00e7a, B\u00e9lgica e Gr\u00e3-Bretanha. Al\u00e9m disso, os nossos produtos cumprem as directivas RoHS, REEE e PED europeias.<\/p>\n","protected":false},"excerpt":{"rendered":"<p>Processos de desenvolvimento e produ\u00e7\u00e3o A qualidade \u00e9 o principal factor no desenvolvimento e produ\u00e7\u00e3o dos nossos aparelhos. A A.O. [&hellip;]<\/p>\n","protected":false},"author":1,"featured_media":754219,"parent":754199,"menu_order":0,"comment_status":"open","ping_status":"open","template":"","meta":{"_acf_changed":false,"inline_featured_image":false,"site-sidebar-layout":"default","site-content-layout":"","ast-site-content-layout":"default","site-content-style":"default","site-sidebar-style":"default","ast-global-header-display":"","ast-banner-title-visibility":"","ast-main-header-display":"","ast-hfb-above-header-display":"","ast-hfb-below-header-display":"","ast-hfb-mobile-header-display":"","site-post-title":"","ast-breadcrumbs-content":"","ast-featured-img":"","footer-sml-layout":"","ast-disable-related-posts":"","theme-transparent-header-meta":"default","adv-header-id-meta":"","stick-header-meta":"default","header-above-stick-meta":"","header-main-stick-meta":"","header-below-stick-meta":"","astra-migrate-meta-layouts":"set","ast-page-background-enabled":"default","ast-page-background-meta":{"desktop":{"background-color":"var(--ast-global-color-5)","background-image":"","background-repeat":"repeat","background-position":"center center","background-size":"auto","background-attachment":"scroll","background-type":"","background-media":"","overlay-type":"","overlay-color":"","overlay-opacity":"","overlay-gradient":""},"tablet":{"background-color":"","background-image":"","background-repeat":"repeat","background-position":"center center","background-size":"auto","background-attachment":"scroll","background-type":"","background-media":"","overlay-type":"","overlay-color":"","overlay-opacity":"","overlay-gradient":""},"mobile":{"background-color":"","background-image":"","background-repeat":"repeat","background-position":"center center","background-size":"auto","background-attachment":"scroll","background-type":"","background-media":"","overlay-type":"","overlay-color":"","overlay-opacity":"","overlay-gradient":""}},"ast-content-background-meta":{"desktop":{"background-color":"var(--ast-global-color-4)","background-image":"","background-repeat":"repeat","background-position":"center center","background-size":"auto","background-attachment":"scroll","background-type":"","background-media":"","overlay-type":"","overlay-color":"","overlay-opacity":"","overlay-gradient":""},"tablet":{"background-color":"var(--ast-global-color-4)","background-image":"","background-repeat":"repeat","background-position":"center center","background-size":"auto","background-attachment":"scroll","background-type":"","background-media":"","overlay-type":"","overlay-color":"","overlay-opacity":"","overlay-gradient":""},"mobile":{"background-color":"var(--ast-global-color-4)","background-image":"","background-repeat":"repeat","background-position":"center center","background-size":"auto","background-attachment":"scroll","background-type":"","background-media":"","overlay-type":"","overlay-color":"","overlay-opacity":"","overlay-gradient":""}},"footnotes":""},"class_list":["post-754217","page","type-page","status-publish","has-post-thumbnail","hentry"],"acf":[],"_links":{"self":[{"href":"https:\/\/aosmithinternational.com\/pt-pt\/wp-json\/wp\/v2\/pages\/754217","targetHints":{"allow":["GET"]}}],"collection":[{"href":"https:\/\/aosmithinternational.com\/pt-pt\/wp-json\/wp\/v2\/pages"}],"about":[{"href":"https:\/\/aosmithinternational.com\/pt-pt\/wp-json\/wp\/v2\/types\/page"}],"author":[{"embeddable":true,"href":"https:\/\/aosmithinternational.com\/pt-pt\/wp-json\/wp\/v2\/users\/1"}],"replies":[{"embeddable":true,"href":"https:\/\/aosmithinternational.com\/pt-pt\/wp-json\/wp\/v2\/comments?post=754217"}],"version-history":[{"count":1,"href":"https:\/\/aosmithinternational.com\/pt-pt\/wp-json\/wp\/v2\/pages\/754217\/revisions"}],"predecessor-version":[{"id":996397,"href":"https:\/\/aosmithinternational.com\/pt-pt\/wp-json\/wp\/v2\/pages\/754217\/revisions\/996397"}],"up":[{"embeddable":true,"href":"https:\/\/aosmithinternational.com\/pt-pt\/wp-json\/wp\/v2\/pages\/754199"}],"wp:featuredmedia":[{"embeddable":true,"href":"https:\/\/aosmithinternational.com\/pt-pt\/wp-json\/wp\/v2\/media\/754219"}],"wp:attachment":[{"href":"https:\/\/aosmithinternational.com\/pt-pt\/wp-json\/wp\/v2\/media?parent=754217"}],"curies":[{"name":"wp","href":"https:\/\/api.w.org\/{rel}","templated":true}]}}