{"id":754795,"date":"2016-07-20T14:45:39","date_gmt":"2016-07-20T12:45:39","guid":{"rendered":"https:\/\/staging.aosmithinternational.com\/sistemas-solares\/"},"modified":"2026-02-14T17:04:44","modified_gmt":"2026-02-14T16:04:44","slug":"sistemas-solares","status":"publish","type":"page","link":"https:\/\/aosmithinternational.com\/pt-pt\/sistemas-solares\/","title":{"rendered":"Sistemas solares"},"content":{"rendered":"<h2>Caracter\u00edsticas A.O. Smith sistemas solares<\/h2>\n<div>\n<h3>M\u00e1xima efici\u00eancia<\/h3>\n<p>A tecnologia de controlo desta solu\u00e7\u00e3o de sistema da A.O. Smith permite-lhe modular a bomba solar para o m\u00ednimo de 15% da velocidade nominal, pelo que ainda com uma entrada solar muito reduzida, a contribui\u00e7\u00e3o solar \u00e9 sempre maximizada.<\/p>\n<h3>Longa vida \u00fatil<\/h3>\n<p>Gra\u00e7as a uma sistema de retrodrenagem patenteado montado directamente sob o colector solar, as temperaturas de estagna\u00e7\u00e3o do suporte de permuta de calor s\u00e3o evitadas. Isto resulta na m\u00e1xima vida \u00fatil para a totalidade da instala\u00e7\u00e3o. Al\u00e9m disso, o circulador solar est\u00e1 protegido contra temperaturas\u00a0excessivas.<\/p>\n<h3>Termoacumuladores a g\u00e1s\/solar<\/h3>\n<p>Da nossa gama de renov\u00e1veis destacam-se o SGE e SGS, ambos termoacumuladores a g\u00e1s\/solares de alta efici\u00eancia. No SGE, o serpentina solar encontra-se directamente integrado no aparelho de\u00a0aquecimento de \u00e1gua de condensa\u00e7\u00e3o. Isto torna o SGE eminentemente adequado para aplica\u00e7\u00f5es comerciais de m\u00e9dia dimens\u00e3o onde o espa\u00e7o \u00e9 limitado. Em contraste, as possibilidades de grande capacidade de armazenamento do SGS torna-o o ideal como solu\u00e7\u00e3o personalizada para aplica\u00e7\u00f5es comerciais e industriais de maiores dimens\u00f5es.<\/p>\n<h3>Uma instala\u00e7\u00e3o potente<\/h3>\n<p>Quando conjugado com um dep\u00f3sito (at\u00e9 2800 litros), obt\u00e9m uma instala\u00e7\u00e3o potente. Al\u00e9m disso, com um sistema de controlo inteligente totalmente\u00a0autom\u00e1tico, a efici\u00eancia de energia \u00e9 maximizada. Com o SGS, a contribui\u00e7\u00e3o solar adicional pode aumentar at\u00e9 40% relativamente aos sistemas<br \/>\nsolares padr\u00e3o. Conseguimos atingir estas contribui\u00e7\u00f5es extremamente elevadas, processando a energia solar dispon\u00edvel de uma forma inteligente.<\/p>\n<h3>Solu\u00e7\u00e3o total<\/h3>\n<p>A A.O. Smith prefere colocar \u00e0 disposi\u00e7\u00e3o solu\u00e7\u00f5es de sistema totais. Para uma \u00f3ptima efici\u00eancia do sistema, os renov\u00e1veis da A.O. Smith s\u00e3o, por isso, fornecidos e instalados como um sistema integrado.<\/p>\n<\/div>\n","protected":false},"excerpt":{"rendered":"<p>Caracter\u00edsticas A.O. Smith sistemas solares M\u00e1xima efici\u00eancia A tecnologia de controlo desta solu\u00e7\u00e3o de sistema da A.O. Smith permite-lhe modular [&hellip;]<\/p>\n","protected":false},"author":1,"featured_media":6809,"parent":0,"menu_order":0,"comment_status":"open","ping_status":"open","template":"","meta":{"_acf_changed":false,"inline_featured_image":false,"site-sidebar-layout":"default","site-content-layout":"","ast-site-content-layout":"default","site-content-style":"default","site-sidebar-style":"default","ast-global-header-display":"","ast-banner-title-visibility":"","ast-main-header-display":"","ast-hfb-above-header-display":"","ast-hfb-below-header-display":"","ast-hfb-mobile-header-display":"","site-post-title":"","ast-breadcrumbs-content":"","ast-featured-img":"","footer-sml-layout":"","ast-disable-related-posts":"","theme-transparent-header-meta":"default","adv-header-id-meta":"","stick-header-meta":"default","header-above-stick-meta":"","header-main-stick-meta":"","header-below-stick-meta":"","astra-migrate-meta-layouts":"set","ast-page-background-enabled":"default","ast-page-background-meta":{"desktop":{"background-color":"var(--ast-global-color-5)","background-image":"","background-repeat":"repeat","background-position":"center center","background-size":"auto","background-attachment":"scroll","background-type":"","background-media":"","overlay-type":"","overlay-color":"","overlay-opacity":"","overlay-gradient":""},"tablet":{"background-color":"","background-image":"","background-repeat":"repeat","background-position":"center center","background-size":"auto","background-attachment":"scroll","background-type":"","background-media":"","overlay-type":"","overlay-color":"","overlay-opacity":"","overlay-gradient":""},"mobile":{"background-color":"","background-image":"","background-repeat":"repeat","background-position":"center center","background-size":"auto","background-attachment":"scroll","background-type":"","background-media":"","overlay-type":"","overlay-color":"","overlay-opacity":"","overlay-gradient":""}},"ast-content-background-meta":{"desktop":{"background-color":"var(--ast-global-color-4)","background-image":"","background-repeat":"repeat","background-position":"center center","background-size":"auto","background-attachment":"scroll","background-type":"","background-media":"","overlay-type":"","overlay-color":"","overlay-opacity":"","overlay-gradient":""},"tablet":{"background-color":"var(--ast-global-color-4)","background-image":"","background-repeat":"repeat","background-position":"center center","background-size":"auto","background-attachment":"scroll","background-type":"","background-media":"","overlay-type":"","overlay-color":"","overlay-opacity":"","overlay-gradient":""},"mobile":{"background-color":"var(--ast-global-color-4)","background-image":"","background-repeat":"repeat","background-position":"center center","background-size":"auto","background-attachment":"scroll","background-type":"","background-media":"","overlay-type":"","overlay-color":"","overlay-opacity":"","overlay-gradient":""}},"footnotes":""},"class_list":["post-754795","page","type-page","status-publish","has-post-thumbnail","hentry"],"acf":[],"_links":{"self":[{"href":"https:\/\/aosmithinternational.com\/pt-pt\/wp-json\/wp\/v2\/pages\/754795","targetHints":{"allow":["GET"]}}],"collection":[{"href":"https:\/\/aosmithinternational.com\/pt-pt\/wp-json\/wp\/v2\/pages"}],"about":[{"href":"https:\/\/aosmithinternational.com\/pt-pt\/wp-json\/wp\/v2\/types\/page"}],"author":[{"embeddable":true,"href":"https:\/\/aosmithinternational.com\/pt-pt\/wp-json\/wp\/v2\/users\/1"}],"replies":[{"embeddable":true,"href":"https:\/\/aosmithinternational.com\/pt-pt\/wp-json\/wp\/v2\/comments?post=754795"}],"version-history":[{"count":1,"href":"https:\/\/aosmithinternational.com\/pt-pt\/wp-json\/wp\/v2\/pages\/754795\/revisions"}],"predecessor-version":[{"id":996125,"href":"https:\/\/aosmithinternational.com\/pt-pt\/wp-json\/wp\/v2\/pages\/754795\/revisions\/996125"}],"wp:featuredmedia":[{"embeddable":true,"href":"https:\/\/aosmithinternational.com\/pt-pt\/wp-json\/wp\/v2\/media\/6809"}],"wp:attachment":[{"href":"https:\/\/aosmithinternational.com\/pt-pt\/wp-json\/wp\/v2\/media?parent=754795"}],"curies":[{"name":"wp","href":"https:\/\/api.w.org\/{rel}","templated":true}]}}