{"id":755720,"date":"2016-08-01T11:34:54","date_gmt":"2016-08-01T09:34:54","guid":{"rendered":"https:\/\/staging.aosmithinternational.com\/aquecimento\/"},"modified":"2025-10-27T14:57:13","modified_gmt":"2025-10-27T13:57:13","slug":"aquecimento","status":"publish","type":"page","link":"https:\/\/aosmithinternational.com\/pt-pt\/aquecimento\/","title":{"rendered":"Aquecimento"},"content":{"rendered":"<div class=\"two_columns\">\n<h2>Combina\u00e7\u00e3o de \u00e1gua quente e aquecimento<\/h2>\n<p>O servi\u00e7o duplo Theta \u00e9 uma nova forma exclusiva da A.O. Smith de aplicar os nossos produtos altamente eficientes para aquecimento e \u00e1gua quente. Em combina\u00e7\u00e3o com um termoacumulador solar, \u00e9 poss\u00edvel utilizar energia solar para satisfazer a necessidade de \u00e1gua quente e aquecimento. A totalidade da instala\u00e7\u00e3o \u00e9 controlada a partir de um aparelho e um controlo. O servi\u00e7o duplo Theta encaixa perfeitamente nas situa\u00e7\u00f5es em que necessitamos de menos aquecimento e mais \u00e1gua quente porque os edif\u00edcios est\u00e3o melhor isolados. <a href=\"https:\/\/aosmithinternational.com\/pt-pt\/combinacao-de-agua-quente-e-aquecimento\/\">Leia mais &#8230;<\/a><\/p>\n<\/div>\n<div class=\"two_columns\">\n<h2><\/h2>\n<h2>Parceiro e fornecedor total<\/h2>\n<p>A A.O. Smith ambiciona ser um parceiro e fornecedor total dos seus clientes. Isto inclui tamb\u00e9m a extens\u00e3o da gama de produtos, caso isso nos permita fornecer uma instala\u00e7\u00e3o completa, adaptada \u00e0s necessidades do utilizador final. No futuro, a A.O. Smith ir\u00e1 continuar a alargar a sua gama para continuar a servir o mercado.<\/p>\n<\/div>\n","protected":false},"excerpt":{"rendered":"<p>Combina\u00e7\u00e3o de \u00e1gua quente e aquecimento O servi\u00e7o duplo Theta \u00e9 uma nova forma exclusiva da A.O. Smith de aplicar [&hellip;]<\/p>\n","protected":false},"author":1,"featured_media":8083,"parent":0,"menu_order":0,"comment_status":"open","ping_status":"open","template":"","meta":{"_acf_changed":false,"inline_featured_image":false,"site-sidebar-layout":"default","site-content-layout":"","ast-site-content-layout":"default","site-content-style":"default","site-sidebar-style":"default","ast-global-header-display":"","ast-banner-title-visibility":"","ast-main-header-display":"","ast-hfb-above-header-display":"","ast-hfb-below-header-display":"","ast-hfb-mobile-header-display":"","site-post-title":"","ast-breadcrumbs-content":"","ast-featured-img":"","footer-sml-layout":"","ast-disable-related-posts":"","theme-transparent-header-meta":"default","adv-header-id-meta":"","stick-header-meta":"default","header-above-stick-meta":"","header-main-stick-meta":"","header-below-stick-meta":"","astra-migrate-meta-layouts":"set","ast-page-background-enabled":"default","ast-page-background-meta":{"desktop":{"background-color":"var(--ast-global-color-5)","background-image":"","background-repeat":"repeat","background-position":"center center","background-size":"auto","background-attachment":"scroll","background-type":"","background-media":"","overlay-type":"","overlay-color":"","overlay-opacity":"","overlay-gradient":""},"tablet":{"background-color":"","background-image":"","background-repeat":"repeat","background-position":"center center","background-size":"auto","background-attachment":"scroll","background-type":"","background-media":"","overlay-type":"","overlay-color":"","overlay-opacity":"","overlay-gradient":""},"mobile":{"background-color":"","background-image":"","background-repeat":"repeat","background-position":"center center","background-size":"auto","background-attachment":"scroll","background-type":"","background-media":"","overlay-type":"","overlay-color":"","overlay-opacity":"","overlay-gradient":""}},"ast-content-background-meta":{"desktop":{"background-color":"var(--ast-global-color-4)","background-image":"","background-repeat":"repeat","background-position":"center center","background-size":"auto","background-attachment":"scroll","background-type":"","background-media":"","overlay-type":"","overlay-color":"","overlay-opacity":"","overlay-gradient":""},"tablet":{"background-color":"var(--ast-global-color-4)","background-image":"","background-repeat":"repeat","background-position":"center center","background-size":"auto","background-attachment":"scroll","background-type":"","background-media":"","overlay-type":"","overlay-color":"","overlay-opacity":"","overlay-gradient":""},"mobile":{"background-color":"var(--ast-global-color-4)","background-image":"","background-repeat":"repeat","background-position":"center center","background-size":"auto","background-attachment":"scroll","background-type":"","background-media":"","overlay-type":"","overlay-color":"","overlay-opacity":"","overlay-gradient":""}},"footnotes":""},"class_list":["post-755720","page","type-page","status-publish","has-post-thumbnail","hentry"],"acf":[],"_links":{"self":[{"href":"https:\/\/aosmithinternational.com\/pt-pt\/wp-json\/wp\/v2\/pages\/755720","targetHints":{"allow":["GET"]}}],"collection":[{"href":"https:\/\/aosmithinternational.com\/pt-pt\/wp-json\/wp\/v2\/pages"}],"about":[{"href":"https:\/\/aosmithinternational.com\/pt-pt\/wp-json\/wp\/v2\/types\/page"}],"author":[{"embeddable":true,"href":"https:\/\/aosmithinternational.com\/pt-pt\/wp-json\/wp\/v2\/users\/1"}],"replies":[{"embeddable":true,"href":"https:\/\/aosmithinternational.com\/pt-pt\/wp-json\/wp\/v2\/comments?post=755720"}],"version-history":[{"count":0,"href":"https:\/\/aosmithinternational.com\/pt-pt\/wp-json\/wp\/v2\/pages\/755720\/revisions"}],"wp:featuredmedia":[{"embeddable":true,"href":"https:\/\/aosmithinternational.com\/pt-pt\/wp-json\/wp\/v2\/media\/8083"}],"wp:attachment":[{"href":"https:\/\/aosmithinternational.com\/pt-pt\/wp-json\/wp\/v2\/media?parent=755720"}],"curies":[{"name":"wp","href":"https:\/\/api.w.org\/{rel}","templated":true}]}}