{"id":755971,"date":"2016-08-01T13:10:26","date_gmt":"2016-08-01T11:10:26","guid":{"rendered":"https:\/\/staging.aosmithinternational.com\/material-de-exaustao-de-gas-de-combustao\/"},"modified":"2026-02-22T22:28:01","modified_gmt":"2026-02-22T21:28:01","slug":"material-de-exaustao-de-gas-de-combustao","status":"publish","type":"page","link":"https:\/\/aosmithinternational.com\/pt-pt\/pecas\/material-de-exaustao-de-gas-de-combustao\/","title":{"rendered":"Exaust\u00e3o de g\u00e1s de combust\u00e3o"},"content":{"rendered":"","protected":false},"excerpt":{"rendered":"","protected":false},"author":1,"featured_media":6961,"parent":754669,"menu_order":0,"comment_status":"open","ping_status":"open","template":"page_technical.php","meta":{"_acf_changed":false,"inline_featured_image":false,"site-sidebar-layout":"default","site-content-layout":"","ast-site-content-layout":"default","site-content-style":"default","site-sidebar-style":"default","ast-global-header-display":"","ast-banner-title-visibility":"","ast-main-header-display":"","ast-hfb-above-header-display":"","ast-hfb-below-header-display":"","ast-hfb-mobile-header-display":"","site-post-title":"","ast-breadcrumbs-content":"","ast-featured-img":"","footer-sml-layout":"","ast-disable-related-posts":"","theme-transparent-header-meta":"default","adv-header-id-meta":"","stick-header-meta":"default","header-above-stick-meta":"","header-main-stick-meta":"","header-below-stick-meta":"","astra-migrate-meta-layouts":"set","ast-page-background-enabled":"default","ast-page-background-meta":{"desktop":{"background-color":"var(--ast-global-color-5)","background-image":"","background-repeat":"repeat","background-position":"center center","background-size":"auto","background-attachment":"scroll","background-type":"","background-media":"","overlay-type":"","overlay-color":"","overlay-opacity":"","overlay-gradient":""},"tablet":{"background-color":"","background-image":"","background-repeat":"repeat","background-position":"center center","background-size":"auto","background-attachment":"scroll","background-type":"","background-media":"","overlay-type":"","overlay-color":"","overlay-opacity":"","overlay-gradient":""},"mobile":{"background-color":"","background-image":"","background-repeat":"repeat","background-position":"center center","background-size":"auto","background-attachment":"scroll","background-type":"","background-media":"","overlay-type":"","overlay-color":"","overlay-opacity":"","overlay-gradient":""}},"ast-content-background-meta":{"desktop":{"background-color":"var(--ast-global-color-4)","background-image":"","background-repeat":"repeat","background-position":"center center","background-size":"auto","background-attachment":"scroll","background-type":"","background-media":"","overlay-type":"","overlay-color":"","overlay-opacity":"","overlay-gradient":""},"tablet":{"background-color":"var(--ast-global-color-4)","background-image":"","background-repeat":"repeat","background-position":"center center","background-size":"auto","background-attachment":"scroll","background-type":"","background-media":"","overlay-type":"","overlay-color":"","overlay-opacity":"","overlay-gradient":""},"mobile":{"background-color":"var(--ast-global-color-4)","background-image":"","background-repeat":"repeat","background-position":"center center","background-size":"auto","background-attachment":"scroll","background-type":"","background-media":"","overlay-type":"","overlay-color":"","overlay-opacity":"","overlay-gradient":""}},"footnotes":""},"class_list":["post-755971","page","type-page","status-publish","has-post-thumbnail","hentry"],"acf":[],"_links":{"self":[{"href":"https:\/\/aosmithinternational.com\/pt-pt\/wp-json\/wp\/v2\/pages\/755971","targetHints":{"allow":["GET"]}}],"collection":[{"href":"https:\/\/aosmithinternational.com\/pt-pt\/wp-json\/wp\/v2\/pages"}],"about":[{"href":"https:\/\/aosmithinternational.com\/pt-pt\/wp-json\/wp\/v2\/types\/page"}],"author":[{"embeddable":true,"href":"https:\/\/aosmithinternational.com\/pt-pt\/wp-json\/wp\/v2\/users\/1"}],"replies":[{"embeddable":true,"href":"https:\/\/aosmithinternational.com\/pt-pt\/wp-json\/wp\/v2\/comments?post=755971"}],"version-history":[{"count":1,"href":"https:\/\/aosmithinternational.com\/pt-pt\/wp-json\/wp\/v2\/pages\/755971\/revisions"}],"predecessor-version":[{"id":996418,"href":"https:\/\/aosmithinternational.com\/pt-pt\/wp-json\/wp\/v2\/pages\/755971\/revisions\/996418"}],"up":[{"embeddable":true,"href":"https:\/\/aosmithinternational.com\/pt-pt\/wp-json\/wp\/v2\/pages\/754669"}],"wp:featuredmedia":[{"embeddable":true,"href":"https:\/\/aosmithinternational.com\/pt-pt\/wp-json\/wp\/v2\/media\/6961"}],"wp:attachment":[{"href":"https:\/\/aosmithinternational.com\/pt-pt\/wp-json\/wp\/v2\/media?parent=755971"}],"curies":[{"name":"wp","href":"https:\/\/api.w.org\/{rel}","templated":true}]}}