{"id":756072,"date":"2025-10-26T16:44:20","date_gmt":"2025-10-26T15:44:20","guid":{"rendered":"https:\/\/staging.aosmithinternational.com\/mapa-do-site\/"},"modified":"2025-11-05T11:35:12","modified_gmt":"2025-11-05T10:35:12","slug":"mapa-do-site","status":"publish","type":"page","link":"https:\/\/aosmithinternational.com\/pt-pt\/mapa-do-site\/","title":{"rendered":"Mapa do Site"},"content":{"rendered":"<div class=\"rank-math-html-sitemap\"><div class=\"rank-math-html-sitemap__section rank-math-html-sitemap__section--post-type rank-math-html-sitemap__section--post\"><h2 class=\"rank-math-html-sitemap__title\">Artigos<\/h2><ul class=\"rank-math-html-sitemap__list\"><li class=\"rank-math-html-sitemap__item\"><a href=\"https:\/\/aosmithinternational.com\/pt-pt\/noticias-pt\/programa-dimensionamento-actualizado\/\" class=\"rank-math-html-sitemap__link\">Programa de dimensionamento actualizado<\/a><\/li><li class=\"rank-math-html-sitemap__item\"><a href=\"https:\/\/aosmithinternational.com\/pt-pt\/noticias-pt\/combinacao-de-agua-quente-e-aquecimento\/\" class=\"rank-math-html-sitemap__link\">Combina\u00e7\u00e3o de \u00e1gua quente e aquecimento (Theta)<\/a><\/li><li class=\"rank-math-html-sitemap__item\"><a href=\"https:\/\/aosmithinternational.com\/pt-pt\/noticias-pt\/desempenho-energeticamente-eficiente\/\" class=\"rank-math-html-sitemap__link\">Desempenho energeticamente eficiente<\/a><\/li><li class=\"rank-math-html-sitemap__item\"><a href=\"https:\/\/aosmithinternational.com\/pt-pt\/noticias-pt\/novo-website\/\" class=\"rank-math-html-sitemap__link\">Novo website<\/a><\/li><li class=\"rank-math-html-sitemap__item\"><a href=\"https:\/\/aosmithinternational.com\/pt-pt\/noticias-pt\/nova-interface-bms\/\" class=\"rank-math-html-sitemap__link\">Nova: Interface BMS<\/a><\/li><\/ul><\/div><div class=\"rank-math-html-sitemap__section rank-math-html-sitemap__section--post-type rank-math-html-sitemap__section--page\"><h2 class=\"rank-math-html-sitemap__title\">P\u00e1ginas<\/h2><ul class=\"rank-math-html-sitemap__list\"><li class=\"rank-math-html-sitemap__item\"><a href=\"https:\/\/aosmithinternational.com\/pt-pt\/mapa-do-site\/\" class=\"rank-math-html-sitemap__link\">Mapa do Site<\/a><\/li><li class=\"rank-math-html-sitemap__item\"><a href=\"https:\/\/aosmithinternational.com\/pt-pt\/\" class=\"rank-math-html-sitemap__link\">Innovation has a name<\/a><\/li><li class=\"rank-math-html-sitemap__item\"><a href=\"https:\/\/aosmithinternational.com\/pt-pt\/produtos-fora-de-linha\/\" class=\"rank-math-html-sitemap__link\">Produtos fora de linha<\/a><\/li><li class=\"rank-math-html-sitemap__item\"><a href=\"https:\/\/aosmithinternational.com\/pt-pt\/productiedatum-toestel\/\" class=\"rank-math-html-sitemap__link\">Data de fabrica\u00e7\u00e3o do meu aparelho<\/a><\/li><li class=\"rank-math-html-sitemap__item\"><a href=\"https:\/\/aosmithinternational.com\/pt-pt\/aquecimento\/\" class=\"rank-math-html-sitemap__link\">Aquecimento<\/a><\/li><li class=\"rank-math-html-sitemap__item\"><a href=\"https:\/\/aosmithinternational.com\/pt-pt\/assistencia\/\" class=\"rank-math-html-sitemap__link\">Assist\u00eancia<\/a><\/li><li class=\"rank-math-html-sitemap__item\"><a href=\"https:\/\/aosmithinternational.com\/pt-pt\/sistema-gestao-do-edificio\/\" class=\"rank-math-html-sitemap__link\">Sistema de Gest\u00e3o do Edif\u00edcio (BMS)<\/a><\/li><li class=\"rank-math-html-sitemap__item\"><a href=\"https:\/\/aosmithinternational.com\/pt-pt\/sistemas-solares\/\" class=\"rank-math-html-sitemap__link\">Sistemas solares<\/a><\/li><li class=\"rank-math-html-sitemap__item\"><a href=\"https:\/\/aosmithinternational.com\/pt-pt\/pecas\/\" class=\"rank-math-html-sitemap__link\">Pe\u00e7as<\/a><ul class=\"rank-math-html-sitemap__list\"><li class=\"rank-math-html-sitemap__item\"><a href=\"https:\/\/aosmithinternational.com\/pt-pt\/pecas\/material-de-exaustao-de-gas-de-combustao\/\" class=\"rank-math-html-sitemap__link\">Exaust\u00e3o de g\u00e1s de combust\u00e3o<\/a><\/li><\/ul><\/li><li class=\"rank-math-html-sitemap__item\"><a href=\"https:\/\/aosmithinternational.com\/pt-pt\/registro-do-produto\/\" class=\"rank-math-html-sitemap__link\">Registro do produto<\/a><\/li><li class=\"rank-math-html-sitemap__item\"><a href=\"https:\/\/aosmithinternational.com\/pt-pt\/garantia\/\" class=\"rank-math-html-sitemap__link\">Garantia<\/a><\/li><li class=\"rank-math-html-sitemap__item\"><a href=\"https:\/\/aosmithinternational.com\/pt-pt\/renuncia\/\" class=\"rank-math-html-sitemap__link\">Ren\u00fancia<\/a><\/li><li class=\"rank-math-html-sitemap__item\"><a href=\"https:\/\/aosmithinternational.com\/pt-pt\/assistencia-e-aconselhamento\/\" class=\"rank-math-html-sitemap__link\">Assist\u00eancia e aconselhamento<\/a><\/li><li class=\"rank-math-html-sitemap__item\"><a href=\"https:\/\/aosmithinternational.com\/pt-pt\/biblioteca\/\" class=\"rank-math-html-sitemap__link\">Biblioteca<\/a><\/li><li class=\"rank-math-html-sitemap__item\"><a href=\"https:\/\/aosmithinternational.com\/pt-pt\/sobre-nos\/\" class=\"rank-math-html-sitemap__link\">Sobre n\u00f3s<\/a><ul class=\"rank-math-html-sitemap__list\"><li class=\"rank-math-html-sitemap__item\"><a href=\"https:\/\/aosmithinternational.com\/pt-pt\/sobre-nos\/contacto\/\" class=\"rank-math-html-sitemap__link\">Contacto<\/a><\/li><li class=\"rank-math-html-sitemap__item\"><a href=\"https:\/\/aosmithinternational.com\/pt-pt\/sobre-nos\/cookie-policy-a-o-smith\/\" class=\"rank-math-html-sitemap__link\">Privacy Policy A.O. Smith<\/a><\/li><li class=\"rank-math-html-sitemap__item\"><a href=\"https:\/\/aosmithinternational.com\/pt-pt\/sobre-nos\/qualidade\/\" class=\"rank-math-html-sitemap__link\">Qualidade<\/a><\/li><\/ul><\/li><li class=\"rank-math-html-sitemap__item\"><a href=\"https:\/\/aosmithinternational.com\/pt-pt\/servico\/\" class=\"rank-math-html-sitemap__link\">Servi\u00e7o t\u00e9cnico<\/a><\/li><li class=\"rank-math-html-sitemap__item\"><a href=\"https:\/\/aosmithinternational.com\/pt-pt\/nieuws\/\" class=\"rank-math-html-sitemap__link\">Noticias<\/a><\/li><\/ul><\/div><div class=\"rank-math-html-sitemap__section rank-math-html-sitemap__section--post-type rank-math-html-sitemap__section--products\"><h2 class=\"rank-math-html-sitemap__title\">Produtos<\/h2><ul class=\"rank-math-html-sitemap__list\"><li class=\"rank-math-html-sitemap__item\"><a href=\"https:\/\/aosmithinternational.com\/pt-pt\/produtos\/dre-plus-caldeira-eletrica\/\" class=\"rank-math-html-sitemap__link\">DRE Plus<\/a><\/li><li class=\"rank-math-html-sitemap__item\"><a href=\"https:\/\/aosmithinternational.com\/pt-pt\/produtos\/enevator-store-bomba-de-calor\/\" class=\"rank-math-html-sitemap__link\">Enevator Store<\/a><\/li><li class=\"rank-math-html-sitemap__item\"><a href=\"https:\/\/aosmithinternational.com\/pt-pt\/produtos\/servico-duplo-theta\/\" class=\"rank-math-html-sitemap__link\">Servi\u00e7o duplo Theta<\/a><\/li><li class=\"rank-math-html-sitemap__item\"><a href=\"https:\/\/aosmithinternational.com\/pt-pt\/produtos\/twister-duas\/\" class=\"rank-math-html-sitemap__link\">Twister II<\/a><\/li><li class=\"rank-math-html-sitemap__item\"><a href=\"https:\/\/aosmithinternational.com\/pt-pt\/produtos\/bfc-cyclone\/\" class=\"rank-math-html-sitemap__link\">BFC<\/a><\/li><li class=\"rank-math-html-sitemap__item\"><a href=\"https:\/\/aosmithinternational.com\/pt-pt\/produtos\/innovo\/\" class=\"rank-math-html-sitemap__link\">Innovo<\/a><\/li><li class=\"rank-math-html-sitemap__item\"><a href=\"https:\/\/aosmithinternational.com\/pt-pt\/produtos\/adm\/\" class=\"rank-math-html-sitemap__link\">ADM<\/a><\/li><li class=\"rank-math-html-sitemap__item\"><a href=\"https:\/\/aosmithinternational.com\/pt-pt\/produtos\/admr-termoacumulador-atmosferico\/\" class=\"rank-math-html-sitemap__link\">ADMR<\/a><\/li><li class=\"rank-math-html-sitemap__item\"><a href=\"https:\/\/aosmithinternational.com\/pt-pt\/produtos\/bt-gasboiler\/\" class=\"rank-math-html-sitemap__link\">BT<\/a><\/li><li class=\"rank-math-html-sitemap__item\"><a href=\"https:\/\/aosmithinternational.com\/pt-pt\/produtos\/bti-termoacumulador-atmosferico\/\" class=\"rank-math-html-sitemap__link\">BTI<\/a><\/li><li class=\"rank-math-html-sitemap__item\"><a href=\"https:\/\/aosmithinternational.com\/pt-pt\/produtos\/bfm-termoacumulador\/\" class=\"rank-math-html-sitemap__link\">BFM<\/a><\/li><li class=\"rank-math-html-sitemap__item\"><a href=\"https:\/\/aosmithinternational.com\/pt-pt\/produtos\/eq-termoacumuladores\/\" class=\"rank-math-html-sitemap__link\">EQ<\/a><\/li><li class=\"rank-math-html-sitemap__item\"><a href=\"https:\/\/aosmithinternational.com\/pt-pt\/produtos\/indiretto-its\/\" class=\"rank-math-html-sitemap__link\">ITS - Sistema solar indirecto<\/a><\/li><li class=\"rank-math-html-sitemap__item\"><a href=\"https:\/\/aosmithinternational.com\/pt-pt\/produtos\/indiretto-it\/\" class=\"rank-math-html-sitemap__link\">Sistema solar indirecto - IT<\/a><\/li><li class=\"rank-math-html-sitemap__item\"><a href=\"https:\/\/aosmithinternational.com\/pt-pt\/produtos\/sgs-it\/\" class=\"rank-math-html-sitemap__link\">SGS Termoacumulador + IT<\/a><\/li><li class=\"rank-math-html-sitemap__item\"><a href=\"https:\/\/aosmithinternational.com\/pt-pt\/produtos\/sge\/\" class=\"rank-math-html-sitemap__link\">SGE Termoacumulador solar<\/a><\/li><li class=\"rank-math-html-sitemap__item\"><a href=\"https:\/\/aosmithinternational.com\/pt-pt\/produtos\/dre-termoacumulador-electrico\/\" class=\"rank-math-html-sitemap__link\">DRE<\/a><\/li><li class=\"rank-math-html-sitemap__item\"><a href=\"https:\/\/aosmithinternational.com\/pt-pt\/produtos\/ees-termoacumulador-electrico\/\" class=\"rank-math-html-sitemap__link\">EES<\/a><\/li><li class=\"rank-math-html-sitemap__item\"><a href=\"https:\/\/aosmithinternational.com\/pt-pt\/produtos\/its-deposito-indirecto\/\" class=\"rank-math-html-sitemap__link\">ITS<\/a><\/li><li class=\"rank-math-html-sitemap__item\"><a href=\"https:\/\/aosmithinternational.com\/pt-pt\/produtos\/st-depositos\/\" class=\"rank-math-html-sitemap__link\">ST dep\u00f3sitos<\/a><\/li><li class=\"rank-math-html-sitemap__item\"><a href=\"https:\/\/aosmithinternational.com\/pt-pt\/produtos\/phe-warmtewisselaar\/\" class=\"rank-math-html-sitemap__link\">PHE serpentinas de placas<\/a><\/li><li class=\"rank-math-html-sitemap__item\"><a href=\"https:\/\/aosmithinternational.com\/pt-pt\/produtos\/termoacumuladores-indirecto-it-2\/\" class=\"rank-math-html-sitemap__link\">IT<\/a><\/li><\/ul><\/div><div class=\"rank-math-html-sitemap__section rank-math-html-sitemap__section--post-type rank-math-html-sitemap__section--projects\"><h2 class=\"rank-math-html-sitemap__title\">Projetos<\/h2><ul class=\"rank-math-html-sitemap__list\"><li class=\"rank-math-html-sitemap__item\"><a href=\"https:\/\/aosmithinternational.com\/pt-pt\/projetos\/innovo-de-herdgang\/\" class=\"rank-math-html-sitemap__link\">Complexo de treinamento PSV &quot;De Herdgang&quot; - Innovo<\/a><\/li><li class=\"rank-math-html-sitemap__item\"><a href=\"https:\/\/aosmithinternational.com\/pt-pt\/projetos\/bfc-twister-amphia-hospital\/\" class=\"rank-math-html-sitemap__link\">BFC + Twister | Hospital de Amphia<\/a><\/li><li class=\"rank-math-html-sitemap__item\"><a href=\"https:\/\/aosmithinternational.com\/pt-pt\/projetos\/bfc-phe-exploracao-leiteira-a-o-smith\/\" class=\"rank-math-html-sitemap__link\">BFC + PHE | Exploracao leiteira<\/a><\/li><li class=\"rank-math-html-sitemap__item\"><a href=\"https:\/\/aosmithinternational.com\/pt-pt\/projetos\/sge-phe-mini-parque-campismo-a-o-smith\/\" class=\"rank-math-html-sitemap__link\">Mini parque de campismo<\/a><\/li><\/ul><\/div><div class=\"rank-math-html-sitemap__section rank-math-html-sitemap__section--taxonomy rank-math-html-sitemap__section--product-ranges\"><h2 class=\"rank-math-html-sitemap__title\">Product Ranges<\/h2><ul class=\"rank-math-html-sitemap__list\"><li class=\"rank-math-html-sitemap__item\"><a href=\"https:\/\/aosmithinternational.com\/pt-pt\/product-ranges\/acessorios\/\" class=\"rank-math-html-sitemap__link\">Acess\u00f3rios<\/a><\/li><li class=\"rank-math-html-sitemap__item\"><a href=\"https:\/\/aosmithinternational.com\/pt-pt\/product-ranges\/aqua-quente\/\" class=\"rank-math-html-sitemap__link\">Aqua quente<\/a><ul class=\"rank-math-html-sitemap__list\"><li class=\"rank-math-html-sitemap__item\"><a href=\"https:\/\/aosmithinternational.com\/pt-pt\/product-ranges\/termoacumuladores-indirecto\/\" class=\"rank-math-html-sitemap__link\">Termoacumuladores indirecto<\/a><\/li><li class=\"rank-math-html-sitemap__item\"><a href=\"https:\/\/aosmithinternational.com\/pt-pt\/product-ranges\/termoacumuladores-electrico\/\" class=\"rank-math-html-sitemap__link\">Termoacumuladores el\u00e9ctrico<\/a><\/li><li class=\"rank-math-html-sitemap__item\"><a href=\"https:\/\/aosmithinternational.com\/pt-pt\/product-ranges\/termoacumuladores-condensacao\/\" class=\"rank-math-html-sitemap__link\">Termoacumuladores condensa\u00e7\u00e3o<\/a><\/li><li class=\"rank-math-html-sitemap__item\"><a href=\"https:\/\/aosmithinternational.com\/pt-pt\/product-ranges\/energia-renovavel\/\" class=\"rank-math-html-sitemap__link\">Energia renov\u00e1vel<\/a><\/li><li class=\"rank-math-html-sitemap__item\"><a href=\"https:\/\/aosmithinternational.com\/pt-pt\/product-ranges\/termoacumuladores-gas\/\" class=\"rank-math-html-sitemap__link\">Termoacumuladores a g\u00e1s<\/a><\/li><\/ul><\/li><li class=\"rank-math-html-sitemap__item\"><a href=\"https:\/\/aosmithinternational.com\/pt-pt\/product-ranges\/aquecimento\/\" class=\"rank-math-html-sitemap__link\">Aquecimento<\/a><ul class=\"rank-math-html-sitemap__list\"><li class=\"rank-math-html-sitemap__item\"><a href=\"https:\/\/aosmithinternational.com\/pt-pt\/product-ranges\/bomba-de-calor-pt\/\" class=\"rank-math-html-sitemap__link\">Bomba de calor<\/a><\/li><\/ul><\/li><\/ul><\/div><\/div>\n","protected":false},"excerpt":{"rendered":"","protected":false},"author":1,"featured_media":756081,"parent":0,"menu_order":0,"comment_status":"closed","ping_status":"closed","template":"","meta":{"_acf_changed":false,"inline_featured_image":false,"site-sidebar-layout":"default","site-content-layout":"","ast-site-content-layout":"default","site-content-style":"default","site-sidebar-style":"default","ast-global-header-display":"","ast-banner-title-visibility":"","ast-main-header-display":"","ast-hfb-above-header-display":"","ast-hfb-below-header-display":"","ast-hfb-mobile-header-display":"","site-post-title":"","ast-breadcrumbs-content":"","ast-featured-img":"","footer-sml-layout":"","ast-disable-related-posts":"","theme-transparent-header-meta":"default","adv-header-id-meta":"","stick-header-meta":"default","header-above-stick-meta":"","header-main-stick-meta":"","header-below-stick-meta":"","astra-migrate-meta-layouts":"set","ast-page-background-enabled":"default","ast-page-background-meta":{"desktop":{"background-color":"var(--ast-global-color-5)","background-image":"","background-repeat":"repeat","background-position":"center center","background-size":"auto","background-attachment":"scroll","background-type":"","background-media":"","overlay-type":"","overlay-color":"","overlay-opacity":"","overlay-gradient":""},"tablet":{"background-color":"","background-image":"","background-repeat":"repeat","background-position":"center center","background-size":"auto","background-attachment":"scroll","background-type":"","background-media":"","overlay-type":"","overlay-color":"","overlay-opacity":"","overlay-gradient":""},"mobile":{"background-color":"","background-image":"","background-repeat":"repeat","background-position":"center center","background-size":"auto","background-attachment":"scroll","background-type":"","background-media":"","overlay-type":"","overlay-color":"","overlay-opacity":"","overlay-gradient":""}},"ast-content-background-meta":{"desktop":{"background-color":"var(--ast-global-color-4)","background-image":"","background-repeat":"repeat","background-position":"center center","background-size":"auto","background-attachment":"scroll","background-type":"","background-media":"","overlay-type":"","overlay-color":"","overlay-opacity":"","overlay-gradient":""},"tablet":{"background-color":"var(--ast-global-color-4)","background-image":"","background-repeat":"repeat","background-position":"center center","background-size":"auto","background-attachment":"scroll","background-type":"","background-media":"","overlay-type":"","overlay-color":"","overlay-opacity":"","overlay-gradient":""},"mobile":{"background-color":"var(--ast-global-color-4)","background-image":"","background-repeat":"repeat","background-position":"center center","background-size":"auto","background-attachment":"scroll","background-type":"","background-media":"","overlay-type":"","overlay-color":"","overlay-opacity":"","overlay-gradient":""}},"footnotes":""},"class_list":["post-756072","page","type-page","status-publish","has-post-thumbnail","hentry"],"acf":[],"_links":{"self":[{"href":"https:\/\/aosmithinternational.com\/pt-pt\/wp-json\/wp\/v2\/pages\/756072","targetHints":{"allow":["GET"]}}],"collection":[{"href":"https:\/\/aosmithinternational.com\/pt-pt\/wp-json\/wp\/v2\/pages"}],"about":[{"href":"https:\/\/aosmithinternational.com\/pt-pt\/wp-json\/wp\/v2\/types\/page"}],"author":[{"embeddable":true,"href":"https:\/\/aosmithinternational.com\/pt-pt\/wp-json\/wp\/v2\/users\/1"}],"replies":[{"embeddable":true,"href":"https:\/\/aosmithinternational.com\/pt-pt\/wp-json\/wp\/v2\/comments?post=756072"}],"version-history":[{"count":0,"href":"https:\/\/aosmithinternational.com\/pt-pt\/wp-json\/wp\/v2\/pages\/756072\/revisions"}],"wp:featuredmedia":[{"embeddable":true,"href":"https:\/\/aosmithinternational.com\/pt-pt\/wp-json\/wp\/v2\/media\/756081"}],"wp:attachment":[{"href":"https:\/\/aosmithinternational.com\/pt-pt\/wp-json\/wp\/v2\/media?parent=756072"}],"curies":[{"name":"wp","href":"https:\/\/api.w.org\/{rel}","templated":true}]}}