{"id":756728,"date":"2016-07-12T12:01:54","date_gmt":"2016-07-12T10:01:54","guid":{"rendered":"https:\/\/staging.aosmithinternational.com\/cookie-policy-a-o-smith\/"},"modified":"2025-10-01T11:02:24","modified_gmt":"2025-10-01T09:02:24","slug":"cookie-policy-a-o-smith","status":"publish","type":"page","link":"https:\/\/aosmithinternational.com\/pt-pt\/sobre-nos\/cookie-policy-a-o-smith\/","title":{"rendered":"Privacy Policy A.O. Smith"},"content":{"rendered":"\n<p>Declara\u00e7\u00e3o de privacidade Abaixo voc\u00ea encontrar\u00e1 a declara\u00e7\u00e3o relativa \u00e0 coloca\u00e7\u00e3o de cookies. Descreve quais usamos e a op\u00e7\u00e3o de alter\u00e1-los.<\/p>\n\n\n<script\n\t\ttype=\"text\/javascript\"\n\t\tid=\"CookieDeclaration\"\n\t\tsrc=\"https:\/\/consent.cookiebot.com\/1e6844c6-1e4b-4e36-98e2-ec7bfb80bae2\/cd.js\"\n\t\tasync><\/script>\n\n\n\n\n<div class=\"wp-block-columns is-layout-flex wp-container-core-columns-is-layout-28f84493 wp-block-columns-is-layout-flex\">\n<div class=\"wp-block-column is-layout-flow wp-block-column-is-layout-flow\" style=\"flex-basis:10%\"><\/div>\n\n\n\n<div class=\"wp-block-column is-layout-flow wp-block-column-is-layout-flow\" style=\"flex-basis:66.66%\">\n<p>Para atualizar suas prefer\u00eancias, atualizar ou corrigir suas informa\u00e7\u00f5es, enviar uma solicita\u00e7\u00e3o, fazer perguntas sobre esta Pol\u00edtica de Privacidade ou exercer outros direitos de privacidade aplic\u00e1veis, entre em contato conosco por e-mail em InfoSecpolicy@aosmith.com ou escreva para:<\/p>\n\n\n\n<p>U.S:<br>conselheiro geral<br>AO Smith Corporation<br>11270 West Park Lugar<br>Milwaukee, Wisconsin 53224<br>EUA EEE:<br>As entidades respons\u00e1veis pelo tratamento das suas informa\u00e7\u00f5es pessoais no EEE s\u00e3o:<\/p>\n\n\n\n<p>A.O. Smith Holdings I B.V.<br>A.O. Smith Holdings II B.V.<br>A.O. Smith Holdings III B.V.<br>A.O. Smith International Holdings BV<br>A.O. Produtos Smith v.o.f.<br>A.O. Smith Water Products Company B.V.<br>AO Smith L&#8217;eau chaude, Sarl.<br>Lochinvar Limited<br>Waterboss Europe, S.a.r.l.<\/p>\n<\/div>\n<\/div>\n","protected":false},"excerpt":{"rendered":"<p>Declara\u00e7\u00e3o de privacidade Abaixo voc\u00ea encontrar\u00e1 a declara\u00e7\u00e3o relativa \u00e0 coloca\u00e7\u00e3o de cookies. Descreve quais usamos e a op\u00e7\u00e3o de [&hellip;]<\/p>\n","protected":false},"author":1,"featured_media":756730,"parent":754199,"menu_order":0,"comment_status":"open","ping_status":"open","template":"","meta":{"_acf_changed":false,"inline_featured_image":false,"site-sidebar-layout":"default","site-content-layout":"","ast-site-content-layout":"default","site-content-style":"default","site-sidebar-style":"default","ast-global-header-display":"","ast-banner-title-visibility":"","ast-main-header-display":"","ast-hfb-above-header-display":"","ast-hfb-below-header-display":"","ast-hfb-mobile-header-display":"","site-post-title":"","ast-breadcrumbs-content":"","ast-featured-img":"","footer-sml-layout":"","ast-disable-related-posts":"","theme-transparent-header-meta":"default","adv-header-id-meta":"","stick-header-meta":"default","header-above-stick-meta":"","header-main-stick-meta":"","header-below-stick-meta":"","astra-migrate-meta-layouts":"default","ast-page-background-enabled":"default","ast-page-background-meta":{"desktop":{"background-color":"var(--ast-global-color-5)","background-image":"","background-repeat":"repeat","background-position":"center center","background-size":"auto","background-attachment":"scroll","background-type":"","background-media":"","overlay-type":"","overlay-color":"","overlay-opacity":"","overlay-gradient":""},"tablet":{"background-color":"","background-image":"","background-repeat":"repeat","background-position":"center center","background-size":"auto","background-attachment":"scroll","background-type":"","background-media":"","overlay-type":"","overlay-color":"","overlay-opacity":"","overlay-gradient":""},"mobile":{"background-color":"","background-image":"","background-repeat":"repeat","background-position":"center center","background-size":"auto","background-attachment":"scroll","background-type":"","background-media":"","overlay-type":"","overlay-color":"","overlay-opacity":"","overlay-gradient":""}},"ast-content-background-meta":{"desktop":{"background-color":"var(--ast-global-color-4)","background-image":"","background-repeat":"repeat","background-position":"center center","background-size":"auto","background-attachment":"scroll","background-type":"","background-media":"","overlay-type":"","overlay-color":"","overlay-opacity":"","overlay-gradient":""},"tablet":{"background-color":"var(--ast-global-color-4)","background-image":"","background-repeat":"repeat","background-position":"center center","background-size":"auto","background-attachment":"scroll","background-type":"","background-media":"","overlay-type":"","overlay-color":"","overlay-opacity":"","overlay-gradient":""},"mobile":{"background-color":"var(--ast-global-color-4)","background-image":"","background-repeat":"repeat","background-position":"center center","background-size":"auto","background-attachment":"scroll","background-type":"","background-media":"","overlay-type":"","overlay-color":"","overlay-opacity":"","overlay-gradient":""}},"footnotes":""},"class_list":["post-756728","page","type-page","status-publish","has-post-thumbnail","hentry"],"acf":[],"_links":{"self":[{"href":"https:\/\/aosmithinternational.com\/pt-pt\/wp-json\/wp\/v2\/pages\/756728","targetHints":{"allow":["GET"]}}],"collection":[{"href":"https:\/\/aosmithinternational.com\/pt-pt\/wp-json\/wp\/v2\/pages"}],"about":[{"href":"https:\/\/aosmithinternational.com\/pt-pt\/wp-json\/wp\/v2\/types\/page"}],"author":[{"embeddable":true,"href":"https:\/\/aosmithinternational.com\/pt-pt\/wp-json\/wp\/v2\/users\/1"}],"replies":[{"embeddable":true,"href":"https:\/\/aosmithinternational.com\/pt-pt\/wp-json\/wp\/v2\/comments?post=756728"}],"version-history":[{"count":0,"href":"https:\/\/aosmithinternational.com\/pt-pt\/wp-json\/wp\/v2\/pages\/756728\/revisions"}],"up":[{"embeddable":true,"href":"https:\/\/aosmithinternational.com\/pt-pt\/wp-json\/wp\/v2\/pages\/754199"}],"wp:featuredmedia":[{"embeddable":true,"href":"https:\/\/aosmithinternational.com\/pt-pt\/wp-json\/wp\/v2\/media\/756730"}],"wp:attachment":[{"href":"https:\/\/aosmithinternational.com\/pt-pt\/wp-json\/wp\/v2\/media?parent=756728"}],"curies":[{"name":"wp","href":"https:\/\/api.w.org\/{rel}","templated":true}]}}